{"id":13471,"date":"2026-04-07T12:44:32","date_gmt":"2026-04-07T10:44:32","guid":{"rendered":"https:\/\/agora.xtec.cat\/zer-solsones\/?page_id=13471"},"modified":"2026-04-07T12:47:21","modified_gmt":"2026-04-07T10:47:21","slug":"menjador","status":"publish","type":"page","link":"https:\/\/agora.xtec.cat\/zer-solsones\/menjador\/","title":{"rendered":"MENJADOR"},"content":{"rendered":"\n<p><strong><em>Horari del menjador:<\/em><\/strong><\/p>\n\n\n\n<p><em>Dilluns, dimarts, dijous i divendres de 13:30 a 15:00 h.<\/em><\/p>\n\n\n\n<p><strong><em>Inscripci\u00f3:<\/em><\/strong><\/p>\n\n\n\n<ul class=\"wp-block-list\">\n<li><em>La inscripci\u00f3 al menjador es realitza mitjan\u00e7ant l\u2019aplicaci\u00f3\u00a0<strong><a href=\"https:\/\/drive.google.com\/file\/d\/1qVxNn5vlk-2f_oZSh8SCT5ZMg_36prDx\/view?usp=sharing\">Tokapp<\/a><\/strong>. <\/em><\/li>\n\n\n\n<li><em><strong>Men\u00fa especial<\/strong>: en la inscripci\u00f3 \u00e9s necessari comunicar qualsevol tipus d\u2019al\u00b7l\u00e8rgia o men\u00fa especial com tamb\u00e9 a l\u2019escola.<\/em><\/li>\n<\/ul>\n\n\n\n<p><em><strong>Canvis i comunicacions:<\/strong><\/em><\/p>\n\n\n\n<ul class=\"wp-block-list\">\n<li><em>L\u2019anul\u00b7laci\u00f3 d\u2019un men\u00fa o la comunicaci\u00f3 d\u2019un men\u00fa espor\u00e0dic s\u2019ha de fer a trav\u00e9s del\u00a0<strong>Tokapp<\/strong>\u00a0abans de les 9:30 h del mateix dia.<\/em><\/li>\n\n\n\n<li><em><strong>Pagament<\/strong>: a trav\u00e9s de domiciliaci\u00f3 banc\u00e0ria omplint pr\u00e8viament el document de l\u2019empresa de c\u00e0tering que cal sol\u00b7licitar al centre.<\/em><\/li>\n<\/ul>\n\n\n\n<p><strong><em>Preus men\u00fas:<\/em><\/strong><\/p>\n\n\n\n<ul class=\"wp-block-list\">\n<li><strong><em>Escola Ard\u00e8vol<\/em><\/strong>\n<ul class=\"wp-block-list\">\n<li><em>Menjador\u00a0fixes: 7,13\u20ac\/men\u00fa<\/em><\/li>\n\n\n\n<li><em>Menjador\u00a0espor\u00e0dics: 7,85\u20ac\/men\u00fa<\/em><\/li>\n\n\n\n<li><em>Monitor: 4,09\u20ac\/dia (el dia que els infants de men\u00fa fixe 3\/4 dies no assisteixen paguen la part proporcional del monitor\/a).<\/em><\/li>\n<\/ul>\n<\/li>\n<\/ul>\n\n\n\n<ul class=\"wp-block-list\">\n<li><strong><em>Escola de La Coma<\/em><\/strong>\n<ul class=\"wp-block-list\">\n<li><em>Menjador\u00a0fixes: 7,13\u20ac\/men\u00fa<\/em><\/li>\n\n\n\n<li><em>Menjador\u00a0espor\u00e0dics: 7,85\u20ac\/men\u00fa<\/em><\/li>\n\n\n\n<li><em>Monitor: 4,45\u20ac\/dia (el dia que els infants de men\u00fa fixe 3\/4 dies no assisteixen paguen la part proporcional del monitor\/a).<\/em><\/li>\n<\/ul>\n<\/li>\n<\/ul>\n\n\n\n<ul class=\"wp-block-list\">\n<li><strong><em>Escoles Llobera, Lladurs, Aiguadora, Sant Climen\u00e7, Freixinet<\/em><\/strong>\n<ul class=\"wp-block-list\">\n<li><em>Menjador\u00a0fixes: 7,13\u20ac\/men\u00fa<\/em><\/li>\n\n\n\n<li><em>Menjador\u00a0espor\u00e0dics: 7,85\u20ac\/men\u00fa<\/em><\/li>\n\n\n\n<li><em>Monitor: 4,11\u20ac\/dia (el dia que els infants de men\u00fa fixe 3\/4 dies no assisteixen paguen la part proporcional del monitor\/a).<\/em><\/li>\n<\/ul>\n<\/li>\n<\/ul>\n","protected":false},"excerpt":{"rendered":"<p>Horari del menjador: Dilluns, dimarts, dijous i divendres de 13:30 a 15:00 h. Inscripci\u00f3: Canvis i comunicacions: Preus men\u00fas:<\/p>\n","protected":false},"author":87,"featured_media":0,"parent":0,"menu_order":0,"comment_status":"closed","ping_status":"close","template":"","meta":{"_bbp_topic_count":0,"_bbp_reply_count":0,"_bbp_total_topic_count":0,"_bbp_total_reply_count":0,"_bbp_voice_count":0,"_bbp_anonymous_reply_count":0,"_bbp_topic_count_hidden":0,"_bbp_reply_count_hidden":0,"_bbp_forum_subforum_count":0,"site-sidebar-layout":"default","site-content-layout":"","ast-site-content-layout":"default","site-content-style":"default","site-sidebar-style":"default","ast-global-header-display":"","ast-banner-title-visibility":"","ast-main-header-display":"","ast-hfb-above-header-display":"","ast-hfb-below-header-display":"","ast-hfb-mobile-header-display":"","site-post-title":"","ast-breadcrumbs-content":"","ast-featured-img":"","footer-sml-layout":"","theme-transparent-header-meta":"","adv-header-id-meta":"","stick-header-meta":"","header-above-stick-meta":"","header-main-stick-meta":"","header-below-stick-meta":"","astra-migrate-meta-layouts":"set","ast-page-background-enabled":"default","ast-page-background-meta":{"desktop":{"background-color":"var(--ast-global-color-4)","background-image":"","background-repeat":"repeat","background-position":"center center","background-size":"auto","background-attachment":"scroll","background-type":"","background-media":"","overlay-type":"","overlay-color":"","overlay-opacity":"","overlay-gradient":""},"tablet":{"background-color":"","background-image":"","background-repeat":"repeat","background-position":"center center","background-size":"auto","background-attachment":"scroll","background-type":"","background-media":"","overlay-type":"","overlay-color":"","overlay-opacity":"","overlay-gradient":""},"mobile":{"background-color":"","background-image":"","background-repeat":"repeat","background-position":"center center","background-size":"auto","background-attachment":"scroll","background-type":"","background-media":"","overlay-type":"","overlay-color":"","overlay-opacity":"","overlay-gradient":""}},"ast-content-background-meta":{"desktop":{"background-color":"var(--ast-global-color-5)","background-image":"","background-repeat":"repeat","background-position":"center center","background-size":"auto","background-attachment":"scroll","background-type":"","background-media":"","overlay-type":"","overlay-color":"","overlay-opacity":"","overlay-gradient":""},"tablet":{"background-color":"var(--ast-global-color-5)","background-image":"","background-repeat":"repeat","background-position":"center center","background-size":"auto","background-attachment":"scroll","background-type":"","background-media":"","overlay-type":"","overlay-color":"","overlay-opacity":"","overlay-gradient":""},"mobile":{"background-color":"var(--ast-global-color-5)","background-image":"","background-repeat":"repeat","background-position":"center center","background-size":"auto","background-attachment":"scroll","background-type":"","background-media":"","overlay-type":"","overlay-color":"","overlay-opacity":"","overlay-gradient":""}},"footnotes":""},"class_list":["post-13471","page","type-page","status-publish","hentry"],"post_mailing_queue_ids":[],"_links":{"self":[{"href":"https:\/\/agora.xtec.cat\/zer-solsones\/wp-json\/wp\/v2\/pages\/13471","targetHints":{"allow":["GET"]}}],"collection":[{"href":"https:\/\/agora.xtec.cat\/zer-solsones\/wp-json\/wp\/v2\/pages"}],"about":[{"href":"https:\/\/agora.xtec.cat\/zer-solsones\/wp-json\/wp\/v2\/types\/page"}],"author":[{"embeddable":true,"href":"https:\/\/agora.xtec.cat\/zer-solsones\/wp-json\/wp\/v2\/users\/87"}],"replies":[{"embeddable":true,"href":"https:\/\/agora.xtec.cat\/zer-solsones\/wp-json\/wp\/v2\/comments?post=13471"}],"version-history":[{"count":1,"href":"https:\/\/agora.xtec.cat\/zer-solsones\/wp-json\/wp\/v2\/pages\/13471\/revisions"}],"predecessor-version":[{"id":13472,"href":"https:\/\/agora.xtec.cat\/zer-solsones\/wp-json\/wp\/v2\/pages\/13471\/revisions\/13472"}],"wp:attachment":[{"href":"https:\/\/agora.xtec.cat\/zer-solsones\/wp-json\/wp\/v2\/media?parent=13471"}],"curies":[{"name":"wp","href":"https:\/\/api.w.org\/{rel}","templated":true}]}}