{"id":10961,"date":"2023-02-02T18:14:18","date_gmt":"2023-02-02T17:14:18","guid":{"rendered":"https:\/\/agora.xtec.cat\/zer-solsones\/?page_id=10961"},"modified":"2026-03-24T12:37:52","modified_gmt":"2026-03-24T11:37:52","slug":"projectes","status":"publish","type":"page","link":"https:\/\/agora.xtec.cat\/zer-solsones\/projectes\/","title":{"rendered":"INFOZER"},"content":{"rendered":"\n<p><\/p>\n\n\n\n<figure class=\"wp-block-image alignleft is-resized\"><a href=\"https:\/\/padlet.com\/solsoneseducacio\/infozer-6w15saqspd1f5ljw\/slideshow\" target=\"_blank\" rel=\"noopener\"><img loading=\"lazy\" decoding=\"async\" width=\"236\" height=\"127\" src=\"https:\/\/agora.xtec.cat\/zer-solsones\/wp-content\/uploads\/usu317\/2023\/04\/imatge_2023-04-18_195019949.png\" alt=\"Premeu la imatge\" class=\"wp-image-11139\" style=\"width:181px;height:auto\"\/><\/a><\/figure>\n\n\n\n<p><span style=\"font-weight: 400;\">\u00c9s un projecte que neix de la necessitat dels infants i les escoles de difondre tot all\u00f2 que fem i que ens interessa. <\/span><span style=\"font-weight: 400;\">\u00c9s un espai on fomentar l\u2019esperit cr\u00edtic&nbsp; compartint les nostres opinions i recerques a trav\u00e9s de diferents mitjans.<\/span><\/p>\n\n\n\n<div class=\"wp-block-group is-layout-constrained wp-block-group-is-layout-constrained\"><\/div>\n\n\n\n<p><\/p>\n\n\n\n<div class=\"mceTemp\" style=\"text-align: center;\">\u00a0<\/div>\n\n\n\n<p>&nbsp;<\/p>\n\n\n\n<p><\/p>\n\n\n\n<p><\/p>\n\n\n\n<p class=\"has-text-align-left\"><\/p>\n\n\n\n<p><\/p>\n\n\n\n<p>&nbsp;<\/p>\n\n\n\n<p>&nbsp;<\/p>\n","protected":false},"excerpt":{"rendered":"<p>\u00c9s un projecte que neix de la necessitat dels infants i les escoles de difondre tot all\u00f2 que fem i que ens interessa. \u00c9s un espai on fomentar l\u2019esperit cr\u00edtic&nbsp; compartint les nostres opinions i recerques a trav\u00e9s de diferents mitjans. \u00a0 &nbsp; &nbsp; &nbsp;<\/p>\n","protected":false},"author":1,"featured_media":0,"parent":0,"menu_order":0,"comment_status":"closed","ping_status":"closed","template":"","meta":{"_bbp_topic_count":0,"_bbp_reply_count":0,"_bbp_total_topic_count":0,"_bbp_total_reply_count":0,"_bbp_voice_count":0,"_bbp_anonymous_reply_count":0,"_bbp_topic_count_hidden":0,"_bbp_reply_count_hidden":0,"_bbp_forum_subforum_count":0,"site-sidebar-layout":"default","site-content-layout":"","ast-site-content-layout":"default","site-content-style":"default","site-sidebar-style":"default","ast-global-header-display":"","ast-banner-title-visibility":"","ast-main-header-display":"","ast-hfb-above-header-display":"","ast-hfb-below-header-display":"","ast-hfb-mobile-header-display":"","site-post-title":"","ast-breadcrumbs-content":"","ast-featured-img":"","footer-sml-layout":"","theme-transparent-header-meta":"","adv-header-id-meta":"","stick-header-meta":"","header-above-stick-meta":"","header-main-stick-meta":"","header-below-stick-meta":"","astra-migrate-meta-layouts":"set","ast-page-background-enabled":"default","ast-page-background-meta":{"desktop":{"background-color":"var(--ast-global-color-4)","background-image":"","background-repeat":"repeat","background-position":"center center","background-size":"auto","background-attachment":"scroll","background-type":"","background-media":"","overlay-type":"","overlay-color":"","overlay-opacity":"","overlay-gradient":""},"tablet":{"background-color":"","background-image":"","background-repeat":"repeat","background-position":"center center","background-size":"auto","background-attachment":"scroll","background-type":"","background-media":"","overlay-type":"","overlay-color":"","overlay-opacity":"","overlay-gradient":""},"mobile":{"background-color":"","background-image":"","background-repeat":"repeat","background-position":"center center","background-size":"auto","background-attachment":"scroll","background-type":"","background-media":"","overlay-type":"","overlay-color":"","overlay-opacity":"","overlay-gradient":""}},"ast-content-background-meta":{"desktop":{"background-color":"var(--ast-global-color-5)","background-image":"","background-repeat":"repeat","background-position":"center center","background-size":"auto","background-attachment":"scroll","background-type":"","background-media":"","overlay-type":"","overlay-color":"","overlay-opacity":"","overlay-gradient":""},"tablet":{"background-color":"var(--ast-global-color-5)","background-image":"","background-repeat":"repeat","background-position":"center center","background-size":"auto","background-attachment":"scroll","background-type":"","background-media":"","overlay-type":"","overlay-color":"","overlay-opacity":"","overlay-gradient":""},"mobile":{"background-color":"var(--ast-global-color-5)","background-image":"","background-repeat":"repeat","background-position":"center center","background-size":"auto","background-attachment":"scroll","background-type":"","background-media":"","overlay-type":"","overlay-color":"","overlay-opacity":"","overlay-gradient":""}},"footnotes":""},"class_list":["post-10961","page","type-page","status-publish","hentry"],"post_mailing_queue_ids":[],"_links":{"self":[{"href":"https:\/\/agora.xtec.cat\/zer-solsones\/wp-json\/wp\/v2\/pages\/10961","targetHints":{"allow":["GET"]}}],"collection":[{"href":"https:\/\/agora.xtec.cat\/zer-solsones\/wp-json\/wp\/v2\/pages"}],"about":[{"href":"https:\/\/agora.xtec.cat\/zer-solsones\/wp-json\/wp\/v2\/types\/page"}],"author":[{"embeddable":true,"href":"https:\/\/agora.xtec.cat\/zer-solsones\/wp-json\/wp\/v2\/users\/1"}],"replies":[{"embeddable":true,"href":"https:\/\/agora.xtec.cat\/zer-solsones\/wp-json\/wp\/v2\/comments?post=10961"}],"version-history":[{"count":6,"href":"https:\/\/agora.xtec.cat\/zer-solsones\/wp-json\/wp\/v2\/pages\/10961\/revisions"}],"predecessor-version":[{"id":13442,"href":"https:\/\/agora.xtec.cat\/zer-solsones\/wp-json\/wp\/v2\/pages\/10961\/revisions\/13442"}],"wp:attachment":[{"href":"https:\/\/agora.xtec.cat\/zer-solsones\/wp-json\/wp\/v2\/media?parent=10961"}],"curies":[{"name":"wp","href":"https:\/\/api.w.org\/{rel}","templated":true}]}}