{"id":272,"date":"2015-07-20T13:10:37","date_gmt":"2015-07-20T12:10:37","guid":{"rendered":"http:\/\/agora.xtec.cat\/zer-riuiserra\/?page_id=272"},"modified":"2026-04-14T12:32:53","modified_gmt":"2026-04-14T10:32:53","slug":"qui-som","status":"publish","type":"page","link":"https:\/\/agora.xtec.cat\/zer-riuiserra\/escola-benifallet\/qui-som\/","title":{"rendered":"Qui som"},"content":{"rendered":"<p>L&#8217;escola de Benifallet est\u00e0 ubicada, com el seu nom indica, al poble de Benifallet. \u00c9s una escola rural, familiar i de proximitat al costat esquerre del riu Ebre. Fa ZER amb l&#8217;escola Sant Roc de Pa\u00fcls i l&#8217;escola Sant Jordi d&#8217;Aldover.<\/p>\n<p>A l&#8217;escola de Benifallet tenim 4 grups:<\/p>\n<ul>\n<li>El grup de la llar d&#8217;infants (I1 i I2)<\/li>\n<li>El grup dels menuts (I3, I4 i I5)<\/li>\n<li>El grup dels mitjans (CI i 3r)<\/li>\n<li>El grup dels grans (4t i CS)<\/li>\n<\/ul>\n<p>Ara mateix tenim 35 alumnes en total.<\/p>\n<p>Fins no fa gaire, la nostra escola es deia Escola Lloren\u00e7 Vallesp\u00ed i Vidiella per\u00f2 recentment es va decidir canviar el nom pel d&#8217;escola Benifallet. Antigament hi havia un sol edifici per\u00f2 amb el pas del temps van anar ampliant i ara mateix tenim d&#8217;edifici de la llar d&#8217;infants, de recent construcci\u00f3 i l&#8217;edifici de prim\u00e0ria i infantil. Cada edifici t\u00e9 els seus patis i zones d&#8217;esbarjo, amb un sorral i una zona de terra tou per als m\u00e9s petits.<\/p>\n<p>ORGANIGRAMA:<\/p>\n<ul>\n<li><strong>Directora:<\/strong> Burjal\u00e9s Forn\u00e9, Rosa M.<\/li>\n<li><strong>Secretari:<\/strong> Queral Dom\u00e8nech, Xavi<\/li>\n<li><strong>Administrativa:<\/strong> For\u00e9s Ginovart, Pili<\/li>\n<li><strong>Tutoria grup dels grans:<\/strong> Queral Dom\u00e8nech, Xavi<\/li>\n<li><strong>Tutoria grup dels mitjans:<\/strong> Sansano Aparici, Silvia<\/li>\n<li><strong>Tutoria grup dels menuts:<\/strong> Serres Palau, Sara<\/li>\n<li><strong>Tutoria llar d&#8217;infants:<\/strong> Cacho Subirats, Maite i Lobato Bertomeu, Cristina<\/li>\n<li><strong>Especialista itinerant de m\u00fasica:<\/strong> Esteve Pons, Imma<\/li>\n<li><strong>Especialista itinerant d&#8217;angl\u00e8s:<\/strong> Rup\u00e9rez Mart\u00ed, Merc\u00e8<\/li>\n<li><strong>Especialista itinerant d&#8217;EF:<\/strong> Bed\u00f3s Bed\u00f3s, Maris\u00e9<\/li>\n<li><strong>Especialista de religi\u00f3:<\/strong> Valero Garc\u00eda, Vanessa<\/li>\n<li><strong>Especialista EAP:<\/strong> Faneca M\u00faria, M\u00f2nica<\/li>\n<li><strong>Coordinadora Digital:<\/strong> Rup\u00e9rez Mart\u00ed, Merc\u00e8<\/li>\n<li><strong>Coordinadora COCOBE:<\/strong> V\u00e1zquez Bonavila, Eva<\/li>\n<li><strong>Coordinadora Riscos: <\/strong>Esteve Pons, Imma<\/li>\n<li><strong>Coordinadora LIC:\u00a0<\/strong>Salvad\u00f3 Mart\u00ed, Cinta<\/li>\n<\/ul>\n<p>&nbsp;<\/p>\n","protected":false},"excerpt":{"rendered":"<p>L&#8217;escola de Benifallet est\u00e0 ubicada, com el seu nom indica, al poble de Benifallet. \u00c9s una escola rural, familiar i de proximitat al costat esquerre del riu Ebre. Fa ZER amb l&#8217;escola Sant Roc de Pa\u00fcls i l&#8217;escola Sant Jordi d&#8217;Aldover. A l&#8217;escola de Benifallet tenim 4 grups: El grup de la llar d&#8217;infants (I1 [&hellip;]<\/p>\n","protected":false},"author":1,"featured_media":0,"parent":266,"menu_order":10,"comment_status":"closed","ping_status":"closed","template":"","meta":{"_bbp_topic_count":0,"_bbp_reply_count":0,"_bbp_total_topic_count":0,"_bbp_total_reply_count":0,"_bbp_voice_count":0,"_bbp_anonymous_reply_count":0,"_bbp_topic_count_hidden":0,"_bbp_reply_count_hidden":0,"_bbp_forum_subforum_count":0,"site-sidebar-layout":"default","site-content-layout":"","ast-site-content-layout":"default","site-content-style":"default","site-sidebar-style":"default","ast-global-header-display":"","ast-banner-title-visibility":"","ast-main-header-display":"","ast-hfb-above-header-display":"","ast-hfb-below-header-display":"","ast-hfb-mobile-header-display":"","site-post-title":"","ast-breadcrumbs-content":"","ast-featured-img":"","footer-sml-layout":"","theme-transparent-header-meta":"default","adv-header-id-meta":"","stick-header-meta":"","header-above-stick-meta":"","header-main-stick-meta":"","header-below-stick-meta":"","astra-migrate-meta-layouts":"set","ast-page-background-enabled":"default","ast-page-background-meta":{"desktop":{"background-color":"var(--ast-global-color-4)","background-image":"","background-repeat":"repeat","background-position":"center center","background-size":"auto","background-attachment":"scroll","background-type":"","background-media":"","overlay-type":"","overlay-color":"","overlay-opacity":"","overlay-gradient":""},"tablet":{"background-color":"","background-image":"","background-repeat":"repeat","background-position":"center center","background-size":"auto","background-attachment":"scroll","background-type":"","background-media":"","overlay-type":"","overlay-color":"","overlay-opacity":"","overlay-gradient":""},"mobile":{"background-color":"","background-image":"","background-repeat":"repeat","background-position":"center center","background-size":"auto","background-attachment":"scroll","background-type":"","background-media":"","overlay-type":"","overlay-color":"","overlay-opacity":"","overlay-gradient":""}},"ast-content-background-meta":{"desktop":{"background-color":"var(--ast-global-color-5)","background-image":"","background-repeat":"repeat","background-position":"center center","background-size":"auto","background-attachment":"scroll","background-type":"","background-media":"","overlay-type":"","overlay-color":"","overlay-opacity":"","overlay-gradient":""},"tablet":{"background-color":"var(--ast-global-color-5)","background-image":"","background-repeat":"repeat","background-position":"center center","background-size":"auto","background-attachment":"scroll","background-type":"","background-media":"","overlay-type":"","overlay-color":"","overlay-opacity":"","overlay-gradient":""},"mobile":{"background-color":"var(--ast-global-color-5)","background-image":"","background-repeat":"repeat","background-position":"center center","background-size":"auto","background-attachment":"scroll","background-type":"","background-media":"","overlay-type":"","overlay-color":"","overlay-opacity":"","overlay-gradient":""}},"footnotes":""},"class_list":["post-272","page","type-page","status-publish","hentry"],"post_mailing_queue_ids":[],"_links":{"self":[{"href":"https:\/\/agora.xtec.cat\/zer-riuiserra\/wp-json\/wp\/v2\/pages\/272","targetHints":{"allow":["GET"]}}],"collection":[{"href":"https:\/\/agora.xtec.cat\/zer-riuiserra\/wp-json\/wp\/v2\/pages"}],"about":[{"href":"https:\/\/agora.xtec.cat\/zer-riuiserra\/wp-json\/wp\/v2\/types\/page"}],"author":[{"embeddable":true,"href":"https:\/\/agora.xtec.cat\/zer-riuiserra\/wp-json\/wp\/v2\/users\/1"}],"replies":[{"embeddable":true,"href":"https:\/\/agora.xtec.cat\/zer-riuiserra\/wp-json\/wp\/v2\/comments?post=272"}],"version-history":[{"count":6,"href":"https:\/\/agora.xtec.cat\/zer-riuiserra\/wp-json\/wp\/v2\/pages\/272\/revisions"}],"predecessor-version":[{"id":9338,"href":"https:\/\/agora.xtec.cat\/zer-riuiserra\/wp-json\/wp\/v2\/pages\/272\/revisions\/9338"}],"up":[{"embeddable":true,"href":"https:\/\/agora.xtec.cat\/zer-riuiserra\/wp-json\/wp\/v2\/pages\/266"}],"wp:attachment":[{"href":"https:\/\/agora.xtec.cat\/zer-riuiserra\/wp-json\/wp\/v2\/media?parent=272"}],"curies":[{"name":"wp","href":"https:\/\/api.w.org\/{rel}","templated":true}]}}