{"id":261,"date":"2015-07-20T13:05:00","date_gmt":"2015-07-20T12:05:00","guid":{"rendered":"http:\/\/agora.xtec.cat\/zer-riuiserra\/?page_id=261"},"modified":"2016-03-09T18:35:41","modified_gmt":"2016-03-09T17:35:41","slug":"qui-som","status":"publish","type":"page","link":"https:\/\/agora.xtec.cat\/zer-riuiserra\/qui-som\/","title":{"rendered":"Qui som"},"content":{"rendered":"<div><code><\/p>\n<div style=\"display:block;text-align:center;margin-right:auto;margin-left:auto\"><a href=\"https:\/\/sites.google.com\/a\/xtec.cat\/escola-sant-jordi-aldover\/qui-som\/rentr%C3%A9e.jpg?attredirects=0\" imageanchor=\"1\"><img decoding=\"async\" border=\"0\" src=\"https:\/\/sites.google.com\/a\/xtec.cat\/escola-sant-jordi-aldover\/qui-som\/rentr%C3%A9e.jpg\"><\/a><\/div>\n<p>\n<\/code><\/div>\n<p><code><br \/>\n<\/code><\/p>\n<p><code><\/p>\n<div><code style=\"line-height:1.5;background-color:transparent\">Som l'Escola Sant Jordi  d'Aldover.<\/code><span style=\"line-height:1.5;font-family:verdana,sans-serif;color:rgb(0,0,0);background-color:transparent\"><\/p>\n<p><\/span><code style=\"line-height:1.5;background-color:transparent\">La nostra escola pertany a la ZER Riu i Serra,  juntament amb dues escoles m\u00e9s: la de Benifallet i la de Pa\u00fcls.&nbsp;<\/code><\/div>\n<p><\/code><\/p>\n<div><font color=\"#009933\" face=\"monospace\"><br \/>\n<\/font><\/p>\n<div><code>El municipi d'Aldover es troba ubicat a la comarca del Baix Ebre, al costat de la C-12, carretera de l'Eix de l'Ebre de Tortosa a Fran\u00e7a per la Vall d'Aran. Entre el terme de Xerta, Tortosa, Alfara de Carles i Tivenys. El terme est\u00e0 empla\u00e7at sobre dues terrasses fluvials: la m\u00e9s baixa, on hi ha la vila, i la superior que ocupa la major part del territori.&nbsp;<\/code><\/div>\n<div><code><br \/>\n<\/code><\/div>\n<div><code>L\u2019escola d\u2019Aldover est\u00e0 situada dintre de la poblaci\u00f3, a la zona recreativa del poble, al costat del parc infantil  i del casal. L\u2019edifici es va construir en dues fases: la primera a l\u2019any 1969 i la segona al 1982.<\/p>\n<p>\u00c9s de tipologia c\u00edclica, aquest curs, amb un total de 43 alumnes. Des del curs passat tenim adjudicades tres unitats, dos de prim\u00e0ria i una d'educaci\u00f3 infantil, ara b\u00e9, mentre la dotaci\u00f3 de professorat ens ho permitisca, farem el possible per conservar l'escola c\u00edclica, \u00e9s a dir, a cada aula, un cicle (tot i que en alguna \u00e0rea hem hagut de reagrupar nivells de dos cicles):&nbsp;<\/code><\/div>\n<div><font color=\"#009933\" face=\"monospace\">Educaci\u00f3 infantil amb l&#8217;alumnat de P-3, P-4 i P-5 (13 alumnes).<\/font><\/div>\n<div><font color=\"#009933\" face=\"monospace\">Cicle inicial amb l&#8217;alumnat de 1r i 2n (11 alumnes)<\/font><\/div>\n<div><font color=\"#009933\" face=\"monospace\">Cicle mitj\u00e0 amb l&#8217;alumnat de 3r i 4t (6 alumnes)<\/font><\/div>\n<div><font color=\"#009933\" face=\"monospace\">Cicle superior amb l&#8217;alumnat de 5t i 6t (13 alumnes)<\/font><\/div>\n<div><font color=\"#009933\" face=\"monospace\"><br \/>\n<\/font><\/p>\n<div><code>Aquest curs som un total de cinc mestres (quatre tutores, una mestra d'ampliaci\u00f3 hor\u00e0ria, quatre mestres especialistes itinerants compartides amb les altres escoles de la ZER: especialista d'Angl\u00e8s, d' Ed. F\u00edsica, de M\u00fasica i Religi\u00f3). Aquest curs tenim una de les mestres amb jornada d'1\/2 m\u00e9s 1\/3, que completa la jornada de les mestra tutora de CI que gaudeix de reducci\u00f3 de jornada. Des del mes d'octubre comptem amb 6 hores de vetlladora per atendre a dos dels nostres alumnes.<\/p>\n","protected":false},"excerpt":{"rendered":"<p>Som l&#8217;Escola Sant Jordi d&#8217;Aldover. La nostra escola pertany a la ZER Riu i Serra, juntament amb dues escoles m\u00e9s: la de Benifallet i la de Pa\u00fcls.&nbsp; El municipi d&#8217;Aldover es troba ubicat a la comarca del Baix Ebre, al costat de la C-12, carretera de l&#8217;Eix de l&#8217;Ebre de Tortosa a Fran\u00e7a per la [&hellip;]<\/p>\n","protected":false},"author":1,"featured_media":0,"parent":0,"menu_order":10,"comment_status":"closed","ping_status":"closed","template":"page-templates\/side-menu.php","meta":{"_bbp_topic_count":0,"_bbp_reply_count":0,"_bbp_total_topic_count":0,"_bbp_total_reply_count":0,"_bbp_voice_count":0,"_bbp_anonymous_reply_count":0,"_bbp_topic_count_hidden":0,"_bbp_reply_count_hidden":0,"_bbp_forum_subforum_count":0,"site-sidebar-layout":"default","site-content-layout":"","ast-site-content-layout":"","site-content-style":"default","site-sidebar-style":"default","ast-global-header-display":"","ast-banner-title-visibility":"","ast-main-header-display":"","ast-hfb-above-header-display":"","ast-hfb-below-header-display":"","ast-hfb-mobile-header-display":"","site-post-title":"","ast-breadcrumbs-content":"","ast-featured-img":"","footer-sml-layout":"","theme-transparent-header-meta":"","adv-header-id-meta":"","stick-header-meta":"","header-above-stick-meta":"","header-main-stick-meta":"","header-below-stick-meta":"","astra-migrate-meta-layouts":"default","ast-page-background-enabled":"default","ast-page-background-meta":{"desktop":{"background-color":"var(--ast-global-color-4)","background-image":"","background-repeat":"repeat","background-position":"center center","background-size":"auto","background-attachment":"scroll","background-type":"","background-media":"","overlay-type":"","overlay-color":"","overlay-opacity":"","overlay-gradient":""},"tablet":{"background-color":"","background-image":"","background-repeat":"repeat","background-position":"center center","background-size":"auto","background-attachment":"scroll","background-type":"","background-media":"","overlay-type":"","overlay-color":"","overlay-opacity":"","overlay-gradient":""},"mobile":{"background-color":"","background-image":"","background-repeat":"repeat","background-position":"center center","background-size":"auto","background-attachment":"scroll","background-type":"","background-media":"","overlay-type":"","overlay-color":"","overlay-opacity":"","overlay-gradient":""}},"ast-content-background-meta":{"desktop":{"background-color":"var(--ast-global-color-5)","background-image":"","background-repeat":"repeat","background-position":"center center","background-size":"auto","background-attachment":"scroll","background-type":"","background-media":"","overlay-type":"","overlay-color":"","overlay-opacity":"","overlay-gradient":""},"tablet":{"background-color":"var(--ast-global-color-5)","background-image":"","background-repeat":"repeat","background-position":"center center","background-size":"auto","background-attachment":"scroll","background-type":"","background-media":"","overlay-type":"","overlay-color":"","overlay-opacity":"","overlay-gradient":""},"mobile":{"background-color":"var(--ast-global-color-5)","background-image":"","background-repeat":"repeat","background-position":"center center","background-size":"auto","background-attachment":"scroll","background-type":"","background-media":"","overlay-type":"","overlay-color":"","overlay-opacity":"","overlay-gradient":""}},"footnotes":""},"class_list":["post-261","page","type-page","status-publish","hentry"],"post_mailing_queue_ids":[],"_links":{"self":[{"href":"https:\/\/agora.xtec.cat\/zer-riuiserra\/wp-json\/wp\/v2\/pages\/261","targetHints":{"allow":["GET"]}}],"collection":[{"href":"https:\/\/agora.xtec.cat\/zer-riuiserra\/wp-json\/wp\/v2\/pages"}],"about":[{"href":"https:\/\/agora.xtec.cat\/zer-riuiserra\/wp-json\/wp\/v2\/types\/page"}],"author":[{"embeddable":true,"href":"https:\/\/agora.xtec.cat\/zer-riuiserra\/wp-json\/wp\/v2\/users\/1"}],"replies":[{"embeddable":true,"href":"https:\/\/agora.xtec.cat\/zer-riuiserra\/wp-json\/wp\/v2\/comments?post=261"}],"version-history":[{"count":3,"href":"https:\/\/agora.xtec.cat\/zer-riuiserra\/wp-json\/wp\/v2\/pages\/261\/revisions"}],"predecessor-version":[{"id":659,"href":"https:\/\/agora.xtec.cat\/zer-riuiserra\/wp-json\/wp\/v2\/pages\/261\/revisions\/659"}],"wp:attachment":[{"href":"https:\/\/agora.xtec.cat\/zer-riuiserra\/wp-json\/wp\/v2\/media?parent=261"}],"curies":[{"name":"wp","href":"https:\/\/api.w.org\/{rel}","templated":true}]}}