{"id":258,"date":"2015-07-20T12:40:06","date_gmt":"2015-07-20T11:40:06","guid":{"rendered":"http:\/\/agora.xtec.cat\/zer-riuiserra\/?page_id=258"},"modified":"2026-03-19T13:47:10","modified_gmt":"2026-03-19T12:47:10","slug":"qui-som","status":"publish","type":"page","link":"https:\/\/agora.xtec.cat\/zer-riuiserra\/zer\/qui-som\/","title":{"rendered":"Qui som?"},"content":{"rendered":"<p><span style=\"font-weight: 400;\">La ZER Riu i Serra, constitu\u00efda l\u2019any 1999, est\u00e0 formada per tres escoles petites, p\u00fabliques i de poble: l\u2019escola Sant Jordi, d\u2019Aldover; l\u2019escola Benifallet, de Benifallet; i l\u2019escola Sant Roc, de Pa\u00fcls. Som escoles 1-12, ja que escolaritzem alumnat de 1r i 2n cicle d\u2019educaci\u00f3 infantil i prim\u00e0ria.<\/span><\/p>\n<p><span style=\"font-weight: 400;\">El nombre d\u2019alumnes per grup no \u00e9s gaire nombr\u00f3s, la qual cosa implica que puguin rebre una atenci\u00f3 m\u00e9s personalitzada i el tracte amb les fam\u00edlies sigui m\u00e9s proper. Aquestes r\u00e0tios tan baixes afavoreixen unes oportunitats pedag\u00f2giques que cal tenir present. En una mateixa aula s\u2019hi agrupen alumnes de diferents edats i de dos o m\u00e9s nivells. Aquest grup multinivell implica unificar alguns aspectes de l\u2019ensenyament-aprenentatge per als diferents nivells que hi ha l\u2019aula, tot i realitzar activitats amb diferent grau de dificultat adequat a cadascun.<\/span><\/p>\n<p><span style=\"font-weight: 400;\">L\u2019equip educatiu est\u00e0 format pels i les mestres dels tres centres, a m\u00e9s a m\u00e9s, de les tres mestres especialistes itinerants de ZER (m\u00fasica, angl\u00e8s i educaci\u00f3 f\u00edsica) i les tres t\u00e8cniques especialistes d\u2019educaci\u00f3 infantil.<\/span><\/p>\n<p><span style=\"font-weight: 400;\">L\u2019horari lectiu de l\u2019alumnat \u00e9s de sis hores di\u00e0ries, ja que a la ZER hi ha implantada la 6a hora o ampliaci\u00f3 hor\u00e0ria des de l\u2019any 2006. En aquestes sessions no curriculars fem cant coral, teatre, projectes vinculats amb l\u2019entorn, rob\u00f2tica i programaci\u00f3, treball globalitzat per espais, racons, ambients, caixes d\u2019aprenentatge, tallers matem\u00e0tics i ling\u00fc\u00edstics\u2026Tamb\u00e9 participem en programes d\u2019innovaci\u00f3 com s\u00f3n la Xarxa de Compet\u00e8ncies i STEAM.cat.<\/span><\/p>\n<p><span style=\"font-weight: 400;\">El Claustre ens distribu\u00efm per comissions (coeducaci\u00f3, Steam\/digital, biblioteca, escola verda) per planificar activitats i projectes (Setmana i Fira de la Ci\u00e8ncia, Let\u2019s clean up, Apadrinament lector\u2026) i commemorar dies internacionals rellevants (25N, 8M\u2026).<\/span><\/p>\n<p><span style=\"font-weight: 400;\">A nivell de ZER compartim diferents tipus d\u2019activitats i propostes, trobades (Itinerari autor\/a-il\u00b7lustrador\/a, trobada de ZER), sortides i col\u00f2nies\u2026 Participem a Cant\u00e0nia, a la Mostra de Teatre Escolar i a la Trobada de Corals del Baix Ebre aix\u00ed com tamb\u00e9 als Jocs Florals Escolars de Catalunya, al Certamen de Lectura en Veu Alta, al taller d\u2019Higiene de Mans i al concurs de l\u2019Arr\u00f2s Montsi\u00e0.<\/span><\/p>\n<p><span style=\"font-weight: 400;\">Celebrem les festes populars (Castanyada, Nadal, Dijous Llarder, Carnestoltes, la Mona) i gaudim dels festivals (Nadal, Castanyada, Fi de curs\/comiat 6\u00e8).<\/span><\/p>\n<p><span style=\"font-weight: 400;\">La ZER est\u00e0 adherida al PCEE per impulsar l\u2019activitat f\u00edsica entre infants i joves. A m\u00e9s a m\u00e9s, tenim constitu\u00efda i inscrita una Associaci\u00f3 Esportiva Escolar (AEE)<\/span><\/p>\n<p><span style=\"font-weight: 400;\">Les AMPA\/AFA s\u2019encarreguen de gestionar el servei de menjador amb carmanyola i les activitats extraescolars.<\/span><\/p>\n<p><span style=\"font-weight: 400;\">\u00a0<\/span><\/p>\n<p><span style=\"font-weight: 400;\">I ara que ja ens coneixes, t\u2019animes a venir a la nostra ZER?<\/span><\/p>\n","protected":false},"excerpt":{"rendered":"<p>La ZER Riu i Serra, constitu\u00efda l\u2019any 1999, est\u00e0 formada per tres escoles petites, p\u00fabliques i de poble: l\u2019escola Sant Jordi, d\u2019Aldover; l\u2019escola Benifallet, de Benifallet; i l\u2019escola Sant Roc, de Pa\u00fcls. Som escoles 1-12, ja que escolaritzem alumnat de 1r i 2n cicle d\u2019educaci\u00f3 infantil i prim\u00e0ria. El nombre d\u2019alumnes per grup no \u00e9s [&hellip;]<\/p>\n","protected":false},"author":1,"featured_media":0,"parent":19,"menu_order":0,"comment_status":"closed","ping_status":"closed","template":"page-templates\/side-menu.php","meta":{"_bbp_topic_count":0,"_bbp_reply_count":0,"_bbp_total_topic_count":0,"_bbp_total_reply_count":0,"_bbp_voice_count":0,"_bbp_anonymous_reply_count":0,"_bbp_topic_count_hidden":0,"_bbp_reply_count_hidden":0,"_bbp_forum_subforum_count":0,"site-sidebar-layout":"default","site-content-layout":"","ast-site-content-layout":"","site-content-style":"default","site-sidebar-style":"default","ast-global-header-display":"","ast-banner-title-visibility":"","ast-main-header-display":"","ast-hfb-above-header-display":"","ast-hfb-below-header-display":"","ast-hfb-mobile-header-display":"","site-post-title":"","ast-breadcrumbs-content":"","ast-featured-img":"","footer-sml-layout":"","theme-transparent-header-meta":"","adv-header-id-meta":"","stick-header-meta":"","header-above-stick-meta":"","header-main-stick-meta":"","header-below-stick-meta":"","astra-migrate-meta-layouts":"default","ast-page-background-enabled":"default","ast-page-background-meta":{"desktop":{"background-color":"var(--ast-global-color-4)","background-image":"","background-repeat":"repeat","background-position":"center center","background-size":"auto","background-attachment":"scroll","background-type":"","background-media":"","overlay-type":"","overlay-color":"","overlay-opacity":"","overlay-gradient":""},"tablet":{"background-color":"","background-image":"","background-repeat":"repeat","background-position":"center center","background-size":"auto","background-attachment":"scroll","background-type":"","background-media":"","overlay-type":"","overlay-color":"","overlay-opacity":"","overlay-gradient":""},"mobile":{"background-color":"","background-image":"","background-repeat":"repeat","background-position":"center center","background-size":"auto","background-attachment":"scroll","background-type":"","background-media":"","overlay-type":"","overlay-color":"","overlay-opacity":"","overlay-gradient":""}},"ast-content-background-meta":{"desktop":{"background-color":"var(--ast-global-color-5)","background-image":"","background-repeat":"repeat","background-position":"center center","background-size":"auto","background-attachment":"scroll","background-type":"","background-media":"","overlay-type":"","overlay-color":"","overlay-opacity":"","overlay-gradient":""},"tablet":{"background-color":"var(--ast-global-color-5)","background-image":"","background-repeat":"repeat","background-position":"center center","background-size":"auto","background-attachment":"scroll","background-type":"","background-media":"","overlay-type":"","overlay-color":"","overlay-opacity":"","overlay-gradient":""},"mobile":{"background-color":"var(--ast-global-color-5)","background-image":"","background-repeat":"repeat","background-position":"center center","background-size":"auto","background-attachment":"scroll","background-type":"","background-media":"","overlay-type":"","overlay-color":"","overlay-opacity":"","overlay-gradient":""}},"footnotes":""},"class_list":["post-258","page","type-page","status-publish","hentry"],"post_mailing_queue_ids":[],"_links":{"self":[{"href":"https:\/\/agora.xtec.cat\/zer-riuiserra\/wp-json\/wp\/v2\/pages\/258","targetHints":{"allow":["GET"]}}],"collection":[{"href":"https:\/\/agora.xtec.cat\/zer-riuiserra\/wp-json\/wp\/v2\/pages"}],"about":[{"href":"https:\/\/agora.xtec.cat\/zer-riuiserra\/wp-json\/wp\/v2\/types\/page"}],"author":[{"embeddable":true,"href":"https:\/\/agora.xtec.cat\/zer-riuiserra\/wp-json\/wp\/v2\/users\/1"}],"replies":[{"embeddable":true,"href":"https:\/\/agora.xtec.cat\/zer-riuiserra\/wp-json\/wp\/v2\/comments?post=258"}],"version-history":[{"count":7,"href":"https:\/\/agora.xtec.cat\/zer-riuiserra\/wp-json\/wp\/v2\/pages\/258\/revisions"}],"predecessor-version":[{"id":9180,"href":"https:\/\/agora.xtec.cat\/zer-riuiserra\/wp-json\/wp\/v2\/pages\/258\/revisions\/9180"}],"up":[{"embeddable":true,"href":"https:\/\/agora.xtec.cat\/zer-riuiserra\/wp-json\/wp\/v2\/pages\/19"}],"wp:attachment":[{"href":"https:\/\/agora.xtec.cat\/zer-riuiserra\/wp-json\/wp\/v2\/media?parent=258"}],"curies":[{"name":"wp","href":"https:\/\/api.w.org\/{rel}","templated":true}]}}