{"id":19,"date":"2014-09-17T14:56:56","date_gmt":"2014-09-17T14:56:56","guid":{"rendered":"http:\/\/agora.xtec.cat\/zer-riuiserra\/?page_id=19"},"modified":"2026-03-19T13:47:25","modified_gmt":"2026-03-19T12:47:25","slug":"zer","status":"publish","type":"page","link":"https:\/\/agora.xtec.cat\/zer-riuiserra\/zer\/","title":{"rendered":"ZER"},"content":{"rendered":"<p><span style=\"font-weight: 400;\">Les zones escolars rurals (ZER) s\u00f3n institucions escolars de car\u00e0cter p\u00fablic formades per l\u2019agrupaci\u00f3 de centres d\u2019educaci\u00f3 infantil i prim\u00e0ria que es constitueixen amb la finalitat d\u2019oferir el servei d\u2019ensenyament en condicions de major qualitat en zones de baixa demografia escolar.<\/span><\/p>\n<p><span style=\"font-weight: 400;\">L\u2019Escola Rural, l\u2019escola de les tres \u201cP\u201d: Petita, de Poble i P\u00fablica, \u00e9s una escola arrelada al territori, que d\u00f3na vida al municipi, que a vegades n\u2019\u00e9s el pal de paller i\/o dinamitzadora d\u2019una part de la vida que el poble genera, que aglutina activitats, persones, i que \u00e9s motiu de trobada i aprenentatge<\/span><\/p>\n<p><span style=\"font-weight: 400;\">La zona escolar rural t\u00e9 consideraci\u00f3 de centre educatiu \u00fanic amb les caracter\u00edstiques i els efectes que es determinen en el <\/span><a href=\"http:\/\/dogc.gencat.cat\/ca\/pdogc_canals_interns\/pdogc_resultats_fitxa\/?documentId=545262&amp;language=ca_ES&amp;action=fitxa\"><span style=\"font-weight: 400;\">Decret 102\/2010, de 3 d\u2019agost d\u2019autonomia dels centres educatius<\/span><\/a><span style=\"font-weight: 400;\">, sense perjudici de respectar la identitat jur\u00eddica de cadascuna de les escoles que la integren.<\/span><\/p>\n<p><span style=\"font-weight: 400;\">Cada ZER t\u00e9 un projecte educatiu per a tots els centres que la integren i les mateixes normes d\u2019organitzaci\u00f3 i funcionament i la mateixa programaci\u00f3 general anual, que ha de respectar la singularitat de cadascuna de les escoles.<\/span><\/p>\n<p style=\"color: #444444;\">Aquesta secci\u00f3\u00a0pot contenir\u00a0totes les p\u00e0gines necess\u00e0ries per a oferir una descripci\u00f3 general de la ZER: ubicaci\u00f3, hist\u00f2ria, instal\u00b7lacions, equip docent, consell escolar, pla de qualitat, calendari, salut, informacions pr\u00e0ctiques, normativa\u2026<\/p>\n<p style=\"color: #444444;\">En la maqueta inicial s\u2019inclouen algunes d\u2019aquestes p\u00e0gines amb contingut simulat. L\u2019administrador\/a pot\u00a0editar-les,\u00a0eliminar-les o crear-ne de noves des del tauler. \u00c9s important que\u00a0a la caixa\u00a0<em>Atributs\u00a0de la p\u00e0gina<\/em>\u00a0hi consti com a\u00a0<em>pare\/mare<\/em>\u00a0la p\u00e0gina \u201c<em>ZER<\/em>\u201c, i que tinguin\u00a0seleccionada la plantilla \u201c<em>Men\u00fa lateral<\/em>\u201c.<\/p>\n","protected":false},"excerpt":{"rendered":"<p>Les zones escolars rurals (ZER) s\u00f3n institucions escolars de car\u00e0cter p\u00fablic formades per l\u2019agrupaci\u00f3 de centres d\u2019educaci\u00f3 infantil i prim\u00e0ria que es constitueixen amb la finalitat d\u2019oferir el servei d\u2019ensenyament en condicions de major qualitat en zones de baixa demografia escolar. L\u2019Escola Rural, l\u2019escola de les tres \u201cP\u201d: Petita, de Poble i P\u00fablica, \u00e9s una [&hellip;]<\/p>\n","protected":false},"author":1,"featured_media":0,"parent":0,"menu_order":0,"comment_status":"closed","ping_status":"closed","template":"page-templates\/side-menu.php","meta":{"_bbp_topic_count":0,"_bbp_reply_count":0,"_bbp_total_topic_count":0,"_bbp_total_reply_count":0,"_bbp_voice_count":0,"_bbp_anonymous_reply_count":0,"_bbp_topic_count_hidden":0,"_bbp_reply_count_hidden":0,"_bbp_forum_subforum_count":0,"site-sidebar-layout":"default","site-content-layout":"","ast-site-content-layout":"","site-content-style":"default","site-sidebar-style":"default","ast-global-header-display":"","ast-banner-title-visibility":"","ast-main-header-display":"","ast-hfb-above-header-display":"","ast-hfb-below-header-display":"","ast-hfb-mobile-header-display":"","site-post-title":"","ast-breadcrumbs-content":"","ast-featured-img":"","footer-sml-layout":"","theme-transparent-header-meta":"","adv-header-id-meta":"","stick-header-meta":"","header-above-stick-meta":"","header-main-stick-meta":"","header-below-stick-meta":"","astra-migrate-meta-layouts":"default","ast-page-background-enabled":"default","ast-page-background-meta":{"desktop":{"background-color":"var(--ast-global-color-4)","background-image":"","background-repeat":"repeat","background-position":"center center","background-size":"auto","background-attachment":"scroll","background-type":"","background-media":"","overlay-type":"","overlay-color":"","overlay-opacity":"","overlay-gradient":""},"tablet":{"background-color":"","background-image":"","background-repeat":"repeat","background-position":"center center","background-size":"auto","background-attachment":"scroll","background-type":"","background-media":"","overlay-type":"","overlay-color":"","overlay-opacity":"","overlay-gradient":""},"mobile":{"background-color":"","background-image":"","background-repeat":"repeat","background-position":"center center","background-size":"auto","background-attachment":"scroll","background-type":"","background-media":"","overlay-type":"","overlay-color":"","overlay-opacity":"","overlay-gradient":""}},"ast-content-background-meta":{"desktop":{"background-color":"var(--ast-global-color-5)","background-image":"","background-repeat":"repeat","background-position":"center center","background-size":"auto","background-attachment":"scroll","background-type":"","background-media":"","overlay-type":"","overlay-color":"","overlay-opacity":"","overlay-gradient":""},"tablet":{"background-color":"var(--ast-global-color-5)","background-image":"","background-repeat":"repeat","background-position":"center center","background-size":"auto","background-attachment":"scroll","background-type":"","background-media":"","overlay-type":"","overlay-color":"","overlay-opacity":"","overlay-gradient":""},"mobile":{"background-color":"var(--ast-global-color-5)","background-image":"","background-repeat":"repeat","background-position":"center center","background-size":"auto","background-attachment":"scroll","background-type":"","background-media":"","overlay-type":"","overlay-color":"","overlay-opacity":"","overlay-gradient":""}},"footnotes":""},"class_list":["post-19","page","type-page","status-publish","hentry"],"post_mailing_queue_ids":[],"_links":{"self":[{"href":"https:\/\/agora.xtec.cat\/zer-riuiserra\/wp-json\/wp\/v2\/pages\/19","targetHints":{"allow":["GET"]}}],"collection":[{"href":"https:\/\/agora.xtec.cat\/zer-riuiserra\/wp-json\/wp\/v2\/pages"}],"about":[{"href":"https:\/\/agora.xtec.cat\/zer-riuiserra\/wp-json\/wp\/v2\/types\/page"}],"author":[{"embeddable":true,"href":"https:\/\/agora.xtec.cat\/zer-riuiserra\/wp-json\/wp\/v2\/users\/1"}],"replies":[{"embeddable":true,"href":"https:\/\/agora.xtec.cat\/zer-riuiserra\/wp-json\/wp\/v2\/comments?post=19"}],"version-history":[{"count":4,"href":"https:\/\/agora.xtec.cat\/zer-riuiserra\/wp-json\/wp\/v2\/pages\/19\/revisions"}],"predecessor-version":[{"id":9178,"href":"https:\/\/agora.xtec.cat\/zer-riuiserra\/wp-json\/wp\/v2\/pages\/19\/revisions\/9178"}],"wp:attachment":[{"href":"https:\/\/agora.xtec.cat\/zer-riuiserra\/wp-json\/wp\/v2\/media?parent=19"}],"curies":[{"name":"wp","href":"https:\/\/api.w.org\/{rel}","templated":true}]}}