{"id":720,"date":"2017-03-06T16:19:13","date_gmt":"2017-03-06T15:19:13","guid":{"rendered":"http:\/\/agora.xtec.cat\/zer-requesens\/?page_id=720"},"modified":"2019-10-23T15:19:25","modified_gmt":"2019-10-23T13:19:25","slug":"country-english-day","status":"publish","type":"page","link":"https:\/\/agora.xtec.cat\/zer-requesens\/zer\/que-fem\/country-english-day\/","title":{"rendered":"Country English Day"},"content":{"rendered":"<p align=\"justify\"><span style=\"font-family: Arial, serif;\"><span style=\"font-size: medium;\">El Country English Day va n\u00e9ixer el curs 2014\/2015 arrel de la necessitat que hem tingut sempre les escoles rurals de fer algun tipus d\u2019activitat en lleng\u00fces estrangeres com ara teatre o tallers en angl\u00e8s. <\/span><\/span><\/p>\n<p align=\"justify\"><span style=\"font-family: Arial, serif;\"><span style=\"font-size: medium;\">La realitzaci\u00f3 d\u2019aquest projecte pret\u00e9n fomentar, a trav\u00e9s d&#8217;activitats en angl\u00e8s, l&#8217;expressi\u00f3 oral en llengua anglesa entre els alumnes dels diferents centres participants a m\u00e9s de potenciar l&#8217;intercanvi de materials i estrat\u00e8gies metodol\u00f2giques entre els especialistes d&#8217;angl\u00e8s de les diferents escoles.<\/span><\/span><\/p>\n<p align=\"justify\"><span style=\"font-family: Arial, serif;\"><span style=\"font-size: medium;\">Cada any tracta d\u2019un tema diferent, relacionat amb l\u2019obra de teatre que es tria. Fins ara, s\u2019ha treballat : <i>Treasure Island<\/i> (en dues ocasions), <i>The Loch Ness Monster<\/i>, <i>Sherlock Holmes<\/i> i <i>Robin Hood<\/i>. <\/span><\/span><\/p>\n<p align=\"justify\"><span style=\"font-family: Arial, serif;\"><span style=\"font-size: medium;\">A partir del curs 2018-19 l\u2019activitat passa a ser bianual.<\/span><\/span><\/p>\n<p align=\"justify\"><span style=\"font-family: Arial, serif;\"><span style=\"font-size: medium;\">Fins ara hi han participat els alumnes de la Zer Les Salines, l\u2019escola de Vilaju\u00efga, l\u2019escola de Pau i la ZER Requesens.<\/span><\/span><\/p>\n<p align=\"justify\"><span style=\"font-family: Arial, serif;\"><span style=\"font-size: medium;\">Els objectius s\u00f3n :<\/span><\/span><\/p>\n<ol>\n<li><span style=\"font-family: Arial, serif;\"><span style=\"font-size: medium;\">Practicar i utilitzar la llengua anglesa en la realitzaci\u00f3 de les diferents activitats.<br \/>\n<\/span><\/span><\/li>\n<li><span style=\"font-family: Arial, serif;\"><span style=\"font-size: medium;\">Fomentar l&#8217;atenci\u00f3 de l&#8217;alumnat a l&#8217;hora de veure un espectacle teatral en llengua anglesa i millorar-ne la comprensi\u00f3.<\/span><\/span><\/li>\n<\/ol>\n<ol start=\"3\">\n<li><span style=\"font-family: Arial, serif;\"><span style=\"font-size: medium;\">Fomentar l\u2019intercanvi de materials i estrat\u00e8gies metodol\u00f2giques entre els especialistes d\u2019angl\u00e8s.<\/span><\/span><\/li>\n<\/ol>\n<p>&nbsp;<\/p>\n<ol start=\"4\">\n<li>\n<p align=\"justify\"><span style=\"font-family: Arial, serif;\"><span style=\"font-size: medium;\">Promoure la relaci\u00f3 entre els diferents alumnes dels centres participants.<\/span><\/span><\/p>\n<\/li>\n<\/ol>\n<p align=\"justify\"><span style=\"font-family: Arial, serif;\"><span style=\"font-size: medium;\">Per poder realitzar l\u2019activitat comptem amb la col\u00b7laboraci\u00f3 dels Serveis educatius del Consell Comarcal per subvencionar els autocars i aix\u00ed la inversi\u00f3 de les fam\u00edlies sigui assequible per a tothom. <\/span><\/span><\/p>\n","protected":false},"excerpt":{"rendered":"<p>El Country English Day va n\u00e9ixer el curs 2014\/2015 arrel de la necessitat que hem tingut sempre les escoles rurals de fer algun tipus d\u2019activitat en lleng\u00fces estrangeres com ara teatre o tallers en angl\u00e8s.<br \/>\nLa realitzaci\u00f3 d\u2019aquest projecte pret\u00e9n fomentar, a trav\u00e9s d&#8217;activitats en&hellip;  <a href=\"https:\/\/agora.xtec.cat\/zer-requesens\/zer\/que-fem\/country-english-day\/\" title=\"Read Country English Day\">Llegeix m\u00e9s\u00bb<\/a><\/p>\n","protected":false},"author":1,"featured_media":0,"parent":297,"menu_order":0,"comment_status":"closed","ping_status":"closed","template":"","meta":{"_bbp_topic_count":0,"_bbp_reply_count":0,"_bbp_total_topic_count":0,"_bbp_total_reply_count":0,"_bbp_voice_count":0,"_bbp_anonymous_reply_count":0,"_bbp_topic_count_hidden":0,"_bbp_reply_count_hidden":0,"_bbp_forum_subforum_count":0,"footnotes":""},"class_list":["post-720","page","type-page","status-publish","hentry"],"post_mailing_queue_ids":[],"_links":{"self":[{"href":"https:\/\/agora.xtec.cat\/zer-requesens\/wp-json\/wp\/v2\/pages\/720","targetHints":{"allow":["GET"]}}],"collection":[{"href":"https:\/\/agora.xtec.cat\/zer-requesens\/wp-json\/wp\/v2\/pages"}],"about":[{"href":"https:\/\/agora.xtec.cat\/zer-requesens\/wp-json\/wp\/v2\/types\/page"}],"author":[{"embeddable":true,"href":"https:\/\/agora.xtec.cat\/zer-requesens\/wp-json\/wp\/v2\/users\/1"}],"replies":[{"embeddable":true,"href":"https:\/\/agora.xtec.cat\/zer-requesens\/wp-json\/wp\/v2\/comments?post=720"}],"version-history":[{"count":2,"href":"https:\/\/agora.xtec.cat\/zer-requesens\/wp-json\/wp\/v2\/pages\/720\/revisions"}],"predecessor-version":[{"id":1884,"href":"https:\/\/agora.xtec.cat\/zer-requesens\/wp-json\/wp\/v2\/pages\/720\/revisions\/1884"}],"up":[{"embeddable":true,"href":"https:\/\/agora.xtec.cat\/zer-requesens\/wp-json\/wp\/v2\/pages\/297"}],"wp:attachment":[{"href":"https:\/\/agora.xtec.cat\/zer-requesens\/wp-json\/wp\/v2\/media?parent=720"}],"curies":[{"name":"wp","href":"https:\/\/api.w.org\/{rel}","templated":true}]}}