{"id":3600,"date":"2022-07-15T11:59:58","date_gmt":"2022-07-15T09:59:58","guid":{"rendered":"https:\/\/agora.xtec.cat\/zer-requesens\/?page_id=3600"},"modified":"2024-08-30T14:53:25","modified_gmt":"2024-08-30T12:53:25","slug":"qui-som","status":"publish","type":"page","link":"https:\/\/agora.xtec.cat\/zer-requesens\/zer\/qui-som\/","title":{"rendered":"Qui som"},"content":{"rendered":"<p style=\"text-align: justify;\">La ZER Requesens \u00e9s una agrupaci\u00f3 de centres d&#8217;educaci\u00f3 infantil i prim\u00e0ria. <span style=\"font-family: inherit; font-size: 1em;\">La formem les escoles Antoni Balmanya d&#8217;Espolla, Els D\u00f2lmens de Capmany, Mont-Roig de Darnius i Sant Sebasti\u00e0 de Sant Climent Sescebes.<\/span><\/p>\n<p style=\"text-align: justify;\">La zona escolar rural (ZER) t\u00e9 consideraci\u00f3 de centre educatiu \u00fanic amb les caracter\u00edstiques i els efectes que es determinen en el\u00a0<a href=\"http:\/\/dogc.gencat.cat\/ca\/pdogc_canals_interns\/pdogc_resultats_fitxa\/?documentId=545262&amp;language=ca_ES&amp;action=fitxa\" target=\"_blank\" rel=\"noopener noreferrer\">Decret 102\/2010, de 3 d\u2019agost d\u2019autonomia dels centres educatius<\/a>, per tal d&#8217;oferir els serveis d&#8217;educaci\u00f3 en zones de baixa demografia escolar<span style=\"font-family: inherit; font-size: 1em;\">.\u00a0\u00a0<\/span><\/p>\n<p style=\"text-align: justify;\">Compartim el projecte educatiu, la programaci\u00f3 general anual i les normes d&#8217;organitzaci\u00f3 i funcionament tot respectant la singularitat de cadascuna de les nostres escoles.<\/p>\n<p>El Claustre de la ZER est\u00e0 format per:<\/p>\n<table style=\"height: 729px; width: 100%; border-collapse: collapse; border-color: #ffffff; border-style: solid;\">\n<tbody>\n<tr style=\"height: 15px;\">\n<td style=\"width: 36.7265%; height: 32px; border-style: hidden;\" colspan=\"2\"><strong>ESCOLA ANTONI BALMANYA<\/strong><\/td>\n<td style=\"width: 13.3067%; height: 32px; border-style: hidden;\"><\/td>\n<td style=\"width: 41.4504%; height: 32px; border-style: hidden;\" colspan=\"2\"><strong>ESCOLA ELS D\u00d2LMENS<\/strong><\/td>\n<td style=\"width: 8.58283%; height: 32px; border-style: hidden;\"><\/td>\n<\/tr>\n<tr style=\"height: 32px;\">\n<td style=\"width: 20.0266%; height: 32px; border-style: hidden;\">Clara<\/td>\n<td style=\"width: 16.6999%; height: 32px; border-style: hidden;\">Directora, tutora CM-CS<\/td>\n<td style=\"width: 13.3067%; height: 32px; border-style: hidden;\"><\/td>\n<td style=\"width: 20.0266%; height: 32px; border-style: hidden;\">Josep<\/td>\n<td style=\"width: 21.4238%; height: 32px; border-style: hidden;\">Director, suports<\/td>\n<td style=\"width: 8.58283%; height: 32px; border-style: hidden;\"><\/td>\n<\/tr>\n<tr style=\"height: 32px;\">\n<td style=\"width: 20.0266%; height: 32px; border-style: hidden;\">Nat\u00e0lia<\/td>\n<td style=\"width: 16.6999%; height: 32px; border-style: hidden;\">Tutora EI-CI<\/td>\n<td style=\"width: 13.3067%; height: 32px; border-style: hidden;\"><\/td>\n<td style=\"width: 20.0266%; height: 32px; border-style: hidden;\">Laura<\/td>\n<td style=\"width: 21.4238%; height: 32px; border-style: hidden;\">Secret\u00e0ria, tutora EI<\/td>\n<td style=\"width: 8.58283%; height: 32px; border-style: hidden;\"><\/td>\n<\/tr>\n<tr style=\"height: 32px;\">\n<td style=\"width: 20.0266%; height: 32px; border-style: hidden;\">Carme<\/td>\n<td style=\"width: 16.6999%; height: 32px; border-style: hidden;\">Religi\u00f3<\/td>\n<td style=\"width: 13.3067%; height: 32px; border-style: hidden;\"><\/td>\n<td style=\"width: 20.0266%; height: 32px; border-style: hidden;\">S\u00e0lvia<\/td>\n<td style=\"width: 21.4238%; height: 32px; border-style: hidden;\">Tutora CI-3r,<\/td>\n<td style=\"width: 8.58283%; height: 32px; border-style: hidden;\"><\/td>\n<\/tr>\n<tr style=\"height: 32px;\">\n<td style=\"width: 20.0266%; height: 32px; border-style: hidden;\"><\/td>\n<td style=\"width: 16.6999%; height: 32px; border-style: hidden;\"><\/td>\n<td style=\"width: 13.3067%; height: 32px; border-style: hidden;\"><\/td>\n<td style=\"width: 20.0266%; height: 32px; border-style: hidden;\">Marta<\/td>\n<td style=\"width: 21.4238%; height: 32px; border-style: hidden;\">Secret\u00e0ria ZER, Tutora 4t-CS<\/td>\n<td style=\"width: 8.58283%; height: 32px; border-style: hidden;\"><\/td>\n<\/tr>\n<tr style=\"height: 31px;\">\n<td style=\"width: 20.0266%; border-style: hidden; height: 31px;\"><\/td>\n<td style=\"width: 16.6999%; border-style: hidden; height: 31px;\"><\/td>\n<td style=\"width: 13.3067%; border-style: hidden; height: 31px;\"><\/td>\n<td style=\"width: 20.0266%; border-style: hidden; height: 31px;\">Gisel\u00b7la<\/td>\n<td style=\"width: 21.4238%; border-style: hidden; height: 31px;\">Suports (1\/2 jornada)<\/td>\n<td style=\"width: 8.58283%; border-style: hidden; height: 31px;\"><\/td>\n<\/tr>\n<tr style=\"height: 32px;\">\n<td style=\"width: 36.7265%; height: 32px; border-style: hidden;\" colspan=\"2\"><strong>ESCOLA MONT-ROIG<\/strong><\/td>\n<td style=\"width: 13.3067%; height: 32px; border-style: hidden;\"><\/td>\n<td style=\"width: 20.0266%; height: 32px; border-style: hidden;\"><\/td>\n<td style=\"width: 21.4238%; height: 32px; border-style: hidden;\"><\/td>\n<td style=\"width: 8.58283%; height: 32px; border-style: hidden;\"><\/td>\n<\/tr>\n<tr style=\"height: 32px;\">\n<td style=\"width: 20.0266%; height: 32px; border-style: hidden;\">Fara<\/td>\n<td style=\"width: 16.6999%; height: 32px; border-style: hidden;\">Director, tutora I3-I4<\/td>\n<td style=\"width: 13.3067%; height: 32px; border-style: hidden;\"><\/td>\n<td style=\"width: 41.4504%; height: 32px; border-style: hidden;\" colspan=\"2\"><strong>ESCOLA SANT SEBASTI\u00c0<\/strong><\/td>\n<td style=\"width: 8.58283%; height: 32px; border-style: hidden;\"><\/td>\n<\/tr>\n<tr style=\"height: 32px;\">\n<td style=\"width: 20.0266%; height: 35px; border-style: hidden;\">S\u00f2nia<\/td>\n<td style=\"width: 16.6999%; height: 35px; border-style: hidden;\">Tutora I5-CI<\/td>\n<td style=\"width: 13.3067%; height: 35px; border-style: hidden;\"><\/td>\n<td style=\"width: 20.0266%; height: 35px; border-style: hidden;\">Alba (Gemma*)<\/td>\n<td style=\"width: 21.4238%; height: 35px; border-style: hidden;\">Tutora I1-I2<\/td>\n<td style=\"width: 8.58283%; height: 35px; border-style: hidden;\"><\/td>\n<\/tr>\n<tr style=\"height: 32px;\">\n<td style=\"width: 20.0266%; height: 32px; border-style: hidden;\">N\u00faria<\/td>\n<td style=\"width: 16.6999%; height: 32px; border-style: hidden;\">Tutora 4t-CS<\/td>\n<td style=\"width: 13.3067%; height: 32px; border-style: hidden;\"><\/td>\n<td style=\"width: 20.0266%; border-style: hidden; height: 32px;\">Eva<\/td>\n<td style=\"width: 21.4238%; border-style: hidden; height: 32px;\">Tutora EI<\/td>\n<td style=\"width: 8.58283%; height: 32px; border-style: hidden;\"><\/td>\n<\/tr>\n<tr style=\"height: 32px;\">\n<td style=\"width: 20.0266%; height: 32px; border-style: hidden;\">Isabel<\/td>\n<td style=\"width: 16.6999%; height: 32px; border-style: hidden;\">Religi\u00f3<\/td>\n<td style=\"width: 13.3067%; height: 32px; border-style: hidden;\"><\/td>\n<td style=\"width: 20.0266%; height: 32px; border-style: hidden;\">Teresa<\/td>\n<td style=\"width: 21.4238%; height: 32px; border-style: hidden;\">Tutora CI<\/td>\n<td style=\"width: 8.58283%; height: 32px; border-style: hidden;\"><\/td>\n<\/tr>\n<tr style=\"height: 31px;\">\n<td style=\"width: 20.0266%; border-style: hidden; height: 31px;\">M\u00f2nica<\/td>\n<td style=\"width: 16.6999%; border-style: hidden; height: 31px;\">Educadora I1-I2<\/td>\n<td style=\"width: 13.3067%; border-style: hidden; height: 31px;\"><\/td>\n<td style=\"width: 20.0266%; border-style: hidden; height: 31px;\">Marga<\/td>\n<td style=\"width: 21.4238%; border-style: hidden; height: 31px;\">Tutora CM<\/td>\n<td style=\"width: 8.58283%; border-style: hidden; height: 31px;\"><\/td>\n<\/tr>\n<tr style=\"height: 48px;\">\n<td style=\"width: 20.0266%; height: 48px; border-style: hidden;\"><strong>ESPECIALISTES:<\/strong><\/td>\n<td style=\"width: 16.6999%; height: 48px; border-style: hidden;\"><\/td>\n<td style=\"width: 13.3067%; height: 48px; border-style: hidden;\"><\/td>\n<td style=\"width: 20.0266%; height: 48px; border-style: hidden;\">Sandra<\/td>\n<td style=\"width: 21.4238%; height: 48px; border-style: hidden;\">Cap d&#8217;estudis ZER, Secret\u00e0ria, tutora CS<\/td>\n<td style=\"width: 8.58283%; height: 48px; border-style: hidden;\"><\/td>\n<\/tr>\n<tr style=\"height: 27px;\">\n<td style=\"width: 20.0266%; height: 27px; border-style: hidden;\">Gl\u00f2ria<\/td>\n<td style=\"width: 16.6999%; height: 27px; border-style: hidden;\">Educaci\u00f3 F\u00edsica, coordinadora cicle<\/td>\n<td style=\"width: 13.3067%; height: 27px; border-style: hidden;\"><\/td>\n<td style=\"width: 20.0266%; height: 27px; border-style: hidden;\">Ignasi<\/td>\n<td style=\"width: 21.4238%; height: 27px; border-style: hidden;\">Religi\u00f3<\/td>\n<td style=\"width: 8.58283%; height: 27px; border-style: hidden;\"><\/td>\n<\/tr>\n<tr style=\"height: 22px;\">\n<td style=\"width: 20.0266%; height: 22px; border-style: hidden;\">Lara<\/td>\n<td style=\"width: 16.6999%; height: 22px; border-style: hidden;\">Angl\u00e8s<\/td>\n<td style=\"width: 13.3067%; height: 22px; border-style: hidden;\"><\/td>\n<td style=\"width: 20.0266%; height: 22px; border-style: hidden;\">Rosa<\/td>\n<td style=\"width: 21.4238%; height: 22px; border-style: hidden;\">Direcci\u00f3 ZER, escola i suports<\/td>\n<td style=\"width: 8.58283%; height: 22px; border-style: hidden;\"><\/td>\n<\/tr>\n<tr style=\"height: 24px;\">\n<td style=\"width: 20.0266%; height: 24px; border-style: hidden;\">Anna (Andrea*)<\/td>\n<td style=\"width: 16.6999%; height: 24px; border-style: hidden;\">M\u00fasica<\/td>\n<td style=\"width: 13.3067%; height: 24px; border-style: hidden;\"><\/td>\n<td style=\"width: 20.0266%; height: 24px; border-style: hidden;\">S\u00f2nia<\/td>\n<td style=\"width: 21.4238%; height: 24px; border-style: hidden;\">Educadora I1-I2<\/td>\n<td style=\"width: 8.58283%; height: 24px; border-style: hidden;\"><\/td>\n<\/tr>\n<tr style=\"height: 26px;\">\n<td style=\"width: 20.0266%; height: 26px; border-style: hidden;\">Ro<\/td>\n<td style=\"width: 16.6999%; height: 26px; border-style: hidden;\">Franc\u00e8s<\/td>\n<td style=\"width: 13.3067%; height: 26px; border-style: hidden;\"><\/td>\n<td style=\"width: 20.0266%; height: 26px; border-style: hidden;\">Juliette<\/td>\n<td style=\"width: 21.4238%; height: 26px; border-style: hidden;\">Vetlladora<\/td>\n<td style=\"width: 8.58283%; height: 26px; border-style: hidden;\"><\/td>\n<\/tr>\n<tr style=\"height: 26px;\">\n<td style=\"width: 20.0266%; height: 26px; border-style: hidden;\"><\/td>\n<td style=\"width: 16.6999%; height: 26px; border-style: hidden;\"><\/td>\n<td style=\"width: 13.3067%; height: 26px; border-style: hidden;\"><\/td>\n<td style=\"width: 20.0266%; height: 26px; border-style: hidden;\"><\/td>\n<td style=\"width: 21.4238%; height: 26px; border-style: hidden;\"><\/td>\n<td style=\"width: 8.58283%; height: 26px; border-style: hidden;\"><\/td>\n<\/tr>\n<tr style=\"height: 22px;\">\n<td style=\"width: 20.0266%; height: 22px; border-style: hidden; text-align: right;\"><\/td>\n<td style=\"width: 16.6999%; height: 22px; border-style: hidden; text-align: left;\">(*) Suplent titular<\/td>\n<td style=\"width: 13.3067%; height: 22px; border-style: hidden;\"><\/td>\n<td style=\"width: 20.0266%; height: 22px; border-style: hidden;\"><\/td>\n<td style=\"width: 21.4238%; height: 22px; border-style: hidden;\"><\/td>\n<td style=\"width: 8.58283%; height: 22px; border-style: hidden;\"><\/td>\n<\/tr>\n<tr style=\"height: 24px;\">\n<td style=\"width: 20.0266%; height: 24px; border-style: hidden;\"><\/td>\n<td style=\"width: 16.6999%; height: 24px; border-style: hidden;\"><\/td>\n<td style=\"width: 13.3067%; border-style: hidden; height: 24px;\"><\/td>\n<td style=\"width: 20.0266%; border-style: hidden; height: 24px;\"><\/td>\n<td style=\"width: 21.4238%; border-style: hidden; height: 24px;\"><\/td>\n<td style=\"width: 8.58283%; border-style: hidden; height: 24px;\"><\/td>\n<\/tr>\n<tr style=\"height: 26px;\">\n<td style=\"width: 20.0266%; height: 26px; border-style: hidden;\"><\/td>\n<td style=\"width: 16.6999%; height: 26px; border-style: hidden;\"><\/td>\n<td style=\"width: 13.3067%; height: 26px; border-style: hidden;\"><\/td>\n<td style=\"width: 20.0266%; height: 26px; border-style: hidden;\"><\/td>\n<td style=\"width: 21.4238%; height: 26px; border-style: hidden;\"><\/td>\n<td style=\"width: 8.58283%; height: 26px; border-style: hidden;\"><\/td>\n<\/tr>\n<tr style=\"height: 26px;\">\n<td style=\"width: 20.0266%; height: 26px; border-style: hidden;\"><\/td>\n<td style=\"width: 16.6999%; height: 26px; border-style: hidden;\"><\/td>\n<td style=\"width: 13.3067%; border-style: hidden; height: 26px;\"><\/td>\n<td style=\"width: 20.0266%; border-style: hidden; height: 26px;\"><\/td>\n<td style=\"width: 21.4238%; border-style: hidden; height: 26px;\"><\/td>\n<td style=\"width: 8.58283%; border-style: hidden; height: 26px;\"><\/td>\n<\/tr>\n<tr style=\"height: 32px;\">\n<td style=\"width: 20.0266%; height: 24px; border-style: hidden;\"><\/td>\n<td style=\"width: 16.6999%; height: 24px; border-style: hidden;\"><\/td>\n<td style=\"width: 13.3067%; border-style: hidden; height: 24px;\"><\/td>\n<td style=\"width: 20.0266%; border-style: hidden; height: 24px;\"><\/td>\n<td style=\"width: 21.4238%; border-style: hidden; height: 24px;\"><\/td>\n<td style=\"width: 8.58283%; border-style: hidden; height: 24px;\"><\/td>\n<\/tr>\n<tr style=\"height: 32px;\">\n<td style=\"width: 20.0266%; height: 27px; border-style: hidden;\"><\/td>\n<td style=\"width: 16.6999%; height: 27px; border-style: hidden;\"><\/td>\n<td style=\"width: 13.3067%; border-style: hidden; height: 27px;\"><\/td>\n<td style=\"width: 20.0266%; border-style: hidden; height: 27px;\"><\/td>\n<td style=\"width: 21.4238%; border-style: hidden; height: 27px;\"><\/td>\n<td style=\"width: 8.58283%; border-style: hidden; height: 27px;\"><\/td>\n<\/tr>\n<tr style=\"height: 15px;\">\n<td style=\"width: 20.0266%; height: 22px; border-style: hidden;\"><\/td>\n<td style=\"width: 16.6999%; height: 22px; border-style: hidden;\"><\/td>\n<td style=\"width: 13.3067%; border-style: hidden; height: 22px;\"><\/td>\n<td style=\"width: 20.0266%; border-style: hidden; height: 22px;\"><\/td>\n<td style=\"width: 21.4238%; border-style: hidden; height: 22px;\"><\/td>\n<td style=\"width: 8.58283%; border-style: hidden; height: 22px;\"><\/td>\n<\/tr>\n<\/tbody>\n<\/table>\n<p>&nbsp;<\/p>\n<p>&nbsp;<\/p>\n<p>&nbsp;<\/p>\n<p>&nbsp;<\/p>\n<p>&nbsp;<\/p>\n<div class=\"addtoany_share_save_container addtoany_content addtoany_content_bottom\">\n<div class=\"a2a_kit a2a_kit_size_25 addtoany_list\" data-a2a-url=\"https:\/\/agora.xtec.cat\/zer-les-salines\/zer\/qui-som\/\" data-a2a-title=\"Qui som\"><\/div>\n<\/div>\n","protected":false},"excerpt":{"rendered":"<p>La ZER Requesens \u00e9s una agrupaci\u00f3 de centres d&#8217;educaci\u00f3 infantil i prim\u00e0ria. La formem les escoles Antoni Balmanya d&#8217;Espolla, Els D\u00f2lmens de Capmany, Mont-Roig de Darnius i Sant Sebasti\u00e0 de Sant Climent Sescebes.<br \/>\nLa zona escolar rural (ZER) t\u00e9 consideraci\u00f3 de centre educatiu \u00fanic amb les&hellip;  <a href=\"https:\/\/agora.xtec.cat\/zer-requesens\/zer\/qui-som\/\" title=\"Read Qui som\">Llegeix m\u00e9s\u00bb<\/a><\/p>\n","protected":false},"author":1,"featured_media":0,"parent":19,"menu_order":1,"comment_status":"closed","ping_status":"closed","template":"page-templates\/side-menu.php","meta":{"_bbp_topic_count":0,"_bbp_reply_count":0,"_bbp_total_topic_count":0,"_bbp_total_reply_count":0,"_bbp_voice_count":0,"_bbp_anonymous_reply_count":0,"_bbp_topic_count_hidden":0,"_bbp_reply_count_hidden":0,"_bbp_forum_subforum_count":0,"footnotes":""},"class_list":["post-3600","page","type-page","status-publish","hentry"],"post_mailing_queue_ids":[],"_links":{"self":[{"href":"https:\/\/agora.xtec.cat\/zer-requesens\/wp-json\/wp\/v2\/pages\/3600","targetHints":{"allow":["GET"]}}],"collection":[{"href":"https:\/\/agora.xtec.cat\/zer-requesens\/wp-json\/wp\/v2\/pages"}],"about":[{"href":"https:\/\/agora.xtec.cat\/zer-requesens\/wp-json\/wp\/v2\/types\/page"}],"author":[{"embeddable":true,"href":"https:\/\/agora.xtec.cat\/zer-requesens\/wp-json\/wp\/v2\/users\/1"}],"replies":[{"embeddable":true,"href":"https:\/\/agora.xtec.cat\/zer-requesens\/wp-json\/wp\/v2\/comments?post=3600"}],"version-history":[{"count":6,"href":"https:\/\/agora.xtec.cat\/zer-requesens\/wp-json\/wp\/v2\/pages\/3600\/revisions"}],"predecessor-version":[{"id":5379,"href":"https:\/\/agora.xtec.cat\/zer-requesens\/wp-json\/wp\/v2\/pages\/3600\/revisions\/5379"}],"up":[{"embeddable":true,"href":"https:\/\/agora.xtec.cat\/zer-requesens\/wp-json\/wp\/v2\/pages\/19"}],"wp:attachment":[{"href":"https:\/\/agora.xtec.cat\/zer-requesens\/wp-json\/wp\/v2\/media?parent=3600"}],"curies":[{"name":"wp","href":"https:\/\/api.w.org\/{rel}","templated":true}]}}