{"id":3494,"date":"2022-05-24T12:10:41","date_gmt":"2022-05-24T10:10:41","guid":{"rendered":"https:\/\/agora.xtec.cat\/zer-requesens\/?page_id=3494"},"modified":"2023-05-30T13:34:14","modified_gmt":"2023-05-30T11:34:14","slug":"part-estrategia","status":"publish","type":"page","link":"https:\/\/agora.xtec.cat\/zer-requesens\/estrategia-digital-de-centre\/part-estrategia\/","title":{"rendered":"Part estrat\u00e8gia"},"content":{"rendered":"<p>&nbsp;<\/p>\n<p><strong><u>INTRODUCCI\u00d3 GENERAL A LA PART D\u2019ESTRAT\u00c8GIA<\/u><\/strong><\/p>\n<p>Seguint les indicacions del document definici\u00f3 de l&#8217;EDC, s&#8217;ha estructurat aquesta part en 4 fases:<\/p>\n<ul>\n<li>DIAGNOSI<\/li>\n<\/ul>\n<p>Recollida i an\u00e0lisi d&#8217;informaci\u00f3 per a con\u00e8ixer en quin punt es troba la ZER.<\/p>\n<ul>\n<li>OBJECTIUS<\/li>\n<\/ul>\n<p>Definici\u00f3 i prioritzaci\u00f3 dels objectius en funci\u00f3 de la diagnosi i dels projectes i l\u00ednia de la ZER.<\/p>\n<ul>\n<li>PLANIFICACI\u00d3 I SEGUIMENT<\/li>\n<\/ul>\n<p>Planificaci\u00f3 d&#8217;accions concretes i seguiment de la seva implementaci\u00f3 per a l&#8217;assoliment dels objectius establerts.<\/p>\n<ul>\n<li>AVALUACI\u00d3 I MILLORA<\/li>\n<\/ul>\n<p>Avaluaci\u00f3 a final de curs de l&#8217;assoliment dels objectius.<\/p>\n","protected":false},"excerpt":{"rendered":"<p>&nbsp;<br \/>\nINTRODUCCI\u00d3 GENERAL A LA PART D\u2019ESTRAT\u00c8GIA<br \/>\nSeguint les indicacions del document definici\u00f3 de l&#8217;EDC, s&#8217;ha estructurat aquesta part en 4 fases:<\/p>\n<ul>\n<li>DIAGNOSI<\/li>\n<\/ul>\n<p>Recollida i an\u00e0lisi d&#8217;informaci\u00f3 per a con\u00e8ixer en quin punt es troba la ZER.<\/p>\n<ul>\n<li>OBJECTIUS<\/li>\n<\/ul>\n<p>Definici\u00f3 i prioritzaci\u00f3 dels objectius en funci\u00f3 de la diagnosi i dels projectes&hellip;  <a href=\"https:\/\/agora.xtec.cat\/zer-requesens\/estrategia-digital-de-centre\/part-estrategia\/\" title=\"Read Part estrat\u00e8gia\">Llegeix m\u00e9s\u00bb<\/a><\/p>\n","protected":false},"author":1,"featured_media":0,"parent":3492,"menu_order":10,"comment_status":"closed","ping_status":"closed","template":"page-templates\/side-menu.php","meta":{"_bbp_topic_count":0,"_bbp_reply_count":0,"_bbp_total_topic_count":0,"_bbp_total_reply_count":0,"_bbp_voice_count":0,"_bbp_anonymous_reply_count":0,"_bbp_topic_count_hidden":0,"_bbp_reply_count_hidden":0,"_bbp_forum_subforum_count":0,"footnotes":""},"class_list":["post-3494","page","type-page","status-publish","hentry"],"post_mailing_queue_ids":[],"_links":{"self":[{"href":"https:\/\/agora.xtec.cat\/zer-requesens\/wp-json\/wp\/v2\/pages\/3494","targetHints":{"allow":["GET"]}}],"collection":[{"href":"https:\/\/agora.xtec.cat\/zer-requesens\/wp-json\/wp\/v2\/pages"}],"about":[{"href":"https:\/\/agora.xtec.cat\/zer-requesens\/wp-json\/wp\/v2\/types\/page"}],"author":[{"embeddable":true,"href":"https:\/\/agora.xtec.cat\/zer-requesens\/wp-json\/wp\/v2\/users\/1"}],"replies":[{"embeddable":true,"href":"https:\/\/agora.xtec.cat\/zer-requesens\/wp-json\/wp\/v2\/comments?post=3494"}],"version-history":[{"count":3,"href":"https:\/\/agora.xtec.cat\/zer-requesens\/wp-json\/wp\/v2\/pages\/3494\/revisions"}],"predecessor-version":[{"id":4154,"href":"https:\/\/agora.xtec.cat\/zer-requesens\/wp-json\/wp\/v2\/pages\/3494\/revisions\/4154"}],"up":[{"embeddable":true,"href":"https:\/\/agora.xtec.cat\/zer-requesens\/wp-json\/wp\/v2\/pages\/3492"}],"wp:attachment":[{"href":"https:\/\/agora.xtec.cat\/zer-requesens\/wp-json\/wp\/v2\/media?parent=3494"}],"curies":[{"name":"wp","href":"https:\/\/api.w.org\/{rel}","templated":true}]}}