{"id":3492,"date":"2022-05-24T12:09:02","date_gmt":"2022-05-24T10:09:02","guid":{"rendered":"https:\/\/agora.xtec.cat\/zer-requesens\/?page_id=3492"},"modified":"2022-05-31T15:28:34","modified_gmt":"2022-05-31T13:28:34","slug":"estrategia-digital-de-centre","status":"publish","type":"page","link":"https:\/\/agora.xtec.cat\/zer-requesens\/estrategia-digital-de-centre\/","title":{"rendered":"Estrat\u00e8gia digital de centre"},"content":{"rendered":"<h2><strong>Qu\u00e8 \u00e9s l&#8217;Estrat\u00e8gia Digital de Centre?<\/strong><\/h2>\n<p style=\"text-align: justify;\"><span style=\"font-weight: 400;\">L&#8217;estrat\u00e8gia digital de centre (EDC) defineix i concreta les l\u00ednies d&#8217;actuaci\u00f3 d&#8217;un centre que fan possible que docents, alumnat i centre assoleixin la compet\u00e8ncia digital. Per aconseguir aquesta compet\u00e8ncia digital, l&#8217;EDC compr\u00e8n tots els \u00e0mbits del centre: organitzatius, metodol\u00f2gics, curriculars i comunicatius, els quals s&#8217;han de veure necess\u00e0riament implicats i, si escau, transformats, des d\u2019una perspectiva d&#8217;innovaci\u00f3 i de millora cont\u00ednua.<\/span><\/p>\n<p style=\"text-align: justify;\"><span style=\"font-weight: 400;\">Els objectius de l&#8217;EDC tenen com a fita el m\u00e0xim assoliment de la compet\u00e8ncia digital de l\u2019alumnat, del professorat i del centre, tenint com a referent el Pla d\u2019Educaci\u00f3 Digital de Catalunya (PEDC).<\/span><\/p>\n<p style=\"text-align: justify;\"><span style=\"font-weight: 400;\">Les tecnologies impulsen la innovaci\u00f3 i l\u2019evoluci\u00f3 de les metodologies did\u00e0ctiques i s\u2019integren en els processos d\u2019ensenyament i aprenentatge. Aquestes metodologies han de contemplar els aven\u00e7os tecnol\u00f2gics i els nous usos que en fa l\u2019alumnat aix\u00ed com les implicacions que tenen en l\u2019aprenentatge, en l\u2019acc\u00e9s i en el processament de la informaci\u00f3. L\u2019EDC parteix de l\u2019antic Pla TAC amb la finalitat de donar resposta a les noves necessitats i de ser una eina \u00e0gil i flexible.<\/span><\/p>\n<h2><strong>L&#8217;Estrat\u00e8gia Digital de la ZER Requesens<\/strong><\/h2>\n<p><span style=\"font-weight: 400;\">La nostra ZER s&#8217;ha marcat com a objectiu en l&#8217;\u00e0mbit digital aconseguir que tant el professorat com l&#8217;alumnat utilitzi, amb els mitjans adients i segons la seva capacitaci\u00f3, les tecnologies digitals per a gran part de les tasques d&#8217;ensenyament-aprenentatge.<\/span><\/p>\n<p>La comunitat educativa de la ZER, des dels dos darrers cursos, aposta per una constant digitalitzaci\u00f3 de les quatre escoles que en formem part.<\/p>\n<p>Tot l&#8217;alumnat a partir de primer de prim\u00e0ria i docents disposen d&#8217;un usuari de ZER (<strong>@requesens.cat<\/strong>) que els permet tenir serveis com s\u00f3n el correu electr\u00f2nic, l&#8217;emmagatzematge al n\u00favol o poder fer videoconfer\u00e8ncies i altres eines que ens proporciona GOOGLE WORKSPACE FOR EDUCATION.<\/p>\n<p>Des del curs 2020-21 les escoles de la ZER disposen de Chromebooks.<\/p>\n<p>L&#8217;alumnat de 6\u00e8 i tots els docents disposen d&#8217;ordinadors port\u00e0tils d&#8217;\u00fas personal cedits pel Departament d&#8217;Educaci\u00f3.<\/p>\n<p>El curs 2021-2022 la ZER Requesens comen\u00e7a a elaborar l&#8217;EDC amb l&#8217;assessorament d&#8217;un ment\u00f3 digital.<\/p>\n<p>Seguint les indicacions que ens proporciona el Departament, el nostre document consta de dues parts: la <strong>part estrat\u00e8gica<\/strong> i la <strong>part de cultura digital<\/strong>.<\/p>\n<p><span style=\"font-weight: 400;\">Des de la comissi\u00f3 digital, es donar\u00e0 resposta tamb\u00e9 a la necessitat de planificar, coordinar i orientar les actuacions en l&#8217;\u00fas de les tecnologies digitals de la nostra ZER.<\/span><\/p>\n<p>&nbsp;<\/p>\n","protected":false},"excerpt":{"rendered":"<p>Qu\u00e8 \u00e9s l&#8217;Estrat\u00e8gia Digital de Centre?<br \/>\nL&#8217;estrat\u00e8gia digital de centre (EDC) defineix i concreta les l\u00ednies d&#8217;actuaci\u00f3 d&#8217;un centre que fan possible que docents, alumnat i centre assoleixin la compet\u00e8ncia digital. Per aconseguir aquesta compet\u00e8ncia digital, l&#8217;EDC compr\u00e8n tots els \u00e0mbits del centre: organitzatius, metodol\u00f2gics, curriculars&hellip;  <a href=\"https:\/\/agora.xtec.cat\/zer-requesens\/estrategia-digital-de-centre\/\" title=\"Read Estrat\u00e8gia digital de centre\">Llegeix m\u00e9s\u00bb<\/a><\/p>\n","protected":false},"author":1,"featured_media":0,"parent":0,"menu_order":0,"comment_status":"closed","ping_status":"closed","template":"page-templates\/side-menu.php","meta":{"_bbp_topic_count":0,"_bbp_reply_count":0,"_bbp_total_topic_count":0,"_bbp_total_reply_count":0,"_bbp_voice_count":0,"_bbp_anonymous_reply_count":0,"_bbp_topic_count_hidden":0,"_bbp_reply_count_hidden":0,"_bbp_forum_subforum_count":0,"footnotes":""},"class_list":["post-3492","page","type-page","status-publish","hentry"],"post_mailing_queue_ids":[],"_links":{"self":[{"href":"https:\/\/agora.xtec.cat\/zer-requesens\/wp-json\/wp\/v2\/pages\/3492","targetHints":{"allow":["GET"]}}],"collection":[{"href":"https:\/\/agora.xtec.cat\/zer-requesens\/wp-json\/wp\/v2\/pages"}],"about":[{"href":"https:\/\/agora.xtec.cat\/zer-requesens\/wp-json\/wp\/v2\/types\/page"}],"author":[{"embeddable":true,"href":"https:\/\/agora.xtec.cat\/zer-requesens\/wp-json\/wp\/v2\/users\/1"}],"replies":[{"embeddable":true,"href":"https:\/\/agora.xtec.cat\/zer-requesens\/wp-json\/wp\/v2\/comments?post=3492"}],"version-history":[{"count":3,"href":"https:\/\/agora.xtec.cat\/zer-requesens\/wp-json\/wp\/v2\/pages\/3492\/revisions"}],"predecessor-version":[{"id":3554,"href":"https:\/\/agora.xtec.cat\/zer-requesens\/wp-json\/wp\/v2\/pages\/3492\/revisions\/3554"}],"wp:attachment":[{"href":"https:\/\/agora.xtec.cat\/zer-requesens\/wp-json\/wp\/v2\/media?parent=3492"}],"curies":[{"name":"wp","href":"https:\/\/api.w.org\/{rel}","templated":true}]}}