{"id":261,"date":"2015-07-20T13:05:00","date_gmt":"2015-07-20T12:05:00","guid":{"rendered":"http:\/\/agora.xtec.cat\/zer-requesens\/?page_id=261"},"modified":"2025-09-12T16:09:42","modified_gmt":"2025-09-12T14:09:42","slug":"qui-som","status":"publish","type":"page","link":"https:\/\/agora.xtec.cat\/zer-requesens\/espolla\/qui-som\/","title":{"rendered":"Qui som"},"content":{"rendered":"<p style=\"text-align: justify;\" align=\"left\"><a href=\"https:\/\/agora.xtec.cat\/zer-requesens\/wp-content\/uploads\/usu993\/2017\/03\/Espolla-e1488797673323-1.jpg\"><img loading=\"lazy\" decoding=\"async\" class=\"alignnone size-large wp-image-680\" src=\"https:\/\/agora.xtec.cat\/zer-requesens\/wp-content\/uploads\/usu993\/2017\/03\/Espolla-e1488797673323-1-1024x240.jpg\" alt=\"\" width=\"1024\" height=\"240\" srcset=\"https:\/\/agora.xtec.cat\/zer-requesens\/wp-content\/uploads\/usu993\/2017\/03\/Espolla-e1488797673323-1-1024x240.jpg 1024w, https:\/\/agora.xtec.cat\/zer-requesens\/wp-content\/uploads\/usu993\/2017\/03\/Espolla-e1488797673323-1-300x70.jpg 300w, https:\/\/agora.xtec.cat\/zer-requesens\/wp-content\/uploads\/usu993\/2017\/03\/Espolla-e1488797673323-1-768x180.jpg 768w, https:\/\/agora.xtec.cat\/zer-requesens\/wp-content\/uploads\/usu993\/2017\/03\/Espolla-e1488797673323-1.jpg 1462w\" sizes=\"auto, (max-width: 1024px) 100vw, 1024px\" \/><\/a>L\u2019escola d\u2019Espolla es troba al l\u00edmit del nucli urb\u00e0, a prop del celler cooperatiu. Es diu Antoni Balmanya en record d\u2019un mestre que hi va treballar durant 40 anys. A aquest mestre, que era molt innovador, li agradava molt l\u2019arqueologia i tenia com una mena de museu dins l\u2019aula.<\/p>\n<p style=\"text-align: justify;\" align=\"left\">Som tres mestres i dinou alumnes:<\/p>\n<ul style=\"text-align: justify;\">\n<li>Clara Ribas: tutora de I3, I4, I5. 5 alumnes.<\/li>\n<li>Clara: tutora de 1r i 2n, 9 alumnes.<\/li>\n<li>Ro del Campo Jord\u00e0 i Anna Aragay: tutores de 4t, 5\u00e8 i 6\u00e8, 6 alumnes.<\/li>\n<li>Carme: mestra de religi\u00f3 cat\u00f2lica a temps parcial, desdoblament i suport.<\/li>\n<\/ul>\n<p style=\"text-align: justify;\" align=\"left\">A m\u00e9s, compartim amb la resta de la ZER els mestres especialistes:<\/p>\n<ul style=\"text-align: justify;\">\n<li>Anna: M\u00fasica<\/li>\n<li>Ro: Franc\u00e8s<\/li>\n<li>J\u00falia: Angl\u00e8s<\/li>\n<li>Gl\u00f2ria: Educaci\u00f3 F\u00edsica<\/li>\n<\/ul>\n<p style=\"text-align: justify;\" align=\"left\">La directora de l\u2019escola \u00e9s la Clara.<\/p>\n<p style=\"text-align: justify;\" align=\"left\">L\u2019edifici de l\u2019escola t\u00e9 tres aules, una biblioteca, una aula de desdoblament i un despatx.<br \/>\nDurant les hores lectives podem disposar de la pista esportiva municipal i la zona de joc infantil que es troben dins del recinte escolar.<br \/>\nEl servei de menjador est\u00e0 gestionat pel Consell Comarcal i en t\u00e9 la concessi\u00f3 l\u2019empresa SERHS Food Service.<\/p>\n<p style=\"text-align: justify;\" align=\"justify\">\n","protected":false},"excerpt":{"rendered":"<p><a href=\"https:\/\/agora.xtec.cat\/zer-requesens\/wp-content\/uploads\/usu993\/2017\/03\/Espolla-e1488797673323-1.jpg\"><\/a>L\u2019escola d\u2019Espolla es troba al l\u00edmit del nucli urb\u00e0, a prop del celler cooperatiu. Es diu Antoni Balmanya en record d\u2019un mestre que hi va treballar durant 40 anys. A aquest mestre, que era molt innovador, li agradava molt l\u2019arqueologia i tenia com una&hellip;  <a href=\"https:\/\/agora.xtec.cat\/zer-requesens\/espolla\/qui-som\/\" title=\"Read Qui som\">Llegeix m\u00e9s\u00bb<\/a><\/p>\n","protected":false},"author":1,"featured_media":0,"parent":264,"menu_order":10,"comment_status":"closed","ping_status":"closed","template":"page-templates\/side-menu.php","meta":{"_bbp_topic_count":0,"_bbp_reply_count":0,"_bbp_total_topic_count":0,"_bbp_total_reply_count":0,"_bbp_voice_count":0,"_bbp_anonymous_reply_count":0,"_bbp_topic_count_hidden":0,"_bbp_reply_count_hidden":0,"_bbp_forum_subforum_count":0,"footnotes":""},"class_list":["post-261","page","type-page","status-publish","hentry"],"post_mailing_queue_ids":[],"_links":{"self":[{"href":"https:\/\/agora.xtec.cat\/zer-requesens\/wp-json\/wp\/v2\/pages\/261","targetHints":{"allow":["GET"]}}],"collection":[{"href":"https:\/\/agora.xtec.cat\/zer-requesens\/wp-json\/wp\/v2\/pages"}],"about":[{"href":"https:\/\/agora.xtec.cat\/zer-requesens\/wp-json\/wp\/v2\/types\/page"}],"author":[{"embeddable":true,"href":"https:\/\/agora.xtec.cat\/zer-requesens\/wp-json\/wp\/v2\/users\/1"}],"replies":[{"embeddable":true,"href":"https:\/\/agora.xtec.cat\/zer-requesens\/wp-json\/wp\/v2\/comments?post=261"}],"version-history":[{"count":7,"href":"https:\/\/agora.xtec.cat\/zer-requesens\/wp-json\/wp\/v2\/pages\/261\/revisions"}],"predecessor-version":[{"id":6015,"href":"https:\/\/agora.xtec.cat\/zer-requesens\/wp-json\/wp\/v2\/pages\/261\/revisions\/6015"}],"up":[{"embeddable":true,"href":"https:\/\/agora.xtec.cat\/zer-requesens\/wp-json\/wp\/v2\/pages\/264"}],"wp:attachment":[{"href":"https:\/\/agora.xtec.cat\/zer-requesens\/wp-json\/wp\/v2\/media?parent=261"}],"curies":[{"name":"wp","href":"https:\/\/api.w.org\/{rel}","templated":true}]}}