{"id":1889,"date":"2019-10-23T15:23:22","date_gmt":"2019-10-23T13:23:22","guid":{"rendered":"http:\/\/agora.xtec.cat\/zer-requesens\/?page_id=1889"},"modified":"2019-10-23T15:43:16","modified_gmt":"2019-10-23T13:43:16","slug":"rodasports","status":"publish","type":"page","link":"https:\/\/agora.xtec.cat\/zer-requesens\/zer\/que-fem\/rodasports\/","title":{"rendered":"Rodasports"},"content":{"rendered":"<p align=\"justify\"><span style=\"font-family: Arial, sans-serif;\"><span style=\"font-size: medium;\"><span style=\"color: #000000;\">El <\/span><span style=\"color: #000000;\"><b>Rodasport <\/b><\/span><span style=\"color: #000000;\">\u00e9s una jornada esportiva intercentres organitzada pels centres que formen part de la zona d\u2019influ\u00e8ncia escolar de l\u2019IES de la Jonquera \u00e9s a dir: l\u2019escola de la Jonquera i els centres que formen part de la ZER Requesens i la ZER les Salines.<\/span><\/span><\/span><\/p>\n<p align=\"justify\"><span style=\"color: #000000;\"><span style=\"font-family: Arial, sans-serif;\"><span style=\"font-size: medium;\">L\u2019organitzaci\u00f3 de la Jornada neix de l\u2019inter\u00e8s dels mestres d\u2019educaci\u00f3 f\u00edsica de la zona escolar de la Jonquera i tota la gesti\u00f3 organitzativa tamb\u00e9 recau en ells. Malgrat tot, \u00e9s necessari i fonamental el suport i l\u2019ajuda de les diferents administracions, Ajuntament, Consell Comarcal i Diputaci\u00f3 tan per les infraestuctures i els espais com pels recursos econ\u00f2mics.<\/span><\/span><\/span><\/p>\n<h1 class=\"western\"><span style=\"color: #000000;\"><span style=\"font-family: Arial, sans-serif;\"><span style=\"font-size: medium;\"><b>OBJECTIUS<\/b><\/span><\/span><\/span><\/h1>\n<p><span style=\"color: #000000;\"><span style=\"font-family: Arial, sans-serif;\"><span style=\"font-size: medium;\">Com ja hem apuntat en la introducci\u00f3, els principals objectius del Rodasport s\u00f3n:<\/span><\/span><\/span><\/p>\n<ol>\n<li><span style=\"color: #000000;\"><span style=\"font-family: Arial, sans-serif;\"><span style=\"font-size: medium;\">Fomentar la pr\u00e0ctica esportiva variada entre els nens i nenes de cicle superior.<\/span><\/span><\/span><\/li>\n<li><span style=\"color: #000000;\"><span style=\"font-family: Arial, sans-serif;\"><span style=\"font-size: medium;\">Educar en valors de desenvolupament personal i social com el respecte, la toler\u00e0ncia, la perseveranc\u0327a, el treball en equip,&#8230; a trav\u00e9s de l\u2019esport.<\/span><\/span><\/span><\/li>\n<li><span style=\"color: #000000;\"><span style=\"font-family: Arial, sans-serif;\"><span style=\"font-size: medium;\">Recon\u00e8ixer la pr\u00e0ctica d\u2019activitat f\u00edsica i esport com un h\u00e0bit de salut b\u00e0sic pel creixement i el desenvolupament personal.<\/span><\/span><\/span><\/li>\n<\/ol>\n<p><span style=\"color: #000000;\"><span style=\"font-family: Arial, sans-serif;\"><span style=\"font-size: medium;\">D\u2019aquests tres grans objectius, que representen la primera finalitat del Rodasport, en definim uns altres de m\u00e9s concrets per cada un dels col\u00b7lectius implicats en l\u2019activitat.<\/span><\/span><\/span><\/p>\n<h2 class=\"western\"><span style=\"color: #000000;\"><span style=\"font-family: Arial, sans-serif;\"><span style=\"font-size: medium;\"><b>Nens i nenes:<\/b><\/span><\/span><\/span><\/h2>\n<ol>\n<li><span style=\"color: #000000;\"><span style=\"font-family: Arial, sans-serif;\"><span style=\"font-size: medium;\">Donar a con\u00e8ixer tot un ventall d\u2019esports que ens permetin treballar les habilitats i destreses b\u00e0siques.<\/span><\/span><\/span><\/li>\n<li><span style=\"color: #000000;\"><span style=\"font-family: Arial, sans-serif;\"><span style=\"font-size: medium;\">Acceptar i complir les normes establertes per a cada esport.<\/span><\/span><\/span><\/li>\n<li><span style=\"color: #000000;\"><span style=\"font-family: Arial, sans-serif;\"><span style=\"font-size: medium;\">Afavorir les relacions personals entre els nens i nenes dels centres de les diferents poblacions.<\/span><\/span><\/span><\/li>\n<li><span style=\"color: #000000;\"><span style=\"font-family: Arial, sans-serif;\"><span style=\"font-size: medium;\">Adquirir valors de cooperaci\u00f3, toler\u00e0ncia, joc net mitjan\u00e7ant els diferents esports.<\/span><\/span><\/span><\/li>\n<li><span style=\"color: #000000;\"><span style=\"font-family: Arial, sans-serif;\"><span style=\"font-size: medium;\">Aprendre a gaudir i divertint-se jugant m\u00e9s enll\u00e0 de la competitivitat i del guanyar-perdre.<\/span><\/span><\/span><\/li>\n<li><span style=\"color: #000000;\"><span style=\"font-family: Arial, sans-serif;\"><span style=\"font-size: medium;\">Con\u00e8ixer l\u2019oferta esportiva de l\u2019entorn m\u00e9s proper.<\/span><\/span><\/span><\/li>\n<\/ol>\n","protected":false},"excerpt":{"rendered":"<p>El Rodasport \u00e9s una jornada esportiva intercentres organitzada pels centres que formen part de la zona d\u2019influ\u00e8ncia escolar de l\u2019IES de la Jonquera \u00e9s a dir: l\u2019escola de la Jonquera i els centres que formen part de la ZER Requesens i la ZER les Salines.<br \/>\nL\u2019organitzaci\u00f3&hellip;  <a href=\"https:\/\/agora.xtec.cat\/zer-requesens\/zer\/que-fem\/rodasports\/\" title=\"Read Rodasports\">Llegeix m\u00e9s\u00bb<\/a><\/p>\n","protected":false},"author":1,"featured_media":0,"parent":297,"menu_order":6,"comment_status":"closed","ping_status":"closed","template":"","meta":{"_bbp_topic_count":0,"_bbp_reply_count":0,"_bbp_total_topic_count":0,"_bbp_total_reply_count":0,"_bbp_voice_count":0,"_bbp_anonymous_reply_count":0,"_bbp_topic_count_hidden":0,"_bbp_reply_count_hidden":0,"_bbp_forum_subforum_count":0,"footnotes":""},"class_list":["post-1889","page","type-page","status-publish","hentry"],"post_mailing_queue_ids":[],"_links":{"self":[{"href":"https:\/\/agora.xtec.cat\/zer-requesens\/wp-json\/wp\/v2\/pages\/1889","targetHints":{"allow":["GET"]}}],"collection":[{"href":"https:\/\/agora.xtec.cat\/zer-requesens\/wp-json\/wp\/v2\/pages"}],"about":[{"href":"https:\/\/agora.xtec.cat\/zer-requesens\/wp-json\/wp\/v2\/types\/page"}],"author":[{"embeddable":true,"href":"https:\/\/agora.xtec.cat\/zer-requesens\/wp-json\/wp\/v2\/users\/1"}],"replies":[{"embeddable":true,"href":"https:\/\/agora.xtec.cat\/zer-requesens\/wp-json\/wp\/v2\/comments?post=1889"}],"version-history":[{"count":1,"href":"https:\/\/agora.xtec.cat\/zer-requesens\/wp-json\/wp\/v2\/pages\/1889\/revisions"}],"predecessor-version":[{"id":1890,"href":"https:\/\/agora.xtec.cat\/zer-requesens\/wp-json\/wp\/v2\/pages\/1889\/revisions\/1890"}],"up":[{"embeddable":true,"href":"https:\/\/agora.xtec.cat\/zer-requesens\/wp-json\/wp\/v2\/pages\/297"}],"wp:attachment":[{"href":"https:\/\/agora.xtec.cat\/zer-requesens\/wp-json\/wp\/v2\/media?parent=1889"}],"curies":[{"name":"wp","href":"https:\/\/api.w.org\/{rel}","templated":true}]}}