{"id":494,"date":"2025-10-03T15:55:00","date_gmt":"2025-10-03T13:55:00","guid":{"rendered":"http:\/\/agora.xtec.cat\/zer-ports-algars\/?page_id=494"},"modified":"2025-11-05T10:27:01","modified_gmt":"2025-11-05T09:27:01","slug":"ampa","status":"publish","type":"page","link":"https:\/\/agora.xtec.cat\/zer-ports-algars\/escola-m-de-deu-de-la-fontcalda\/ampa\/","title":{"rendered":"AFA Escola Mare de D\u00e9u de la Fontcalda"},"content":{"rendered":"\n<p>L\u2019AFA (Associaci\u00f3 de Fam\u00edlies d&#8217;Alumnes) \u00e9s l&#8217;entitat que agrupa les fam\u00edlies de l&#8217;escola per defensar els interessos educatius dels infants i col\u00b7laborar activament en la vida del centre.<\/p>\n\n\n\n<p>\u00c9s una associaci\u00f3 sense \u00e0nim de lucre, regulada per uns estatus i organitzada a trav\u00e9s de la Junta Directiva i l&#8217;Assemblea General.<\/p>\n\n\n\n<p>L&#8217;objectiu principal \u00e9s contribuir a la millora de la qualitat educativa i a enriquir la vida escola dels alumnes.<\/p>\n\n\n\n<p><strong>Qu\u00e8 fem des de l&#8217;AFA?<\/strong><\/p>\n\n\n\n<p>L&#8217; AFA participa, organitza i col\u00b7labora en nombroses activitats al llarg del curs: Castanyada, Nadal, Sant Jordi, etc.<\/p>\n\n\n\n<p>A m\u00e9s a m\u00e9s:<\/p>\n\n\n\n<ul class=\"wp-block-list\">\n<li>Promovem la participaci\u00f3 de les fam\u00edlies al Consell Escolar.<\/li>\n\n\n\n<li>Col\u00b7laborem en les activitats educatives del centre.<\/li>\n\n\n\n<li>Organitzem i gestionem el servei de menjador amb carmanyola, per facilitar el dia a dia de les fam\u00edlies.<\/li>\n<\/ul>\n\n\n\n<p><strong>Qui forma part de l&#8217;AFA?<\/strong><\/p>\n\n\n\n<p>Totes les fam\u00edlies s\u00f2cies formen part de l&#8217;associaci\u00f3.<\/p>\n\n\n\n<p>L&#8217;actual Junta Directiva est\u00e0 formada per:<\/p>\n\n\n\n<ul class=\"wp-block-list\">\n<li>Presid\u00e8ncia: Montse Subirats<\/li>\n\n\n\n<li>Vicepresid\u00e8ncia: Sandra Bachiller<\/li>\n\n\n\n<li>Tresorera: Mayte Barber\u00e0<\/li>\n\n\n\n<li>Secret\u00e0ria: M\u00aa Pilar Lozano<\/li>\n<\/ul>\n\n\n\n<p><strong>Quota<\/strong> <strong>anual<\/strong>: 15\u20ac per fam\u00edlia<\/p>\n\n\n<h3 data-start=\"1595\" data-end=\"1615\">\ud83d\udcec <strong data-start=\"1601\" data-end=\"1613\">Contacte<\/strong><\/h3>\n<p data-start=\"1616\" data-end=\"1712\">Si vols m\u00e9s informaci\u00f3 o vols participar, pots escriure\u2019ns a:<br data-start=\"1677\" data-end=\"1680\" \/>\u2709\ufe0f <strong data-start=\"1683\" data-end=\"1712\"><a class=\"decorated-link cursor-pointer\" rel=\"noopener\" data-start=\"1685\" data-end=\"1710\">ampapratdecomte@gmail.com<\/a><\/strong><\/p>\n\n\n<p><\/p>\n","protected":false},"excerpt":{"rendered":"<p>L\u2019AFA (Associaci\u00f3 de Fam\u00edlies d&#8217;Alumnes) \u00e9s l&#8217;entitat que agrupa les fam\u00edlies de l&#8217;escola per defensar els interessos educatius dels infants i col\u00b7laborar activament en la vida del centre. \u00c9s una associaci\u00f3 sense \u00e0nim de lucre, regulada per uns estatus i organitzada a trav\u00e9s de la Junta Directiva i l&#8217;Assemblea General. L&#8217;objectiu principal \u00e9s contribuir a [&hellip;]<\/p>\n","protected":false},"author":1,"featured_media":0,"parent":268,"menu_order":70,"comment_status":"closed","ping_status":"closed","template":"","meta":{"_bbp_topic_count":0,"_bbp_reply_count":0,"_bbp_total_topic_count":0,"_bbp_total_reply_count":0,"_bbp_voice_count":0,"_bbp_anonymous_reply_count":0,"_bbp_topic_count_hidden":0,"_bbp_reply_count_hidden":0,"_bbp_forum_subforum_count":0,"site-sidebar-layout":"default","site-content-layout":"","ast-site-content-layout":"default","site-content-style":"default","site-sidebar-style":"default","ast-global-header-display":"","ast-banner-title-visibility":"","ast-main-header-display":"","ast-hfb-above-header-display":"","ast-hfb-below-header-display":"","ast-hfb-mobile-header-display":"","site-post-title":"","ast-breadcrumbs-content":"","ast-featured-img":"","footer-sml-layout":"","theme-transparent-header-meta":"","adv-header-id-meta":"","stick-header-meta":"","header-above-stick-meta":"","header-main-stick-meta":"","header-below-stick-meta":"","astra-migrate-meta-layouts":"set","ast-page-background-enabled":"default","ast-page-background-meta":{"desktop":{"background-color":"var(--ast-global-color-4)","background-image":"","background-repeat":"repeat","background-position":"center center","background-size":"auto","background-attachment":"scroll","background-type":"","background-media":"","overlay-type":"","overlay-color":"","overlay-opacity":"","overlay-gradient":""},"tablet":{"background-color":"","background-image":"","background-repeat":"repeat","background-position":"center center","background-size":"auto","background-attachment":"scroll","background-type":"","background-media":"","overlay-type":"","overlay-color":"","overlay-opacity":"","overlay-gradient":""},"mobile":{"background-color":"","background-image":"","background-repeat":"repeat","background-position":"center center","background-size":"auto","background-attachment":"scroll","background-type":"","background-media":"","overlay-type":"","overlay-color":"","overlay-opacity":"","overlay-gradient":""}},"ast-content-background-meta":{"desktop":{"background-color":"var(--ast-global-color-5)","background-image":"","background-repeat":"repeat","background-position":"center center","background-size":"auto","background-attachment":"scroll","background-type":"","background-media":"","overlay-type":"","overlay-color":"","overlay-opacity":"","overlay-gradient":""},"tablet":{"background-color":"var(--ast-global-color-5)","background-image":"","background-repeat":"repeat","background-position":"center center","background-size":"auto","background-attachment":"scroll","background-type":"","background-media":"","overlay-type":"","overlay-color":"","overlay-opacity":"","overlay-gradient":""},"mobile":{"background-color":"var(--ast-global-color-5)","background-image":"","background-repeat":"repeat","background-position":"center center","background-size":"auto","background-attachment":"scroll","background-type":"","background-media":"","overlay-type":"","overlay-color":"","overlay-opacity":"","overlay-gradient":""}},"footnotes":""},"class_list":["post-494","page","type-page","status-publish","hentry"],"post_mailing_queue_ids":[],"_links":{"self":[{"href":"https:\/\/agora.xtec.cat\/zer-ports-algars\/wp-json\/wp\/v2\/pages\/494","targetHints":{"allow":["GET"]}}],"collection":[{"href":"https:\/\/agora.xtec.cat\/zer-ports-algars\/wp-json\/wp\/v2\/pages"}],"about":[{"href":"https:\/\/agora.xtec.cat\/zer-ports-algars\/wp-json\/wp\/v2\/types\/page"}],"author":[{"embeddable":true,"href":"https:\/\/agora.xtec.cat\/zer-ports-algars\/wp-json\/wp\/v2\/users\/1"}],"replies":[{"embeddable":true,"href":"https:\/\/agora.xtec.cat\/zer-ports-algars\/wp-json\/wp\/v2\/comments?post=494"}],"version-history":[{"count":5,"href":"https:\/\/agora.xtec.cat\/zer-ports-algars\/wp-json\/wp\/v2\/pages\/494\/revisions"}],"predecessor-version":[{"id":18190,"href":"https:\/\/agora.xtec.cat\/zer-ports-algars\/wp-json\/wp\/v2\/pages\/494\/revisions\/18190"}],"up":[{"embeddable":true,"href":"https:\/\/agora.xtec.cat\/zer-ports-algars\/wp-json\/wp\/v2\/pages\/268"}],"wp:attachment":[{"href":"https:\/\/agora.xtec.cat\/zer-ports-algars\/wp-json\/wp\/v2\/media?parent=494"}],"curies":[{"name":"wp","href":"https:\/\/api.w.org\/{rel}","templated":true}]}}