{"id":43,"date":"2014-09-17T16:45:07","date_gmt":"2014-09-17T16:45:07","guid":{"rendered":"http:\/\/agora.xtec.cat\/zer-ports-algars\/?page_id=43"},"modified":"2025-11-05T10:41:37","modified_gmt":"2025-11-05T09:41:37","slug":"consell-escolar","status":"publish","type":"page","link":"https:\/\/agora.xtec.cat\/zer-ports-algars\/zer\/consell-escolar\/","title":{"rendered":"Consell Escolar"},"content":{"rendered":"<p>El Consell Escolar del centre \u00e9s l\u2019\u00f2rgan col\u00b7legiat de participaci\u00f3 de la comunitat escolar en el govern del centre. Corresponen al consell escolar les funcions establertes a la Llei 12\/2009, de 10 de juliol, d\u2019educaci\u00f3.<\/p>\n<h4>Composici\u00f3 del Consell Escolar:<\/h4>\n<ul>\n<li><strong>Presidenta: <\/strong>Rut Sebasti\u00e0 Navarro.<\/li>\n<li><strong>Cap d\u2019Estudis: <\/strong>M. Merc\u00e8 Clua Clua.<\/li>\n<li><strong>Secretaria: <\/strong>Gemma\u00a0 Thomas Campos.<\/li>\n<li><strong>Director Escola La Gessera: <\/strong>Francisco Jos\u00e9 Valero Garc\u00eda,<\/li>\n<li><strong>Docents del Claustre:<\/strong>\u00a0 Mariona Agust\u00ed Mur, Gen\u00eds Aiximeno Curto, Beatriz Bielsa Monz\u00f3n.<\/li>\n<li><strong>Representant PAE:<\/strong> Pere Mart\u00ed Esteller (TEEI).<\/li>\n<li><strong>Representants\u00a0 AFA: <\/strong>Mayte Barber\u00e0 Tafalla (AFA Prat), Margot Puchol Mart\u00ednez (AFA Caseres), Pol Sannicol\u00e1s Grima (AFA Arnes).<\/li>\n<li><strong>Representants Ajuntaments:<\/strong> Marta Masi\u00e0 Alt\u00e9s (Ajuntament Arnes), Ariadna Ruiz Romero (Ajuntament Caseres), Montse Subirats Gisbert (Ajuntament Prat).<\/li>\n<\/ul>\n<h4>Funcions del Consell Escolar dels centres p\u00fablics:<\/h4>\n<ol>\n<li>Con\u00e8ixer el projecte educatiu i les modificacions corresponents..<\/li>\n<li>Con\u00e8ixer\u00a0 la programaci\u00f3 general anual del centre i avaluar-ne el desenvolupament i els resultats.<\/li>\n<li>Aprovar les propostes d\u2019acords de co-responsabilitat, convenis i altres acords de col\u00b7\u0097col\u00b7laboraci\u00f3 del centre amb entitats o institucions.<\/li>\n<li>Con\u00e8ixer les normes d\u2019organitzaci\u00f3 i funcionament i les modificacions corresponents.<\/li>\n<li>Con\u00e8ixer la carta de comprom\u00eds educatiu.<\/li>\n<li>Con\u00e8ixer el pressupost del centre i el rendiment de comptes.<\/li>\n<li>Intervenir en el procediment d\u2019admissi\u00f3 d\u2019alumnes.<\/li>\n<li>Participar en el procediment de selecci\u00f3 i en la proposta de cessament del director o directora.<\/li>\n<li>Intervenir en la resoluci\u00f3 dels conflictes i, si escau, revisar les sancions als alumnes.<\/li>\n<li>Aprovar les directrius per a la programaci\u00f3 d\u2019activitats escolars complement\u00e0ries i d\u2019activitats extraescolars, i avaluar-ne el desenvolupament.<\/li>\n<li>Participar en les an\u00e0lisis i les avaluacions del funcionament general del centre i con\u00e8ixer l\u2019evoluci\u00f3 del rendiment escolar.<\/li>\n<li>Aprovar els criteris de col\u00b7laboraci\u00f3 amb altres centres i amb l\u2019entorn.<\/li>\n<li>Qualsevol altra que li sigui atribu\u00efda per les normes legals o reglament\u00e0ries.<\/li>\n<\/ol>\n","protected":false},"excerpt":{"rendered":"<p>El Consell Escolar del centre \u00e9s l\u2019\u00f2rgan col\u00b7legiat de participaci\u00f3 de la comunitat escolar en el govern del centre. Corresponen al consell escolar les funcions establertes a la Llei 12\/2009, de 10 de juliol, d\u2019educaci\u00f3. Composici\u00f3 del Consell Escolar: Presidenta: Rut Sebasti\u00e0 Navarro. Cap d\u2019Estudis: M. Merc\u00e8 Clua Clua. Secretaria: Gemma\u00a0 Thomas Campos. Director Escola [&hellip;]<\/p>\n","protected":false},"author":1,"featured_media":0,"parent":19,"menu_order":60,"comment_status":"closed","ping_status":"closed","template":"","meta":{"_bbp_topic_count":0,"_bbp_reply_count":0,"_bbp_total_topic_count":0,"_bbp_total_reply_count":0,"_bbp_voice_count":0,"_bbp_anonymous_reply_count":0,"_bbp_topic_count_hidden":0,"_bbp_reply_count_hidden":0,"_bbp_forum_subforum_count":0,"site-sidebar-layout":"default","site-content-layout":"","ast-site-content-layout":"default","site-content-style":"default","site-sidebar-style":"default","ast-global-header-display":"","ast-banner-title-visibility":"","ast-main-header-display":"","ast-hfb-above-header-display":"","ast-hfb-below-header-display":"","ast-hfb-mobile-header-display":"","site-post-title":"","ast-breadcrumbs-content":"","ast-featured-img":"","footer-sml-layout":"","theme-transparent-header-meta":"","adv-header-id-meta":"","stick-header-meta":"","header-above-stick-meta":"","header-main-stick-meta":"","header-below-stick-meta":"","astra-migrate-meta-layouts":"set","ast-page-background-enabled":"default","ast-page-background-meta":{"desktop":{"background-color":"var(--ast-global-color-4)","background-image":"","background-repeat":"repeat","background-position":"center center","background-size":"auto","background-attachment":"scroll","background-type":"","background-media":"","overlay-type":"","overlay-color":"","overlay-opacity":"","overlay-gradient":""},"tablet":{"background-color":"","background-image":"","background-repeat":"repeat","background-position":"center center","background-size":"auto","background-attachment":"scroll","background-type":"","background-media":"","overlay-type":"","overlay-color":"","overlay-opacity":"","overlay-gradient":""},"mobile":{"background-color":"","background-image":"","background-repeat":"repeat","background-position":"center center","background-size":"auto","background-attachment":"scroll","background-type":"","background-media":"","overlay-type":"","overlay-color":"","overlay-opacity":"","overlay-gradient":""}},"ast-content-background-meta":{"desktop":{"background-color":"var(--ast-global-color-5)","background-image":"","background-repeat":"repeat","background-position":"center center","background-size":"auto","background-attachment":"scroll","background-type":"","background-media":"","overlay-type":"","overlay-color":"","overlay-opacity":"","overlay-gradient":""},"tablet":{"background-color":"var(--ast-global-color-5)","background-image":"","background-repeat":"repeat","background-position":"center center","background-size":"auto","background-attachment":"scroll","background-type":"","background-media":"","overlay-type":"","overlay-color":"","overlay-opacity":"","overlay-gradient":""},"mobile":{"background-color":"var(--ast-global-color-5)","background-image":"","background-repeat":"repeat","background-position":"center center","background-size":"auto","background-attachment":"scroll","background-type":"","background-media":"","overlay-type":"","overlay-color":"","overlay-opacity":"","overlay-gradient":""}},"footnotes":""},"class_list":["post-43","page","type-page","status-publish","hentry"],"post_mailing_queue_ids":[],"_links":{"self":[{"href":"https:\/\/agora.xtec.cat\/zer-ports-algars\/wp-json\/wp\/v2\/pages\/43","targetHints":{"allow":["GET"]}}],"collection":[{"href":"https:\/\/agora.xtec.cat\/zer-ports-algars\/wp-json\/wp\/v2\/pages"}],"about":[{"href":"https:\/\/agora.xtec.cat\/zer-ports-algars\/wp-json\/wp\/v2\/types\/page"}],"author":[{"embeddable":true,"href":"https:\/\/agora.xtec.cat\/zer-ports-algars\/wp-json\/wp\/v2\/users\/1"}],"replies":[{"embeddable":true,"href":"https:\/\/agora.xtec.cat\/zer-ports-algars\/wp-json\/wp\/v2\/comments?post=43"}],"version-history":[{"count":6,"href":"https:\/\/agora.xtec.cat\/zer-ports-algars\/wp-json\/wp\/v2\/pages\/43\/revisions"}],"predecessor-version":[{"id":18298,"href":"https:\/\/agora.xtec.cat\/zer-ports-algars\/wp-json\/wp\/v2\/pages\/43\/revisions\/18298"}],"up":[{"embeddable":true,"href":"https:\/\/agora.xtec.cat\/zer-ports-algars\/wp-json\/wp\/v2\/pages\/19"}],"wp:attachment":[{"href":"https:\/\/agora.xtec.cat\/zer-ports-algars\/wp-json\/wp\/v2\/media?parent=43"}],"curies":[{"name":"wp","href":"https:\/\/api.w.org\/{rel}","templated":true}]}}