{"id":268,"date":"2024-12-10T22:20:24","date_gmt":"2024-12-10T21:20:24","guid":{"rendered":"http:\/\/agora.xtec.cat\/zer-ports-algars\/?page_id=268"},"modified":"2025-11-04T13:21:49","modified_gmt":"2025-11-04T12:21:49","slug":"escola-m-de-deu-de-la-fontcalda","status":"publish","type":"page","link":"https:\/\/agora.xtec.cat\/zer-ports-algars\/escola-m-de-deu-de-la-fontcalda\/","title":{"rendered":"Escola Mare de D\u00e9u de la Fontcalda"},"content":{"rendered":"\n<p><strong>Qui som?<\/strong><\/p>\n\n\n\n<p>L\u2019Escola&nbsp;<strong>Mare de D\u00e9u de la Fontcalda<\/strong>&nbsp;\u00e9s un centre educatiu de car\u00e0cter p\u00fablic situat  a Prat de Comte, un petit poble de la comarca de la&nbsp;<strong>Terra Alta<\/strong>. Forma part de la&nbsp;<strong>Zona Escolar Rural (ZER) Ports-Algars<\/strong>, juntament amb l&#8217;escola La Gessera (Caseres) i l&#8217;escola La Miranda (Arnes) , amb les quals comparteix projectes i activitats educatives.<\/p>\n\n\n\n<p>Es tracta d\u2019una&nbsp;<strong>escola rural<\/strong>, que ofereix&nbsp;<strong>Educaci\u00f3 Infantil i Prim\u00e0ria<\/strong>&nbsp;en un entorn acollidor, proper i natural. El&nbsp;<strong>nombre redu\u00eft d\u2019alumnes<\/strong>&nbsp;permet una&nbsp;<strong>atenci\u00f3 individualitzada<\/strong>&nbsp;i un&nbsp;<strong>seguiment molt proper<\/strong>&nbsp;del proc\u00e9s d\u2019aprenentatge de cada infant. El treball en petits grups afavoreix una educaci\u00f3 personalitzada, participativa i centrada en el benestar de l\u2019alumnat.<\/p>\n\n\n\n<p>L\u2019escola \u00e9s un&nbsp;<strong>punt de trobada per a tota la comunitat educativa<\/strong>&nbsp;i un element clau per a la vida del poble. Amb la implicaci\u00f3 activa de les fam\u00edlies i l\u2019ajuntament, el centre promou&nbsp;<strong>valors de conviv\u00e8ncia, respecte i estimaci\u00f3 pel medi<\/strong> que l\u2019envolta.<\/p>\n\n\n\n<p>A la nostra escola creiem que&nbsp;<strong>educar \u00e9s cr\u00e9ixer junts<\/strong>&nbsp;\u2014 infants, mestres i fam\u00edlies \u2014 i per aix\u00f2 \u00e9s tamb\u00e9 un&nbsp;<strong>espai de trobada i de vida comunit\u00e0ria<\/strong>. Participem en activitats locals, cuidem l\u2019entorn i mantenim viva la il\u00b7lusi\u00f3 d\u2019aprendre en un poble amb encant i molta empenta.<\/p>\n\n\n\n<div class=\"wp-block-getwid-images-slider has-arrows-inside has-dots-inside has-images-center has-fitted-images\"><div class=\"wp-block-getwid-images-slider__wrapper\" data-effect=\"slide\" data-slides-show=\"1\" data-slides-show-laptop=\"1\" data-slides-show-tablet=\"1\" data-slides-show-mobile=\"1\" data-slides-scroll=\"1\" data-autoplay=\"true\" data-pause-hover=\"false\" data-autoplay-speed=\"5000\" data-infinite=\"true\" data-animation-speed=\"800\" data-center-mode=\"false\" data-variable-width=\"false\" data-arrows=\"inside\" data-dots=\"inside\" data-spacing=\"none\"><div class=\"wp-block-getwid-images-slider__item\"><figure><img loading=\"lazy\" decoding=\"async\" width=\"2560\" height=\"1920\" src=\"https:\/\/agora.xtec.cat\/zer-ports-algars\/wp-content\/uploads\/usu952\/2024\/11\/IMG_4582-scaled.jpg\" data-id=\"17390\" data-link=\"https:\/\/agora.xtec.cat\/zer-ports-algars\/escola-m-de-deu-de-la-fontcalda\/attachment\/img_4582\/\" data-original-link=\"https:\/\/agora.xtec.cat\/zer-ports-algars\/wp-content\/uploads\/usu952\/2024\/11\/IMG_4582-scaled.jpg\" class=\"wp-block-getwid-images-slider__image wp-image-17390\" srcset=\"https:\/\/agora.xtec.cat\/zer-ports-algars\/wp-content\/uploads\/usu952\/2024\/11\/IMG_4582-scaled.jpg 2560w, https:\/\/agora.xtec.cat\/zer-ports-algars\/wp-content\/uploads\/usu952\/2024\/11\/IMG_4582-300x225.jpg 300w, https:\/\/agora.xtec.cat\/zer-ports-algars\/wp-content\/uploads\/usu952\/2024\/11\/IMG_4582-1024x768.jpg 1024w, https:\/\/agora.xtec.cat\/zer-ports-algars\/wp-content\/uploads\/usu952\/2024\/11\/IMG_4582-768x576.jpg 768w, https:\/\/agora.xtec.cat\/zer-ports-algars\/wp-content\/uploads\/usu952\/2024\/11\/IMG_4582-1536x1152.jpg 1536w, https:\/\/agora.xtec.cat\/zer-ports-algars\/wp-content\/uploads\/usu952\/2024\/11\/IMG_4582-2048x1536.jpg 2048w, https:\/\/agora.xtec.cat\/zer-ports-algars\/wp-content\/uploads\/usu952\/2024\/11\/IMG_4582-200x150.jpg 200w\" sizes=\"auto, (max-width: 2560px) 100vw, 2560px\" \/><\/figure><\/div><div class=\"wp-block-getwid-images-slider__item\"><figure><img loading=\"lazy\" decoding=\"async\" width=\"2560\" height=\"1920\" src=\"https:\/\/agora.xtec.cat\/zer-ports-algars\/wp-content\/uploads\/usu952\/2024\/11\/IMG_4574-1-scaled.jpg\" data-id=\"17386\" data-link=\"https:\/\/agora.xtec.cat\/zer-ports-algars\/escola-m-de-deu-de-la-fontcalda\/attachment\/img_4574-1\/\" data-original-link=\"https:\/\/agora.xtec.cat\/zer-ports-algars\/wp-content\/uploads\/usu952\/2024\/11\/IMG_4574-1-scaled.jpg\" class=\"wp-block-getwid-images-slider__image wp-image-17386\" srcset=\"https:\/\/agora.xtec.cat\/zer-ports-algars\/wp-content\/uploads\/usu952\/2024\/11\/IMG_4574-1-scaled.jpg 2560w, https:\/\/agora.xtec.cat\/zer-ports-algars\/wp-content\/uploads\/usu952\/2024\/11\/IMG_4574-1-300x225.jpg 300w, https:\/\/agora.xtec.cat\/zer-ports-algars\/wp-content\/uploads\/usu952\/2024\/11\/IMG_4574-1-1024x768.jpg 1024w, https:\/\/agora.xtec.cat\/zer-ports-algars\/wp-content\/uploads\/usu952\/2024\/11\/IMG_4574-1-768x576.jpg 768w, https:\/\/agora.xtec.cat\/zer-ports-algars\/wp-content\/uploads\/usu952\/2024\/11\/IMG_4574-1-1536x1152.jpg 1536w, https:\/\/agora.xtec.cat\/zer-ports-algars\/wp-content\/uploads\/usu952\/2024\/11\/IMG_4574-1-2048x1536.jpg 2048w, https:\/\/agora.xtec.cat\/zer-ports-algars\/wp-content\/uploads\/usu952\/2024\/11\/IMG_4574-1-200x150.jpg 200w\" sizes=\"auto, (max-width: 2560px) 100vw, 2560px\" \/><\/figure><\/div><div class=\"wp-block-getwid-images-slider__item\"><figure><img loading=\"lazy\" decoding=\"async\" width=\"2560\" height=\"1920\" src=\"https:\/\/agora.xtec.cat\/zer-ports-algars\/wp-content\/uploads\/usu952\/2024\/11\/IMG_0015-1-scaled.jpg\" data-id=\"17384\" data-link=\"https:\/\/agora.xtec.cat\/zer-ports-algars\/escola-m-de-deu-de-la-fontcalda\/attachment\/img_0015-1\/\" data-original-link=\"https:\/\/agora.xtec.cat\/zer-ports-algars\/wp-content\/uploads\/usu952\/2024\/11\/IMG_0015-1-scaled.jpg\" class=\"wp-block-getwid-images-slider__image wp-image-17384\" srcset=\"https:\/\/agora.xtec.cat\/zer-ports-algars\/wp-content\/uploads\/usu952\/2024\/11\/IMG_0015-1-scaled.jpg 2560w, https:\/\/agora.xtec.cat\/zer-ports-algars\/wp-content\/uploads\/usu952\/2024\/11\/IMG_0015-1-300x225.jpg 300w, https:\/\/agora.xtec.cat\/zer-ports-algars\/wp-content\/uploads\/usu952\/2024\/11\/IMG_0015-1-1024x768.jpg 1024w, https:\/\/agora.xtec.cat\/zer-ports-algars\/wp-content\/uploads\/usu952\/2024\/11\/IMG_0015-1-768x576.jpg 768w, https:\/\/agora.xtec.cat\/zer-ports-algars\/wp-content\/uploads\/usu952\/2024\/11\/IMG_0015-1-1536x1152.jpg 1536w, https:\/\/agora.xtec.cat\/zer-ports-algars\/wp-content\/uploads\/usu952\/2024\/11\/IMG_0015-1-2048x1536.jpg 2048w, https:\/\/agora.xtec.cat\/zer-ports-algars\/wp-content\/uploads\/usu952\/2024\/11\/IMG_0015-1-200x150.jpg 200w\" sizes=\"auto, (max-width: 2560px) 100vw, 2560px\" \/><\/figure><\/div><div class=\"wp-block-getwid-images-slider__item\"><figure><img decoding=\"async\" src=\"https:\/\/agora.xtec.cat\/zer-ports-algars\/wp-content\/uploads\/usu952\/2025\/11\/IMG_8678.heic\" data-id=\"18269\" data-link=\"https:\/\/agora.xtec.cat\/zer-ports-algars\/escola-m-de-deu-de-la-fontcalda\/attachment\/img_8678\/\" data-original-link=\"https:\/\/agora.xtec.cat\/zer-ports-algars\/wp-content\/uploads\/usu952\/2025\/11\/IMG_8678.heic\" class=\"wp-block-getwid-images-slider__image wp-image-18269\"\/><\/figure><\/div><div class=\"wp-block-getwid-images-slider__item\"><figure><img decoding=\"async\" src=\"https:\/\/agora.xtec.cat\/zer-ports-algars\/wp-content\/uploads\/usu952\/2025\/11\/IMG_8679.heic\" data-id=\"18270\" data-link=\"https:\/\/agora.xtec.cat\/zer-ports-algars\/escola-m-de-deu-de-la-fontcalda\/attachment\/img_8679\/\" data-original-link=\"https:\/\/agora.xtec.cat\/zer-ports-algars\/wp-content\/uploads\/usu952\/2025\/11\/IMG_8679.heic\" class=\"wp-block-getwid-images-slider__image wp-image-18270\"\/><\/figure><\/div><div class=\"wp-block-getwid-images-slider__item\"><figure><img decoding=\"async\" src=\"https:\/\/agora.xtec.cat\/zer-ports-algars\/wp-content\/uploads\/usu952\/2025\/11\/IMG_8683.heic\" data-id=\"18271\" data-link=\"https:\/\/agora.xtec.cat\/zer-ports-algars\/escola-m-de-deu-de-la-fontcalda\/attachment\/img_8683\/\" data-original-link=\"https:\/\/agora.xtec.cat\/zer-ports-algars\/wp-content\/uploads\/usu952\/2025\/11\/IMG_8683.heic\" class=\"wp-block-getwid-images-slider__image wp-image-18271\"\/><\/figure><\/div><\/div><\/div>\n","protected":false},"excerpt":{"rendered":"<p>Qui som? L\u2019Escola&nbsp;Mare de D\u00e9u de la Fontcalda&nbsp;\u00e9s un centre educatiu de car\u00e0cter p\u00fablic situat a Prat de Comte, un petit poble de la comarca de la&nbsp;Terra Alta. Forma part de la&nbsp;Zona Escolar Rural (ZER) Ports-Algars, juntament amb l&#8217;escola La Gessera (Caseres) i l&#8217;escola La Miranda (Arnes) , amb les quals comparteix projectes i activitats [&hellip;]<\/p>\n","protected":false},"author":1,"featured_media":0,"parent":0,"menu_order":0,"comment_status":"closed","ping_status":"closed","template":"","meta":{"_bbp_topic_count":0,"_bbp_reply_count":0,"_bbp_total_topic_count":0,"_bbp_total_reply_count":0,"_bbp_voice_count":0,"_bbp_anonymous_reply_count":0,"_bbp_topic_count_hidden":0,"_bbp_reply_count_hidden":0,"_bbp_forum_subforum_count":0,"site-sidebar-layout":"default","site-content-layout":"","ast-site-content-layout":"default","site-content-style":"default","site-sidebar-style":"default","ast-global-header-display":"","ast-banner-title-visibility":"","ast-main-header-display":"","ast-hfb-above-header-display":"","ast-hfb-below-header-display":"","ast-hfb-mobile-header-display":"","site-post-title":"","ast-breadcrumbs-content":"","ast-featured-img":"","footer-sml-layout":"","theme-transparent-header-meta":"","adv-header-id-meta":"","stick-header-meta":"","header-above-stick-meta":"","header-main-stick-meta":"","header-below-stick-meta":"","astra-migrate-meta-layouts":"set","ast-page-background-enabled":"default","ast-page-background-meta":{"desktop":{"background-color":"var(--ast-global-color-4)","background-image":"","background-repeat":"repeat","background-position":"center center","background-size":"auto","background-attachment":"scroll","background-type":"","background-media":"","overlay-type":"","overlay-color":"","overlay-opacity":"","overlay-gradient":""},"tablet":{"background-color":"","background-image":"","background-repeat":"repeat","background-position":"center center","background-size":"auto","background-attachment":"scroll","background-type":"","background-media":"","overlay-type":"","overlay-color":"","overlay-opacity":"","overlay-gradient":""},"mobile":{"background-color":"","background-image":"","background-repeat":"repeat","background-position":"center center","background-size":"auto","background-attachment":"scroll","background-type":"","background-media":"","overlay-type":"","overlay-color":"","overlay-opacity":"","overlay-gradient":""}},"ast-content-background-meta":{"desktop":{"background-color":"var(--ast-global-color-5)","background-image":"","background-repeat":"repeat","background-position":"center center","background-size":"auto","background-attachment":"scroll","background-type":"","background-media":"","overlay-type":"","overlay-color":"","overlay-opacity":"","overlay-gradient":""},"tablet":{"background-color":"var(--ast-global-color-5)","background-image":"","background-repeat":"repeat","background-position":"center center","background-size":"auto","background-attachment":"scroll","background-type":"","background-media":"","overlay-type":"","overlay-color":"","overlay-opacity":"","overlay-gradient":""},"mobile":{"background-color":"var(--ast-global-color-5)","background-image":"","background-repeat":"repeat","background-position":"center center","background-size":"auto","background-attachment":"scroll","background-type":"","background-media":"","overlay-type":"","overlay-color":"","overlay-opacity":"","overlay-gradient":""}},"footnotes":""},"class_list":["post-268","page","type-page","status-publish","hentry"],"post_mailing_queue_ids":[],"_links":{"self":[{"href":"https:\/\/agora.xtec.cat\/zer-ports-algars\/wp-json\/wp\/v2\/pages\/268","targetHints":{"allow":["GET"]}}],"collection":[{"href":"https:\/\/agora.xtec.cat\/zer-ports-algars\/wp-json\/wp\/v2\/pages"}],"about":[{"href":"https:\/\/agora.xtec.cat\/zer-ports-algars\/wp-json\/wp\/v2\/types\/page"}],"author":[{"embeddable":true,"href":"https:\/\/agora.xtec.cat\/zer-ports-algars\/wp-json\/wp\/v2\/users\/1"}],"replies":[{"embeddable":true,"href":"https:\/\/agora.xtec.cat\/zer-ports-algars\/wp-json\/wp\/v2\/comments?post=268"}],"version-history":[{"count":6,"href":"https:\/\/agora.xtec.cat\/zer-ports-algars\/wp-json\/wp\/v2\/pages\/268\/revisions"}],"predecessor-version":[{"id":18272,"href":"https:\/\/agora.xtec.cat\/zer-ports-algars\/wp-json\/wp\/v2\/pages\/268\/revisions\/18272"}],"wp:attachment":[{"href":"https:\/\/agora.xtec.cat\/zer-ports-algars\/wp-json\/wp\/v2\/media?parent=268"}],"curies":[{"name":"wp","href":"https:\/\/api.w.org\/{rel}","templated":true}]}}