{"id":266,"date":"2015-07-20T13:08:55","date_gmt":"2015-07-20T12:08:55","guid":{"rendered":"http:\/\/agora.xtec.cat\/zer-ports-algars\/?page_id=266"},"modified":"2025-11-02T13:04:55","modified_gmt":"2025-11-02T12:04:55","slug":"escola-la-gessera","status":"publish","type":"page","link":"https:\/\/agora.xtec.cat\/zer-ports-algars\/escola-la-gessera\/","title":{"rendered":"Escola La Gessera"},"content":{"rendered":"\n<p><strong>Qui som?<\/strong><\/p>\n\n\n\n<p>La&nbsp;<strong>Gessera<\/strong>&nbsp;\u00e9s una petita gran escola arrelada al nostre poble i oberta al m\u00f3n. Formem part de la&nbsp;<strong>ZER<\/strong>&nbsp;<strong>Ports-Algars<\/strong>, juntament amb l\u2019Escola La Miranda d\u2019Arnes i l\u2019Escola Mare de D\u00e9u de la Fontcalda de Prat de Comte. Compartim projecte, il\u00b7lusions i recursos per oferir una educaci\u00f3 de qualitat a tots els infants de la nostra comarca.<\/p>\n\n\n\n<p>A la nostra escola acollim nenes i nens des de la&nbsp;<strong>llar d\u2019infants<\/strong>&nbsp;(I1-I2),&nbsp;<strong>fins a 6\u00e8 de prim\u00e0ria<\/strong>, creant un entorn familiar, proper i acollidor on cada infant \u00e9s conegut, valorat i estimat. L\u2019atenci\u00f3 personalitzada i el treball en petits grups ens permeten adaptar-nos als ritmes i interessos de cadasc\u00fa, potenciant les seves capacitats i fomentant la curiositat per aprendre.<\/p>\n\n\n\n<p>Creiem en una<strong>&nbsp;educaci\u00f3 viva<\/strong>&nbsp;i&nbsp;<strong>significativa<\/strong>, basada en l\u2019experimentaci\u00f3, la cooperaci\u00f3 i el respecte. El nostre entorn natural privilegiat \u00e9s un recurs educatiu constant: sortim al poble, a la natura i treballem projectes que connecten amb la vida real i amb la cultura del territori.<\/p>\n\n\n\n<p>Com a part de la ZER Ports-Algars, compartim activitats, trobades i projectes amb els altres centres, promovent el sentiment de comunitat i d\u2019intercanvi entre infants i mestres. Aquesta xarxa ens enriqueix i ens fa cr\u00e9ixer plegats.<\/p>\n\n\n\n<p>A La Gessera eduquem amb la convicci\u00f3 que l\u2019escola \u00e9s m\u00e9s que un espai d\u2019aprenentatge: \u00e9s un lloc on cr\u00e9ixer com a persones, descobrir el m\u00f3n i aprendre a conviure amb respecte, responsabilitat i alegria.<\/p>\n\n\n\n<div class=\"wp-block-getwid-images-slider has-arrows-inside has-dots-inside has-images-center has-fitted-images\"><div class=\"wp-block-getwid-images-slider__wrapper\" data-effect=\"slide\" data-slides-show=\"1\" data-slides-show-laptop=\"1\" data-slides-show-tablet=\"1\" data-slides-show-mobile=\"1\" data-slides-scroll=\"1\" data-autoplay=\"true\" data-pause-hover=\"false\" data-autoplay-speed=\"5000\" data-infinite=\"true\" data-animation-speed=\"800\" data-center-mode=\"false\" data-variable-width=\"false\" data-arrows=\"inside\" data-dots=\"inside\" data-spacing=\"none\"><div class=\"wp-block-getwid-images-slider__item\"><figure><img loading=\"lazy\" decoding=\"async\" width=\"1145\" height=\"1134\" src=\"https:\/\/agora.xtec.cat\/zer-ports-algars\/wp-content\/uploads\/usu952\/2025\/10\/FOTO-1.jpg\" data-id=\"17975\" data-link=\"https:\/\/agora.xtec.cat\/zer-ports-algars\/escola-la-gessera\/attachment\/foto-1\/\" data-original-link=\"https:\/\/agora.xtec.cat\/zer-ports-algars\/wp-content\/uploads\/usu952\/2025\/10\/FOTO-1.jpg\" class=\"wp-block-getwid-images-slider__image wp-image-17975\" srcset=\"https:\/\/agora.xtec.cat\/zer-ports-algars\/wp-content\/uploads\/usu952\/2025\/10\/FOTO-1.jpg 1145w, https:\/\/agora.xtec.cat\/zer-ports-algars\/wp-content\/uploads\/usu952\/2025\/10\/FOTO-1-300x297.jpg 300w, https:\/\/agora.xtec.cat\/zer-ports-algars\/wp-content\/uploads\/usu952\/2025\/10\/FOTO-1-1024x1014.jpg 1024w, https:\/\/agora.xtec.cat\/zer-ports-algars\/wp-content\/uploads\/usu952\/2025\/10\/FOTO-1-150x150.jpg 150w, https:\/\/agora.xtec.cat\/zer-ports-algars\/wp-content\/uploads\/usu952\/2025\/10\/FOTO-1-768x761.jpg 768w\" sizes=\"auto, (max-width: 1145px) 100vw, 1145px\" \/><\/figure><\/div><div class=\"wp-block-getwid-images-slider__item\"><figure><img loading=\"lazy\" decoding=\"async\" width=\"1500\" height=\"2000\" src=\"https:\/\/agora.xtec.cat\/zer-ports-algars\/wp-content\/uploads\/usu952\/2025\/10\/IMG_20251006_134812-rotated.jpg\" data-id=\"17978\" data-link=\"https:\/\/agora.xtec.cat\/zer-ports-algars\/escola-la-gessera\/attachment\/img_20251006_134812\/\" data-original-link=\"https:\/\/agora.xtec.cat\/zer-ports-algars\/wp-content\/uploads\/usu952\/2025\/10\/IMG_20251006_134812-rotated.jpg\" class=\"wp-block-getwid-images-slider__image wp-image-17978\" srcset=\"https:\/\/agora.xtec.cat\/zer-ports-algars\/wp-content\/uploads\/usu952\/2025\/10\/IMG_20251006_134812-rotated.jpg 1500w, https:\/\/agora.xtec.cat\/zer-ports-algars\/wp-content\/uploads\/usu952\/2025\/10\/IMG_20251006_134812-225x300.jpg 225w, https:\/\/agora.xtec.cat\/zer-ports-algars\/wp-content\/uploads\/usu952\/2025\/10\/IMG_20251006_134812-768x1024.jpg 768w, https:\/\/agora.xtec.cat\/zer-ports-algars\/wp-content\/uploads\/usu952\/2025\/10\/IMG_20251006_134812-1152x1536.jpg 1152w\" sizes=\"auto, (max-width: 1500px) 100vw, 1500px\" \/><figcaption class=\"wp-block-getwid-images-slider__caption\">Entrada a l&#8217;escola<\/figcaption><\/figure><\/div><div class=\"wp-block-getwid-images-slider__item\"><figure><img loading=\"lazy\" decoding=\"async\" width=\"1500\" height=\"2000\" src=\"https:\/\/agora.xtec.cat\/zer-ports-algars\/wp-content\/uploads\/usu952\/2025\/10\/IMG_20251006_134451-rotated.jpg\" data-id=\"17981\" data-link=\"https:\/\/agora.xtec.cat\/zer-ports-algars\/escola-la-gessera\/attachment\/img_20251006_134451\/\" data-original-link=\"https:\/\/agora.xtec.cat\/zer-ports-algars\/wp-content\/uploads\/usu952\/2025\/10\/IMG_20251006_134451-rotated.jpg\" class=\"wp-block-getwid-images-slider__image wp-image-17981\" srcset=\"https:\/\/agora.xtec.cat\/zer-ports-algars\/wp-content\/uploads\/usu952\/2025\/10\/IMG_20251006_134451-rotated.jpg 1500w, https:\/\/agora.xtec.cat\/zer-ports-algars\/wp-content\/uploads\/usu952\/2025\/10\/IMG_20251006_134451-225x300.jpg 225w, https:\/\/agora.xtec.cat\/zer-ports-algars\/wp-content\/uploads\/usu952\/2025\/10\/IMG_20251006_134451-768x1024.jpg 768w, https:\/\/agora.xtec.cat\/zer-ports-algars\/wp-content\/uploads\/usu952\/2025\/10\/IMG_20251006_134451-1152x1536.jpg 1152w\" sizes=\"auto, (max-width: 1500px) 100vw, 1500px\" \/><figcaption class=\"wp-block-getwid-images-slider__caption\">Aula de prim\u00e0ria<\/figcaption><\/figure><\/div><div class=\"wp-block-getwid-images-slider__item\"><figure><img loading=\"lazy\" decoding=\"async\" width=\"1500\" height=\"2000\" src=\"https:\/\/agora.xtec.cat\/zer-ports-algars\/wp-content\/uploads\/usu952\/2025\/10\/IMG_20251006_134502-rotated.jpg\" data-id=\"17980\" data-link=\"https:\/\/agora.xtec.cat\/zer-ports-algars\/escola-la-gessera\/attachment\/img_20251006_134502\/\" data-original-link=\"https:\/\/agora.xtec.cat\/zer-ports-algars\/wp-content\/uploads\/usu952\/2025\/10\/IMG_20251006_134502-rotated.jpg\" class=\"wp-block-getwid-images-slider__image wp-image-17980\" srcset=\"https:\/\/agora.xtec.cat\/zer-ports-algars\/wp-content\/uploads\/usu952\/2025\/10\/IMG_20251006_134502-rotated.jpg 1500w, https:\/\/agora.xtec.cat\/zer-ports-algars\/wp-content\/uploads\/usu952\/2025\/10\/IMG_20251006_134502-225x300.jpg 225w, https:\/\/agora.xtec.cat\/zer-ports-algars\/wp-content\/uploads\/usu952\/2025\/10\/IMG_20251006_134502-768x1024.jpg 768w, https:\/\/agora.xtec.cat\/zer-ports-algars\/wp-content\/uploads\/usu952\/2025\/10\/IMG_20251006_134502-1152x1536.jpg 1152w\" sizes=\"auto, (max-width: 1500px) 100vw, 1500px\" \/><figcaption class=\"wp-block-getwid-images-slider__caption\">Aula d&#8217;infantil<\/figcaption><\/figure><\/div><div class=\"wp-block-getwid-images-slider__item\"><figure><img loading=\"lazy\" decoding=\"async\" width=\"1500\" height=\"2000\" src=\"https:\/\/agora.xtec.cat\/zer-ports-algars\/wp-content\/uploads\/usu952\/2025\/10\/IMG_20251006_134659-rotated.jpg\" data-id=\"17982\" data-link=\"https:\/\/agora.xtec.cat\/zer-ports-algars\/escola-la-gessera\/attachment\/img_20251006_134659\/\" data-original-link=\"https:\/\/agora.xtec.cat\/zer-ports-algars\/wp-content\/uploads\/usu952\/2025\/10\/IMG_20251006_134659-rotated.jpg\" class=\"wp-block-getwid-images-slider__image wp-image-17982\" srcset=\"https:\/\/agora.xtec.cat\/zer-ports-algars\/wp-content\/uploads\/usu952\/2025\/10\/IMG_20251006_134659-rotated.jpg 1500w, https:\/\/agora.xtec.cat\/zer-ports-algars\/wp-content\/uploads\/usu952\/2025\/10\/IMG_20251006_134659-225x300.jpg 225w, https:\/\/agora.xtec.cat\/zer-ports-algars\/wp-content\/uploads\/usu952\/2025\/10\/IMG_20251006_134659-768x1024.jpg 768w, https:\/\/agora.xtec.cat\/zer-ports-algars\/wp-content\/uploads\/usu952\/2025\/10\/IMG_20251006_134659-1152x1536.jpg 1152w\" sizes=\"auto, (max-width: 1500px) 100vw, 1500px\" \/><figcaption class=\"wp-block-getwid-images-slider__caption\">Biblioteca<\/figcaption><\/figure><\/div><div class=\"wp-block-getwid-images-slider__item\"><figure><img loading=\"lazy\" decoding=\"async\" width=\"1500\" height=\"2000\" src=\"https:\/\/agora.xtec.cat\/zer-ports-algars\/wp-content\/uploads\/usu952\/2025\/10\/24-10-25-15-2-rotated.jpg\" data-id=\"17977\" data-link=\"https:\/\/agora.xtec.cat\/zer-ports-algars\/escola-la-gessera\/attachment\/24-10-25-15-3\/\" data-original-link=\"https:\/\/agora.xtec.cat\/zer-ports-algars\/wp-content\/uploads\/usu952\/2025\/10\/24-10-25-15-2-rotated.jpg\" class=\"wp-block-getwid-images-slider__image wp-image-17977\" srcset=\"https:\/\/agora.xtec.cat\/zer-ports-algars\/wp-content\/uploads\/usu952\/2025\/10\/24-10-25-15-2-rotated.jpg 1500w, https:\/\/agora.xtec.cat\/zer-ports-algars\/wp-content\/uploads\/usu952\/2025\/10\/24-10-25-15-2-225x300.jpg 225w, https:\/\/agora.xtec.cat\/zer-ports-algars\/wp-content\/uploads\/usu952\/2025\/10\/24-10-25-15-2-768x1024.jpg 768w, https:\/\/agora.xtec.cat\/zer-ports-algars\/wp-content\/uploads\/usu952\/2025\/10\/24-10-25-15-2-1152x1536.jpg 1152w\" sizes=\"auto, (max-width: 1500px) 100vw, 1500px\" \/><figcaption class=\"wp-block-getwid-images-slider__caption\">Hort<\/figcaption><\/figure><\/div><div class=\"wp-block-getwid-images-slider__item\"><figure><img loading=\"lazy\" decoding=\"async\" width=\"1500\" height=\"2000\" src=\"https:\/\/agora.xtec.cat\/zer-ports-algars\/wp-content\/uploads\/usu952\/2025\/10\/IMG_20251006_134725-rotated.jpg\" data-id=\"17976\" data-link=\"https:\/\/agora.xtec.cat\/zer-ports-algars\/escola-la-gessera\/attachment\/img_20251006_134725\/\" data-original-link=\"https:\/\/agora.xtec.cat\/zer-ports-algars\/wp-content\/uploads\/usu952\/2025\/10\/IMG_20251006_134725-rotated.jpg\" class=\"wp-block-getwid-images-slider__image wp-image-17976\" srcset=\"https:\/\/agora.xtec.cat\/zer-ports-algars\/wp-content\/uploads\/usu952\/2025\/10\/IMG_20251006_134725-rotated.jpg 1500w, https:\/\/agora.xtec.cat\/zer-ports-algars\/wp-content\/uploads\/usu952\/2025\/10\/IMG_20251006_134725-225x300.jpg 225w, https:\/\/agora.xtec.cat\/zer-ports-algars\/wp-content\/uploads\/usu952\/2025\/10\/IMG_20251006_134725-768x1024.jpg 768w, https:\/\/agora.xtec.cat\/zer-ports-algars\/wp-content\/uploads\/usu952\/2025\/10\/IMG_20251006_134725-1152x1536.jpg 1152w\" sizes=\"auto, (max-width: 1500px) 100vw, 1500px\" \/><figcaption class=\"wp-block-getwid-images-slider__caption\">Pati<\/figcaption><\/figure><\/div><\/div><\/div>\n\n\n\n<p><\/p>\n","protected":false},"excerpt":{"rendered":"<p>Qui som? La&nbsp;Gessera&nbsp;\u00e9s una petita gran escola arrelada al nostre poble i oberta al m\u00f3n. Formem part de la&nbsp;ZER&nbsp;Ports-Algars, juntament amb l\u2019Escola La Miranda d\u2019Arnes i l\u2019Escola Mare de D\u00e9u de la Fontcalda de Prat de Comte. Compartim projecte, il\u00b7lusions i recursos per oferir una educaci\u00f3 de qualitat a tots els infants de la nostra [&hellip;]<\/p>\n","protected":false},"author":1,"featured_media":0,"parent":0,"menu_order":0,"comment_status":"closed","ping_status":"closed","template":"","meta":{"_bbp_topic_count":0,"_bbp_reply_count":0,"_bbp_total_topic_count":0,"_bbp_total_reply_count":0,"_bbp_voice_count":0,"_bbp_anonymous_reply_count":0,"_bbp_topic_count_hidden":0,"_bbp_reply_count_hidden":0,"_bbp_forum_subforum_count":0,"site-sidebar-layout":"default","site-content-layout":"","ast-site-content-layout":"default","site-content-style":"default","site-sidebar-style":"default","ast-global-header-display":"","ast-banner-title-visibility":"","ast-main-header-display":"","ast-hfb-above-header-display":"","ast-hfb-below-header-display":"","ast-hfb-mobile-header-display":"","site-post-title":"","ast-breadcrumbs-content":"","ast-featured-img":"","footer-sml-layout":"","theme-transparent-header-meta":"default","adv-header-id-meta":"","stick-header-meta":"","header-above-stick-meta":"","header-main-stick-meta":"","header-below-stick-meta":"","astra-migrate-meta-layouts":"set","ast-page-background-enabled":"default","ast-page-background-meta":{"desktop":{"background-color":"var(--ast-global-color-4)","background-image":"","background-repeat":"repeat","background-position":"center center","background-size":"auto","background-attachment":"scroll","background-type":"","background-media":"","overlay-type":"","overlay-color":"","overlay-opacity":"","overlay-gradient":""},"tablet":{"background-color":"","background-image":"","background-repeat":"repeat","background-position":"center center","background-size":"auto","background-attachment":"scroll","background-type":"","background-media":"","overlay-type":"","overlay-color":"","overlay-opacity":"","overlay-gradient":""},"mobile":{"background-color":"","background-image":"","background-repeat":"repeat","background-position":"center center","background-size":"auto","background-attachment":"scroll","background-type":"","background-media":"","overlay-type":"","overlay-color":"","overlay-opacity":"","overlay-gradient":""}},"ast-content-background-meta":{"desktop":{"background-color":"var(--ast-global-color-5)","background-image":"","background-repeat":"repeat","background-position":"center center","background-size":"auto","background-attachment":"scroll","background-type":"","background-media":"","overlay-type":"","overlay-color":"","overlay-opacity":"","overlay-gradient":""},"tablet":{"background-color":"var(--ast-global-color-5)","background-image":"","background-repeat":"repeat","background-position":"center center","background-size":"auto","background-attachment":"scroll","background-type":"","background-media":"","overlay-type":"","overlay-color":"","overlay-opacity":"","overlay-gradient":""},"mobile":{"background-color":"var(--ast-global-color-5)","background-image":"","background-repeat":"repeat","background-position":"center center","background-size":"auto","background-attachment":"scroll","background-type":"","background-media":"","overlay-type":"","overlay-color":"","overlay-opacity":"","overlay-gradient":""}},"footnotes":""},"class_list":["post-266","page","type-page","status-publish","hentry"],"post_mailing_queue_ids":[],"_links":{"self":[{"href":"https:\/\/agora.xtec.cat\/zer-ports-algars\/wp-json\/wp\/v2\/pages\/266","targetHints":{"allow":["GET"]}}],"collection":[{"href":"https:\/\/agora.xtec.cat\/zer-ports-algars\/wp-json\/wp\/v2\/pages"}],"about":[{"href":"https:\/\/agora.xtec.cat\/zer-ports-algars\/wp-json\/wp\/v2\/types\/page"}],"author":[{"embeddable":true,"href":"https:\/\/agora.xtec.cat\/zer-ports-algars\/wp-json\/wp\/v2\/users\/1"}],"replies":[{"embeddable":true,"href":"https:\/\/agora.xtec.cat\/zer-ports-algars\/wp-json\/wp\/v2\/comments?post=266"}],"version-history":[{"count":6,"href":"https:\/\/agora.xtec.cat\/zer-ports-algars\/wp-json\/wp\/v2\/pages\/266\/revisions"}],"predecessor-version":[{"id":18154,"href":"https:\/\/agora.xtec.cat\/zer-ports-algars\/wp-json\/wp\/v2\/pages\/266\/revisions\/18154"}],"wp:attachment":[{"href":"https:\/\/agora.xtec.cat\/zer-ports-algars\/wp-json\/wp\/v2\/media?parent=266"}],"curies":[{"name":"wp","href":"https:\/\/api.w.org\/{rel}","templated":true}]}}