{"id":258,"date":"2015-07-20T12:40:06","date_gmt":"2015-07-20T11:40:06","guid":{"rendered":"http:\/\/agora.xtec.cat\/zer-ports-algars\/?page_id=258"},"modified":"2025-11-02T22:15:47","modified_gmt":"2025-11-02T21:15:47","slug":"qui-som","status":"publish","type":"page","link":"https:\/\/agora.xtec.cat\/zer-ports-algars\/zer\/qui-som\/","title":{"rendered":"Coneix-nos"},"content":{"rendered":"\n<p>La <strong>Zer<\/strong> <strong>Ports-Algars<\/strong> est\u00e0 constitu\u00efda per les tres escoles dels seg\u00fcents municipis: Arnes, Caseres i Prat de Comte. Tots els centres de la nostra Zer imparteixen classes de 1r i 2n cicle d&#8217;Educaci\u00f3 Infantil, i d&#8217;Educaci\u00f3 Prim\u00e0ria.<\/p>\n\n\n\n<p> \ud83c\udfeb L&#8217; escola <strong>La Miranda<\/strong> (Arnes) en que actualment s&#8217;imparteixen ensenyaments d&#8217;Educaci\u00f3 Infantil i Prim\u00e0ria fou constru\u00eft en la d\u00e8cada del 60. Fins al curs 1993\/1994 sols constava de tres aules i un estat de conservaci\u00f3 deficient. Durant aquell curs es van dur a terme obres d&#8217;ampliaci\u00f3 i remodelaci\u00f3. Es va ampliar l&#8217;edifici existent, dotant-lo d&#8217;una aula d&#8217;Educaci\u00f3 Infantil, biblioteca, sala d&#8217;usos m\u00faltiples i despatx de direcci\u00f3. Es va rehabilitar l&#8217;edifici antic, canviant finestres, instal\u00b7lant calefacci\u00f3, etc., amb el qual ara l&#8217;edifici reuneix unes condicions \u00f2ptimes per a l&#8217;exercici de la tasca docent.<\/p>\n\n\n\n<p>Al mateix temps, els pares, amb el perm\u00eds dels SS.TT. es van fer c\u00e0rrec de la construcci\u00f3 d&#8217;una pista d&#8217;esports al pati de l&#8217;escola que permet desenvolupar la classe d&#8217;educaci\u00f3 f\u00edsica sense haver de sortir del recinte escolar.<\/p>\n\n\n\n<p>Actualment l&#8217;escola consta de tres unitats en funcionament: una d&#8217;educaci\u00f3 infantil i dues d&#8217;educaci\u00f3 prim\u00e0ria, que comparteixen varis nivells educatius.<\/p>\n\n\n\n<p>\ud83c\udfeb L&#8217;escola <strong>La<\/strong> <strong>Gessera<\/strong> (Caseres) fou constru\u00efda l&#8217;any 1967. \u00c9s un centre p\u00fablic que imparteix Educaci\u00f3 Infantil i Prim\u00e0ria.<\/p>\n\n\n\n<p>El centre est\u00e0 ubicat a la part alta del poble, al carrer de les Eres. L&#8217;edifici escola consta de planta baixa i primer pis. A la planta baixa est\u00e0 l&#8217;aula d&#8217;Educaci\u00f3 Infantil, l&#8217;aula d&#8217;Educaci\u00f3 Prim\u00e0ria, la sala de mestres, el despatx de direcci\u00f3, els lavabos i la biblioteca. Al primer pis hi ha una sala d&#8217;usos m\u00faltiples i habitacions que es destinent a magatzem de l&#8217;escola. Tamb\u00e9 hi ha un gran pati amb una pista poliesportiva.<\/p>\n\n\n\n<p>L&#8217;edifici est\u00e0 al mig del pati i aix\u00f2 fa que les dues classes tinguin zones de pati separades i ben diferenciades.<\/p>\n\n\n\n<p>\ud83c\udfeb L&#8217;escola <strong>Mare de D\u00e9u de la Fontcalda<\/strong> (Prat de Comte) fou constru\u00efda l&#8217;any 1990 i des d&#8217;en\u00e7\u00e0 a sofert varies modificacions.<\/p>\n\n\n\n<p>\u00c9s un centre de car\u00e0cter p\u00fablic que imparteix Educaci\u00f3 Infantil i Prim\u00e0ria.<\/p>\n\n\n\n<p>Es fomenta el tracte personalitzat, adequat al ritme evolutiu i a les capacitats de cada alumne.<\/p>\n\n\n\n<p>L&#8217;escola, situada a la part alta del poble, disposa de biblioteca, dues aules (INF i PRI), una aula de desdoblaments, despatx de direcci\u00f3, lavabos, un magatzem, una pista al pati i una zona de jocs per l&#8217;alumnat d&#8217;infantil (sorral i tobogan). <\/p>\n\n\n\n<p><\/p>\n","protected":false},"excerpt":{"rendered":"<p>La Zer Ports-Algars est\u00e0 constitu\u00efda per les tres escoles dels seg\u00fcents municipis: Arnes, Caseres i Prat de Comte. Tots els centres de la nostra Zer imparteixen classes de 1r i 2n cicle d&#8217;Educaci\u00f3 Infantil, i d&#8217;Educaci\u00f3 Prim\u00e0ria. \ud83c\udfeb L&#8217; escola La Miranda (Arnes) en que actualment s&#8217;imparteixen ensenyaments d&#8217;Educaci\u00f3 Infantil i Prim\u00e0ria fou constru\u00eft en [&hellip;]<\/p>\n","protected":false},"author":1,"featured_media":0,"parent":19,"menu_order":0,"comment_status":"closed","ping_status":"closed","template":"","meta":{"_bbp_topic_count":0,"_bbp_reply_count":0,"_bbp_total_topic_count":0,"_bbp_total_reply_count":0,"_bbp_voice_count":0,"_bbp_anonymous_reply_count":0,"_bbp_topic_count_hidden":0,"_bbp_reply_count_hidden":0,"_bbp_forum_subforum_count":0,"site-sidebar-layout":"default","site-content-layout":"","ast-site-content-layout":"default","site-content-style":"default","site-sidebar-style":"default","ast-global-header-display":"","ast-banner-title-visibility":"","ast-main-header-display":"","ast-hfb-above-header-display":"","ast-hfb-below-header-display":"","ast-hfb-mobile-header-display":"","site-post-title":"","ast-breadcrumbs-content":"","ast-featured-img":"","footer-sml-layout":"","theme-transparent-header-meta":"","adv-header-id-meta":"","stick-header-meta":"","header-above-stick-meta":"","header-main-stick-meta":"","header-below-stick-meta":"","astra-migrate-meta-layouts":"set","ast-page-background-enabled":"default","ast-page-background-meta":{"desktop":{"background-color":"var(--ast-global-color-4)","background-image":"","background-repeat":"repeat","background-position":"center center","background-size":"auto","background-attachment":"scroll","background-type":"","background-media":"","overlay-type":"","overlay-color":"","overlay-opacity":"","overlay-gradient":""},"tablet":{"background-color":"","background-image":"","background-repeat":"repeat","background-position":"center center","background-size":"auto","background-attachment":"scroll","background-type":"","background-media":"","overlay-type":"","overlay-color":"","overlay-opacity":"","overlay-gradient":""},"mobile":{"background-color":"","background-image":"","background-repeat":"repeat","background-position":"center center","background-size":"auto","background-attachment":"scroll","background-type":"","background-media":"","overlay-type":"","overlay-color":"","overlay-opacity":"","overlay-gradient":""}},"ast-content-background-meta":{"desktop":{"background-color":"var(--ast-global-color-5)","background-image":"","background-repeat":"repeat","background-position":"center center","background-size":"auto","background-attachment":"scroll","background-type":"","background-media":"","overlay-type":"","overlay-color":"","overlay-opacity":"","overlay-gradient":""},"tablet":{"background-color":"var(--ast-global-color-5)","background-image":"","background-repeat":"repeat","background-position":"center center","background-size":"auto","background-attachment":"scroll","background-type":"","background-media":"","overlay-type":"","overlay-color":"","overlay-opacity":"","overlay-gradient":""},"mobile":{"background-color":"var(--ast-global-color-5)","background-image":"","background-repeat":"repeat","background-position":"center center","background-size":"auto","background-attachment":"scroll","background-type":"","background-media":"","overlay-type":"","overlay-color":"","overlay-opacity":"","overlay-gradient":""}},"footnotes":""},"class_list":["post-258","page","type-page","status-publish","hentry"],"post_mailing_queue_ids":[],"_links":{"self":[{"href":"https:\/\/agora.xtec.cat\/zer-ports-algars\/wp-json\/wp\/v2\/pages\/258","targetHints":{"allow":["GET"]}}],"collection":[{"href":"https:\/\/agora.xtec.cat\/zer-ports-algars\/wp-json\/wp\/v2\/pages"}],"about":[{"href":"https:\/\/agora.xtec.cat\/zer-ports-algars\/wp-json\/wp\/v2\/types\/page"}],"author":[{"embeddable":true,"href":"https:\/\/agora.xtec.cat\/zer-ports-algars\/wp-json\/wp\/v2\/users\/1"}],"replies":[{"embeddable":true,"href":"https:\/\/agora.xtec.cat\/zer-ports-algars\/wp-json\/wp\/v2\/comments?post=258"}],"version-history":[{"count":6,"href":"https:\/\/agora.xtec.cat\/zer-ports-algars\/wp-json\/wp\/v2\/pages\/258\/revisions"}],"predecessor-version":[{"id":18261,"href":"https:\/\/agora.xtec.cat\/zer-ports-algars\/wp-json\/wp\/v2\/pages\/258\/revisions\/18261"}],"up":[{"embeddable":true,"href":"https:\/\/agora.xtec.cat\/zer-ports-algars\/wp-json\/wp\/v2\/pages\/19"}],"wp:attachment":[{"href":"https:\/\/agora.xtec.cat\/zer-ports-algars\/wp-json\/wp\/v2\/media?parent=258"}],"curies":[{"name":"wp","href":"https:\/\/api.w.org\/{rel}","templated":true}]}}