{"id":18185,"date":"2025-11-02T14:14:12","date_gmt":"2025-11-02T13:14:12","guid":{"rendered":"https:\/\/agora.xtec.cat\/zer-ports-algars\/?page_id=18185"},"modified":"2025-11-05T10:29:42","modified_gmt":"2025-11-05T09:29:42","slug":"afa-la-miranda","status":"publish","type":"page","link":"https:\/\/agora.xtec.cat\/zer-ports-algars\/afa-la-miranda\/","title":{"rendered":"AFA La Miranda"},"content":{"rendered":"\n<p>L\u2019AFA \u00e9s l\u2019entitat que agrupa a les mares i els pares d\u2019alumnes de l\u2019escola per a la defensa dels seus interessos en tot all\u00f2 que fa refer\u00e8ncia a l\u2019educaci\u00f3 dels nens i nenes i col\u00b7labora en el funcionament del centre.<br>\u00c9s una entitat constitu\u00efda com associaci\u00f3 sense \u00e0nim de lucre. Est\u00e0 regulada per uns estatuts i s\u2019organitza a trav\u00e9s de: La Junta Directiva i l\u2019Assemblea General.<br>L&#8217;objectiu fonamental de l&#8217;AFA \u00e9s contribuir a la millora de la qualitat de l&#8217;ensenyament que reben els nostres fills i filles.<\/p>\n\n\n\n<p>Algunes de les tasques que es fan s\u00f3n:<\/p>\n\n\n\n<ul class=\"wp-block-list\">\n<li>Promoure la participaci\u00f3 de pares i mares dels alumnes: Castanyada, Xocolatada , fi de curs\u2026<\/li>\n\n\n\n<li>Promoure la representaci\u00f3 i la participaci\u00f3 dels pares i mares dels alumnes en el Consell Escolar.<\/li>\n\n\n\n<li>Col\u00b7labora en les activitats educatives, organitza i gestiona les activitats extraescolars i el servei de menjador en carmanyola.<\/li>\n\n\n\n<li>Ajuda al finan\u00e7ament d\u2019aquelles activitats o equipaments que el centre necessita:  Llibres de lectura &#8220;autors a les aules&#8221;, l\u2019autocar per realitzar diferents sortides,\u00a0 material educatiu, etc.<\/li>\n<\/ul>\n\n\n\n<h6 class=\"wp-block-heading\">Qui \u00e9s de l\u2019AFA?<\/h6>\n\n\n\n<p>L\u2019Associaci\u00f3 est\u00e0 formada per les fam\u00edlies que s\u2019han inscrit com a s\u00f2cies. L\u2019actual Junta est\u00e0 formada per:<\/p>\n\n\n\n<ul class=\"wp-block-list\">\n<li>Presid\u00e8ncia:\u00a0 Pol Sannicol\u00e1s Grima<\/li>\n\n\n\n<li>Secretaria:\u00a0 \u00a0Alba Pla Carreras<\/li>\n\n\n\n<li>Tresoreria:\u00a0 Patricia V\u00e1zquez Lleti.<\/li>\n<\/ul>\n\n\n\n<p>A m\u00e9s, hi ha els vocals que formen diferents grups de treball.<\/p>\n\n\n\n<h6 class=\"wp-block-heading\">\ud83d\udcec&nbsp;<strong>Contacte<\/strong><\/h6>\n\n\n\n<p>Si vols m\u00e9s informaci\u00f3 o vols participar, pots escriure\u2019ns a: <a href=\"mailto:ampa@arnes.cat\">ampa@arnes.cat<\/a><\/p>\n\n\n\n<p><\/p>\n","protected":false},"excerpt":{"rendered":"<p>L\u2019AFA \u00e9s l\u2019entitat que agrupa a les mares i els pares d\u2019alumnes de l\u2019escola per a la defensa dels seus interessos en tot all\u00f2 que fa refer\u00e8ncia a l\u2019educaci\u00f3 dels nens i nenes i col\u00b7labora en el funcionament del centre.\u00c9s una entitat constitu\u00efda com associaci\u00f3 sense \u00e0nim de lucre. Est\u00e0 regulada per uns estatuts i [&hellip;]<\/p>\n","protected":false},"author":1,"featured_media":0,"parent":0,"menu_order":0,"comment_status":"closed","ping_status":"close","template":"","meta":{"_bbp_topic_count":0,"_bbp_reply_count":0,"_bbp_total_topic_count":0,"_bbp_total_reply_count":0,"_bbp_voice_count":0,"_bbp_anonymous_reply_count":0,"_bbp_topic_count_hidden":0,"_bbp_reply_count_hidden":0,"_bbp_forum_subforum_count":0,"site-sidebar-layout":"default","site-content-layout":"","ast-site-content-layout":"default","site-content-style":"default","site-sidebar-style":"default","ast-global-header-display":"","ast-banner-title-visibility":"","ast-main-header-display":"","ast-hfb-above-header-display":"","ast-hfb-below-header-display":"","ast-hfb-mobile-header-display":"","site-post-title":"","ast-breadcrumbs-content":"","ast-featured-img":"","footer-sml-layout":"","theme-transparent-header-meta":"","adv-header-id-meta":"","stick-header-meta":"","header-above-stick-meta":"","header-main-stick-meta":"","header-below-stick-meta":"","astra-migrate-meta-layouts":"set","ast-page-background-enabled":"default","ast-page-background-meta":{"desktop":{"background-color":"var(--ast-global-color-4)","background-image":"","background-repeat":"repeat","background-position":"center center","background-size":"auto","background-attachment":"scroll","background-type":"","background-media":"","overlay-type":"","overlay-color":"","overlay-opacity":"","overlay-gradient":""},"tablet":{"background-color":"","background-image":"","background-repeat":"repeat","background-position":"center center","background-size":"auto","background-attachment":"scroll","background-type":"","background-media":"","overlay-type":"","overlay-color":"","overlay-opacity":"","overlay-gradient":""},"mobile":{"background-color":"","background-image":"","background-repeat":"repeat","background-position":"center center","background-size":"auto","background-attachment":"scroll","background-type":"","background-media":"","overlay-type":"","overlay-color":"","overlay-opacity":"","overlay-gradient":""}},"ast-content-background-meta":{"desktop":{"background-color":"var(--ast-global-color-5)","background-image":"","background-repeat":"repeat","background-position":"center center","background-size":"auto","background-attachment":"scroll","background-type":"","background-media":"","overlay-type":"","overlay-color":"","overlay-opacity":"","overlay-gradient":""},"tablet":{"background-color":"var(--ast-global-color-5)","background-image":"","background-repeat":"repeat","background-position":"center center","background-size":"auto","background-attachment":"scroll","background-type":"","background-media":"","overlay-type":"","overlay-color":"","overlay-opacity":"","overlay-gradient":""},"mobile":{"background-color":"var(--ast-global-color-5)","background-image":"","background-repeat":"repeat","background-position":"center center","background-size":"auto","background-attachment":"scroll","background-type":"","background-media":"","overlay-type":"","overlay-color":"","overlay-opacity":"","overlay-gradient":""}},"footnotes":""},"class_list":["post-18185","page","type-page","status-publish","hentry"],"post_mailing_queue_ids":[],"_links":{"self":[{"href":"https:\/\/agora.xtec.cat\/zer-ports-algars\/wp-json\/wp\/v2\/pages\/18185","targetHints":{"allow":["GET"]}}],"collection":[{"href":"https:\/\/agora.xtec.cat\/zer-ports-algars\/wp-json\/wp\/v2\/pages"}],"about":[{"href":"https:\/\/agora.xtec.cat\/zer-ports-algars\/wp-json\/wp\/v2\/types\/page"}],"author":[{"embeddable":true,"href":"https:\/\/agora.xtec.cat\/zer-ports-algars\/wp-json\/wp\/v2\/users\/1"}],"replies":[{"embeddable":true,"href":"https:\/\/agora.xtec.cat\/zer-ports-algars\/wp-json\/wp\/v2\/comments?post=18185"}],"version-history":[{"count":5,"href":"https:\/\/agora.xtec.cat\/zer-ports-algars\/wp-json\/wp\/v2\/pages\/18185\/revisions"}],"predecessor-version":[{"id":18295,"href":"https:\/\/agora.xtec.cat\/zer-ports-algars\/wp-json\/wp\/v2\/pages\/18185\/revisions\/18295"}],"wp:attachment":[{"href":"https:\/\/agora.xtec.cat\/zer-ports-algars\/wp-json\/wp\/v2\/media?parent=18185"}],"curies":[{"name":"wp","href":"https:\/\/api.w.org\/{rel}","templated":true}]}}