{"id":18160,"date":"2025-11-02T13:22:10","date_gmt":"2025-11-02T12:22:10","guid":{"rendered":"https:\/\/agora.xtec.cat\/zer-ports-algars\/?page_id=18160"},"modified":"2025-11-04T22:30:39","modified_gmt":"2025-11-04T21:30:39","slug":"afa-la-gessera","status":"publish","type":"page","link":"https:\/\/agora.xtec.cat\/zer-ports-algars\/afa-la-gessera\/","title":{"rendered":"AFA La Gessera"},"content":{"rendered":"\n<p>L\u2019<strong>AFA<\/strong> (Associaci\u00f3 de Fam\u00edlies d\u2019Alumnes) de l\u2019escola La Gessera \u00e9s una entitat sense \u00e0nim de lucre formada per les fam\u00edlies dels infants del centre. El seu objectiu principal \u00e9s col\u00b7laborar amb l\u2019escola per millorar la qualitat educativa i el benestar dels alumnes, organitzant activitats, tallers, festes i projectes que complementen l\u2019educaci\u00f3 formal.<br>A m\u00e9s, l\u2019AFA tamb\u00e9 gestiona serveis com les extraescolars , i representa les fam\u00edlies davant la direcci\u00f3 del centre i les institucions educatives.<\/p>\n\n\n\n<p><strong>Qui forma part de l\u2019AFA?<\/strong><\/p>\n\n\n\n<ul class=\"wp-block-list\">\n<li><strong>Presidenta<\/strong>: Laura Vicente Boj.<\/li>\n<\/ul>\n\n\n\n<ul class=\"wp-block-list\">\n<li><strong>Secretaria<\/strong>: Margot Puchol Mart\u00ednez<\/li>\n<\/ul>\n\n\n\n<p><br>La <strong>quota<\/strong> anual de l\u2019AFA \u00e9s de 60 euros, que es destina al finan\u00e7ament d\u2019aquestes activitats i serveis.<\/p>\n\n\n\n<h3 class=\"wp-block-heading\">\ud83d\udcec&nbsp;<strong>Contacte<\/strong><\/h3>\n\n\n\n<p>Si vols m\u00e9s informaci\u00f3 o vols participar, pots escriure\u2019ns a: <a href=\"mailto:escolalagessera@gmail.com\">escolalagessera@gmail.com<\/a><\/p>\n\n\n\n<p><\/p>\n","protected":false},"excerpt":{"rendered":"<p>L\u2019AFA (Associaci\u00f3 de Fam\u00edlies d\u2019Alumnes) de l\u2019escola La Gessera \u00e9s una entitat sense \u00e0nim de lucre formada per les fam\u00edlies dels infants del centre. El seu objectiu principal \u00e9s col\u00b7laborar amb l\u2019escola per millorar la qualitat educativa i el benestar dels alumnes, organitzant activitats, tallers, festes i projectes que complementen l\u2019educaci\u00f3 formal.A m\u00e9s, l\u2019AFA tamb\u00e9 [&hellip;]<\/p>\n","protected":false},"author":1,"featured_media":0,"parent":0,"menu_order":0,"comment_status":"closed","ping_status":"close","template":"","meta":{"_bbp_topic_count":0,"_bbp_reply_count":0,"_bbp_total_topic_count":0,"_bbp_total_reply_count":0,"_bbp_voice_count":0,"_bbp_anonymous_reply_count":0,"_bbp_topic_count_hidden":0,"_bbp_reply_count_hidden":0,"_bbp_forum_subforum_count":0,"site-sidebar-layout":"default","site-content-layout":"","ast-site-content-layout":"default","site-content-style":"default","site-sidebar-style":"default","ast-global-header-display":"","ast-banner-title-visibility":"","ast-main-header-display":"","ast-hfb-above-header-display":"","ast-hfb-below-header-display":"","ast-hfb-mobile-header-display":"","site-post-title":"","ast-breadcrumbs-content":"","ast-featured-img":"","footer-sml-layout":"","theme-transparent-header-meta":"","adv-header-id-meta":"","stick-header-meta":"","header-above-stick-meta":"","header-main-stick-meta":"","header-below-stick-meta":"","astra-migrate-meta-layouts":"set","ast-page-background-enabled":"default","ast-page-background-meta":{"desktop":{"background-color":"var(--ast-global-color-4)","background-image":"","background-repeat":"repeat","background-position":"center center","background-size":"auto","background-attachment":"scroll","background-type":"","background-media":"","overlay-type":"","overlay-color":"","overlay-opacity":"","overlay-gradient":""},"tablet":{"background-color":"","background-image":"","background-repeat":"repeat","background-position":"center center","background-size":"auto","background-attachment":"scroll","background-type":"","background-media":"","overlay-type":"","overlay-color":"","overlay-opacity":"","overlay-gradient":""},"mobile":{"background-color":"","background-image":"","background-repeat":"repeat","background-position":"center center","background-size":"auto","background-attachment":"scroll","background-type":"","background-media":"","overlay-type":"","overlay-color":"","overlay-opacity":"","overlay-gradient":""}},"ast-content-background-meta":{"desktop":{"background-color":"var(--ast-global-color-5)","background-image":"","background-repeat":"repeat","background-position":"center center","background-size":"auto","background-attachment":"scroll","background-type":"","background-media":"","overlay-type":"","overlay-color":"","overlay-opacity":"","overlay-gradient":""},"tablet":{"background-color":"var(--ast-global-color-5)","background-image":"","background-repeat":"repeat","background-position":"center center","background-size":"auto","background-attachment":"scroll","background-type":"","background-media":"","overlay-type":"","overlay-color":"","overlay-opacity":"","overlay-gradient":""},"mobile":{"background-color":"var(--ast-global-color-5)","background-image":"","background-repeat":"repeat","background-position":"center center","background-size":"auto","background-attachment":"scroll","background-type":"","background-media":"","overlay-type":"","overlay-color":"","overlay-opacity":"","overlay-gradient":""}},"footnotes":""},"class_list":["post-18160","page","type-page","status-publish","hentry"],"post_mailing_queue_ids":[],"_links":{"self":[{"href":"https:\/\/agora.xtec.cat\/zer-ports-algars\/wp-json\/wp\/v2\/pages\/18160","targetHints":{"allow":["GET"]}}],"collection":[{"href":"https:\/\/agora.xtec.cat\/zer-ports-algars\/wp-json\/wp\/v2\/pages"}],"about":[{"href":"https:\/\/agora.xtec.cat\/zer-ports-algars\/wp-json\/wp\/v2\/types\/page"}],"author":[{"embeddable":true,"href":"https:\/\/agora.xtec.cat\/zer-ports-algars\/wp-json\/wp\/v2\/users\/1"}],"replies":[{"embeddable":true,"href":"https:\/\/agora.xtec.cat\/zer-ports-algars\/wp-json\/wp\/v2\/comments?post=18160"}],"version-history":[{"count":5,"href":"https:\/\/agora.xtec.cat\/zer-ports-algars\/wp-json\/wp\/v2\/pages\/18160\/revisions"}],"predecessor-version":[{"id":18289,"href":"https:\/\/agora.xtec.cat\/zer-ports-algars\/wp-json\/wp\/v2\/pages\/18160\/revisions\/18289"}],"wp:attachment":[{"href":"https:\/\/agora.xtec.cat\/zer-ports-algars\/wp-json\/wp\/v2\/media?parent=18160"}],"curies":[{"name":"wp","href":"https:\/\/api.w.org\/{rel}","templated":true}]}}