{"id":877,"date":"2016-05-10T11:03:53","date_gmt":"2016-05-10T10:03:53","guid":{"rendered":"http:\/\/agora.xtec.cat\/zer-montsec\/?page_id=877"},"modified":"2018-01-28T10:00:15","modified_gmt":"2018-01-28T09:00:15","slug":"projectes-educatius","status":"publish","type":"page","link":"https:\/\/agora.xtec.cat\/zer-montsec\/projectes-educatius\/","title":{"rendered":"Projectes Educatius"},"content":{"rendered":"<p>Una de les idees del nostre projecte educatiu consisteix en entendre que el coneixement forma part d\u2019un proc\u00e9s din\u00e0mic i fluid. Per aix\u00f2, tot i haver de seguir les rigideses de la programaci\u00f3 i de les assignatures, sovint tirem endavant projectes interdisciplinaris, motivadors, que sensibilitzen i que, a m\u00e9s, cobreixen aspectes importants per a la formaci\u00f3 dels nois i noies de la ZER.<\/p>\n<p><a href=\"http:\/\/agora.xtec.cat\/zer-montsec\/wp-content\/uploads\/usu473\/2018\/01\/maxpixel.freegreatpicture.com-Read-Education-Learn-Abc-Alphabet-Letter-1219546.jpg\"><img loading=\"lazy\" decoding=\"async\" class=\"size-medium wp-image-1855\" src=\"http:\/\/agora.xtec.cat\/zer-montsec\/wp-content\/uploads\/usu473\/2018\/01\/maxpixel.freegreatpicture.com-Read-Education-Learn-Abc-Alphabet-Letter-1219546-300x200.jpg\" alt=\"\" width=\"300\" height=\"200\" srcset=\"https:\/\/agora.xtec.cat\/zer-montsec\/wp-content\/uploads\/usu473\/2018\/01\/maxpixel.freegreatpicture.com-Read-Education-Learn-Abc-Alphabet-Letter-1219546-300x200.jpg 300w, https:\/\/agora.xtec.cat\/zer-montsec\/wp-content\/uploads\/usu473\/2018\/01\/maxpixel.freegreatpicture.com-Read-Education-Learn-Abc-Alphabet-Letter-1219546.jpg 640w\" sizes=\"auto, (max-width: 300px) 100vw, 300px\" \/><\/a><\/p>\n<p>Aquests s\u00f3n alguns dels principals projectes que hem realitzat i estem realitzant:<\/p>\n<table>\n<tbody>\n<tr>\n<td><strong>Projecte l&#8217;<a href=\"http:\/\/agora.xtec.cat\/zer-montsec\/projectes-educatius\/escola-adopta-un-monument\/\">Escola Adopta un monument<\/a><\/strong><\/td>\n<td>Cursos 2006 \/ 2007 \/ 2008 \/ 2009 \/ 2010 \/ 2011 \/ 2012<\/td>\n<\/tr>\n<tr>\n<td><strong>Projecte <a href=\"http:\/\/agora.xtec.cat\/zer-montsec\/projectes-educatius\/comenius-green\/\">Comenius GREEN<\/a><\/strong><\/td>\n<td>Cursos 2010-2012<\/td>\n<\/tr>\n<tr>\n<td><strong>Projecte <a href=\"http:\/\/agora.xtec.cat\/zer-montsec\/projectes-educatius\/comenius-festivals\/\">Comenius Festivals<\/a><\/strong><\/td>\n<td>Cursos 2013-2015<\/td>\n<\/tr>\n<tr>\n<td><strong>Projecte <a href=\"http:\/\/agora.xtec.cat\/zer-montsec\/projectes-educatius\/el-poble-un-espai-educador\/\">El poble, un espai educador<\/a><\/strong><\/td>\n<td>Des del curs 2015\/2016 fins al curs 2020\/2021<\/td>\n<\/tr>\n<\/tbody>\n<\/table>\n<p>&nbsp;<\/p>\n","protected":false},"excerpt":{"rendered":"<p>Una de les idees del nostre projecte educatiu consisteix en entendre que el coneixement forma part d\u2019un proc\u00e9s din\u00e0mic i fluid. Per aix\u00f2, tot i haver de seguir les rigideses de la programaci\u00f3 i de les assignatures, sovint tirem endavant projectes interdisciplinaris, motivadors, que sensibilitzen i que, a m\u00e9s, cobreixen aspectes importants per a la [&hellip;]<\/p>\n","protected":false},"author":1,"featured_media":0,"parent":0,"menu_order":0,"comment_status":"closed","ping_status":"closed","template":"page-templates\/side-menu.php","meta":{"_bbp_topic_count":0,"_bbp_reply_count":0,"_bbp_total_topic_count":0,"_bbp_total_reply_count":0,"_bbp_voice_count":0,"_bbp_anonymous_reply_count":0,"_bbp_topic_count_hidden":0,"_bbp_reply_count_hidden":0,"_bbp_forum_subforum_count":0,"site-sidebar-layout":"default","site-content-layout":"","ast-site-content-layout":"","site-content-style":"default","site-sidebar-style":"default","ast-global-header-display":"","ast-banner-title-visibility":"","ast-main-header-display":"","ast-hfb-above-header-display":"","ast-hfb-below-header-display":"","ast-hfb-mobile-header-display":"","site-post-title":"","ast-breadcrumbs-content":"","ast-featured-img":"","footer-sml-layout":"","theme-transparent-header-meta":"","adv-header-id-meta":"","stick-header-meta":"","header-above-stick-meta":"","header-main-stick-meta":"","header-below-stick-meta":"","astra-migrate-meta-layouts":"default","ast-page-background-enabled":"default","ast-page-background-meta":{"desktop":{"background-color":"var(--ast-global-color-4)","background-image":"","background-repeat":"repeat","background-position":"center center","background-size":"auto","background-attachment":"scroll","background-type":"","background-media":"","overlay-type":"","overlay-color":"","overlay-opacity":"","overlay-gradient":""},"tablet":{"background-color":"","background-image":"","background-repeat":"repeat","background-position":"center center","background-size":"auto","background-attachment":"scroll","background-type":"","background-media":"","overlay-type":"","overlay-color":"","overlay-opacity":"","overlay-gradient":""},"mobile":{"background-color":"","background-image":"","background-repeat":"repeat","background-position":"center center","background-size":"auto","background-attachment":"scroll","background-type":"","background-media":"","overlay-type":"","overlay-color":"","overlay-opacity":"","overlay-gradient":""}},"ast-content-background-meta":{"desktop":{"background-color":"var(--ast-global-color-5)","background-image":"","background-repeat":"repeat","background-position":"center center","background-size":"auto","background-attachment":"scroll","background-type":"","background-media":"","overlay-type":"","overlay-color":"","overlay-opacity":"","overlay-gradient":""},"tablet":{"background-color":"var(--ast-global-color-5)","background-image":"","background-repeat":"repeat","background-position":"center center","background-size":"auto","background-attachment":"scroll","background-type":"","background-media":"","overlay-type":"","overlay-color":"","overlay-opacity":"","overlay-gradient":""},"mobile":{"background-color":"var(--ast-global-color-5)","background-image":"","background-repeat":"repeat","background-position":"center center","background-size":"auto","background-attachment":"scroll","background-type":"","background-media":"","overlay-type":"","overlay-color":"","overlay-opacity":"","overlay-gradient":""}},"footnotes":""},"class_list":["post-877","page","type-page","status-publish","hentry"],"post_mailing_queue_ids":[],"_links":{"self":[{"href":"https:\/\/agora.xtec.cat\/zer-montsec\/wp-json\/wp\/v2\/pages\/877","targetHints":{"allow":["GET"]}}],"collection":[{"href":"https:\/\/agora.xtec.cat\/zer-montsec\/wp-json\/wp\/v2\/pages"}],"about":[{"href":"https:\/\/agora.xtec.cat\/zer-montsec\/wp-json\/wp\/v2\/types\/page"}],"author":[{"embeddable":true,"href":"https:\/\/agora.xtec.cat\/zer-montsec\/wp-json\/wp\/v2\/users\/1"}],"replies":[{"embeddable":true,"href":"https:\/\/agora.xtec.cat\/zer-montsec\/wp-json\/wp\/v2\/comments?post=877"}],"version-history":[{"count":4,"href":"https:\/\/agora.xtec.cat\/zer-montsec\/wp-json\/wp\/v2\/pages\/877\/revisions"}],"predecessor-version":[{"id":1857,"href":"https:\/\/agora.xtec.cat\/zer-montsec\/wp-json\/wp\/v2\/pages\/877\/revisions\/1857"}],"wp:attachment":[{"href":"https:\/\/agora.xtec.cat\/zer-montsec\/wp-json\/wp\/v2\/media?parent=877"}],"curies":[{"name":"wp","href":"https:\/\/api.w.org\/{rel}","templated":true}]}}