{"id":604,"date":"2015-09-21T15:07:56","date_gmt":"2015-09-21T13:07:56","guid":{"rendered":"http:\/\/agora.xtec.cat\/zer-montsec\/?page_id=604"},"modified":"2025-09-25T12:27:18","modified_gmt":"2025-09-25T10:27:18","slug":"mestres","status":"publish","type":"page","link":"https:\/\/agora.xtec.cat\/zer-montsec\/zer\/mestres\/","title":{"rendered":"Mestres"},"content":{"rendered":"<p><span style=\"font-family: Comic Sans MS; font-size: large;\">El claustre de la ZER &#8220;El Montsec&#8221; pel curs 2025 &#8211; 2026 est\u00e0 integrat pel seg\u00fcent professorat: <\/span><\/p>\n<p><span style=\"text-decoration: underline;\">&#8211; Escola Andreu Farran d&#8217;\u00c0ger<\/span><\/p>\n<p><em>Esther Lamiel Camarasa, Santi L\u00f3pez Fern\u00e1ndez, Lorena Resa Folch, Olga Alonso Rivas i Mireia L\u00e1zaro Ayala<br \/>\n<\/em><\/p>\n<p><span style=\"text-decoration: underline;\">&#8211; Escola de Tartareu<\/span><\/p>\n<p><em>Judit Sorribes L\u00f3pez<\/em><\/p>\n<p><span style=\"text-decoration: underline;\">&#8211; Escola de Les Avellanes<\/span><\/p>\n<p><em>Ingrid Cots Pairada i Henard Mestres Buchaca<br \/>\n<\/em><\/p>\n<p><span style=\"text-decoration: underline;\">&#8211; Escola Leandre Crist\u00f2fol d&#8217;Os de Balaguer<\/span><\/p>\n<p><em>M. Salom\u00e9 Just\u00edcia Salort, Anna Maci\u00e0 Pijuan, Marta Llop Manuel i Llu\u00eds Arnau Garcia<br \/>\n<\/em><\/p>\n<p><span style=\"text-decoration: underline;\">&#8211; Escola l&#8217;Esp\u00edgol de Gerb<\/span><\/p>\n<p><em>Josep Gim\u00e9nez Sol\u00e9, S\u00edlvia Cors\u00e0 Forcat, Carme Garrof\u00e9 Morros, Rosa Maria Roma Palau, Teresa Burgu\u00e9s Garcia, Montse Trib\u00f3 Solans i N\u00faria Trepat Ampurdan\u00e9s<\/em><\/p>\n<p><span style=\"text-decoration: underline;\">&#8211; Itinerants<\/span><\/p>\n<p><em>Laura de Frutos Garriga (Angl\u00e8s) \/ Mireia Ruiz Pena (Ed. Prim\u00e0ria), Eduard Arjona Felip (Educaci\u00f3 F\u00edsica), David Ferrer Gil (Educaci\u00f3 Musical), Joanna Diez Le\u00f3n (Educaci\u00f3 Especial), Olga Vilagin\u00e9s Gascue\u00f1a (Angl\u00e8s), Rosal\u00eda Balaguer\u00f3 Camats (Religi\u00f3) \/ Bel\u00e9n Tom\u00e0s Abril (Religi\u00f3) \/\u00a0 Merc\u00e9 Bernad\u00f3 Cerqueda (Religi\u00f3)<br \/>\n<\/em><\/p>\n<p><span style=\"text-decoration: underline;\">&#8211; Administrativa<\/span><\/p>\n<p>Laura Garcia Ribera<\/p>\n","protected":false},"excerpt":{"rendered":"<p>El claustre de la ZER &#8220;El Montsec&#8221; pel curs 2025 &#8211; 2026 est\u00e0 integrat pel seg\u00fcent professorat: &#8211; Escola Andreu Farran d&#8217;\u00c0ger Esther Lamiel Camarasa, Santi L\u00f3pez Fern\u00e1ndez, Lorena Resa Folch, Olga Alonso Rivas i Mireia L\u00e1zaro Ayala &#8211; Escola de Tartareu Judit Sorribes L\u00f3pez &#8211; Escola de Les Avellanes Ingrid Cots Pairada i Henard [&hellip;]<\/p>\n","protected":false},"author":1,"featured_media":0,"parent":19,"menu_order":6,"comment_status":"closed","ping_status":"closed","template":"page-templates\/side-menu.php","meta":{"_bbp_topic_count":0,"_bbp_reply_count":0,"_bbp_total_topic_count":0,"_bbp_total_reply_count":0,"_bbp_voice_count":0,"_bbp_anonymous_reply_count":0,"_bbp_topic_count_hidden":0,"_bbp_reply_count_hidden":0,"_bbp_forum_subforum_count":0,"site-sidebar-layout":"default","site-content-layout":"","ast-site-content-layout":"","site-content-style":"default","site-sidebar-style":"default","ast-global-header-display":"","ast-banner-title-visibility":"","ast-main-header-display":"","ast-hfb-above-header-display":"","ast-hfb-below-header-display":"","ast-hfb-mobile-header-display":"","site-post-title":"","ast-breadcrumbs-content":"","ast-featured-img":"","footer-sml-layout":"","theme-transparent-header-meta":"","adv-header-id-meta":"","stick-header-meta":"","header-above-stick-meta":"","header-main-stick-meta":"","header-below-stick-meta":"","astra-migrate-meta-layouts":"default","ast-page-background-enabled":"default","ast-page-background-meta":{"desktop":{"background-color":"var(--ast-global-color-4)","background-image":"","background-repeat":"repeat","background-position":"center center","background-size":"auto","background-attachment":"scroll","background-type":"","background-media":"","overlay-type":"","overlay-color":"","overlay-opacity":"","overlay-gradient":""},"tablet":{"background-color":"","background-image":"","background-repeat":"repeat","background-position":"center center","background-size":"auto","background-attachment":"scroll","background-type":"","background-media":"","overlay-type":"","overlay-color":"","overlay-opacity":"","overlay-gradient":""},"mobile":{"background-color":"","background-image":"","background-repeat":"repeat","background-position":"center center","background-size":"auto","background-attachment":"scroll","background-type":"","background-media":"","overlay-type":"","overlay-color":"","overlay-opacity":"","overlay-gradient":""}},"ast-content-background-meta":{"desktop":{"background-color":"var(--ast-global-color-5)","background-image":"","background-repeat":"repeat","background-position":"center center","background-size":"auto","background-attachment":"scroll","background-type":"","background-media":"","overlay-type":"","overlay-color":"","overlay-opacity":"","overlay-gradient":""},"tablet":{"background-color":"var(--ast-global-color-5)","background-image":"","background-repeat":"repeat","background-position":"center center","background-size":"auto","background-attachment":"scroll","background-type":"","background-media":"","overlay-type":"","overlay-color":"","overlay-opacity":"","overlay-gradient":""},"mobile":{"background-color":"var(--ast-global-color-5)","background-image":"","background-repeat":"repeat","background-position":"center center","background-size":"auto","background-attachment":"scroll","background-type":"","background-media":"","overlay-type":"","overlay-color":"","overlay-opacity":"","overlay-gradient":""}},"footnotes":""},"class_list":["post-604","page","type-page","status-publish","hentry"],"post_mailing_queue_ids":[],"_links":{"self":[{"href":"https:\/\/agora.xtec.cat\/zer-montsec\/wp-json\/wp\/v2\/pages\/604","targetHints":{"allow":["GET"]}}],"collection":[{"href":"https:\/\/agora.xtec.cat\/zer-montsec\/wp-json\/wp\/v2\/pages"}],"about":[{"href":"https:\/\/agora.xtec.cat\/zer-montsec\/wp-json\/wp\/v2\/types\/page"}],"author":[{"embeddable":true,"href":"https:\/\/agora.xtec.cat\/zer-montsec\/wp-json\/wp\/v2\/users\/1"}],"replies":[{"embeddable":true,"href":"https:\/\/agora.xtec.cat\/zer-montsec\/wp-json\/wp\/v2\/comments?post=604"}],"version-history":[{"count":7,"href":"https:\/\/agora.xtec.cat\/zer-montsec\/wp-json\/wp\/v2\/pages\/604\/revisions"}],"predecessor-version":[{"id":4000,"href":"https:\/\/agora.xtec.cat\/zer-montsec\/wp-json\/wp\/v2\/pages\/604\/revisions\/4000"}],"up":[{"embeddable":true,"href":"https:\/\/agora.xtec.cat\/zer-montsec\/wp-json\/wp\/v2\/pages\/19"}],"wp:attachment":[{"href":"https:\/\/agora.xtec.cat\/zer-montsec\/wp-json\/wp\/v2\/media?parent=604"}],"curies":[{"name":"wp","href":"https:\/\/api.w.org\/{rel}","templated":true}]}}