{"id":3927,"date":"2025-03-02T13:22:57","date_gmt":"2025-03-02T12:22:57","guid":{"rendered":"https:\/\/agora.xtec.cat\/zer-montsec\/?page_id=3927"},"modified":"2025-04-24T12:19:11","modified_gmt":"2025-04-24T10:19:11","slug":"educacio-fisica","status":"publish","type":"page","link":"https:\/\/agora.xtec.cat\/zer-montsec\/educacio-fisica\/","title":{"rendered":"Educaci\u00f3 F\u00edsica"},"content":{"rendered":"<p><span style=\"text-decoration: underline;\"><strong>Trobades Esportives d&#8217;Escoles Rurals de la Noguera 2025<\/strong><\/span><\/p>\n<p><a href=\"https:\/\/drive.google.com\/drive\/folders\/11Aol1h28SOwmZwBT0t9wy-gSX3gGZoro?usp=drive_link\" target=\"_blank\" rel=\"noopener\">Cicle Superior<\/a><\/p>\n<p><a href=\"https:\/\/agora.xtec.cat\/zer-montsec\/wp-content\/uploads\/usu473\/2025\/03\/trobada-esportiva-bo.jpg\"><img loading=\"lazy\" decoding=\"async\" class=\"aligncenter size-large wp-image-3936\" src=\"https:\/\/agora.xtec.cat\/zer-montsec\/wp-content\/uploads\/usu473\/2025\/03\/trobada-esportiva-bo-1024x768.jpg\" alt=\"\" width=\"1024\" height=\"768\" srcset=\"https:\/\/agora.xtec.cat\/zer-montsec\/wp-content\/uploads\/usu473\/2025\/03\/trobada-esportiva-bo-1024x768.jpg 1024w, https:\/\/agora.xtec.cat\/zer-montsec\/wp-content\/uploads\/usu473\/2025\/03\/trobada-esportiva-bo-300x225.jpg 300w, https:\/\/agora.xtec.cat\/zer-montsec\/wp-content\/uploads\/usu473\/2025\/03\/trobada-esportiva-bo-768x576.jpg 768w, https:\/\/agora.xtec.cat\/zer-montsec\/wp-content\/uploads\/usu473\/2025\/03\/trobada-esportiva-bo-1536x1152.jpg 1536w, https:\/\/agora.xtec.cat\/zer-montsec\/wp-content\/uploads\/usu473\/2025\/03\/trobada-esportiva-bo-200x150.jpg 200w, https:\/\/agora.xtec.cat\/zer-montsec\/wp-content\/uploads\/usu473\/2025\/03\/trobada-esportiva-bo.jpg 2000w\" sizes=\"auto, (max-width: 1024px) 100vw, 1024px\" \/><\/a><\/p>\n<p>&nbsp;<\/p>\n<p><a href=\"https:\/\/drive.google.com\/drive\/folders\/1pWw20L9DdbWMnHP1x4vphsgYF2sf4BeQ?usp=drive_link\" target=\"_blank\" rel=\"noopener\">Cicle Mitj\u00e0<\/a><\/p>\n<p><a href=\"https:\/\/agora.xtec.cat\/zer-montsec\/wp-content\/uploads\/usu473\/2025\/04\/trobada-esportiva-cm-2025.jpg\"><img loading=\"lazy\" decoding=\"async\" class=\"aligncenter size-large wp-image-3969\" src=\"https:\/\/agora.xtec.cat\/zer-montsec\/wp-content\/uploads\/usu473\/2025\/04\/trobada-esportiva-cm-2025-768x1024.jpg\" alt=\"\" width=\"768\" height=\"1024\" srcset=\"https:\/\/agora.xtec.cat\/zer-montsec\/wp-content\/uploads\/usu473\/2025\/04\/trobada-esportiva-cm-2025-768x1024.jpg 768w, https:\/\/agora.xtec.cat\/zer-montsec\/wp-content\/uploads\/usu473\/2025\/04\/trobada-esportiva-cm-2025-225x300.jpg 225w, https:\/\/agora.xtec.cat\/zer-montsec\/wp-content\/uploads\/usu473\/2025\/04\/trobada-esportiva-cm-2025-1152x1536.jpg 1152w, https:\/\/agora.xtec.cat\/zer-montsec\/wp-content\/uploads\/usu473\/2025\/04\/trobada-esportiva-cm-2025.jpg 1536w\" sizes=\"auto, (max-width: 768px) 100vw, 768px\" \/><\/a><\/p>\n<p><span style=\"text-decoration: underline;\"><strong>Gran \u00e8xit de participaci\u00f3 al Cros de Balaguer<\/strong><\/span><\/p>\n<p>\u00c8xit de participaci\u00f3 de la ZER El Montsec al Cros de Balaguer, quedant en primer lloc conjuntament amb l&#8217;Escola Gaspar de Portol\u00e0 de Balaguer i guanyant un xec valorat en 150 euros per la compra de material esportiu.<\/p>\n<p>Gr\u00e0cies a tots\/es els\/les atletes inscrits\/tes!<\/p>\n<p><a href=\"https:\/\/agora.xtec.cat\/zer-montsec\/wp-content\/uploads\/usu473\/2025\/03\/IMG-20250304-WA0015-2.jpg\"><img loading=\"lazy\" decoding=\"async\" class=\"aligncenter size-large wp-image-3939\" src=\"https:\/\/agora.xtec.cat\/zer-montsec\/wp-content\/uploads\/usu473\/2025\/03\/IMG-20250304-WA0015-2-1024x768.jpg\" alt=\"\" width=\"1024\" height=\"768\" srcset=\"https:\/\/agora.xtec.cat\/zer-montsec\/wp-content\/uploads\/usu473\/2025\/03\/IMG-20250304-WA0015-2-1024x768.jpg 1024w, https:\/\/agora.xtec.cat\/zer-montsec\/wp-content\/uploads\/usu473\/2025\/03\/IMG-20250304-WA0015-2-300x225.jpg 300w, https:\/\/agora.xtec.cat\/zer-montsec\/wp-content\/uploads\/usu473\/2025\/03\/IMG-20250304-WA0015-2-768x576.jpg 768w, https:\/\/agora.xtec.cat\/zer-montsec\/wp-content\/uploads\/usu473\/2025\/03\/IMG-20250304-WA0015-2-1536x1152.jpg 1536w, https:\/\/agora.xtec.cat\/zer-montsec\/wp-content\/uploads\/usu473\/2025\/03\/IMG-20250304-WA0015-2-200x150.jpg 200w, https:\/\/agora.xtec.cat\/zer-montsec\/wp-content\/uploads\/usu473\/2025\/03\/IMG-20250304-WA0015-2.jpg 1600w\" sizes=\"auto, (max-width: 1024px) 100vw, 1024px\" \/><\/a><\/p>\n<p><span style=\"text-decoration: underline;\"><strong>Parc Educaci\u00f3 Vi\u00e0ria 2025<\/strong><\/span><\/p>\n\r\n\t<div class=\"slideshow_container slideshow_container_style-light\" style=\"height: 300px; \" data-slideshow-id=\"3921\" data-style-name=\"style-light\" data-style-version=\"2.3.1\" >\r\n\r\n\t\t\t\t\t<div class=\"slideshow_loading_icon\"><\/div>\r\n\t\t\r\n\t\t<div class=\"slideshow_content\" style=\"display: none;\">\r\n\r\n\t\t\t<div class=\"slideshow_view\">\r\n\t\t\t\t<div class=\"slideshow_slide slideshow_slide_image\">\r\n\t\t\t\t\t\t\t\t\t\t\t<img src=\"https:\/\/agora.xtec.cat\/zer-montsec\/wp-content\/uploads\/usu473\/2025\/03\/IMG_20250227_113957-scaled.jpg\" alt=\"IMG_20250227_113957\" width=\"2560\" height=\"1920\" \/>\r\n\t\t\t\t\t\t\t\t\t\t<div class=\"slideshow_description_box slideshow_transparent\">\r\n\t\t\t\t\t\t<div class=\"slideshow_title\">IMG_20250227_113957<\/div>\t\t\t\t\t\t\t\t\t\t\t<\/div>\r\n\t\t\t\t<\/div>\r\n\r\n\t\t\t\t\t\t<div style=\"clear: both;\"><\/div><\/div><div class=\"slideshow_view\">\r\n\t\t\t\t<div class=\"slideshow_slide slideshow_slide_image\">\r\n\t\t\t\t\t\t\t\t\t\t\t<img src=\"https:\/\/agora.xtec.cat\/zer-montsec\/wp-content\/uploads\/usu473\/2025\/03\/IMG_20250225_113914-scaled.jpg\" alt=\"IMG_20250225_113914\" width=\"2560\" height=\"1920\" \/>\r\n\t\t\t\t\t\t\t\t\t\t<div class=\"slideshow_description_box slideshow_transparent\">\r\n\t\t\t\t\t\t<div class=\"slideshow_title\">IMG_20250225_113914<\/div>\t\t\t\t\t\t\t\t\t\t\t<\/div>\r\n\t\t\t\t<\/div>\r\n\r\n\t\t\t\t\t\t<div style=\"clear: both;\"><\/div><\/div><div class=\"slideshow_view\">\r\n\t\t\t\t<div class=\"slideshow_slide slideshow_slide_image\">\r\n\t\t\t\t\t\t\t\t\t\t\t<img src=\"https:\/\/agora.xtec.cat\/zer-montsec\/wp-content\/uploads\/usu473\/2025\/03\/IMG-20250226-WA0005.jpg\" alt=\"IMG-20250226-WA0005\" width=\"1599\" height=\"899\" \/>\r\n\t\t\t\t\t\t\t\t\t\t<div class=\"slideshow_description_box slideshow_transparent\">\r\n\t\t\t\t\t\t<div class=\"slideshow_title\">IMG-20250226-WA0005<\/div>\t\t\t\t\t\t\t\t\t\t\t<\/div>\r\n\t\t\t\t<\/div>\r\n\r\n\t\t\t\t\t\t<div style=\"clear: both;\"><\/div><\/div><div class=\"slideshow_view\">\r\n\t\t\t\t<div class=\"slideshow_slide slideshow_slide_image\">\r\n\t\t\t\t\t\t\t\t\t\t\t<img src=\"https:\/\/agora.xtec.cat\/zer-montsec\/wp-content\/uploads\/usu473\/2025\/03\/IMG_20250224_113637-1.jpg\" alt=\"IMG_20250224_113637\" width=\"2080\" height=\"1560\" \/>\r\n\t\t\t\t\t\t\t\t\t\t<div class=\"slideshow_description_box slideshow_transparent\">\r\n\t\t\t\t\t\t<div class=\"slideshow_title\">IMG_20250224_113637<\/div>\t\t\t\t\t\t\t\t\t\t\t<\/div>\r\n\t\t\t\t<\/div>\r\n\r\n\t\t\t\t\t\t<div style=\"clear: both;\"><\/div><\/div>\r\n\t\t<\/div>\r\n\r\n\t\t<div class=\"slideshow_controlPanel slideshow_transparent\" style=\"display: none;\"><ul><li class=\"slideshow_togglePlay\" data-play-text=\"Visualitza\" data-pause-text=\"Pausa\"><\/li><\/ul><\/div>\r\n\r\n\t\t<div class=\"slideshow_button slideshow_previous slideshow_transparent\" role=\"button\" data-previous-text=\"Anterior\" style=\"display: none;\"><\/div>\r\n\t\t<div class=\"slideshow_button slideshow_next slideshow_transparent\" role=\"button\" data-next-text=\"Seg\u00fcent\" style=\"display: none;\"><\/div>\r\n\r\n\t\t<div class=\"slideshow_pagination\" style=\"display: none;\" data-go-to-text=\"V\u00e9s a la diapositiva\"><div class=\"slideshow_pagination_center\"><\/div><\/div>\r\n\r\n\t\t<!-- WordPress Slideshow Version 2.3.1 -->\r\n\r\n\t\t\t<\/div>\r\n\r\n\n<p>&nbsp;<\/p>\n<p><strong><span style=\"text-decoration: underline;\">Concurs de Dibuix Cros de Balaguer<\/span><\/strong><\/p>\n<p>El proper 23 de febrer se celebrar\u00e0 el Cros de Balaguer, una cursa organitzada en diferents categories, on participen els escolars de tota la comarca.<\/p>\n<p>Com cada any, des del Consell Esportiu de La Noguera es fa un concurs de dibuix entre els alumnes de les escoles de la comarca per fer el cartell promocional.<\/p>\n<p>Aquest any el guanyador ha estat el Bernat, alumne de l\u2019Escola de Les Avellanes \u2013 ZER Montsec.<\/p>\n<p>El passat dimecres, 29 de gener, el President del Consell Esportiu de La Noguera i l\u2019Alcaldessa de Les Avellanes li van fer el lliurament del cartell promocional. Ara, aquest cartell el veurem penjat per tota la comarca.<\/p>\n<p>Moltes felicitats, Bernat!<\/p>\n<p>&nbsp;<\/p>\n<p><a href=\"https:\/\/agora.xtec.cat\/zer-montsec\/wp-content\/uploads\/usu473\/2025\/01\/1738317419493-scaled.jpg\"><img loading=\"lazy\" decoding=\"async\" class=\"aligncenter size-large wp-image-3907\" src=\"https:\/\/agora.xtec.cat\/zer-montsec\/wp-content\/uploads\/usu473\/2025\/01\/1738317419493-1024x768.jpg\" alt=\"\" width=\"1024\" height=\"768\" srcset=\"https:\/\/agora.xtec.cat\/zer-montsec\/wp-content\/uploads\/usu473\/2025\/01\/1738317419493-1024x768.jpg 1024w, https:\/\/agora.xtec.cat\/zer-montsec\/wp-content\/uploads\/usu473\/2025\/01\/1738317419493-300x225.jpg 300w, https:\/\/agora.xtec.cat\/zer-montsec\/wp-content\/uploads\/usu473\/2025\/01\/1738317419493-768x576.jpg 768w, https:\/\/agora.xtec.cat\/zer-montsec\/wp-content\/uploads\/usu473\/2025\/01\/1738317419493-1536x1152.jpg 1536w, https:\/\/agora.xtec.cat\/zer-montsec\/wp-content\/uploads\/usu473\/2025\/01\/1738317419493-2048x1536.jpg 2048w, https:\/\/agora.xtec.cat\/zer-montsec\/wp-content\/uploads\/usu473\/2025\/01\/1738317419493-200x150.jpg 200w\" sizes=\"auto, (max-width: 1024px) 100vw, 1024px\" \/><\/a><\/p>\n<p>&nbsp;<\/p>\n<p><span style=\"text-decoration: underline;\"><strong>Bicicletades<\/strong><\/span><\/p>\n\r\n\t<div class=\"slideshow_container slideshow_container_style-light\" style=\"height: 300px; \" data-slideshow-id=\"3934\" data-style-name=\"style-light\" data-style-version=\"2.3.1\" >\r\n\r\n\t\t\t\t\t<div class=\"slideshow_loading_icon\"><\/div>\r\n\t\t\r\n\t\t<div class=\"slideshow_content\" style=\"display: none;\">\r\n\r\n\t\t\t<div class=\"slideshow_view\">\r\n\t\t\t\t<div class=\"slideshow_slide slideshow_slide_image\">\r\n\t\t\t\t\t\t\t\t\t\t\t<img src=\"https:\/\/agora.xtec.cat\/zer-montsec\/wp-content\/uploads\/usu473\/2025\/03\/1684834745915.jpg\" alt=\"1684834745915\" width=\"2080\" height=\"1560\" \/>\r\n\t\t\t\t\t\t\t\t\t\t<div class=\"slideshow_description_box slideshow_transparent\">\r\n\t\t\t\t\t\t<div class=\"slideshow_title\">1684834745915<\/div>\t\t\t\t\t\t\t\t\t\t\t<\/div>\r\n\t\t\t\t<\/div>\r\n\r\n\t\t\t\t\t\t<div style=\"clear: both;\"><\/div><\/div><div class=\"slideshow_view\">\r\n\t\t\t\t<div class=\"slideshow_slide slideshow_slide_image\">\r\n\t\t\t\t\t\t\t\t\t\t\t<img src=\"https:\/\/agora.xtec.cat\/zer-montsec\/wp-content\/uploads\/usu473\/2025\/03\/1684502752648.jpg\" alt=\"1684502752648\" width=\"2080\" height=\"1560\" \/>\r\n\t\t\t\t\t\t\t\t\t\t<div class=\"slideshow_description_box slideshow_transparent\">\r\n\t\t\t\t\t\t<div class=\"slideshow_title\">1684502752648<\/div>\t\t\t\t\t\t\t\t\t\t\t<\/div>\r\n\t\t\t\t<\/div>\r\n\r\n\t\t\t\t\t\t<div style=\"clear: both;\"><\/div><\/div><div class=\"slideshow_view\">\r\n\t\t\t\t<div class=\"slideshow_slide slideshow_slide_image\">\r\n\t\t\t\t\t\t\t\t\t\t\t<img src=\"https:\/\/agora.xtec.cat\/zer-montsec\/wp-content\/uploads\/usu473\/2025\/03\/1684440745701.jpg\" alt=\"1684440745701\" width=\"2080\" height=\"1560\" \/>\r\n\t\t\t\t\t\t\t\t\t\t<div class=\"slideshow_description_box slideshow_transparent\">\r\n\t\t\t\t\t\t<div class=\"slideshow_title\">1684440745701<\/div>\t\t\t\t\t\t\t\t\t\t\t<\/div>\r\n\t\t\t\t<\/div>\r\n\r\n\t\t\t\t\t\t<div style=\"clear: both;\"><\/div><\/div><div class=\"slideshow_view\">\r\n\t\t\t\t<div class=\"slideshow_slide slideshow_slide_image\">\r\n\t\t\t\t\t\t\t\t\t\t\t<img src=\"https:\/\/agora.xtec.cat\/zer-montsec\/wp-content\/uploads\/usu473\/2025\/03\/1684349825705.jpg\" alt=\"1684349825705\" width=\"2080\" height=\"1560\" \/>\r\n\t\t\t\t\t\t\t\t\t\t<div class=\"slideshow_description_box slideshow_transparent\">\r\n\t\t\t\t\t\t<div class=\"slideshow_title\">1684349825705<\/div>\t\t\t\t\t\t\t\t\t\t\t<\/div>\r\n\t\t\t\t<\/div>\r\n\r\n\t\t\t\t\t\t<div style=\"clear: both;\"><\/div><\/div><div class=\"slideshow_view\">\r\n\t\t\t\t<div class=\"slideshow_slide slideshow_slide_image\">\r\n\t\t\t\t\t\t\t\t\t\t\t<img src=\"https:\/\/agora.xtec.cat\/zer-montsec\/wp-content\/uploads\/usu473\/2025\/03\/1684349697797.jpg\" alt=\"1684349697797\" width=\"2080\" height=\"1560\" \/>\r\n\t\t\t\t\t\t\t\t\t\t<div class=\"slideshow_description_box slideshow_transparent\">\r\n\t\t\t\t\t\t<div class=\"slideshow_title\">1684349697797<\/div>\t\t\t\t\t\t\t\t\t\t\t<\/div>\r\n\t\t\t\t<\/div>\r\n\r\n\t\t\t\t\t\t<div style=\"clear: both;\"><\/div><\/div><div class=\"slideshow_view\">\r\n\t\t\t\t<div class=\"slideshow_slide slideshow_slide_image\">\r\n\t\t\t\t\t\t\t\t\t\t\t<img src=\"https:\/\/agora.xtec.cat\/zer-montsec\/wp-content\/uploads\/usu473\/2023\/05\/Ager.jpg\" alt=\"\u00c0ger\" width=\"1600\" height=\"1197\" \/>\r\n\t\t\t\t\t\t\t\t\t\t<div class=\"slideshow_description_box slideshow_transparent\">\r\n\t\t\t\t\t\t<div class=\"slideshow_title\">\u00c0ger<\/div>\t\t\t\t\t\t\t\t\t\t\t<\/div>\r\n\t\t\t\t<\/div>\r\n\r\n\t\t\t\t\t\t<div style=\"clear: both;\"><\/div><\/div><div class=\"slideshow_view\">\r\n\t\t\t\t<div class=\"slideshow_slide slideshow_slide_image\">\r\n\t\t\t\t\t\t\t\t\t\t\t<img src=\"https:\/\/agora.xtec.cat\/zer-montsec\/wp-content\/uploads\/usu473\/2023\/05\/Tartareu.jpg\" alt=\"Tartareu\" width=\"1600\" height=\"1200\" \/>\r\n\t\t\t\t\t\t\t\t\t\t<div class=\"slideshow_description_box slideshow_transparent\">\r\n\t\t\t\t\t\t<div class=\"slideshow_title\">Tartareu<\/div>\t\t\t\t\t\t\t\t\t\t\t<\/div>\r\n\t\t\t\t<\/div>\r\n\r\n\t\t\t\t\t\t<div style=\"clear: both;\"><\/div><\/div><div class=\"slideshow_view\">\r\n\t\t\t\t<div class=\"slideshow_slide slideshow_slide_image\">\r\n\t\t\t\t\t\t\t\t\t\t\t<img src=\"https:\/\/agora.xtec.cat\/zer-montsec\/wp-content\/uploads\/usu473\/2023\/05\/Os-de-Balaguer.jpg\" alt=\"Os de Balaguer\" width=\"1024\" height=\"732\" \/>\r\n\t\t\t\t\t\t\t\t\t\t<div class=\"slideshow_description_box slideshow_transparent\">\r\n\t\t\t\t\t\t<div class=\"slideshow_title\">Os de Balaguer<\/div>\t\t\t\t\t\t\t\t\t\t\t<\/div>\r\n\t\t\t\t<\/div>\r\n\r\n\t\t\t\t\t\t<div style=\"clear: both;\"><\/div><\/div><div class=\"slideshow_view\">\r\n\t\t\t\t<div class=\"slideshow_slide slideshow_slide_image\">\r\n\t\t\t\t\t\t\t\t\t\t\t<img src=\"https:\/\/agora.xtec.cat\/zer-montsec\/wp-content\/uploads\/usu473\/2023\/05\/Gerb.jpg\" alt=\"Gerb\" width=\"1000\" height=\"750\" \/>\r\n\t\t\t\t\t\t\t\t\t\t<div class=\"slideshow_description_box slideshow_transparent\">\r\n\t\t\t\t\t\t<div class=\"slideshow_title\">Gerb<\/div>\t\t\t\t\t\t\t\t\t\t\t<\/div>\r\n\t\t\t\t<\/div>\r\n\r\n\t\t\t\t\t\t<div style=\"clear: both;\"><\/div><\/div><div class=\"slideshow_view\">\r\n\t\t\t\t<div class=\"slideshow_slide slideshow_slide_image\">\r\n\t\t\t\t\t\t\t\t\t\t\t<img src=\"https:\/\/agora.xtec.cat\/zer-montsec\/wp-content\/uploads\/usu473\/2023\/05\/Les-Avellanes.jpg\" alt=\"Les Avellanes\" width=\"1000\" height=\"750\" \/>\r\n\t\t\t\t\t\t\t\t\t\t<div class=\"slideshow_description_box slideshow_transparent\">\r\n\t\t\t\t\t\t<div class=\"slideshow_title\">Les Avellanes<\/div>\t\t\t\t\t\t\t\t\t\t\t<\/div>\r\n\t\t\t\t<\/div>\r\n\r\n\t\t\t\t\t\t<div style=\"clear: both;\"><\/div><\/div>\r\n\t\t<\/div>\r\n\r\n\t\t<div class=\"slideshow_controlPanel slideshow_transparent\" style=\"display: none;\"><ul><li class=\"slideshow_togglePlay\" data-play-text=\"Visualitza\" data-pause-text=\"Pausa\"><\/li><\/ul><\/div>\r\n\r\n\t\t<div class=\"slideshow_button slideshow_previous slideshow_transparent\" role=\"button\" data-previous-text=\"Anterior\" style=\"display: none;\"><\/div>\r\n\t\t<div class=\"slideshow_button slideshow_next slideshow_transparent\" role=\"button\" data-next-text=\"Seg\u00fcent\" style=\"display: none;\"><\/div>\r\n\r\n\t\t<div class=\"slideshow_pagination\" style=\"display: none;\" data-go-to-text=\"V\u00e9s a la diapositiva\"><div class=\"slideshow_pagination_center\"><\/div><\/div>\r\n\r\n\t\t<!-- WordPress Slideshow Version 2.3.1 -->\r\n\r\n\t\t\t<\/div>\r\n\r\n\n<p>&nbsp;<\/p>\n","protected":false},"excerpt":{"rendered":"<p>Trobades Esportives d&#8217;Escoles Rurals de la Noguera 2025 Cicle Superior &nbsp; Cicle Mitj\u00e0 Gran \u00e8xit de participaci\u00f3 al Cros de Balaguer \u00c8xit de participaci\u00f3 de la ZER El Montsec al Cros de Balaguer, quedant en primer lloc conjuntament amb l&#8217;Escola Gaspar de Portol\u00e0 de Balaguer i guanyant un xec valorat en 150 euros per la [&hellip;]<\/p>\n","protected":false},"author":1,"featured_media":0,"parent":0,"menu_order":0,"comment_status":"closed","ping_status":"closed","template":"page-templates\/side-menu.php","meta":{"_bbp_topic_count":0,"_bbp_reply_count":0,"_bbp_total_topic_count":0,"_bbp_total_reply_count":0,"_bbp_voice_count":0,"_bbp_anonymous_reply_count":0,"_bbp_topic_count_hidden":0,"_bbp_reply_count_hidden":0,"_bbp_forum_subforum_count":0,"site-sidebar-layout":"default","site-content-layout":"","ast-site-content-layout":"","site-content-style":"default","site-sidebar-style":"default","ast-global-header-display":"","ast-banner-title-visibility":"","ast-main-header-display":"","ast-hfb-above-header-display":"","ast-hfb-below-header-display":"","ast-hfb-mobile-header-display":"","site-post-title":"","ast-breadcrumbs-content":"","ast-featured-img":"","footer-sml-layout":"","theme-transparent-header-meta":"","adv-header-id-meta":"","stick-header-meta":"","header-above-stick-meta":"","header-main-stick-meta":"","header-below-stick-meta":"","astra-migrate-meta-layouts":"default","ast-page-background-enabled":"default","ast-page-background-meta":{"desktop":{"background-color":"var(--ast-global-color-4)","background-image":"","background-repeat":"repeat","background-position":"center center","background-size":"auto","background-attachment":"scroll","background-type":"","background-media":"","overlay-type":"","overlay-color":"","overlay-opacity":"","overlay-gradient":""},"tablet":{"background-color":"","background-image":"","background-repeat":"repeat","background-position":"center center","background-size":"auto","background-attachment":"scroll","background-type":"","background-media":"","overlay-type":"","overlay-color":"","overlay-opacity":"","overlay-gradient":""},"mobile":{"background-color":"","background-image":"","background-repeat":"repeat","background-position":"center center","background-size":"auto","background-attachment":"scroll","background-type":"","background-media":"","overlay-type":"","overlay-color":"","overlay-opacity":"","overlay-gradient":""}},"ast-content-background-meta":{"desktop":{"background-color":"var(--ast-global-color-5)","background-image":"","background-repeat":"repeat","background-position":"center center","background-size":"auto","background-attachment":"scroll","background-type":"","background-media":"","overlay-type":"","overlay-color":"","overlay-opacity":"","overlay-gradient":""},"tablet":{"background-color":"var(--ast-global-color-5)","background-image":"","background-repeat":"repeat","background-position":"center center","background-size":"auto","background-attachment":"scroll","background-type":"","background-media":"","overlay-type":"","overlay-color":"","overlay-opacity":"","overlay-gradient":""},"mobile":{"background-color":"var(--ast-global-color-5)","background-image":"","background-repeat":"repeat","background-position":"center center","background-size":"auto","background-attachment":"scroll","background-type":"","background-media":"","overlay-type":"","overlay-color":"","overlay-opacity":"","overlay-gradient":""}},"footnotes":""},"class_list":["post-3927","page","type-page","status-publish","hentry"],"post_mailing_queue_ids":[],"_links":{"self":[{"href":"https:\/\/agora.xtec.cat\/zer-montsec\/wp-json\/wp\/v2\/pages\/3927","targetHints":{"allow":["GET"]}}],"collection":[{"href":"https:\/\/agora.xtec.cat\/zer-montsec\/wp-json\/wp\/v2\/pages"}],"about":[{"href":"https:\/\/agora.xtec.cat\/zer-montsec\/wp-json\/wp\/v2\/types\/page"}],"author":[{"embeddable":true,"href":"https:\/\/agora.xtec.cat\/zer-montsec\/wp-json\/wp\/v2\/users\/1"}],"replies":[{"embeddable":true,"href":"https:\/\/agora.xtec.cat\/zer-montsec\/wp-json\/wp\/v2\/comments?post=3927"}],"version-history":[{"count":6,"href":"https:\/\/agora.xtec.cat\/zer-montsec\/wp-json\/wp\/v2\/pages\/3927\/revisions"}],"predecessor-version":[{"id":3970,"href":"https:\/\/agora.xtec.cat\/zer-montsec\/wp-json\/wp\/v2\/pages\/3927\/revisions\/3970"}],"wp:attachment":[{"href":"https:\/\/agora.xtec.cat\/zer-montsec\/wp-json\/wp\/v2\/media?parent=3927"}],"curies":[{"name":"wp","href":"https:\/\/api.w.org\/{rel}","templated":true}]}}