{"id":3425,"date":"2020-09-25T13:24:20","date_gmt":"2020-09-25T11:24:20","guid":{"rendered":"http:\/\/agora.xtec.cat\/zer-montsec\/?page_id=3425"},"modified":"2023-07-05T11:28:05","modified_gmt":"2023-07-05T09:28:05","slug":"google-suite","status":"publish","type":"page","link":"https:\/\/agora.xtec.cat\/zer-montsec\/google-suite\/","title":{"rendered":"Google Workspace"},"content":{"rendered":"<div class=\"hJDwNd-AhqUyc-qWD73c purZT-AhqUyc-II5mzb pSzOP-AhqUyc-qWD73c JNdkSc\">\n<div class=\"JNdkSc-SmKAyb\">\n<div class=\"\">\n<div class=\"oKdM2c Kzv0Me\">\n<div id=\"h.p_zDSBNXLH4Mg1\" class=\"hJDwNd-AhqUyc-qWD73c jXK9ad D2fZ2 OjCsFc wHaque GNzUNc\">\n<div class=\"jXK9ad-SmKAyb\">\n<div class=\"tyJCtd mGzaTb baZpAe\">\n<p>&nbsp;<\/p>\n<p><iframe loading=\"lazy\" src=\"https:\/\/www.youtube.com\/embed\/Im2Oxd4oxUc\" width=\"560\" height=\"315\" frameborder=\"0\"><\/iframe><\/p>\n<p id=\"h.p_x_rQF7mZ4Mg8\" class=\"zfr3Q\">Entre molts altres avantatges, el fet que els alumnes puguin disposar de Google Workspace, b\u00e0sicament ens suposa:<\/p>\n<ul class=\"n8H08c UVNKR\">\n<li id=\"h.p_lma6PXUe4fXo\" class=\"TYR86d zfr3Q\">Al disposar del Drive, tenen tots els seus treballs desats al n\u00favol i hi poden accedir des de qualsevol dispositiu i a qualsevol lloc ( a casa). Ara nom\u00e9s ho poden fer des del centre educatiu.<\/li>\n<li id=\"h.p_v7yjUZCl43RW\" class=\"TYR86d zfr3Q\">Tots els alumnes poden utilitzar les mateixes eines de treball (docs, fulls de c\u00e0lcul, presentacions&#8230;) A casa poden continuar utilitzant les mateixes eines que fan servir al centre educatiu. No les han de comprar ni instal\u00b7lar<\/li>\n<li id=\"h.p_XtXCFZNa-8UD\" class=\"TYR86d zfr3Q\">Possibilitat d&#8217;utilitzar classes virtuals amb Google Classroom<\/li>\n<\/ul>\n<\/div>\n<\/div>\n<\/div>\n<\/div>\n<\/div>\n<\/div>\n<\/div>\n","protected":false},"excerpt":{"rendered":"<p>&nbsp; Entre molts altres avantatges, el fet que els alumnes puguin disposar de Google Workspace, b\u00e0sicament ens suposa: Al disposar del Drive, tenen tots els seus treballs desats al n\u00favol i hi poden accedir des de qualsevol dispositiu i a qualsevol lloc ( a casa). Ara nom\u00e9s ho poden fer des del centre educatiu. Tots [&hellip;]<\/p>\n","protected":false},"author":1,"featured_media":0,"parent":0,"menu_order":0,"comment_status":"closed","ping_status":"closed","template":"page-templates\/side-menu.php","meta":{"_bbp_topic_count":0,"_bbp_reply_count":0,"_bbp_total_topic_count":0,"_bbp_total_reply_count":0,"_bbp_voice_count":0,"_bbp_anonymous_reply_count":0,"_bbp_topic_count_hidden":0,"_bbp_reply_count_hidden":0,"_bbp_forum_subforum_count":0,"site-sidebar-layout":"default","site-content-layout":"","ast-site-content-layout":"","site-content-style":"default","site-sidebar-style":"default","ast-global-header-display":"","ast-banner-title-visibility":"","ast-main-header-display":"","ast-hfb-above-header-display":"","ast-hfb-below-header-display":"","ast-hfb-mobile-header-display":"","site-post-title":"","ast-breadcrumbs-content":"","ast-featured-img":"","footer-sml-layout":"","theme-transparent-header-meta":"","adv-header-id-meta":"","stick-header-meta":"","header-above-stick-meta":"","header-main-stick-meta":"","header-below-stick-meta":"","astra-migrate-meta-layouts":"default","ast-page-background-enabled":"default","ast-page-background-meta":{"desktop":{"background-color":"var(--ast-global-color-4)","background-image":"","background-repeat":"repeat","background-position":"center center","background-size":"auto","background-attachment":"scroll","background-type":"","background-media":"","overlay-type":"","overlay-color":"","overlay-opacity":"","overlay-gradient":""},"tablet":{"background-color":"","background-image":"","background-repeat":"repeat","background-position":"center center","background-size":"auto","background-attachment":"scroll","background-type":"","background-media":"","overlay-type":"","overlay-color":"","overlay-opacity":"","overlay-gradient":""},"mobile":{"background-color":"","background-image":"","background-repeat":"repeat","background-position":"center center","background-size":"auto","background-attachment":"scroll","background-type":"","background-media":"","overlay-type":"","overlay-color":"","overlay-opacity":"","overlay-gradient":""}},"ast-content-background-meta":{"desktop":{"background-color":"var(--ast-global-color-5)","background-image":"","background-repeat":"repeat","background-position":"center center","background-size":"auto","background-attachment":"scroll","background-type":"","background-media":"","overlay-type":"","overlay-color":"","overlay-opacity":"","overlay-gradient":""},"tablet":{"background-color":"var(--ast-global-color-5)","background-image":"","background-repeat":"repeat","background-position":"center center","background-size":"auto","background-attachment":"scroll","background-type":"","background-media":"","overlay-type":"","overlay-color":"","overlay-opacity":"","overlay-gradient":""},"mobile":{"background-color":"var(--ast-global-color-5)","background-image":"","background-repeat":"repeat","background-position":"center center","background-size":"auto","background-attachment":"scroll","background-type":"","background-media":"","overlay-type":"","overlay-color":"","overlay-opacity":"","overlay-gradient":""}},"footnotes":""},"class_list":["post-3425","page","type-page","status-publish","hentry"],"post_mailing_queue_ids":[],"_links":{"self":[{"href":"https:\/\/agora.xtec.cat\/zer-montsec\/wp-json\/wp\/v2\/pages\/3425","targetHints":{"allow":["GET"]}}],"collection":[{"href":"https:\/\/agora.xtec.cat\/zer-montsec\/wp-json\/wp\/v2\/pages"}],"about":[{"href":"https:\/\/agora.xtec.cat\/zer-montsec\/wp-json\/wp\/v2\/types\/page"}],"author":[{"embeddable":true,"href":"https:\/\/agora.xtec.cat\/zer-montsec\/wp-json\/wp\/v2\/users\/1"}],"replies":[{"embeddable":true,"href":"https:\/\/agora.xtec.cat\/zer-montsec\/wp-json\/wp\/v2\/comments?post=3425"}],"version-history":[{"count":3,"href":"https:\/\/agora.xtec.cat\/zer-montsec\/wp-json\/wp\/v2\/pages\/3425\/revisions"}],"predecessor-version":[{"id":3741,"href":"https:\/\/agora.xtec.cat\/zer-montsec\/wp-json\/wp\/v2\/pages\/3425\/revisions\/3741"}],"wp:attachment":[{"href":"https:\/\/agora.xtec.cat\/zer-montsec\/wp-json\/wp\/v2\/media?parent=3425"}],"curies":[{"name":"wp","href":"https:\/\/api.w.org\/{rel}","templated":true}]}}