{"id":261,"date":"2015-07-20T13:05:00","date_gmt":"2015-07-20T12:05:00","guid":{"rendered":"http:\/\/agora.xtec.cat\/zer-montsec\/?page_id=261"},"modified":"2015-09-29T10:28:35","modified_gmt":"2015-09-29T09:28:35","slug":"qui-som","status":"publish","type":"page","link":"https:\/\/agora.xtec.cat\/zer-montsec\/qui-som\/","title":{"rendered":"Qui som"},"content":{"rendered":"<p><span style=\"color: #000000; font-family: Verdana,Arial,Helvetica,sans-serif,Century;\">La ZER &#8220;El Montsec&#8221; fou creada el curs 1991-1992 i est\u00e0 integrada per les seg\u00fcents\u00a0escoles:<\/span><\/p>\n<ul>\n<li><span style=\"color: #000000; font-family: Verdana,Arial,Helvetica,sans-serif,Century;\">Escola &#8220;Andreu Farran&#8221; d&#8217;\u00c0ger<\/span><\/li>\n<li><span style=\"color: #000000; font-family: Verdana,Arial,Helvetica,sans-serif,Century;\">Escola de Tartareu<\/span><\/li>\n<li><span style=\"color: #000000; font-family: Verdana,Arial,Helvetica,sans-serif,Century;\">Escola de Les Avellanes<\/span><\/li>\n<li><span style=\"color: #000000; font-family: Verdana,Arial,Helvetica,sans-serif,Century;\">Escola &#8220;Leandre Crist\u00f2fol&#8221; d&#8217;Os de Balaguer<\/span><\/li>\n<li><span style=\"color: #000000; font-family: Verdana,Arial,Helvetica,sans-serif,Century;\">Escola &#8220;L&#8217;Esp\u00edgol&#8221; de Gerb<\/span><\/li>\n<\/ul>\n<p>&nbsp;<\/p>\n<p>&nbsp;<\/p>\n<p>&nbsp;<\/p>\n","protected":false},"excerpt":{"rendered":"<p>La ZER &#8220;El Montsec&#8221; fou creada el curs 1991-1992 i est\u00e0 integrada per les seg\u00fcents\u00a0escoles: Escola &#8220;Andreu Farran&#8221; d&#8217;\u00c0ger Escola de Tartareu Escola de Les Avellanes Escola &#8220;Leandre Crist\u00f2fol&#8221; d&#8217;Os de Balaguer Escola &#8220;L&#8217;Esp\u00edgol&#8221; de Gerb &nbsp; &nbsp; &nbsp;<\/p>\n","protected":false},"author":2,"featured_media":0,"parent":0,"menu_order":10,"comment_status":"closed","ping_status":"closed","template":"page-templates\/side-menu.php","meta":{"_bbp_topic_count":0,"_bbp_reply_count":0,"_bbp_total_topic_count":0,"_bbp_total_reply_count":0,"_bbp_voice_count":0,"_bbp_anonymous_reply_count":0,"_bbp_topic_count_hidden":0,"_bbp_reply_count_hidden":0,"_bbp_forum_subforum_count":0,"site-sidebar-layout":"default","site-content-layout":"","ast-site-content-layout":"","site-content-style":"default","site-sidebar-style":"default","ast-global-header-display":"","ast-banner-title-visibility":"","ast-main-header-display":"","ast-hfb-above-header-display":"","ast-hfb-below-header-display":"","ast-hfb-mobile-header-display":"","site-post-title":"","ast-breadcrumbs-content":"","ast-featured-img":"","footer-sml-layout":"","theme-transparent-header-meta":"","adv-header-id-meta":"","stick-header-meta":"","header-above-stick-meta":"","header-main-stick-meta":"","header-below-stick-meta":"","astra-migrate-meta-layouts":"default","ast-page-background-enabled":"default","ast-page-background-meta":{"desktop":{"background-color":"var(--ast-global-color-4)","background-image":"","background-repeat":"repeat","background-position":"center center","background-size":"auto","background-attachment":"scroll","background-type":"","background-media":"","overlay-type":"","overlay-color":"","overlay-opacity":"","overlay-gradient":""},"tablet":{"background-color":"","background-image":"","background-repeat":"repeat","background-position":"center center","background-size":"auto","background-attachment":"scroll","background-type":"","background-media":"","overlay-type":"","overlay-color":"","overlay-opacity":"","overlay-gradient":""},"mobile":{"background-color":"","background-image":"","background-repeat":"repeat","background-position":"center center","background-size":"auto","background-attachment":"scroll","background-type":"","background-media":"","overlay-type":"","overlay-color":"","overlay-opacity":"","overlay-gradient":""}},"ast-content-background-meta":{"desktop":{"background-color":"var(--ast-global-color-5)","background-image":"","background-repeat":"repeat","background-position":"center center","background-size":"auto","background-attachment":"scroll","background-type":"","background-media":"","overlay-type":"","overlay-color":"","overlay-opacity":"","overlay-gradient":""},"tablet":{"background-color":"var(--ast-global-color-5)","background-image":"","background-repeat":"repeat","background-position":"center center","background-size":"auto","background-attachment":"scroll","background-type":"","background-media":"","overlay-type":"","overlay-color":"","overlay-opacity":"","overlay-gradient":""},"mobile":{"background-color":"var(--ast-global-color-5)","background-image":"","background-repeat":"repeat","background-position":"center center","background-size":"auto","background-attachment":"scroll","background-type":"","background-media":"","overlay-type":"","overlay-color":"","overlay-opacity":"","overlay-gradient":""}},"footnotes":""},"class_list":["post-261","page","type-page","status-publish","hentry"],"post_mailing_queue_ids":[],"_links":{"self":[{"href":"https:\/\/agora.xtec.cat\/zer-montsec\/wp-json\/wp\/v2\/pages\/261","targetHints":{"allow":["GET"]}}],"collection":[{"href":"https:\/\/agora.xtec.cat\/zer-montsec\/wp-json\/wp\/v2\/pages"}],"about":[{"href":"https:\/\/agora.xtec.cat\/zer-montsec\/wp-json\/wp\/v2\/types\/page"}],"author":[{"embeddable":true,"href":"https:\/\/agora.xtec.cat\/zer-montsec\/wp-json\/wp\/v2\/users\/2"}],"replies":[{"embeddable":true,"href":"https:\/\/agora.xtec.cat\/zer-montsec\/wp-json\/wp\/v2\/comments?post=261"}],"version-history":[{"count":3,"href":"https:\/\/agora.xtec.cat\/zer-montsec\/wp-json\/wp\/v2\/pages\/261\/revisions"}],"predecessor-version":[{"id":639,"href":"https:\/\/agora.xtec.cat\/zer-montsec\/wp-json\/wp\/v2\/pages\/261\/revisions\/639"}],"wp:attachment":[{"href":"https:\/\/agora.xtec.cat\/zer-montsec\/wp-json\/wp\/v2\/media?parent=261"}],"curies":[{"name":"wp","href":"https:\/\/api.w.org\/{rel}","templated":true}]}}