{"id":2599,"date":"2019-03-04T17:32:34","date_gmt":"2019-03-04T16:32:34","guid":{"rendered":"http:\/\/agora.xtec.cat\/zer-montsec\/?page_id=2599"},"modified":"2025-10-09T12:54:01","modified_gmt":"2025-10-09T10:54:01","slug":"pla-catala-de-lesport-a-lescola","status":"publish","type":"page","link":"https:\/\/agora.xtec.cat\/zer-montsec\/pla-catala-de-lesport-a-lescola\/","title":{"rendered":"Pla Catal\u00e0 de l&#8217;Esport a l&#8217;Escola"},"content":{"rendered":"<div>\n<div>\n<p>&nbsp;<\/p>\n<p><strong>ACTIVITATS DEL CURS 2025- 2026<\/strong><\/p>\n<\/div>\n<\/div>\n<table style=\"border-collapse: collapse; width: 100%;\">\n<tbody>\n<tr>\n<td style=\"width: 25.2252%;\"><strong>OS DE BALAGUER<\/strong><\/td>\n<td style=\"width: 41.4414%;\">\n<table style=\"border-collapse: collapse; width: 100%;\">\n<tbody>\n<tr>\n<td style=\"width: 100%;\"><em>P\u00e0del iniciaci\u00f3<\/em><\/td>\n<\/tr>\n<tr>\n<td style=\"width: 100%;\"><em>P\u00e0del principiants<\/em><\/td>\n<\/tr>\n<tr>\n<td style=\"width: 100%;\"><em>P\u00e0del perfeccionament<\/em><\/td>\n<\/tr>\n<\/tbody>\n<\/table>\n<\/td>\n<td style=\"width: 33.3333%;\">\n<table style=\"border-collapse: collapse; width: 100%;\">\n<tbody>\n<tr>\n<td style=\"width: 100%;\">Divendres &#8211; 17:00h a 18:00h<\/td>\n<\/tr>\n<tr>\n<td style=\"width: 100%;\">Divendres &#8211; 18:00 a 19:00h<\/td>\n<\/tr>\n<tr>\n<td style=\"width: 100%;\">Divendres &#8211; 19:00h a 20:00h<\/td>\n<\/tr>\n<\/tbody>\n<\/table>\n<\/td>\n<\/tr>\n<tr>\n<td style=\"width: 25.2252%;\"><strong>LES AVELLANES<\/strong><\/td>\n<td style=\"width: 41.4414%;\">\n<table style=\"border-collapse: collapse; width: 100%;\">\n<tbody>\n<tr>\n<td style=\"width: 100%;\"><em>Escalada iniciaci\u00f3<\/em><\/td>\n<\/tr>\n<tr>\n<td style=\"width: 100%;\"><em>Escalada perfeccionament<\/em><\/td>\n<\/tr>\n<\/tbody>\n<\/table>\n<\/td>\n<td style=\"width: 33.3333%;\">\n<table style=\"border-collapse: collapse; width: 100%;\">\n<tbody>\n<tr>\n<td style=\"width: 100%;\">Dimarts &#8211; 17:15h a 18:15h<\/td>\n<\/tr>\n<tr>\n<td style=\"width: 100%;\">Dijous &#8211; 17:15h a 18:15h<\/td>\n<\/tr>\n<\/tbody>\n<\/table>\n<\/td>\n<\/tr>\n<tr>\n<td style=\"width: 25.2252%;\"><strong>\u00c0GER<\/strong><\/td>\n<td style=\"width: 41.4414%;\">\n<table style=\"border-collapse: collapse; width: 100%;\">\n<tbody>\n<tr>\n<td style=\"width: 100%;\"><em>Multiesports<\/em><\/td>\n<\/tr>\n<\/tbody>\n<\/table>\n<\/td>\n<td style=\"width: 33.3333%;\">\n<table style=\"border-collapse: collapse; width: 100%;\">\n<tbody>\n<tr>\n<td style=\"width: 100%;\">Dijous &#8211; 17:00h a 18:00h<\/td>\n<\/tr>\n<\/tbody>\n<\/table>\n<\/td>\n<\/tr>\n<\/tbody>\n<\/table>\n<p>&nbsp;<\/p>\n<p><strong>PREMIS PCEE 2020-2021<\/strong><\/p>\n<p>L&#8217;Eduard Arjona de la ZER El Montsec va ser guardonat amb el premi de millor coordinador de Prim\u00e0ria en la passada edici\u00f3 dels Premis del Pla Catal\u00e0 de l&#8217;Esport a l&#8217;Escola que es van celebrar a l&#8217;INEFC de Barcelona el passat 18 de Novembre.<\/p>\n<p><a href=\"https:\/\/agora.xtec.cat\/zer-montsec\/wp-content\/uploads\/usu473\/2021\/11\/10975c8f-c8e0-442f-9c65-995db5b5f907.jpg\"><img loading=\"lazy\" decoding=\"async\" class=\"aligncenter size-large wp-image-3495\" src=\"https:\/\/agora.xtec.cat\/zer-montsec\/wp-content\/uploads\/usu473\/2021\/11\/10975c8f-c8e0-442f-9c65-995db5b5f907-1024x557.jpg\" alt=\"\" width=\"1024\" height=\"557\" srcset=\"https:\/\/agora.xtec.cat\/zer-montsec\/wp-content\/uploads\/usu473\/2021\/11\/10975c8f-c8e0-442f-9c65-995db5b5f907-1024x557.jpg 1024w, https:\/\/agora.xtec.cat\/zer-montsec\/wp-content\/uploads\/usu473\/2021\/11\/10975c8f-c8e0-442f-9c65-995db5b5f907-300x163.jpg 300w, https:\/\/agora.xtec.cat\/zer-montsec\/wp-content\/uploads\/usu473\/2021\/11\/10975c8f-c8e0-442f-9c65-995db5b5f907-768x418.jpg 768w, https:\/\/agora.xtec.cat\/zer-montsec\/wp-content\/uploads\/usu473\/2021\/11\/10975c8f-c8e0-442f-9c65-995db5b5f907-1536x836.jpg 1536w, https:\/\/agora.xtec.cat\/zer-montsec\/wp-content\/uploads\/usu473\/2021\/11\/10975c8f-c8e0-442f-9c65-995db5b5f907.jpg 1544w\" sizes=\"auto, (max-width: 1024px) 100vw, 1024px\" \/><\/a><\/p>\n<p>L\u2019Eduard \u00e9s un dels hist\u00f2rics del PCEE a la comarca i sempre ha estat molt implicat en el programa, participant activament en qualsevol iniciativa comarcal i fins i tot formant part de la junta del Consell Esportiu.<\/p>\n<p><a href=\"https:\/\/agora.xtec.cat\/zer-montsec\/wp-content\/uploads\/usu473\/2021\/11\/pla-catala-esport.jpg\"><img loading=\"lazy\" decoding=\"async\" class=\"aligncenter size-full wp-image-3496\" src=\"https:\/\/agora.xtec.cat\/zer-montsec\/wp-content\/uploads\/usu473\/2021\/11\/pla-catala-esport.jpg\" alt=\"\" width=\"1024\" height=\"683\" srcset=\"https:\/\/agora.xtec.cat\/zer-montsec\/wp-content\/uploads\/usu473\/2021\/11\/pla-catala-esport.jpg 1024w, https:\/\/agora.xtec.cat\/zer-montsec\/wp-content\/uploads\/usu473\/2021\/11\/pla-catala-esport-300x200.jpg 300w, https:\/\/agora.xtec.cat\/zer-montsec\/wp-content\/uploads\/usu473\/2021\/11\/pla-catala-esport-768x512.jpg 768w\" sizes=\"auto, (max-width: 1024px) 100vw, 1024px\" \/><\/a><\/p>\n<p><strong>L&#8217;ASSOCIACI\u00d3 ESPORTIVA ESCOLAR ZER EL MONTSEC<\/strong><\/p>\n<p>L&#8217;Associaci\u00f3 Esportiva Escolar ZER El Montsec es va constituir el curs 2009-2010 quan la ZER El Montsec va entrar a formar part del programa Pla Catal\u00e0 de l&#8217;Esport a l&#8217;Escola.<\/p>\n<p><a href=\"https:\/\/agora.xtec.cat\/zer-montsec\/wp-content\/uploads\/usu473\/2019\/03\/logo-Pla-Catal\u00e0-Esport-Escola.jpg\"><img loading=\"lazy\" decoding=\"async\" class=\"aligncenter wp-image-2588\" src=\"https:\/\/agora.xtec.cat\/zer-montsec\/wp-content\/uploads\/usu473\/2019\/03\/logo-Pla-Catal\u00e0-Esport-Escola-300x205.jpg\" alt=\"\" width=\"239\" height=\"163\" srcset=\"https:\/\/agora.xtec.cat\/zer-montsec\/wp-content\/uploads\/usu473\/2019\/03\/logo-Pla-Catal\u00e0-Esport-Escola-300x205.jpg 300w, https:\/\/agora.xtec.cat\/zer-montsec\/wp-content\/uploads\/usu473\/2019\/03\/logo-Pla-Catal\u00e0-Esport-Escola.jpg 354w\" sizes=\"auto, (max-width: 239px) 100vw, 239px\" \/><\/a><\/p>\n<div>\n<div>\n<p id=\"E173\"><span id=\"E174\">Els objectius de<\/span><span id=\"E175\">l Pla Catal\u00e0 d\u2019Esport a l\u2019Escola i en concret de les Associacions Esportives s\u00f3n:<\/span><\/p>\n<ul>\n<li id=\"E176\" class=\"qowt-li-0_0 qowt-list qowt-stl-Prrafodelista\"><span id=\"E177\">Fomentar <\/span><span id=\"E178\">la participaci\u00f3 dels alumnes a l<\/span><span id=\"E179\">es activitats f\u00edsiques esportives fora d\u2019horari lectiu.<\/span><\/li>\n<li id=\"E180\" class=\"qowt-li-0_0 qowt-list qowt-stl-Prrafodelista\"><span id=\"E181\">Aprofitar el gran potencial educatiu i formatiu de les activitats f\u00edsiques esportives, cercant la participaci\u00f3 per damunt de la competitivitat.<\/span><\/li>\n<li id=\"E182\" class=\"qowt-li-0_0 qowt-list qowt-stl-Prrafodelista\"><span id=\"E183\">Potenciar la funci\u00f3 integradora i de cohesi\u00f3 social de les activitats f\u00edsiques esportives.<\/span><\/li>\n<li id=\"E184\" class=\"qowt-li-0_0 qowt-list qowt-stl-Prrafodelista\"><span id=\"E185\">Contribuir mitjan\u00e7ant la pr\u00e0ctica esportiva a la formaci\u00f3 en valors dels nostres alumnes.<\/span><\/li>\n<li id=\"E186\" class=\"qowt-li-0_0 qowt-list qowt-stl-Prrafodelista\"><span id=\"E187\">Fomentar la pr\u00e0ctica regular de l\u2019activitat f\u00edsiques i esportives i l\u2019adquisici\u00f3 d\u2019h\u00e0bits saludables que contribueixen a un millor benestar.<\/span><\/li>\n<li id=\"E188\" class=\"qowt-li-0_0 qowt-list qowt-stl-Prrafodelista\"><span id=\"E189\">Formar a joves en valors ciutadans mitjan\u00e7ant la seva participaci\u00f3 activa en la gesti\u00f3 de les AEE.<\/span><\/li>\n<\/ul>\n\r\n\t<div class=\"slideshow_container slideshow_container_style-light\" style=\"height: 500px; \" data-slideshow-id=\"3536\" data-style-name=\"style-light\" data-style-version=\"2.3.1\" >\r\n\r\n\t\t\t\t\t<div class=\"slideshow_loading_icon\"><\/div>\r\n\t\t\r\n\t\t<div class=\"slideshow_content\" style=\"display: none;\">\r\n\r\n\t\t\t<div class=\"slideshow_view\">\r\n\t\t\t\t<div class=\"slideshow_slide slideshow_slide_image\">\r\n\t\t\t\t\t\t\t\t\t\t\t<img src=\"https:\/\/agora.xtec.cat\/zer-montsec\/wp-content\/uploads\/usu473\/2021\/12\/1640729161169.jpg\" alt=\"1640729161169\" width=\"1600\" height=\"1200\" \/>\r\n\t\t\t\t\t\t\t\t\t\t<div class=\"slideshow_description_box slideshow_transparent\">\r\n\t\t\t\t\t\t<div class=\"slideshow_title\">1640729161169<\/div>\t\t\t\t\t\t\t\t\t\t\t<\/div>\r\n\t\t\t\t<\/div>\r\n\r\n\t\t\t\t\t\t<div style=\"clear: both;\"><\/div><\/div><div class=\"slideshow_view\">\r\n\t\t\t\t<div class=\"slideshow_slide slideshow_slide_image\">\r\n\t\t\t\t\t\t\t\t\t\t\t<img src=\"https:\/\/agora.xtec.cat\/zer-montsec\/wp-content\/uploads\/usu473\/2021\/12\/1640729161218.jpg\" alt=\"1640729161218\" width=\"1200\" height=\"1600\" \/>\r\n\t\t\t\t\t\t\t\t\t\t<div class=\"slideshow_description_box slideshow_transparent\">\r\n\t\t\t\t\t\t<div class=\"slideshow_title\">1640729161218<\/div>\t\t\t\t\t\t\t\t\t\t\t<\/div>\r\n\t\t\t\t<\/div>\r\n\r\n\t\t\t\t\t\t<div style=\"clear: both;\"><\/div><\/div><div class=\"slideshow_view\">\r\n\t\t\t\t<div class=\"slideshow_slide slideshow_slide_image\">\r\n\t\t\t\t\t\t\t\t\t\t\t<img src=\"https:\/\/agora.xtec.cat\/zer-montsec\/wp-content\/uploads\/usu473\/2021\/12\/1640729161226.jpg\" alt=\"1640729161226\" width=\"1200\" height=\"1600\" \/>\r\n\t\t\t\t\t\t\t\t\t\t<div class=\"slideshow_description_box slideshow_transparent\">\r\n\t\t\t\t\t\t<div class=\"slideshow_title\">1640729161226<\/div>\t\t\t\t\t\t\t\t\t\t\t<\/div>\r\n\t\t\t\t<\/div>\r\n\r\n\t\t\t\t\t\t<div style=\"clear: both;\"><\/div><\/div><div class=\"slideshow_view\">\r\n\t\t\t\t<div class=\"slideshow_slide slideshow_slide_image\">\r\n\t\t\t\t\t\t\t\t\t\t\t<img src=\"https:\/\/agora.xtec.cat\/zer-montsec\/wp-content\/uploads\/usu473\/2021\/12\/1640729161251.jpg\" alt=\"1640729161251\" width=\"1600\" height=\"1200\" \/>\r\n\t\t\t\t\t\t\t\t\t\t<div class=\"slideshow_description_box slideshow_transparent\">\r\n\t\t\t\t\t\t<div class=\"slideshow_title\">1640729161251<\/div>\t\t\t\t\t\t\t\t\t\t\t<\/div>\r\n\t\t\t\t<\/div>\r\n\r\n\t\t\t\t\t\t<div style=\"clear: both;\"><\/div><\/div><div class=\"slideshow_view\">\r\n\t\t\t\t<div class=\"slideshow_slide slideshow_slide_image\">\r\n\t\t\t\t\t\t\t\t\t\t\t<img src=\"https:\/\/agora.xtec.cat\/zer-montsec\/wp-content\/uploads\/usu473\/2021\/12\/1640729161194.jpg\" alt=\"1640729161194\" width=\"1200\" height=\"1600\" \/>\r\n\t\t\t\t\t\t\t\t\t\t<div class=\"slideshow_description_box slideshow_transparent\">\r\n\t\t\t\t\t\t<div class=\"slideshow_title\">1640729161194<\/div>\t\t\t\t\t\t\t\t\t\t\t<\/div>\r\n\t\t\t\t<\/div>\r\n\r\n\t\t\t\t\t\t<div style=\"clear: both;\"><\/div><\/div><div class=\"slideshow_view\">\r\n\t\t\t\t<div class=\"slideshow_slide slideshow_slide_image\">\r\n\t\t\t\t\t\t\t\t\t\t\t<img src=\"https:\/\/agora.xtec.cat\/zer-montsec\/wp-content\/uploads\/usu473\/2021\/12\/1640729161234.jpg\" alt=\"1640729161234\" width=\"1200\" height=\"1600\" \/>\r\n\t\t\t\t\t\t\t\t\t\t<div class=\"slideshow_description_box slideshow_transparent\">\r\n\t\t\t\t\t\t<div class=\"slideshow_title\">1640729161234<\/div>\t\t\t\t\t\t\t\t\t\t\t<\/div>\r\n\t\t\t\t<\/div>\r\n\r\n\t\t\t\t\t\t<div style=\"clear: both;\"><\/div><\/div><div class=\"slideshow_view\">\r\n\t\t\t\t<div class=\"slideshow_slide slideshow_slide_image\">\r\n\t\t\t\t\t\t\t\t\t\t\t<img src=\"https:\/\/agora.xtec.cat\/zer-montsec\/wp-content\/uploads\/usu473\/2021\/12\/1640729161202.jpg\" alt=\"1640729161202\" width=\"1200\" height=\"1600\" \/>\r\n\t\t\t\t\t\t\t\t\t\t<div class=\"slideshow_description_box slideshow_transparent\">\r\n\t\t\t\t\t\t<div class=\"slideshow_title\">1640729161202<\/div>\t\t\t\t\t\t\t\t\t\t\t<\/div>\r\n\t\t\t\t<\/div>\r\n\r\n\t\t\t\t\t\t<div style=\"clear: both;\"><\/div><\/div><div class=\"slideshow_view\">\r\n\t\t\t\t<div class=\"slideshow_slide slideshow_slide_image\">\r\n\t\t\t\t\t\t\t\t\t\t\t<img src=\"https:\/\/agora.xtec.cat\/zer-montsec\/wp-content\/uploads\/usu473\/2021\/12\/1640729161186.jpg\" alt=\"1640729161186\" width=\"1024\" height=\"768\" \/>\r\n\t\t\t\t\t\t\t\t\t\t<div class=\"slideshow_description_box slideshow_transparent\">\r\n\t\t\t\t\t\t<div class=\"slideshow_title\">1640729161186<\/div>\t\t\t\t\t\t\t\t\t\t\t<\/div>\r\n\t\t\t\t<\/div>\r\n\r\n\t\t\t\t\t\t<div style=\"clear: both;\"><\/div><\/div><div class=\"slideshow_view\">\r\n\t\t\t\t<div class=\"slideshow_slide slideshow_slide_image\">\r\n\t\t\t\t\t\t\t\t\t\t\t<img src=\"https:\/\/agora.xtec.cat\/zer-montsec\/wp-content\/uploads\/usu473\/2021\/12\/1640729161178.jpg\" alt=\"1640729161178\" width=\"1024\" height=\"768\" \/>\r\n\t\t\t\t\t\t\t\t\t\t<div class=\"slideshow_description_box slideshow_transparent\">\r\n\t\t\t\t\t\t<div class=\"slideshow_title\">1640729161178<\/div>\t\t\t\t\t\t\t\t\t\t\t<\/div>\r\n\t\t\t\t<\/div>\r\n\r\n\t\t\t\t\t\t<div style=\"clear: both;\"><\/div><\/div><div class=\"slideshow_view\">\r\n\t\t\t\t<div class=\"slideshow_slide slideshow_slide_image\">\r\n\t\t\t\t\t\t\t\t\t\t\t<img src=\"https:\/\/agora.xtec.cat\/zer-montsec\/wp-content\/uploads\/usu473\/2021\/12\/1640729161243.jpg\" alt=\"1640729161243\" width=\"1200\" height=\"1600\" \/>\r\n\t\t\t\t\t\t\t\t\t\t<div class=\"slideshow_description_box slideshow_transparent\">\r\n\t\t\t\t\t\t<div class=\"slideshow_title\">1640729161243<\/div>\t\t\t\t\t\t\t\t\t\t\t<\/div>\r\n\t\t\t\t<\/div>\r\n\r\n\t\t\t\t\t\t<div style=\"clear: both;\"><\/div><\/div><div class=\"slideshow_view\">\r\n\t\t\t\t<div class=\"slideshow_slide slideshow_slide_image\">\r\n\t\t\t\t\t\t\t\t\t\t\t<img src=\"https:\/\/agora.xtec.cat\/zer-montsec\/wp-content\/uploads\/usu473\/2021\/12\/1640729161210.jpg\" alt=\"1640729161210\" width=\"1200\" height=\"1600\" \/>\r\n\t\t\t\t\t\t\t\t\t\t<div class=\"slideshow_description_box slideshow_transparent\">\r\n\t\t\t\t\t\t<div class=\"slideshow_title\">1640729161210<\/div>\t\t\t\t\t\t\t\t\t\t\t<\/div>\r\n\t\t\t\t<\/div>\r\n\r\n\t\t\t\t\t\t<div style=\"clear: both;\"><\/div><\/div><div class=\"slideshow_view\">\r\n\t\t\t\t<div class=\"slideshow_slide slideshow_slide_image\">\r\n\t\t\t\t\t\t\t\t\t\t\t<img src=\"https:\/\/agora.xtec.cat\/zer-montsec\/wp-content\/uploads\/usu473\/2021\/12\/1640729161158.jpg\" alt=\"1640729161158\" width=\"1600\" height=\"1200\" \/>\r\n\t\t\t\t\t\t\t\t\t\t<div class=\"slideshow_description_box slideshow_transparent\">\r\n\t\t\t\t\t\t<div class=\"slideshow_title\">1640729161158<\/div>\t\t\t\t\t\t\t\t\t\t\t<\/div>\r\n\t\t\t\t<\/div>\r\n\r\n\t\t\t\t\t\t<div style=\"clear: both;\"><\/div><\/div>\r\n\t\t<\/div>\r\n\r\n\t\t<div class=\"slideshow_controlPanel slideshow_transparent\" style=\"display: none;\"><ul><li class=\"slideshow_togglePlay\" data-play-text=\"Visualitza\" data-pause-text=\"Pausa\"><\/li><\/ul><\/div>\r\n\r\n\t\t<div class=\"slideshow_button slideshow_previous slideshow_transparent\" role=\"button\" data-previous-text=\"Anterior\" style=\"display: none;\"><\/div>\r\n\t\t<div class=\"slideshow_button slideshow_next slideshow_transparent\" role=\"button\" data-next-text=\"Seg\u00fcent\" style=\"display: none;\"><\/div>\r\n\r\n\t\t<div class=\"slideshow_pagination\" style=\"display: none;\" data-go-to-text=\"V\u00e9s a la diapositiva\"><div class=\"slideshow_pagination_center\"><\/div><\/div>\r\n\r\n\t\t<!-- WordPress Slideshow Version 2.3.1 -->\r\n\r\n\t\t\t<\/div>\r\n\r\n\n<p>&nbsp;<\/p>\n<\/div>\n<\/div>\n<p>&nbsp;<\/p>\n","protected":false},"excerpt":{"rendered":"<p>&nbsp; ACTIVITATS DEL CURS 2025- 2026 OS DE BALAGUER P\u00e0del iniciaci\u00f3 P\u00e0del principiants P\u00e0del perfeccionament Divendres &#8211; 17:00h a 18:00h Divendres &#8211; 18:00 a 19:00h Divendres &#8211; 19:00h a 20:00h LES AVELLANES Escalada iniciaci\u00f3 Escalada perfeccionament Dimarts &#8211; 17:15h a 18:15h Dijous &#8211; 17:15h a 18:15h \u00c0GER Multiesports Dijous &#8211; 17:00h a 18:00h &nbsp; PREMIS [&hellip;]<\/p>\n","protected":false},"author":1,"featured_media":0,"parent":0,"menu_order":0,"comment_status":"closed","ping_status":"closed","template":"","meta":{"_bbp_topic_count":0,"_bbp_reply_count":0,"_bbp_total_topic_count":0,"_bbp_total_reply_count":0,"_bbp_voice_count":0,"_bbp_anonymous_reply_count":0,"_bbp_topic_count_hidden":0,"_bbp_reply_count_hidden":0,"_bbp_forum_subforum_count":0,"site-sidebar-layout":"default","site-content-layout":"","ast-site-content-layout":"","site-content-style":"default","site-sidebar-style":"default","ast-global-header-display":"","ast-banner-title-visibility":"","ast-main-header-display":"","ast-hfb-above-header-display":"","ast-hfb-below-header-display":"","ast-hfb-mobile-header-display":"","site-post-title":"","ast-breadcrumbs-content":"","ast-featured-img":"","footer-sml-layout":"","theme-transparent-header-meta":"","adv-header-id-meta":"","stick-header-meta":"","header-above-stick-meta":"","header-main-stick-meta":"","header-below-stick-meta":"","astra-migrate-meta-layouts":"default","ast-page-background-enabled":"default","ast-page-background-meta":{"desktop":{"background-color":"var(--ast-global-color-4)","background-image":"","background-repeat":"repeat","background-position":"center center","background-size":"auto","background-attachment":"scroll","background-type":"","background-media":"","overlay-type":"","overlay-color":"","overlay-opacity":"","overlay-gradient":""},"tablet":{"background-color":"","background-image":"","background-repeat":"repeat","background-position":"center center","background-size":"auto","background-attachment":"scroll","background-type":"","background-media":"","overlay-type":"","overlay-color":"","overlay-opacity":"","overlay-gradient":""},"mobile":{"background-color":"","background-image":"","background-repeat":"repeat","background-position":"center center","background-size":"auto","background-attachment":"scroll","background-type":"","background-media":"","overlay-type":"","overlay-color":"","overlay-opacity":"","overlay-gradient":""}},"ast-content-background-meta":{"desktop":{"background-color":"var(--ast-global-color-5)","background-image":"","background-repeat":"repeat","background-position":"center center","background-size":"auto","background-attachment":"scroll","background-type":"","background-media":"","overlay-type":"","overlay-color":"","overlay-opacity":"","overlay-gradient":""},"tablet":{"background-color":"var(--ast-global-color-5)","background-image":"","background-repeat":"repeat","background-position":"center center","background-size":"auto","background-attachment":"scroll","background-type":"","background-media":"","overlay-type":"","overlay-color":"","overlay-opacity":"","overlay-gradient":""},"mobile":{"background-color":"var(--ast-global-color-5)","background-image":"","background-repeat":"repeat","background-position":"center center","background-size":"auto","background-attachment":"scroll","background-type":"","background-media":"","overlay-type":"","overlay-color":"","overlay-opacity":"","overlay-gradient":""}},"footnotes":""},"class_list":["post-2599","page","type-page","status-publish","hentry"],"post_mailing_queue_ids":[],"_links":{"self":[{"href":"https:\/\/agora.xtec.cat\/zer-montsec\/wp-json\/wp\/v2\/pages\/2599","targetHints":{"allow":["GET"]}}],"collection":[{"href":"https:\/\/agora.xtec.cat\/zer-montsec\/wp-json\/wp\/v2\/pages"}],"about":[{"href":"https:\/\/agora.xtec.cat\/zer-montsec\/wp-json\/wp\/v2\/types\/page"}],"author":[{"embeddable":true,"href":"https:\/\/agora.xtec.cat\/zer-montsec\/wp-json\/wp\/v2\/users\/1"}],"replies":[{"embeddable":true,"href":"https:\/\/agora.xtec.cat\/zer-montsec\/wp-json\/wp\/v2\/comments?post=2599"}],"version-history":[{"count":6,"href":"https:\/\/agora.xtec.cat\/zer-montsec\/wp-json\/wp\/v2\/pages\/2599\/revisions"}],"predecessor-version":[{"id":4003,"href":"https:\/\/agora.xtec.cat\/zer-montsec\/wp-json\/wp\/v2\/pages\/2599\/revisions\/4003"}],"wp:attachment":[{"href":"https:\/\/agora.xtec.cat\/zer-montsec\/wp-json\/wp\/v2\/media?parent=2599"}],"curies":[{"name":"wp","href":"https:\/\/api.w.org\/{rel}","templated":true}]}}