{"id":2585,"date":"2019-03-04T16:27:02","date_gmt":"2019-03-04T15:27:02","guid":{"rendered":"http:\/\/agora.xtec.cat\/zer-montsec\/?page_id=2585"},"modified":"2023-07-05T12:14:33","modified_gmt":"2023-07-05T10:14:33","slug":"aee-zer-el-montsec","status":"publish","type":"page","link":"https:\/\/agora.xtec.cat\/zer-montsec\/aee-zer-el-montsec\/","title":{"rendered":"AEE ZER El Montsec"},"content":{"rendered":"<p>L&#8217;Associaci\u00f3 Esportiva Escolar ZER El Montsec es va constituir l&#8217;any 2010 que la ZER El Montsec va entrar a formar part del programa Pla Catal\u00e0 de l&#8217;Esport a l&#8217;Escola.<\/p>\n<p><a href=\"https:\/\/agora.xtec.cat\/zer-montsec\/wp-content\/uploads\/usu473\/2019\/03\/logo-Pla-Catal\u00e0-Esport-Escola.jpg\"><img loading=\"lazy\" decoding=\"async\" class=\"aligncenter wp-image-2588\" src=\"https:\/\/agora.xtec.cat\/zer-montsec\/wp-content\/uploads\/usu473\/2019\/03\/logo-Pla-Catal\u00e0-Esport-Escola-300x205.jpg\" alt=\"\" width=\"239\" height=\"163\" srcset=\"https:\/\/agora.xtec.cat\/zer-montsec\/wp-content\/uploads\/usu473\/2019\/03\/logo-Pla-Catal\u00e0-Esport-Escola-300x205.jpg 300w, https:\/\/agora.xtec.cat\/zer-montsec\/wp-content\/uploads\/usu473\/2019\/03\/logo-Pla-Catal\u00e0-Esport-Escola.jpg 354w\" sizes=\"auto, (max-width: 239px) 100vw, 239px\" \/><\/a><\/p>\n<div>\n<div>\n<p id=\"E173\"><span id=\"E174\">Els objectius de<\/span><span id=\"E175\">l Pla Catal\u00e0 d\u2019Esport a l\u2019Escola i en concret de les Associacions Esportives s\u00f3n:<\/span><\/p>\n<ul>\n<li id=\"E176\" class=\"qowt-li-0_0 qowt-list qowt-stl-Prrafodelista\"><span id=\"E177\">Fomentar <\/span><span id=\"E178\">la participaci\u00f3 dels alumnes a l<\/span><span id=\"E179\">es activitats f\u00edsiques esportives fora d\u2019horari lectiu.<\/span><\/li>\n<li id=\"E180\" class=\"qowt-li-0_0 qowt-list qowt-stl-Prrafodelista\"><span id=\"E181\">Aprofitar el gran potencial educatiu i formatiu de les activitats f\u00edsiques esportives, cercant la participaci\u00f3 per damunt de la competitivitat.<\/span><\/li>\n<li id=\"E182\" class=\"qowt-li-0_0 qowt-list qowt-stl-Prrafodelista\"><span id=\"E183\">Potenciar la funci\u00f3 integradora i de cohesi\u00f3 social de les activitats f\u00edsiques esportives.<\/span><\/li>\n<li id=\"E184\" class=\"qowt-li-0_0 qowt-list qowt-stl-Prrafodelista\"><span id=\"E185\">Contribuir mitjan\u00e7ant la pr\u00e0ctica esportiva a la formaci\u00f3 en valors dels nostres alumnes.<\/span><\/li>\n<li id=\"E186\" class=\"qowt-li-0_0 qowt-list qowt-stl-Prrafodelista\"><span id=\"E187\">Fomentar la pr\u00e0ctica regular de l\u2019activitat f\u00edsiques i esportives i l\u2019adquisici\u00f3 d\u2019h\u00e0bits saludables que contribueixen a un millor benestar.<\/span><\/li>\n<li id=\"E188\" class=\"qowt-li-0_0 qowt-list qowt-stl-Prrafodelista\"><span id=\"E189\">Formar a joves en valors ciutadans mitjan\u00e7ant la seva participaci\u00f3 activa en la gesti\u00f3 de les AEE.<\/span><\/li>\n<\/ul>\n<\/div>\n<\/div>\n<p>&nbsp;<\/p>\n","protected":false},"excerpt":{"rendered":"<p>L&#8217;Associaci\u00f3 Esportiva Escolar ZER El Montsec es va constituir l&#8217;any 2010 que la ZER El Montsec va entrar a formar part del programa Pla Catal\u00e0 de l&#8217;Esport a l&#8217;Escola. Els objectius del Pla Catal\u00e0 d\u2019Esport a l\u2019Escola i en concret de les Associacions Esportives s\u00f3n: Fomentar la participaci\u00f3 dels alumnes a les activitats f\u00edsiques esportives [&hellip;]<\/p>\n","protected":false},"author":1,"featured_media":0,"parent":0,"menu_order":0,"comment_status":"closed","ping_status":"closed","template":"","meta":{"_bbp_topic_count":0,"_bbp_reply_count":0,"_bbp_total_topic_count":0,"_bbp_total_reply_count":0,"_bbp_voice_count":0,"_bbp_anonymous_reply_count":0,"_bbp_topic_count_hidden":0,"_bbp_reply_count_hidden":0,"_bbp_forum_subforum_count":0,"site-sidebar-layout":"default","site-content-layout":"","ast-site-content-layout":"","site-content-style":"default","site-sidebar-style":"default","ast-global-header-display":"","ast-banner-title-visibility":"","ast-main-header-display":"","ast-hfb-above-header-display":"","ast-hfb-below-header-display":"","ast-hfb-mobile-header-display":"","site-post-title":"","ast-breadcrumbs-content":"","ast-featured-img":"","footer-sml-layout":"","theme-transparent-header-meta":"","adv-header-id-meta":"","stick-header-meta":"","header-above-stick-meta":"","header-main-stick-meta":"","header-below-stick-meta":"","astra-migrate-meta-layouts":"default","ast-page-background-enabled":"default","ast-page-background-meta":{"desktop":{"background-color":"var(--ast-global-color-4)","background-image":"","background-repeat":"repeat","background-position":"center center","background-size":"auto","background-attachment":"scroll","background-type":"","background-media":"","overlay-type":"","overlay-color":"","overlay-opacity":"","overlay-gradient":""},"tablet":{"background-color":"","background-image":"","background-repeat":"repeat","background-position":"center center","background-size":"auto","background-attachment":"scroll","background-type":"","background-media":"","overlay-type":"","overlay-color":"","overlay-opacity":"","overlay-gradient":""},"mobile":{"background-color":"","background-image":"","background-repeat":"repeat","background-position":"center center","background-size":"auto","background-attachment":"scroll","background-type":"","background-media":"","overlay-type":"","overlay-color":"","overlay-opacity":"","overlay-gradient":""}},"ast-content-background-meta":{"desktop":{"background-color":"var(--ast-global-color-5)","background-image":"","background-repeat":"repeat","background-position":"center center","background-size":"auto","background-attachment":"scroll","background-type":"","background-media":"","overlay-type":"","overlay-color":"","overlay-opacity":"","overlay-gradient":""},"tablet":{"background-color":"var(--ast-global-color-5)","background-image":"","background-repeat":"repeat","background-position":"center center","background-size":"auto","background-attachment":"scroll","background-type":"","background-media":"","overlay-type":"","overlay-color":"","overlay-opacity":"","overlay-gradient":""},"mobile":{"background-color":"var(--ast-global-color-5)","background-image":"","background-repeat":"repeat","background-position":"center center","background-size":"auto","background-attachment":"scroll","background-type":"","background-media":"","overlay-type":"","overlay-color":"","overlay-opacity":"","overlay-gradient":""}},"footnotes":""},"class_list":["post-2585","page","type-page","status-publish","hentry"],"post_mailing_queue_ids":[],"_links":{"self":[{"href":"https:\/\/agora.xtec.cat\/zer-montsec\/wp-json\/wp\/v2\/pages\/2585","targetHints":{"allow":["GET"]}}],"collection":[{"href":"https:\/\/agora.xtec.cat\/zer-montsec\/wp-json\/wp\/v2\/pages"}],"about":[{"href":"https:\/\/agora.xtec.cat\/zer-montsec\/wp-json\/wp\/v2\/types\/page"}],"author":[{"embeddable":true,"href":"https:\/\/agora.xtec.cat\/zer-montsec\/wp-json\/wp\/v2\/users\/1"}],"replies":[{"embeddable":true,"href":"https:\/\/agora.xtec.cat\/zer-montsec\/wp-json\/wp\/v2\/comments?post=2585"}],"version-history":[{"count":4,"href":"https:\/\/agora.xtec.cat\/zer-montsec\/wp-json\/wp\/v2\/pages\/2585\/revisions"}],"predecessor-version":[{"id":3746,"href":"https:\/\/agora.xtec.cat\/zer-montsec\/wp-json\/wp\/v2\/pages\/2585\/revisions\/3746"}],"wp:attachment":[{"href":"https:\/\/agora.xtec.cat\/zer-montsec\/wp-json\/wp\/v2\/media?parent=2585"}],"curies":[{"name":"wp","href":"https:\/\/api.w.org\/{rel}","templated":true}]}}