{"id":1866,"date":"2018-01-29T00:36:36","date_gmt":"2018-01-28T23:36:36","guid":{"rendered":"http:\/\/agora.xtec.cat\/zer-montsec\/?page_id=1866"},"modified":"2018-01-31T17:13:26","modified_gmt":"2018-01-31T16:13:26","slug":"25-anys-de-la-zer-el-montsec","status":"publish","type":"page","link":"https:\/\/agora.xtec.cat\/zer-montsec\/25-anys-de-la-zer-el-montsec\/","title":{"rendered":"25 anys de la ZER El Montsec"},"content":{"rendered":"<p>25 anys estan plens de grans an\u00e8cdotes, records i moments inoblidables, heus aqu\u00ed una petita mostra&#8230;<\/p>\n<p><iframe loading=\"lazy\" src=\"https:\/\/www.youtube.com\/embed\/nBavsLY1Xmc\" width=\"560\" height=\"315\" frameborder=\"0\" allowfullscreen=\"allowfullscreen\"><\/iframe><\/p>\n<p>Si a alg\u00fa li interessen fotos d&#8217;aquests 25 anys es pot posar en contacte amb nosaltres al correu electr\u00f2nic: <a href=\"mailto:c5007840@xtec.cat\" target=\"_blank\" rel=\"noopener noreferrer\"><em>c5007840@xtec.cat<\/em><\/a><\/p>\n","protected":false},"excerpt":{"rendered":"<p>25 anys estan plens de grans an\u00e8cdotes, records i moments inoblidables, heus aqu\u00ed una petita mostra&#8230; Si a alg\u00fa li interessen fotos d&#8217;aquests 25 anys es pot posar en contacte amb nosaltres al correu electr\u00f2nic: c5007840@xtec.cat<\/p>\n","protected":false},"author":1,"featured_media":0,"parent":0,"menu_order":0,"comment_status":"closed","ping_status":"closed","template":"","meta":{"_bbp_topic_count":0,"_bbp_reply_count":0,"_bbp_total_topic_count":0,"_bbp_total_reply_count":0,"_bbp_voice_count":0,"_bbp_anonymous_reply_count":0,"_bbp_topic_count_hidden":0,"_bbp_reply_count_hidden":0,"_bbp_forum_subforum_count":0,"site-sidebar-layout":"default","site-content-layout":"","ast-site-content-layout":"","site-content-style":"default","site-sidebar-style":"default","ast-global-header-display":"","ast-banner-title-visibility":"","ast-main-header-display":"","ast-hfb-above-header-display":"","ast-hfb-below-header-display":"","ast-hfb-mobile-header-display":"","site-post-title":"","ast-breadcrumbs-content":"","ast-featured-img":"","footer-sml-layout":"","theme-transparent-header-meta":"","adv-header-id-meta":"","stick-header-meta":"","header-above-stick-meta":"","header-main-stick-meta":"","header-below-stick-meta":"","astra-migrate-meta-layouts":"default","ast-page-background-enabled":"default","ast-page-background-meta":{"desktop":{"background-color":"var(--ast-global-color-4)","background-image":"","background-repeat":"repeat","background-position":"center center","background-size":"auto","background-attachment":"scroll","background-type":"","background-media":"","overlay-type":"","overlay-color":"","overlay-opacity":"","overlay-gradient":""},"tablet":{"background-color":"","background-image":"","background-repeat":"repeat","background-position":"center center","background-size":"auto","background-attachment":"scroll","background-type":"","background-media":"","overlay-type":"","overlay-color":"","overlay-opacity":"","overlay-gradient":""},"mobile":{"background-color":"","background-image":"","background-repeat":"repeat","background-position":"center center","background-size":"auto","background-attachment":"scroll","background-type":"","background-media":"","overlay-type":"","overlay-color":"","overlay-opacity":"","overlay-gradient":""}},"ast-content-background-meta":{"desktop":{"background-color":"var(--ast-global-color-5)","background-image":"","background-repeat":"repeat","background-position":"center center","background-size":"auto","background-attachment":"scroll","background-type":"","background-media":"","overlay-type":"","overlay-color":"","overlay-opacity":"","overlay-gradient":""},"tablet":{"background-color":"var(--ast-global-color-5)","background-image":"","background-repeat":"repeat","background-position":"center center","background-size":"auto","background-attachment":"scroll","background-type":"","background-media":"","overlay-type":"","overlay-color":"","overlay-opacity":"","overlay-gradient":""},"mobile":{"background-color":"var(--ast-global-color-5)","background-image":"","background-repeat":"repeat","background-position":"center center","background-size":"auto","background-attachment":"scroll","background-type":"","background-media":"","overlay-type":"","overlay-color":"","overlay-opacity":"","overlay-gradient":""}},"footnotes":""},"class_list":["post-1866","page","type-page","status-publish","hentry"],"post_mailing_queue_ids":[],"_links":{"self":[{"href":"https:\/\/agora.xtec.cat\/zer-montsec\/wp-json\/wp\/v2\/pages\/1866","targetHints":{"allow":["GET"]}}],"collection":[{"href":"https:\/\/agora.xtec.cat\/zer-montsec\/wp-json\/wp\/v2\/pages"}],"about":[{"href":"https:\/\/agora.xtec.cat\/zer-montsec\/wp-json\/wp\/v2\/types\/page"}],"author":[{"embeddable":true,"href":"https:\/\/agora.xtec.cat\/zer-montsec\/wp-json\/wp\/v2\/users\/1"}],"replies":[{"embeddable":true,"href":"https:\/\/agora.xtec.cat\/zer-montsec\/wp-json\/wp\/v2\/comments?post=1866"}],"version-history":[{"count":3,"href":"https:\/\/agora.xtec.cat\/zer-montsec\/wp-json\/wp\/v2\/pages\/1866\/revisions"}],"predecessor-version":[{"id":1878,"href":"https:\/\/agora.xtec.cat\/zer-montsec\/wp-json\/wp\/v2\/pages\/1866\/revisions\/1878"}],"wp:attachment":[{"href":"https:\/\/agora.xtec.cat\/zer-montsec\/wp-json\/wp\/v2\/media?parent=1866"}],"curies":[{"name":"wp","href":"https:\/\/api.w.org\/{rel}","templated":true}]}}