{"id":1796,"date":"2018-01-24T16:54:27","date_gmt":"2018-01-24T15:54:27","guid":{"rendered":"http:\/\/agora.xtec.cat\/zer-montsec\/?page_id=1796"},"modified":"2018-01-28T10:10:41","modified_gmt":"2018-01-28T09:10:41","slug":"escola-adopta-un-monument","status":"publish","type":"page","link":"https:\/\/agora.xtec.cat\/zer-montsec\/projectes-educatius\/escola-adopta-un-monument\/","title":{"rendered":"Escola Adopta un Monument"},"content":{"rendered":"<p>Amb el Projecte l\u2019<strong>Escola Adopta un monument<\/strong> es pretenia l\u2019aprofitament did\u00e0ctic del patrimoni cultural, i especialment (malgrat que no exclusivament) el material que pot definir-se com a punt de converg\u00e8ncia d\u2019aprenentatges de diverses \u00e0rees de coneixement beneficiant-se de la transversalitat de les habilitats procedimentals i instrumentals inherents a l\u2019estudi dels elements hist\u00f2rics materials.<span data-ccp-props=\"{&quot;335551550&quot;:6,&quot;335551620&quot;:6,&quot;335559740&quot;:360}\">\u00a0<\/span><\/p>\n<p>Durant cinc cursos es van estudiar alguns dels monuments m\u00e9s emblem\u00e0tics de cada poble per relacionar-ho amb les diferents \u00e8poques de la hist\u00f2ria:<span data-ccp-props=\"{&quot;335551550&quot;:6,&quot;335551620&quot;:6,&quot;335559740&quot;:360}\"><br \/>\n<\/span><\/p>\n<ul>\n<li data-leveltext=\"\uf0b7\" data-font=\"Symbol\" data-listid=\"28\" data-aria-posinset=\"1\" data-aria-level=\"1\"><strong>\u00c0ger<\/strong> &#8211; <em>La via romana (M\u00f3n rom\u00e0)<\/em>.<span data-ccp-props=\"{&quot;335551550&quot;:6,&quot;335551620&quot;:6,&quot;335559740&quot;:360}\">\u00a0 Curs 2008 \/ 2009<br \/>\n<\/span><\/li>\n<li data-leveltext=\"\uf0b7\" data-font=\"Symbol\" data-listid=\"28\" data-aria-posinset=\"2\" data-aria-level=\"1\"><strong>Tartareu<\/strong> &#8211;\u00a0<em> El castell de Tartareu<\/em> (Edat Mitjana).<span data-ccp-props=\"{&quot;335551550&quot;:6,&quot;335551620&quot;:6,&quot;335559740&quot;:360}\"> Curs 2010 \/ 2011<br \/>\n<\/span><\/li>\n<li data-leveltext=\"\uf0b7\" data-font=\"Symbol\" data-listid=\"28\" data-aria-posinset=\"3\" data-aria-level=\"1\"><strong>Les Avellanes<\/strong> &#8211; <em>El Monestir de les Avellanes<\/em> (Edat Mitjana) Curs 2010 \/ 2011<span data-ccp-props=\"{&quot;335551550&quot;:6,&quot;335551620&quot;:6,&quot;335559740&quot;:360}\"> i la <\/span>Cova Gran (La Prehist\u00f2ria).<span data-ccp-props=\"{&quot;335551550&quot;:6,&quot;335551620&quot;:6,&quot;335559740&quot;:360}\"> Curs 2011 \/ 2012<br \/>\n<\/span><\/li>\n<\/ul>\n<ul>\n<li data-leveltext=\"\uf0b7\" data-font=\"Symbol\" data-listid=\"29\" data-aria-posinset=\"1\" data-aria-level=\"1\"><strong>Os de Balaguer<\/strong> &#8211; <em>Cova dels Vilars<\/em> (La Prehist\u00f2ria) Curs 2007 \/ 2008 i El castell d\u2019Os de Balaguer (Edat Moderna).<span data-ccp-props=\"{&quot;335551550&quot;:6,&quot;335551620&quot;:6,&quot;335559740&quot;:360}\">\u00a0 Curs 2007 \/ 2008<br \/>\n<\/span><\/li>\n<\/ul>\n<ul>\n<li data-leveltext=\"\uf0b7\" data-font=\"Symbol\" data-listid=\"29\" data-aria-posinset=\"2\" data-aria-level=\"1\"><strong>Gerb<\/strong> &#8211;\u00a0 <em>La Necr\u00f2polis de la Colomina<\/em> (Els ibers \u2013 Edat Antiga) Curs 2009 \/ 2010 i les <em>Trinxeres<\/em> (Edat Contempor\u00e0nia).<span data-ccp-props=\"{&quot;335551550&quot;:6,&quot;335551620&quot;:6,&quot;335559740&quot;:360}\">\u00a0<\/span><\/li>\n<\/ul>\n\r\n\t<div class=\"slideshow_container slideshow_container_style-light\" style=\"height: 600px; \" data-slideshow-id=\"1815\" data-style-name=\"style-light\" data-style-version=\"2.3.1\" >\r\n\r\n\t\t\t\t\t<div class=\"slideshow_loading_icon\"><\/div>\r\n\t\t\r\n\t\t<div class=\"slideshow_content\" style=\"display: none;\">\r\n\r\n\t\t\t<div class=\"slideshow_view\">\t<div style=\"clear: both;\"><\/div><\/div><div class=\"slideshow_view\">\t<div style=\"clear: both;\"><\/div><\/div><div class=\"slideshow_view\">\t<div style=\"clear: both;\"><\/div><\/div><div class=\"slideshow_view\">\t<div style=\"clear: both;\"><\/div><\/div><div class=\"slideshow_view\">\t<div style=\"clear: both;\"><\/div><\/div><div class=\"slideshow_view\">\t<div style=\"clear: both;\"><\/div><\/div><div class=\"slideshow_view\">\t<div style=\"clear: both;\"><\/div><\/div><div class=\"slideshow_view\">\t<div style=\"clear: both;\"><\/div><\/div><div class=\"slideshow_view\">\t<div style=\"clear: both;\"><\/div><\/div><div class=\"slideshow_view\">\t<div style=\"clear: both;\"><\/div><\/div><div class=\"slideshow_view\">\t<div style=\"clear: both;\"><\/div><\/div><div class=\"slideshow_view\">\t<div style=\"clear: both;\"><\/div><\/div><div class=\"slideshow_view\">\t<div style=\"clear: both;\"><\/div><\/div>\r\n\t\t<\/div>\r\n\r\n\t\t<div class=\"slideshow_controlPanel slideshow_transparent\" style=\"display: none;\"><ul><li class=\"slideshow_togglePlay\" data-play-text=\"Visualitza\" data-pause-text=\"Pausa\"><\/li><\/ul><\/div>\r\n\r\n\t\t<div class=\"slideshow_button slideshow_previous slideshow_transparent\" role=\"button\" data-previous-text=\"Anterior\" style=\"display: none;\"><\/div>\r\n\t\t<div class=\"slideshow_button slideshow_next slideshow_transparent\" role=\"button\" data-next-text=\"Seg\u00fcent\" style=\"display: none;\"><\/div>\r\n\r\n\t\t<div class=\"slideshow_pagination\" style=\"display: none;\" data-go-to-text=\"V\u00e9s a la diapositiva\"><div class=\"slideshow_pagination_center\"><\/div><\/div>\r\n\r\n\t\t<!-- WordPress Slideshow Version 2.3.1 -->\r\n\r\n\t\t\t<\/div>\r\n\r\n\n","protected":false},"excerpt":{"rendered":"<p>Amb el Projecte l\u2019Escola Adopta un monument es pretenia l\u2019aprofitament did\u00e0ctic del patrimoni cultural, i especialment (malgrat que no exclusivament) el material que pot definir-se com a punt de converg\u00e8ncia d\u2019aprenentatges de diverses \u00e0rees de coneixement beneficiant-se de la transversalitat de les habilitats procedimentals i instrumentals inherents a l\u2019estudi dels elements hist\u00f2rics materials.\u00a0 Durant cinc [&hellip;]<\/p>\n","protected":false},"author":1,"featured_media":0,"parent":877,"menu_order":0,"comment_status":"closed","ping_status":"closed","template":"page-templates\/side-menu.php","meta":{"_bbp_topic_count":0,"_bbp_reply_count":0,"_bbp_total_topic_count":0,"_bbp_total_reply_count":0,"_bbp_voice_count":0,"_bbp_anonymous_reply_count":0,"_bbp_topic_count_hidden":0,"_bbp_reply_count_hidden":0,"_bbp_forum_subforum_count":0,"site-sidebar-layout":"default","site-content-layout":"","ast-site-content-layout":"","site-content-style":"default","site-sidebar-style":"default","ast-global-header-display":"","ast-banner-title-visibility":"","ast-main-header-display":"","ast-hfb-above-header-display":"","ast-hfb-below-header-display":"","ast-hfb-mobile-header-display":"","site-post-title":"","ast-breadcrumbs-content":"","ast-featured-img":"","footer-sml-layout":"","theme-transparent-header-meta":"","adv-header-id-meta":"","stick-header-meta":"","header-above-stick-meta":"","header-main-stick-meta":"","header-below-stick-meta":"","astra-migrate-meta-layouts":"default","ast-page-background-enabled":"default","ast-page-background-meta":{"desktop":{"background-color":"var(--ast-global-color-4)","background-image":"","background-repeat":"repeat","background-position":"center center","background-size":"auto","background-attachment":"scroll","background-type":"","background-media":"","overlay-type":"","overlay-color":"","overlay-opacity":"","overlay-gradient":""},"tablet":{"background-color":"","background-image":"","background-repeat":"repeat","background-position":"center center","background-size":"auto","background-attachment":"scroll","background-type":"","background-media":"","overlay-type":"","overlay-color":"","overlay-opacity":"","overlay-gradient":""},"mobile":{"background-color":"","background-image":"","background-repeat":"repeat","background-position":"center center","background-size":"auto","background-attachment":"scroll","background-type":"","background-media":"","overlay-type":"","overlay-color":"","overlay-opacity":"","overlay-gradient":""}},"ast-content-background-meta":{"desktop":{"background-color":"var(--ast-global-color-5)","background-image":"","background-repeat":"repeat","background-position":"center center","background-size":"auto","background-attachment":"scroll","background-type":"","background-media":"","overlay-type":"","overlay-color":"","overlay-opacity":"","overlay-gradient":""},"tablet":{"background-color":"var(--ast-global-color-5)","background-image":"","background-repeat":"repeat","background-position":"center center","background-size":"auto","background-attachment":"scroll","background-type":"","background-media":"","overlay-type":"","overlay-color":"","overlay-opacity":"","overlay-gradient":""},"mobile":{"background-color":"var(--ast-global-color-5)","background-image":"","background-repeat":"repeat","background-position":"center center","background-size":"auto","background-attachment":"scroll","background-type":"","background-media":"","overlay-type":"","overlay-color":"","overlay-opacity":"","overlay-gradient":""}},"footnotes":""},"class_list":["post-1796","page","type-page","status-publish","hentry"],"post_mailing_queue_ids":[],"_links":{"self":[{"href":"https:\/\/agora.xtec.cat\/zer-montsec\/wp-json\/wp\/v2\/pages\/1796","targetHints":{"allow":["GET"]}}],"collection":[{"href":"https:\/\/agora.xtec.cat\/zer-montsec\/wp-json\/wp\/v2\/pages"}],"about":[{"href":"https:\/\/agora.xtec.cat\/zer-montsec\/wp-json\/wp\/v2\/types\/page"}],"author":[{"embeddable":true,"href":"https:\/\/agora.xtec.cat\/zer-montsec\/wp-json\/wp\/v2\/users\/1"}],"replies":[{"embeddable":true,"href":"https:\/\/agora.xtec.cat\/zer-montsec\/wp-json\/wp\/v2\/comments?post=1796"}],"version-history":[{"count":3,"href":"https:\/\/agora.xtec.cat\/zer-montsec\/wp-json\/wp\/v2\/pages\/1796\/revisions"}],"predecessor-version":[{"id":1816,"href":"https:\/\/agora.xtec.cat\/zer-montsec\/wp-json\/wp\/v2\/pages\/1796\/revisions\/1816"}],"up":[{"embeddable":true,"href":"https:\/\/agora.xtec.cat\/zer-montsec\/wp-json\/wp\/v2\/pages\/877"}],"wp:attachment":[{"href":"https:\/\/agora.xtec.cat\/zer-montsec\/wp-json\/wp\/v2\/media?parent=1796"}],"curies":[{"name":"wp","href":"https:\/\/api.w.org\/{rel}","templated":true}]}}