{"id":63,"date":"2014-09-18T10:06:31","date_gmt":"2014-09-18T10:06:31","guid":{"rendered":"http:\/\/agora.xtec.cat\/zer-mediterrania\/?page_id=63"},"modified":"2025-11-18T15:28:31","modified_gmt":"2025-11-18T14:28:31","slug":"serveis","status":"publish","type":"page","link":"https:\/\/agora.xtec.cat\/zer-mediterrania\/zer\/serveis\/","title":{"rendered":"Serveis"},"content":{"rendered":"<p style=\"color: #444444;\"><strong>Escola Marjal:<\/strong><\/p>\n<p>Aquest curs estem oferint a trav\u00e9s del Pla Educatiu d&#8217;Entorn de l&#8217;Ajuntament d&#8217;Alcanar:<\/p>\n<ul>\n<li>Taller d&#8217;estudi assistit a prim\u00e0ria: Dimarts i dimecres de 16.30h a 17.30h.<\/li>\n<li>Radio Marjal (6\u00e8): Divendres de 12.30h a 13.30h.<\/li>\n<li>Activitat del 3r dijous de mes, a tot l&#8217;alumnat de l&#8217;escola Marjal.<\/li>\n<\/ul>\n<p>Des del Pla Catal\u00e0 de l&#8217;Esport a l&#8217;escola oferim b\u00e0squet, tennis i sportEnglish.<\/p>\n<p>&nbsp;<\/p>\n<p><strong>Poble Nou del Delta:<\/strong><\/p>\n<p>Espai de menjador &#8211; Pla \u00fas de la carmanyola:\u00a0<span style=\"font-weight: 400;\">En horari de 12:30 a 14:30, l\u2019escola disposa d\u2019un espai a l\u2019exterior degudament condicionat el curs actual per l\u2019Ajuntament d\u2019Amposta amb uns tendals transparents que ens permeten molta visibilitat i connexi\u00f3 amb l\u2019entorn i ens protegeixen del vent i l\u2019espai queda aclimatat, a m\u00e9s a m\u00e9s de qu\u00e8 disposem de calefacci\u00f3 per als dies de m\u00e9s fred, aix\u00ed l<\/span><span style=\"font-weight: 400;\">&#8216;alumnat es pot quedar a dinar portant-se la carmanyola de casa. Disposem de monitora de menjador que est\u00e0 amb els infants durant l\u2019hora de dinar i l\u2019espai de joc.<\/span><\/p>\n<p><span style=\"font-weight: 400;\">El curs 20-21 hem engegat un Taller d\u2019estudi assistit\u00a0ofert a trav\u00e9s de la Regidoria d\u2019Educaci\u00f3 de l\u2019Ajuntament d\u2019Amposta, en el marc d\u2019actuacions del Pla de millora d\u2019oportunitats educatives (PMOE), per contribuir en l\u2019adquisici\u00f3 de les compet\u00e8ncies b\u00e0siques, t\u00e8cniques d\u2019estudi i habilitats socials i psicoemocionals.<\/span><\/p>\n<p><span style=\"font-weight: 400;\">El Taller es realitza els dilluns de 17:15 a 18:15h a la biblioteca del poble.<\/span><\/p>\n<p>Activitats Extraescolars: L\u2019escola, a demanda de les fam\u00edlies i en coordinaci\u00f3 amb l\u2019AFA i el Pla Catal\u00e0 de l\u2019Esport a l\u2019Escola, durant diferents anys ha organitzat activitats extraescolars, tals com: psicomotricitat, jocs tradicionals, ioga, tallers de cuina, expressi\u00f3 art\u00edstica, entre altres.<\/p>\n<p>Des de fa tres cursos que no ha sorgit la demanda de realitzar activitats extraescolars, donat que l\u2019alumnat de l\u2019Escola va als municipis m\u00e9s propers a realitzar-les: circ, dansa, psicomotricitat, gimn\u00e0stica r\u00edtmica, art, futbol, etc.<\/p>\n<p>&nbsp;<\/p>\n<p><strong>Setze de Febrer:<\/strong><\/p>\n<p><span style=\"font-weight: 400;\">El servei va comen\u00e7ar el curs 2019-2020. L&#8217;objectiu d&#8217;aquest servei \u00e9s ajudar a la conciliaci\u00f3 de la vida laboral i familiar i donar la possibilitat a les fam\u00edlies del poble de no haver de marxar a buscar altres centres on es puguin quedar els seus fills\/es a dinar, aix\u00ed com tamb\u00e9, per a facilitar a les fam\u00edlies d\u2019altres poblacions que els seus fills puguin estar-se tot el dia al centre, aspecte que pot afavorir a l\u2019augment de matr\u00edcula.\u00a0<\/span><\/p>\n<p><span style=\"font-weight: 400;\">L\u2019horari \u00e9s de 12:30 a 15:00. Una monitora cuida i vigila als infants i els prepara activitats de lleure per passar una agradable estona. <\/span><\/p>\n","protected":false},"excerpt":{"rendered":"<p>Escola Marjal: Aquest curs estem oferint a trav\u00e9s del Pla Educatiu d&#8217;Entorn de l&#8217;Ajuntament d&#8217;Alcanar: Taller d&#8217;estudi assistit a prim\u00e0ria: Dimarts i dimecres de 16.30h a 17.30h. Radio Marjal (6\u00e8): Divendres de 12.30h a 13.30h. Activitat del 3r dijous de mes, a tot l&#8217;alumnat de l&#8217;escola Marjal. Des del Pla Catal\u00e0 de l&#8217;Esport a l&#8217;escola [&hellip;]<\/p>\n","protected":false},"author":1,"featured_media":0,"parent":19,"menu_order":80,"comment_status":"closed","ping_status":"closed","template":"page-templates\/side-menu.php","meta":{"_bbp_topic_count":0,"_bbp_reply_count":0,"_bbp_total_topic_count":0,"_bbp_total_reply_count":0,"_bbp_voice_count":0,"_bbp_anonymous_reply_count":0,"_bbp_topic_count_hidden":0,"_bbp_reply_count_hidden":0,"_bbp_forum_subforum_count":0,"site-sidebar-layout":"default","site-content-layout":"","ast-site-content-layout":"","site-content-style":"default","site-sidebar-style":"default","ast-global-header-display":"","ast-banner-title-visibility":"","ast-main-header-display":"","ast-hfb-above-header-display":"","ast-hfb-below-header-display":"","ast-hfb-mobile-header-display":"","site-post-title":"","ast-breadcrumbs-content":"","ast-featured-img":"","footer-sml-layout":"","theme-transparent-header-meta":"","adv-header-id-meta":"","stick-header-meta":"","header-above-stick-meta":"","header-main-stick-meta":"","header-below-stick-meta":"","astra-migrate-meta-layouts":"default","ast-page-background-enabled":"default","ast-page-background-meta":{"desktop":{"background-color":"var(--ast-global-color-4)","background-image":"","background-repeat":"repeat","background-position":"center center","background-size":"auto","background-attachment":"scroll","background-type":"","background-media":"","overlay-type":"","overlay-color":"","overlay-opacity":"","overlay-gradient":""},"tablet":{"background-color":"","background-image":"","background-repeat":"repeat","background-position":"center center","background-size":"auto","background-attachment":"scroll","background-type":"","background-media":"","overlay-type":"","overlay-color":"","overlay-opacity":"","overlay-gradient":""},"mobile":{"background-color":"","background-image":"","background-repeat":"repeat","background-position":"center center","background-size":"auto","background-attachment":"scroll","background-type":"","background-media":"","overlay-type":"","overlay-color":"","overlay-opacity":"","overlay-gradient":""}},"ast-content-background-meta":{"desktop":{"background-color":"var(--ast-global-color-5)","background-image":"","background-repeat":"repeat","background-position":"center center","background-size":"auto","background-attachment":"scroll","background-type":"","background-media":"","overlay-type":"","overlay-color":"","overlay-opacity":"","overlay-gradient":""},"tablet":{"background-color":"var(--ast-global-color-5)","background-image":"","background-repeat":"repeat","background-position":"center center","background-size":"auto","background-attachment":"scroll","background-type":"","background-media":"","overlay-type":"","overlay-color":"","overlay-opacity":"","overlay-gradient":""},"mobile":{"background-color":"var(--ast-global-color-5)","background-image":"","background-repeat":"repeat","background-position":"center center","background-size":"auto","background-attachment":"scroll","background-type":"","background-media":"","overlay-type":"","overlay-color":"","overlay-opacity":"","overlay-gradient":""}},"footnotes":""},"class_list":["post-63","page","type-page","status-publish","hentry"],"post_mailing_queue_ids":[],"_links":{"self":[{"href":"https:\/\/agora.xtec.cat\/zer-mediterrania\/wp-json\/wp\/v2\/pages\/63","targetHints":{"allow":["GET"]}}],"collection":[{"href":"https:\/\/agora.xtec.cat\/zer-mediterrania\/wp-json\/wp\/v2\/pages"}],"about":[{"href":"https:\/\/agora.xtec.cat\/zer-mediterrania\/wp-json\/wp\/v2\/types\/page"}],"author":[{"embeddable":true,"href":"https:\/\/agora.xtec.cat\/zer-mediterrania\/wp-json\/wp\/v2\/users\/1"}],"replies":[{"embeddable":true,"href":"https:\/\/agora.xtec.cat\/zer-mediterrania\/wp-json\/wp\/v2\/comments?post=63"}],"version-history":[{"count":5,"href":"https:\/\/agora.xtec.cat\/zer-mediterrania\/wp-json\/wp\/v2\/pages\/63\/revisions"}],"predecessor-version":[{"id":5377,"href":"https:\/\/agora.xtec.cat\/zer-mediterrania\/wp-json\/wp\/v2\/pages\/63\/revisions\/5377"}],"up":[{"embeddable":true,"href":"https:\/\/agora.xtec.cat\/zer-mediterrania\/wp-json\/wp\/v2\/pages\/19"}],"wp:attachment":[{"href":"https:\/\/agora.xtec.cat\/zer-mediterrania\/wp-json\/wp\/v2\/media?parent=63"}],"curies":[{"name":"wp","href":"https:\/\/api.w.org\/{rel}","templated":true}]}}