{"id":426,"date":"2015-07-24T14:45:35","date_gmt":"2015-07-24T13:45:35","guid":{"rendered":"http:\/\/agora.xtec.cat\/zer-mediterrania\/?page_id=426"},"modified":"2023-06-29T08:08:19","modified_gmt":"2023-06-29T06:08:19","slug":"afa","status":"publish","type":"page","link":"https:\/\/agora.xtec.cat\/zer-mediterrania\/escola-marjal\/afa\/","title":{"rendered":"AFA Marjal"},"content":{"rendered":"<p><a href=\"https:\/\/agora.xtec.cat\/zer-mediterrania\/wp-content\/uploads\/usu2438\/2021\/06\/INSCRIPCIONS-A-LAFA.pdf\">INSCRIPCIONS A L&#8217;AFA<\/a><\/p>\n<p>FES-TE SOCI\/S\u00d2CIA, clica sobre: <a href=\"https:\/\/docs.google.com\/forms\/d\/e\/1FAIpQLScW_IRzEMPhPuPbQTD60Q7JkIL6rS8zilPEGyQPbgVQZiv3fA\/viewform\">EMPLENA EL FORMULARI<\/a><\/p>\n<p><a href=\"https:\/\/agora.xtec.cat\/zer-mediterrania\/wp-content\/uploads\/usu2438\/2023\/06\/AFA.png\"><img loading=\"lazy\" decoding=\"async\" class=\" wp-image-3679 aligncenter\" src=\"https:\/\/agora.xtec.cat\/zer-mediterrania\/wp-content\/uploads\/usu2438\/2023\/06\/AFA.png\" alt=\"\" width=\"747\" height=\"1050\" srcset=\"https:\/\/agora.xtec.cat\/zer-mediterrania\/wp-content\/uploads\/usu2438\/2023\/06\/AFA.png 520w, https:\/\/agora.xtec.cat\/zer-mediterrania\/wp-content\/uploads\/usu2438\/2023\/06\/AFA-213x300.png 213w\" sizes=\"auto, (max-width: 747px) 100vw, 747px\" \/><\/a><\/p>\n<p>L\u2019AFA \u00e9s l\u2019entitat que agrupa a les mares, els pares, i tutors\/es legals d\u2019alumnes de l\u2019Escola amb l&#8217;objectiu de contribuir a l\u2019educaci\u00f3 integral que reben els nostres fills i filles a l\u2019escola, col\u00b7laborant amb els diversos sectors de la comunitat educativa, i potenciant aix\u00ed la millora de la qualitat del sistema educatiu.<\/p>\n<p>\u00c9s una entitat constitu\u00efda com associaci\u00f3 sense \u00e0nim de lucre. Est\u00e0 regulada per uns estatuts i s\u2019organitza a trav\u00e9s de : La Junta Directiva i l\u2019Assemblea General.<\/p>\n<p>L\u2019objectiu fonamental de l\u2019AFA \u00e9s contribuir a la millora de la qualitat de l\u2019ensenyament que reben els nostres fills i filles.<\/p>\n<p>Algunes de les tasques que es fan s\u00f3n:<\/p>\n<ul>\n<li>Promoure la participaci\u00f3 de pares i mares dels alumnes a les celebracions: Castanyada, Nadal, xocolatada per Carnestoltes, festa fi de curs, i d\u2019altres.<\/li>\n<li>Promoure la representaci\u00f3 i la participaci\u00f3 dels pares i mares dels alumnes en el Consell Escolar.<\/li>\n<li>Col\u00b7laborar en les activitats educatives, i organitzar i gestionar les activitats extraescolars de l\u2019Escola.<\/li>\n<li>Participar en la venda de llibres el dia de Sant Jordi.<\/li>\n<\/ul>\n<h6>Qui \u00e9s de l\u2019AFA?<\/h6>\n<p>L\u2019Associaci\u00f3 est\u00e0 formada per les fam\u00edlies que s\u2019han inscrit com a s\u00f2cies.<\/p>\n<p>L\u2019actual junta est\u00e0 formada per:<\/p>\n<ul>\n<li>Presidenta: Beatriu Reverter Valls<\/li>\n<li>Secret\u00e0ria: Judith Jovani Sancho<\/li>\n<li>Tresorer: \u00d2scar Agust\u00edn Boix<\/li>\n<li>Vocals: Arantxa Garc\u00eda Garriga, Mireia Sancho Pablo, Judit Labernia Reverter, Paula Bel Gracia.<\/li>\n<\/ul>\n<h6>Contacte<\/h6>\n<ul>\n<li>Correu electr\u00f2nic: ampalescases@gmail.com<\/li>\n<\/ul>\n","protected":false},"excerpt":{"rendered":"<p>INSCRIPCIONS A L&#8217;AFA FES-TE SOCI\/S\u00d2CIA, clica sobre: EMPLENA EL FORMULARI L\u2019AFA \u00e9s l\u2019entitat que agrupa a les mares, els pares, i tutors\/es legals d\u2019alumnes de l\u2019Escola amb l&#8217;objectiu de contribuir a l\u2019educaci\u00f3 integral que reben els nostres fills i filles a l\u2019escola, col\u00b7laborant amb els diversos sectors de la comunitat educativa, i potenciant aix\u00ed la [&hellip;]<\/p>\n","protected":false},"author":1,"featured_media":0,"parent":264,"menu_order":70,"comment_status":"closed","ping_status":"closed","template":"page-templates\/side-menu.php","meta":{"_bbp_topic_count":0,"_bbp_reply_count":0,"_bbp_total_topic_count":0,"_bbp_total_reply_count":0,"_bbp_voice_count":0,"_bbp_anonymous_reply_count":0,"_bbp_topic_count_hidden":0,"_bbp_reply_count_hidden":0,"_bbp_forum_subforum_count":0,"site-sidebar-layout":"default","site-content-layout":"","ast-site-content-layout":"","site-content-style":"default","site-sidebar-style":"default","ast-global-header-display":"","ast-banner-title-visibility":"","ast-main-header-display":"","ast-hfb-above-header-display":"","ast-hfb-below-header-display":"","ast-hfb-mobile-header-display":"","site-post-title":"","ast-breadcrumbs-content":"","ast-featured-img":"","footer-sml-layout":"","theme-transparent-header-meta":"","adv-header-id-meta":"","stick-header-meta":"","header-above-stick-meta":"","header-main-stick-meta":"","header-below-stick-meta":"","astra-migrate-meta-layouts":"default","ast-page-background-enabled":"default","ast-page-background-meta":{"desktop":{"background-color":"var(--ast-global-color-4)","background-image":"","background-repeat":"repeat","background-position":"center center","background-size":"auto","background-attachment":"scroll","background-type":"","background-media":"","overlay-type":"","overlay-color":"","overlay-opacity":"","overlay-gradient":""},"tablet":{"background-color":"","background-image":"","background-repeat":"repeat","background-position":"center center","background-size":"auto","background-attachment":"scroll","background-type":"","background-media":"","overlay-type":"","overlay-color":"","overlay-opacity":"","overlay-gradient":""},"mobile":{"background-color":"","background-image":"","background-repeat":"repeat","background-position":"center center","background-size":"auto","background-attachment":"scroll","background-type":"","background-media":"","overlay-type":"","overlay-color":"","overlay-opacity":"","overlay-gradient":""}},"ast-content-background-meta":{"desktop":{"background-color":"var(--ast-global-color-5)","background-image":"","background-repeat":"repeat","background-position":"center center","background-size":"auto","background-attachment":"scroll","background-type":"","background-media":"","overlay-type":"","overlay-color":"","overlay-opacity":"","overlay-gradient":""},"tablet":{"background-color":"var(--ast-global-color-5)","background-image":"","background-repeat":"repeat","background-position":"center center","background-size":"auto","background-attachment":"scroll","background-type":"","background-media":"","overlay-type":"","overlay-color":"","overlay-opacity":"","overlay-gradient":""},"mobile":{"background-color":"var(--ast-global-color-5)","background-image":"","background-repeat":"repeat","background-position":"center center","background-size":"auto","background-attachment":"scroll","background-type":"","background-media":"","overlay-type":"","overlay-color":"","overlay-opacity":"","overlay-gradient":""}},"footnotes":""},"class_list":["post-426","page","type-page","status-publish","hentry"],"post_mailing_queue_ids":[],"_links":{"self":[{"href":"https:\/\/agora.xtec.cat\/zer-mediterrania\/wp-json\/wp\/v2\/pages\/426","targetHints":{"allow":["GET"]}}],"collection":[{"href":"https:\/\/agora.xtec.cat\/zer-mediterrania\/wp-json\/wp\/v2\/pages"}],"about":[{"href":"https:\/\/agora.xtec.cat\/zer-mediterrania\/wp-json\/wp\/v2\/types\/page"}],"author":[{"embeddable":true,"href":"https:\/\/agora.xtec.cat\/zer-mediterrania\/wp-json\/wp\/v2\/users\/1"}],"replies":[{"embeddable":true,"href":"https:\/\/agora.xtec.cat\/zer-mediterrania\/wp-json\/wp\/v2\/comments?post=426"}],"version-history":[{"count":4,"href":"https:\/\/agora.xtec.cat\/zer-mediterrania\/wp-json\/wp\/v2\/pages\/426\/revisions"}],"predecessor-version":[{"id":3682,"href":"https:\/\/agora.xtec.cat\/zer-mediterrania\/wp-json\/wp\/v2\/pages\/426\/revisions\/3682"}],"up":[{"embeddable":true,"href":"https:\/\/agora.xtec.cat\/zer-mediterrania\/wp-json\/wp\/v2\/pages\/264"}],"wp:attachment":[{"href":"https:\/\/agora.xtec.cat\/zer-mediterrania\/wp-json\/wp\/v2\/media?parent=426"}],"curies":[{"name":"wp","href":"https:\/\/api.w.org\/{rel}","templated":true}]}}