{"id":303,"date":"2015-07-20T13:43:37","date_gmt":"2015-07-20T12:43:37","guid":{"rendered":"http:\/\/agora.xtec.cat\/zer-mediterrania\/?page_id=303"},"modified":"2023-02-07T13:32:25","modified_gmt":"2023-02-07T12:32:25","slug":"xixa-trobada","status":"publish","type":"page","link":"https:\/\/agora.xtec.cat\/zer-mediterrania\/zer\/que-fem\/xixa-trobada\/","title":{"rendered":"XIXa Trobada de la ZER"},"content":{"rendered":"<p>Aquest curs 2017\/2018 la <strong>XIX Trobada de la ZER Mediterr\u00e0nia<\/strong> ha tingut lloc a l&#8217;Escola Setze de Febrer dels Muntells.<\/p>\n<p>L&#8217;objectiu d&#8217;aquesta trobada va ser gaudir d&#8217;una diada de germanor compartida amb tots els membres que formen part de la comunitat educativa de la ZER Mediterr\u00e0nia.<\/p>\n<p>La comunitat educativa de l&#8217;Escola Setze de Febrer va organitzar una bonica diada de conviv\u00e8ncia per als veritables protagonistes de les tres escoles, l&#8217;alumnat de la ZER Mediterr\u00e0nia.<\/p>\n<p>Despr\u00e9s d\u2019inaugurada la XIXa Trobada, la directora de la ZER va procedir a fer l\u2019entrega de premis del concurs de dibuix i de fotografia que aquest curs versava sobre la tem\u00e0tica de Sant Jordi.<\/p>\n<p><strong>CLICA A LA SEG\u00dcENT IMATGE PER VEURE LES FOTOGRAFIES:<\/strong><\/p>\n<p>En acabar l\u2019entrega de premis, vam esmorzar i despr\u00e9s vam pujar als busos per anar a la platja Migjorn. All\u00ed l\u2019alumnat de CM i CS va anar a l\u2019Illa de Buda. Van caminar fins als cavalls salvatges i all\u00ed el t\u00e8cnic els va explicar la flora i la fauna caracter\u00edstica d\u2019aquell entorn natural tan privilegiat.<\/p>\n<p>Un cop acabada l\u2019explicaci\u00f3, van tornar a la platja Migjorn per pujar al bus i anar a dinar a Muntells. L\u2019alumnat de CI i Ed. Infantil van anar a la finca Viol\u00ed on van poder veure Flamencs i Xatracs, entre d\u2019altres. Tamb\u00e9 van fer jocs tradicionals per grups.<\/p>\n<p>En acabar les activitats del mat\u00ed, vam pujar al bus per anar a dinar a l\u2019auditori de Muntells.<\/p>\n<p>Despr\u00e9s de dinar, l\u2019alumnat de la ZER, per grups, va realitzar tallers de rob\u00f2tica: Educaci\u00f3 infantil va fer l\u2019Abella Bee Bot i l\u2019alumnat de prim\u00e0ria tallers de LEGO.<\/p>\n<p>En finalitzar els tallers, es va repartir un record de la Trobada i va tenir lloc el comiat.<\/p>\n<p>Va ser una diada molt completa amb la que tots vam gaudir molt\u00edssim.<\/p>\n","protected":false},"excerpt":{"rendered":"<p>Aquest curs 2017\/2018 la XIX Trobada de la ZER Mediterr\u00e0nia ha tingut lloc a l&#8217;Escola Setze de Febrer dels Muntells. L&#8217;objectiu d&#8217;aquesta trobada va ser gaudir d&#8217;una diada de germanor compartida amb tots els membres que formen part de la comunitat educativa de la ZER Mediterr\u00e0nia. La comunitat educativa de l&#8217;Escola Setze de Febrer va [&hellip;]<\/p>\n","protected":false},"author":1,"featured_media":0,"parent":297,"menu_order":30,"comment_status":"closed","ping_status":"closed","template":"page-templates\/side-menu.php","meta":{"_bbp_topic_count":0,"_bbp_reply_count":0,"_bbp_total_topic_count":0,"_bbp_total_reply_count":0,"_bbp_voice_count":0,"_bbp_anonymous_reply_count":0,"_bbp_topic_count_hidden":0,"_bbp_reply_count_hidden":0,"_bbp_forum_subforum_count":0,"site-sidebar-layout":"default","site-content-layout":"","ast-site-content-layout":"","site-content-style":"default","site-sidebar-style":"default","ast-global-header-display":"","ast-banner-title-visibility":"","ast-main-header-display":"","ast-hfb-above-header-display":"","ast-hfb-below-header-display":"","ast-hfb-mobile-header-display":"","site-post-title":"","ast-breadcrumbs-content":"","ast-featured-img":"","footer-sml-layout":"","theme-transparent-header-meta":"","adv-header-id-meta":"","stick-header-meta":"","header-above-stick-meta":"","header-main-stick-meta":"","header-below-stick-meta":"","astra-migrate-meta-layouts":"default","ast-page-background-enabled":"default","ast-page-background-meta":{"desktop":{"background-color":"var(--ast-global-color-4)","background-image":"","background-repeat":"repeat","background-position":"center center","background-size":"auto","background-attachment":"scroll","background-type":"","background-media":"","overlay-type":"","overlay-color":"","overlay-opacity":"","overlay-gradient":""},"tablet":{"background-color":"","background-image":"","background-repeat":"repeat","background-position":"center center","background-size":"auto","background-attachment":"scroll","background-type":"","background-media":"","overlay-type":"","overlay-color":"","overlay-opacity":"","overlay-gradient":""},"mobile":{"background-color":"","background-image":"","background-repeat":"repeat","background-position":"center center","background-size":"auto","background-attachment":"scroll","background-type":"","background-media":"","overlay-type":"","overlay-color":"","overlay-opacity":"","overlay-gradient":""}},"ast-content-background-meta":{"desktop":{"background-color":"var(--ast-global-color-5)","background-image":"","background-repeat":"repeat","background-position":"center center","background-size":"auto","background-attachment":"scroll","background-type":"","background-media":"","overlay-type":"","overlay-color":"","overlay-opacity":"","overlay-gradient":""},"tablet":{"background-color":"var(--ast-global-color-5)","background-image":"","background-repeat":"repeat","background-position":"center center","background-size":"auto","background-attachment":"scroll","background-type":"","background-media":"","overlay-type":"","overlay-color":"","overlay-opacity":"","overlay-gradient":""},"mobile":{"background-color":"var(--ast-global-color-5)","background-image":"","background-repeat":"repeat","background-position":"center center","background-size":"auto","background-attachment":"scroll","background-type":"","background-media":"","overlay-type":"","overlay-color":"","overlay-opacity":"","overlay-gradient":""}},"footnotes":""},"class_list":["post-303","page","type-page","status-publish","hentry"],"post_mailing_queue_ids":[],"_links":{"self":[{"href":"https:\/\/agora.xtec.cat\/zer-mediterrania\/wp-json\/wp\/v2\/pages\/303","targetHints":{"allow":["GET"]}}],"collection":[{"href":"https:\/\/agora.xtec.cat\/zer-mediterrania\/wp-json\/wp\/v2\/pages"}],"about":[{"href":"https:\/\/agora.xtec.cat\/zer-mediterrania\/wp-json\/wp\/v2\/types\/page"}],"author":[{"embeddable":true,"href":"https:\/\/agora.xtec.cat\/zer-mediterrania\/wp-json\/wp\/v2\/users\/1"}],"replies":[{"embeddable":true,"href":"https:\/\/agora.xtec.cat\/zer-mediterrania\/wp-json\/wp\/v2\/comments?post=303"}],"version-history":[{"count":3,"href":"https:\/\/agora.xtec.cat\/zer-mediterrania\/wp-json\/wp\/v2\/pages\/303\/revisions"}],"predecessor-version":[{"id":3070,"href":"https:\/\/agora.xtec.cat\/zer-mediterrania\/wp-json\/wp\/v2\/pages\/303\/revisions\/3070"}],"up":[{"embeddable":true,"href":"https:\/\/agora.xtec.cat\/zer-mediterrania\/wp-json\/wp\/v2\/pages\/297"}],"wp:attachment":[{"href":"https:\/\/agora.xtec.cat\/zer-mediterrania\/wp-json\/wp\/v2\/media?parent=303"}],"curies":[{"name":"wp","href":"https:\/\/api.w.org\/{rel}","templated":true}]}}