{"id":300,"date":"2015-07-20T13:43:11","date_gmt":"2015-07-20T12:43:11","guid":{"rendered":"http:\/\/agora.xtec.cat\/zer-mediterrania\/?page_id=300"},"modified":"2023-02-07T13:31:49","modified_gmt":"2023-02-07T12:31:49","slug":"xxa-trobada","status":"publish","type":"page","link":"https:\/\/agora.xtec.cat\/zer-mediterrania\/zer\/que-fem\/xxa-trobada\/","title":{"rendered":"XXa Trobada de la ZER"},"content":{"rendered":"<div>\n<p>El dia <strong>7 de juny de 2019<\/strong> va tenir lloc la XXa Trobada de la ZER Mediterr\u00e0nia\u00a0a l\u2019Escola Marjal de Les Cases d\u2019Alcanar.<\/p>\n<p>En primer lloc, la directora\u00a0\u00a0de la ZER va fer la presentaci\u00f3 i va agrair l\u2019assist\u00e8ncia i la col.laboraci\u00f3 a la ZER de l\u2019Alcalde de Les Cases d\u2019Alcanar, Joan Roig, l\u2019Alcalde de Sant Jaume, Joan Castor, senyora M\u00aaCarmen Navarro, Regidora en funcions de l\u2019Escola Marjal i Presidenta del Consell Comarcal, senyora Berna Sabat\u00e9, Regidora de l\u2019Escola Setze de Febrer dels Muntells, senyora Emi Serret, companya del CRP, exdirectors\/es de la ZER Mediterr\u00e0nia i a tots i cadascun dels membres que formen part de la comunitat educativa de la ZER Mediterr\u00e0nia: fam\u00edlies, representants de l\u2019AMPA, professorat, alumnat i personal del PAS. S\u00f2nia Reverter Vila, directora de la ZER Mediterr\u00e0nia, disculpa l\u2019abs\u00e8ncia de la senyora In\u00e9s Mart\u00ed i de l\u2019Inspector senyor Mario Gonz\u00e1lez que per motius laborals no van poder assistir-hi.<\/p>\n<p>L\u2019objectiu d\u2019aquesta trobada va ser gaudir d\u2019una diada de germanor compartint amb tots els membres que formen part de la comunitat educativa de la ZER Mediterr\u00e0nia.<\/p>\n<p>Fa vint anys es va celebrar la primera Trobada de la ZER Mediterr\u00e0nia, justament al curs 1999-2000. Abans, des del curs 1995-1996 fins al curs 1998-1999, era una Agrupaci\u00f3 Rural formada per les tres escoles i va ser l\u20191 de setembre de 1999 quan la ZER Mediterr\u00e0nia amb codi 43009308 va quedar constitu\u00efda com a tal.<\/p>\n<p>La comunitat educativa de l\u2019Escola Marjal va organitzar una bonica diada de conviv\u00e8ncia per als veritables protagonistes de les tres escoles, l\u2019alumnat de la ZER Mediterr\u00e0nia.<\/p>\n<p>Les activitats n\u00e0utiques programades d\u201911 a 13 hores van ser les seg\u00fcents:<\/p>\n<p>CLICA A LA IMATGE SEG\u00dcENT PER VEURE LES FOTOGRAFIES DE LA TROBADA:<\/p>\n<\/div>\n<div><\/div>\n<div><a href=\"https:\/\/photos.app.goo.gl\/6hrHRfw4mCTnL5gp7\"><img loading=\"lazy\" decoding=\"async\" class=\" wp-image-2033 aligncenter\" src=\"https:\/\/agora.xtec.cat\/zer-mediterrania\/wp-content\/uploads\/usu2438\/2022\/01\/IMG_1875.jpg\" alt=\"\" width=\"619\" height=\"465\" srcset=\"https:\/\/agora.xtec.cat\/zer-mediterrania\/wp-content\/uploads\/usu2438\/2022\/01\/IMG_1875.jpg 1600w, https:\/\/agora.xtec.cat\/zer-mediterrania\/wp-content\/uploads\/usu2438\/2022\/01\/IMG_1875-300x225.jpg 300w, https:\/\/agora.xtec.cat\/zer-mediterrania\/wp-content\/uploads\/usu2438\/2022\/01\/IMG_1875-1024x768.jpg 1024w, https:\/\/agora.xtec.cat\/zer-mediterrania\/wp-content\/uploads\/usu2438\/2022\/01\/IMG_1875-768x576.jpg 768w, https:\/\/agora.xtec.cat\/zer-mediterrania\/wp-content\/uploads\/usu2438\/2022\/01\/IMG_1875-1536x1152.jpg 1536w, https:\/\/agora.xtec.cat\/zer-mediterrania\/wp-content\/uploads\/usu2438\/2022\/01\/IMG_1875-200x150.jpg 200w\" sizes=\"auto, (max-width: 619px) 100vw, 619px\" \/><\/a><\/div>\n<div><\/div>\n<div>\n<p>&nbsp;<\/p>\n<p>\u2013 \u00a0<strong>Ed. Infantil (P3, P4 i P5):<\/strong> Bateig de mar, primer contacte amb les activitats n\u00e0utiques! Van realitzar un viatge en barca i un taller de nusos mariners.<\/p>\n<p>\u2013 \u00a0<strong>Cicle Inicial:<\/strong> Vela i Rafting.<\/p>\n<p>\u2013 \u00a0<strong>Cicle Mitj\u00e0:<\/strong> Big Paddle i Caiac.<\/p>\n<p>\u2013 \u00a0<strong>Cicle Superior:<\/strong> Snorquel i Paddlesurf.<\/p>\n<p>Despr\u00e9s d\u2019inaugurada la XXa Trobada, la directora va procedir a fer l\u2019entrega de premis del concurs de dibuix de la ZER que aquest curs versava sobre la tem\u00e0tica dels contes.<\/p>\n<p>En acabar l\u2019entrega de premis, vam esmorzar i despr\u00e9s vam anar al port per comen\u00e7ar les\u00a0 \u00a0activitats d\u2019aigua que tantes ganes ten\u00edem. El mat\u00ed va estar molt ben organitzat i l\u2019alumnat va gaudir del privilegiat paisatge, de l\u2019agradable dia i de les divertides activitats.<\/p>\n<p>En acabar aquestes, vam anar a dinar a les pistes poliesportives on ens esperaven les fam\u00edlies. Despr\u00e9s, l\u2019alumnat de la ZER, per grups (grans i petits), va realitzar el taller de les Quinquennals que consistia en fer catifes.<\/p>\n<p>En finalitzar el taller, vam anar a l\u2019Escola Marjal on va tenir lloc el comiat i on vam repartir el detallet i record de la Trobada que aquest curs era un triangle les puntes del qual eren tres retoladors permanents de diferents colors.<\/p>\n<p>La Trobada va anar molt b\u00e9, ja que vam gaudir de les activitats i de la companyia de\u00a0\u00a0tots els membres de la comunitat educativa de la ZER Mediterr\u00e0nia.<\/p>\n<\/div>\n","protected":false},"excerpt":{"rendered":"<p>El dia 7 de juny de 2019 va tenir lloc la XXa Trobada de la ZER Mediterr\u00e0nia\u00a0a l\u2019Escola Marjal de Les Cases d\u2019Alcanar. En primer lloc, la directora\u00a0\u00a0de la ZER va fer la presentaci\u00f3 i va agrair l\u2019assist\u00e8ncia i la col.laboraci\u00f3 a la ZER de l\u2019Alcalde de Les Cases d\u2019Alcanar, Joan Roig, l\u2019Alcalde de Sant [&hellip;]<\/p>\n","protected":false},"author":1,"featured_media":0,"parent":297,"menu_order":20,"comment_status":"closed","ping_status":"closed","template":"page-templates\/side-menu.php","meta":{"_bbp_topic_count":0,"_bbp_reply_count":0,"_bbp_total_topic_count":0,"_bbp_total_reply_count":0,"_bbp_voice_count":0,"_bbp_anonymous_reply_count":0,"_bbp_topic_count_hidden":0,"_bbp_reply_count_hidden":0,"_bbp_forum_subforum_count":0,"site-sidebar-layout":"default","site-content-layout":"","ast-site-content-layout":"","site-content-style":"default","site-sidebar-style":"default","ast-global-header-display":"","ast-banner-title-visibility":"","ast-main-header-display":"","ast-hfb-above-header-display":"","ast-hfb-below-header-display":"","ast-hfb-mobile-header-display":"","site-post-title":"","ast-breadcrumbs-content":"","ast-featured-img":"","footer-sml-layout":"","theme-transparent-header-meta":"","adv-header-id-meta":"","stick-header-meta":"","header-above-stick-meta":"","header-main-stick-meta":"","header-below-stick-meta":"","astra-migrate-meta-layouts":"default","ast-page-background-enabled":"default","ast-page-background-meta":{"desktop":{"background-color":"var(--ast-global-color-4)","background-image":"","background-repeat":"repeat","background-position":"center center","background-size":"auto","background-attachment":"scroll","background-type":"","background-media":"","overlay-type":"","overlay-color":"","overlay-opacity":"","overlay-gradient":""},"tablet":{"background-color":"","background-image":"","background-repeat":"repeat","background-position":"center center","background-size":"auto","background-attachment":"scroll","background-type":"","background-media":"","overlay-type":"","overlay-color":"","overlay-opacity":"","overlay-gradient":""},"mobile":{"background-color":"","background-image":"","background-repeat":"repeat","background-position":"center center","background-size":"auto","background-attachment":"scroll","background-type":"","background-media":"","overlay-type":"","overlay-color":"","overlay-opacity":"","overlay-gradient":""}},"ast-content-background-meta":{"desktop":{"background-color":"var(--ast-global-color-5)","background-image":"","background-repeat":"repeat","background-position":"center center","background-size":"auto","background-attachment":"scroll","background-type":"","background-media":"","overlay-type":"","overlay-color":"","overlay-opacity":"","overlay-gradient":""},"tablet":{"background-color":"var(--ast-global-color-5)","background-image":"","background-repeat":"repeat","background-position":"center center","background-size":"auto","background-attachment":"scroll","background-type":"","background-media":"","overlay-type":"","overlay-color":"","overlay-opacity":"","overlay-gradient":""},"mobile":{"background-color":"var(--ast-global-color-5)","background-image":"","background-repeat":"repeat","background-position":"center center","background-size":"auto","background-attachment":"scroll","background-type":"","background-media":"","overlay-type":"","overlay-color":"","overlay-opacity":"","overlay-gradient":""}},"footnotes":""},"class_list":["post-300","page","type-page","status-publish","hentry"],"post_mailing_queue_ids":[],"_links":{"self":[{"href":"https:\/\/agora.xtec.cat\/zer-mediterrania\/wp-json\/wp\/v2\/pages\/300","targetHints":{"allow":["GET"]}}],"collection":[{"href":"https:\/\/agora.xtec.cat\/zer-mediterrania\/wp-json\/wp\/v2\/pages"}],"about":[{"href":"https:\/\/agora.xtec.cat\/zer-mediterrania\/wp-json\/wp\/v2\/types\/page"}],"author":[{"embeddable":true,"href":"https:\/\/agora.xtec.cat\/zer-mediterrania\/wp-json\/wp\/v2\/users\/1"}],"replies":[{"embeddable":true,"href":"https:\/\/agora.xtec.cat\/zer-mediterrania\/wp-json\/wp\/v2\/comments?post=300"}],"version-history":[{"count":4,"href":"https:\/\/agora.xtec.cat\/zer-mediterrania\/wp-json\/wp\/v2\/pages\/300\/revisions"}],"predecessor-version":[{"id":3069,"href":"https:\/\/agora.xtec.cat\/zer-mediterrania\/wp-json\/wp\/v2\/pages\/300\/revisions\/3069"}],"up":[{"embeddable":true,"href":"https:\/\/agora.xtec.cat\/zer-mediterrania\/wp-json\/wp\/v2\/pages\/297"}],"wp:attachment":[{"href":"https:\/\/agora.xtec.cat\/zer-mediterrania\/wp-json\/wp\/v2\/media?parent=300"}],"curies":[{"name":"wp","href":"https:\/\/api.w.org\/{rel}","templated":true}]}}