{"id":272,"date":"2015-07-20T13:10:37","date_gmt":"2015-07-20T12:10:37","guid":{"rendered":"http:\/\/agora.xtec.cat\/zer-mediterrania\/?page_id=272"},"modified":"2021-01-20T13:28:42","modified_gmt":"2021-01-20T12:28:42","slug":"qui-som","status":"publish","type":"page","link":"https:\/\/agora.xtec.cat\/zer-mediterrania\/escola-16-febrer\/qui-som\/","title":{"rendered":"Qui som"},"content":{"rendered":"<p><span style=\"font-weight: 400;\">L\u2019escola Setze de Febrer \u00e9s una escola rural, una escola de les tres \u201cP\u201d: Petita, de Poble i P\u00fablica.\u00a0<\/span><\/p>\n<p><span style=\"font-weight: 400;\">\u00c9s una escola arrelada al territori, que dona vida a Els Muntells i a nivell social dinamitza bona part de la poblaci\u00f3 sent motiu de trobada a totes les celebracions (la Castanyada, Nadal, Carnaval, Sant Jordi,&#8230;) Es caracteritza tamb\u00e9<\/span><span style=\"font-weight: 400;\"> per l\u2019estreta relaci\u00f3 que es dona entre el mestre, l\u2019alumne i els seus familiars.\u00a0<\/span><\/p>\n<p><span style=\"font-weight: 400;\">L\u2019Escola Setze de Febrer compta amb dues aules multigrau. Entenem aula multigrau com una estructura organitzativa on es reuneixen dins d\u2019un mateix espai alumnes de diferents cursos.\u00a0 Aquest fet fa que organitzem i transformem els espais de manera que ens permetin adaptar el centre i les aules a les necessitats dels alumnes, oferint situacions tan variades com necessitats es presenten, i on grans, mitjans i petits conviuen i treballen en equip, s\u2019ajuden, s\u2019acompanyen i aprenen junts. Per aconseguir-ho, a la nostra escola, es promou la utilitzaci\u00f3 de metodologies inclusives. Part de l\u2019horari lectiu realitzem projectes de treball interrelacionant i globalitzant les diverses \u00e0rees, fem racons i deixem fluir els nous espais. Tamb\u00e9 ajudem a desenvolupar a l\u2019alumnat les compet\u00e8ncies ling\u00fc\u00edstiques a partir de l\u2019eix vertebrador de la tipologia textual i les matem\u00e0tiques a partir de la resoluci\u00f3 de problemes i el c\u00e0lcul mental, sempre des d\u2019un caire competencial. L\u2019alumnat ha de trobar sentit a all\u00f2 que est\u00e0 aprenent perqu\u00e8 li servir\u00e0 per a la vida.\u00a0<\/span><\/p>\n<p><span style=\"font-weight: 400;\">Les agrupacions de m\u00e9s d\u2019un nivell educatiu en una aula i el baix nombre d\u2019alumnes possibiliten dur a terme programes tals com el teatre, els padrins de lectura, l\u2019hort escolar, els experiments i la rob\u00f2tica des del primer curs d\u2019Educaci\u00f3 Infantil (P\u00e0rvuls 3 anys) fins a l\u2019\u00faltim de l\u2019Educaci\u00f3 Prim\u00e0ria (6\u00e8).\u00a0<\/span><\/p>\n<p><span style=\"font-weight: 400;\">El nostre centre, \u00fanic a Els Muntells, li dona vida i alegria. \u00c9s l\u2019\u00e0nima del poble! <\/span><\/p>\n","protected":false},"excerpt":{"rendered":"<p>L\u2019escola Setze de Febrer \u00e9s una escola rural, una escola de les tres \u201cP\u201d: Petita, de Poble i P\u00fablica.\u00a0 \u00c9s una escola arrelada al territori, que dona vida a Els Muntells i a nivell social dinamitza bona part de la poblaci\u00f3 sent motiu de trobada a totes les celebracions (la Castanyada, Nadal, Carnaval, Sant Jordi,&#8230;) [&hellip;]<\/p>\n","protected":false},"author":1,"featured_media":0,"parent":266,"menu_order":10,"comment_status":"closed","ping_status":"closed","template":"page-templates\/side-menu.php","meta":{"_bbp_topic_count":0,"_bbp_reply_count":0,"_bbp_total_topic_count":0,"_bbp_total_reply_count":0,"_bbp_voice_count":0,"_bbp_anonymous_reply_count":0,"_bbp_topic_count_hidden":0,"_bbp_reply_count_hidden":0,"_bbp_forum_subforum_count":0,"site-sidebar-layout":"default","site-content-layout":"","ast-site-content-layout":"","site-content-style":"default","site-sidebar-style":"default","ast-global-header-display":"","ast-banner-title-visibility":"","ast-main-header-display":"","ast-hfb-above-header-display":"","ast-hfb-below-header-display":"","ast-hfb-mobile-header-display":"","site-post-title":"","ast-breadcrumbs-content":"","ast-featured-img":"","footer-sml-layout":"","theme-transparent-header-meta":"","adv-header-id-meta":"","stick-header-meta":"","header-above-stick-meta":"","header-main-stick-meta":"","header-below-stick-meta":"","astra-migrate-meta-layouts":"default","ast-page-background-enabled":"default","ast-page-background-meta":{"desktop":{"background-color":"var(--ast-global-color-4)","background-image":"","background-repeat":"repeat","background-position":"center center","background-size":"auto","background-attachment":"scroll","background-type":"","background-media":"","overlay-type":"","overlay-color":"","overlay-opacity":"","overlay-gradient":""},"tablet":{"background-color":"","background-image":"","background-repeat":"repeat","background-position":"center center","background-size":"auto","background-attachment":"scroll","background-type":"","background-media":"","overlay-type":"","overlay-color":"","overlay-opacity":"","overlay-gradient":""},"mobile":{"background-color":"","background-image":"","background-repeat":"repeat","background-position":"center center","background-size":"auto","background-attachment":"scroll","background-type":"","background-media":"","overlay-type":"","overlay-color":"","overlay-opacity":"","overlay-gradient":""}},"ast-content-background-meta":{"desktop":{"background-color":"var(--ast-global-color-5)","background-image":"","background-repeat":"repeat","background-position":"center center","background-size":"auto","background-attachment":"scroll","background-type":"","background-media":"","overlay-type":"","overlay-color":"","overlay-opacity":"","overlay-gradient":""},"tablet":{"background-color":"var(--ast-global-color-5)","background-image":"","background-repeat":"repeat","background-position":"center center","background-size":"auto","background-attachment":"scroll","background-type":"","background-media":"","overlay-type":"","overlay-color":"","overlay-opacity":"","overlay-gradient":""},"mobile":{"background-color":"var(--ast-global-color-5)","background-image":"","background-repeat":"repeat","background-position":"center center","background-size":"auto","background-attachment":"scroll","background-type":"","background-media":"","overlay-type":"","overlay-color":"","overlay-opacity":"","overlay-gradient":""}},"footnotes":""},"class_list":["post-272","page","type-page","status-publish","hentry"],"post_mailing_queue_ids":[],"_links":{"self":[{"href":"https:\/\/agora.xtec.cat\/zer-mediterrania\/wp-json\/wp\/v2\/pages\/272","targetHints":{"allow":["GET"]}}],"collection":[{"href":"https:\/\/agora.xtec.cat\/zer-mediterrania\/wp-json\/wp\/v2\/pages"}],"about":[{"href":"https:\/\/agora.xtec.cat\/zer-mediterrania\/wp-json\/wp\/v2\/types\/page"}],"author":[{"embeddable":true,"href":"https:\/\/agora.xtec.cat\/zer-mediterrania\/wp-json\/wp\/v2\/users\/1"}],"replies":[{"embeddable":true,"href":"https:\/\/agora.xtec.cat\/zer-mediterrania\/wp-json\/wp\/v2\/comments?post=272"}],"version-history":[{"count":2,"href":"https:\/\/agora.xtec.cat\/zer-mediterrania\/wp-json\/wp\/v2\/pages\/272\/revisions"}],"predecessor-version":[{"id":720,"href":"https:\/\/agora.xtec.cat\/zer-mediterrania\/wp-json\/wp\/v2\/pages\/272\/revisions\/720"}],"up":[{"embeddable":true,"href":"https:\/\/agora.xtec.cat\/zer-mediterrania\/wp-json\/wp\/v2\/pages\/266"}],"wp:attachment":[{"href":"https:\/\/agora.xtec.cat\/zer-mediterrania\/wp-json\/wp\/v2\/media?parent=272"}],"curies":[{"name":"wp","href":"https:\/\/api.w.org\/{rel}","templated":true}]}}