{"id":261,"date":"2015-07-20T13:05:00","date_gmt":"2015-07-20T12:05:00","guid":{"rendered":"http:\/\/agora.xtec.cat\/zer-mediterrania\/?page_id=261"},"modified":"2026-02-16T11:03:44","modified_gmt":"2026-02-16T10:03:44","slug":"qui-som","status":"publish","type":"page","link":"https:\/\/agora.xtec.cat\/zer-mediterrania\/escola-marjal\/qui-som\/","title":{"rendered":"Qui som"},"content":{"rendered":"<p>L&#8217;escola Marjal \u00e9s\u00a0una escola rural, una escola de les tres \u201cP\u201d: Petita, de Poble i P\u00fablica.<\/p>\n<p>Cliqueu aqu\u00ed per veure un tour de l&#8217;escola:\u00a0\u00a0<a href=\"https:\/\/drive.google.com\/file\/d\/100R2vIiZX69-v-07R8xnTejK8kz_Zy9z\/view?usp=sharing\">https:\/\/drive.google.com\/file\/d\/100R2vIiZX69-v-07R8xnTejK8kz_Zy9z\/view?usp=sharing<\/a><\/p>\n<p>L&#8217;escola est\u00e0 situada a la poblaci\u00f3 de Les Cases d&#8217;Alcanar, amb una gran tradici\u00f3 de pesca, i una hist\u00f2ria i cultura que ens ajuda a endinsar el m\u00f3n educatiu en totes aquestes situacions, i transformar-les en oportunitats educatives. Aix\u00ed, treballem moltes de les tradicions properes, com La Castanyada, La Pasqua, Sant Jordi, etc.<\/p>\n<p>L&#8217;Escola Marjal compta amb sis grups d&#8217;alumnat. Alguns s\u00f3n d&#8217;aules multigrau (diferents nivells al mateix espai), i d&#8217;altres s\u00f3n d&#8217;aules del mateix nivell. Aix\u00ed, actualment hi ha les seg\u00fcents agrupacions al centre:<\/p>\n<ul>\n<li>I3-I4<\/li>\n<li>I5<\/li>\n<li>1r<\/li>\n<li>2n<\/li>\n<li>CM (3r i 4t)<\/li>\n<li>5\u00e8<\/li>\n<li>6\u00e8<\/li>\n<\/ul>\n<p>A la nostra escola diversifiquem les metodologies d&#8217;ensenyament per a adaptar-nos a les diferents tipologies d&#8217;alumnat que acudeix al centre. Aix\u00ed, incloem metodologies com: racons, ambients, joc simb\u00f2lic, entorns virtuals d&#8217;aprenentatge (EVA), treballs col\u00b7laboratius, projectes, entre d&#8217;altres. Els espais que utilitzem per a l&#8217;ensenyament s\u00f3n diversos i amb molts est\u00edmuls per a l&#8217;alumnat.<\/p>\n<p>Els eixos d&#8217;aprenentatge que utilitzem per a l&#8217;educaci\u00f3 de les lleng\u00fces s\u00f3n les diferents tipologies textuals (cartes, infografies, textos descriptius, receptes, etc), amb el qu\u00e8 ajudem a l&#8217;alumnat a donar una finalitat concreta a les activitats que es van realitzant. L\u2019alumnat, aix\u00ed, li d\u00f3na sentit a all\u00f2 que est\u00e0 aprenent perqu\u00e8 li servir\u00e0 per a la vida.<\/p>\n<p>A l&#8217;Escola ens preocupem per tots els agents que intervenen a l&#8217;educaci\u00f3, i per tant tenim un contacte estret amb les fam\u00edlies, consell escolar i institucions culturals de la zona.<\/p>\n<p>L&#8217;Escola Marjal representa aix\u00ed, un punt de trobada entre tots aquests agents educatius, i per tant, un espai d&#8217;aprenentatge ric i amb varietat.<\/p>\n","protected":false},"excerpt":{"rendered":"<p>L&#8217;escola Marjal \u00e9s\u00a0una escola rural, una escola de les tres \u201cP\u201d: Petita, de Poble i P\u00fablica. Cliqueu aqu\u00ed per veure un tour de l&#8217;escola:\u00a0\u00a0https:\/\/drive.google.com\/file\/d\/100R2vIiZX69-v-07R8xnTejK8kz_Zy9z\/view?usp=sharing L&#8217;escola est\u00e0 situada a la poblaci\u00f3 de Les Cases d&#8217;Alcanar, amb una gran tradici\u00f3 de pesca, i una hist\u00f2ria i cultura que ens ajuda a endinsar el m\u00f3n educatiu en totes [&hellip;]<\/p>\n","protected":false},"author":1,"featured_media":0,"parent":264,"menu_order":10,"comment_status":"closed","ping_status":"closed","template":"","meta":{"_bbp_topic_count":0,"_bbp_reply_count":0,"_bbp_total_topic_count":0,"_bbp_total_reply_count":0,"_bbp_voice_count":0,"_bbp_anonymous_reply_count":0,"_bbp_topic_count_hidden":0,"_bbp_reply_count_hidden":0,"_bbp_forum_subforum_count":0,"site-sidebar-layout":"default","site-content-layout":"","ast-site-content-layout":"default","site-content-style":"default","site-sidebar-style":"default","ast-global-header-display":"","ast-banner-title-visibility":"","ast-main-header-display":"","ast-hfb-above-header-display":"","ast-hfb-below-header-display":"","ast-hfb-mobile-header-display":"","site-post-title":"","ast-breadcrumbs-content":"","ast-featured-img":"","footer-sml-layout":"","theme-transparent-header-meta":"default","adv-header-id-meta":"","stick-header-meta":"","header-above-stick-meta":"","header-main-stick-meta":"","header-below-stick-meta":"","astra-migrate-meta-layouts":"set","ast-page-background-enabled":"default","ast-page-background-meta":{"desktop":{"background-color":"var(--ast-global-color-4)","background-image":"","background-repeat":"repeat","background-position":"center center","background-size":"auto","background-attachment":"scroll","background-type":"","background-media":"","overlay-type":"","overlay-color":"","overlay-opacity":"","overlay-gradient":""},"tablet":{"background-color":"","background-image":"","background-repeat":"repeat","background-position":"center center","background-size":"auto","background-attachment":"scroll","background-type":"","background-media":"","overlay-type":"","overlay-color":"","overlay-opacity":"","overlay-gradient":""},"mobile":{"background-color":"","background-image":"","background-repeat":"repeat","background-position":"center center","background-size":"auto","background-attachment":"scroll","background-type":"","background-media":"","overlay-type":"","overlay-color":"","overlay-opacity":"","overlay-gradient":""}},"ast-content-background-meta":{"desktop":{"background-color":"var(--ast-global-color-5)","background-image":"","background-repeat":"repeat","background-position":"center center","background-size":"auto","background-attachment":"scroll","background-type":"","background-media":"","overlay-type":"","overlay-color":"","overlay-opacity":"","overlay-gradient":""},"tablet":{"background-color":"var(--ast-global-color-5)","background-image":"","background-repeat":"repeat","background-position":"center center","background-size":"auto","background-attachment":"scroll","background-type":"","background-media":"","overlay-type":"","overlay-color":"","overlay-opacity":"","overlay-gradient":""},"mobile":{"background-color":"var(--ast-global-color-5)","background-image":"","background-repeat":"repeat","background-position":"center center","background-size":"auto","background-attachment":"scroll","background-type":"","background-media":"","overlay-type":"","overlay-color":"","overlay-opacity":"","overlay-gradient":""}},"footnotes":""},"class_list":["post-261","page","type-page","status-publish","hentry"],"post_mailing_queue_ids":[],"_links":{"self":[{"href":"https:\/\/agora.xtec.cat\/zer-mediterrania\/wp-json\/wp\/v2\/pages\/261","targetHints":{"allow":["GET"]}}],"collection":[{"href":"https:\/\/agora.xtec.cat\/zer-mediterrania\/wp-json\/wp\/v2\/pages"}],"about":[{"href":"https:\/\/agora.xtec.cat\/zer-mediterrania\/wp-json\/wp\/v2\/types\/page"}],"author":[{"embeddable":true,"href":"https:\/\/agora.xtec.cat\/zer-mediterrania\/wp-json\/wp\/v2\/users\/1"}],"replies":[{"embeddable":true,"href":"https:\/\/agora.xtec.cat\/zer-mediterrania\/wp-json\/wp\/v2\/comments?post=261"}],"version-history":[{"count":7,"href":"https:\/\/agora.xtec.cat\/zer-mediterrania\/wp-json\/wp\/v2\/pages\/261\/revisions"}],"predecessor-version":[{"id":5653,"href":"https:\/\/agora.xtec.cat\/zer-mediterrania\/wp-json\/wp\/v2\/pages\/261\/revisions\/5653"}],"up":[{"embeddable":true,"href":"https:\/\/agora.xtec.cat\/zer-mediterrania\/wp-json\/wp\/v2\/pages\/264"}],"wp:attachment":[{"href":"https:\/\/agora.xtec.cat\/zer-mediterrania\/wp-json\/wp\/v2\/media?parent=261"}],"curies":[{"name":"wp","href":"https:\/\/api.w.org\/{rel}","templated":true}]}}