{"id":2197,"date":"2022-02-21T12:18:27","date_gmt":"2022-02-21T11:18:27","guid":{"rendered":"https:\/\/agora.xtec.cat\/zer-mediterrania\/?page_id=2197"},"modified":"2023-01-11T10:42:58","modified_gmt":"2023-01-11T09:42:58","slug":"objectius","status":"publish","type":"page","link":"https:\/\/agora.xtec.cat\/zer-mediterrania\/zer\/estrategia-digital-de-zer\/objectius\/","title":{"rendered":"Objectius"},"content":{"rendered":"<p>OBJECTIUS DE L&#8217;ESTRAT\u00c8GIA DIGITAL DE ZER<\/p>\n<p>1. Augmentar les hores dedicades a l&#8217;exploraci\u00f3 i metodologia de l&#8217;ensenyament digital.<\/p>\n<p>2. Establir els criteris d&#8217;avaluaci\u00f3 de la compet\u00e8ncia digital de l&#8217;alumnat.<\/p>\n<p>3. Adaptar la programaci\u00f3 digital en base a les necessitats de l&#8217;alumnat.<\/p>\n<p>4. Fomentar les bones pr\u00e0ctiques i l&#8217;\u00fas de recursos digitals en el context d&#8217;aula.<\/p>\n<p>&nbsp;<\/p>\n<p>&nbsp;<\/p>\n<p>A continuaci\u00f3 hem elaborat aquest full de c\u00e0lcul per temporitzar els objectius al llarg de 4 cursos.<\/p>\n<p>&nbsp;<\/p>\n<p><iframe loading=\"lazy\" src=\"https:\/\/docs.google.com\/spreadsheets\/d\/e\/2PACX-1vTYzR4ANo2mM0UKgHjlCEzOTdy6aQi57Jph2OSO8394Tg74LSR050IY6ZrSB3CLNvt3isVZbW803kZr\/pubhtml?widget=true&amp;headers=false\" width=\"1200\" height=\"810\"><\/iframe><\/p>\n","protected":false},"excerpt":{"rendered":"<p>OBJECTIUS DE L&#8217;ESTRAT\u00c8GIA DIGITAL DE ZER 1. Augmentar les hores dedicades a l&#8217;exploraci\u00f3 i metodologia de l&#8217;ensenyament digital. 2. Establir els criteris d&#8217;avaluaci\u00f3 de la compet\u00e8ncia digital de l&#8217;alumnat. 3. Adaptar la programaci\u00f3 digital en base a les necessitats de l&#8217;alumnat. 4. Fomentar les bones pr\u00e0ctiques i l&#8217;\u00fas de recursos digitals en el context d&#8217;aula. [&hellip;]<\/p>\n","protected":false},"author":1,"featured_media":0,"parent":2125,"menu_order":20,"comment_status":"closed","ping_status":"closed","template":"","meta":{"_bbp_topic_count":0,"_bbp_reply_count":0,"_bbp_total_topic_count":0,"_bbp_total_reply_count":0,"_bbp_voice_count":0,"_bbp_anonymous_reply_count":0,"_bbp_topic_count_hidden":0,"_bbp_reply_count_hidden":0,"_bbp_forum_subforum_count":0,"site-sidebar-layout":"default","site-content-layout":"","ast-site-content-layout":"","site-content-style":"default","site-sidebar-style":"default","ast-global-header-display":"","ast-banner-title-visibility":"","ast-main-header-display":"","ast-hfb-above-header-display":"","ast-hfb-below-header-display":"","ast-hfb-mobile-header-display":"","site-post-title":"","ast-breadcrumbs-content":"","ast-featured-img":"","footer-sml-layout":"","theme-transparent-header-meta":"","adv-header-id-meta":"","stick-header-meta":"","header-above-stick-meta":"","header-main-stick-meta":"","header-below-stick-meta":"","astra-migrate-meta-layouts":"default","ast-page-background-enabled":"default","ast-page-background-meta":{"desktop":{"background-color":"var(--ast-global-color-4)","background-image":"","background-repeat":"repeat","background-position":"center center","background-size":"auto","background-attachment":"scroll","background-type":"","background-media":"","overlay-type":"","overlay-color":"","overlay-opacity":"","overlay-gradient":""},"tablet":{"background-color":"","background-image":"","background-repeat":"repeat","background-position":"center center","background-size":"auto","background-attachment":"scroll","background-type":"","background-media":"","overlay-type":"","overlay-color":"","overlay-opacity":"","overlay-gradient":""},"mobile":{"background-color":"","background-image":"","background-repeat":"repeat","background-position":"center center","background-size":"auto","background-attachment":"scroll","background-type":"","background-media":"","overlay-type":"","overlay-color":"","overlay-opacity":"","overlay-gradient":""}},"ast-content-background-meta":{"desktop":{"background-color":"var(--ast-global-color-5)","background-image":"","background-repeat":"repeat","background-position":"center center","background-size":"auto","background-attachment":"scroll","background-type":"","background-media":"","overlay-type":"","overlay-color":"","overlay-opacity":"","overlay-gradient":""},"tablet":{"background-color":"var(--ast-global-color-5)","background-image":"","background-repeat":"repeat","background-position":"center center","background-size":"auto","background-attachment":"scroll","background-type":"","background-media":"","overlay-type":"","overlay-color":"","overlay-opacity":"","overlay-gradient":""},"mobile":{"background-color":"var(--ast-global-color-5)","background-image":"","background-repeat":"repeat","background-position":"center center","background-size":"auto","background-attachment":"scroll","background-type":"","background-media":"","overlay-type":"","overlay-color":"","overlay-opacity":"","overlay-gradient":""}},"footnotes":""},"class_list":["post-2197","page","type-page","status-publish","hentry"],"post_mailing_queue_ids":[],"_links":{"self":[{"href":"https:\/\/agora.xtec.cat\/zer-mediterrania\/wp-json\/wp\/v2\/pages\/2197","targetHints":{"allow":["GET"]}}],"collection":[{"href":"https:\/\/agora.xtec.cat\/zer-mediterrania\/wp-json\/wp\/v2\/pages"}],"about":[{"href":"https:\/\/agora.xtec.cat\/zer-mediterrania\/wp-json\/wp\/v2\/types\/page"}],"author":[{"embeddable":true,"href":"https:\/\/agora.xtec.cat\/zer-mediterrania\/wp-json\/wp\/v2\/users\/1"}],"replies":[{"embeddable":true,"href":"https:\/\/agora.xtec.cat\/zer-mediterrania\/wp-json\/wp\/v2\/comments?post=2197"}],"version-history":[{"count":3,"href":"https:\/\/agora.xtec.cat\/zer-mediterrania\/wp-json\/wp\/v2\/pages\/2197\/revisions"}],"predecessor-version":[{"id":3014,"href":"https:\/\/agora.xtec.cat\/zer-mediterrania\/wp-json\/wp\/v2\/pages\/2197\/revisions\/3014"}],"up":[{"embeddable":true,"href":"https:\/\/agora.xtec.cat\/zer-mediterrania\/wp-json\/wp\/v2\/pages\/2125"}],"wp:attachment":[{"href":"https:\/\/agora.xtec.cat\/zer-mediterrania\/wp-json\/wp\/v2\/media?parent=2197"}],"curies":[{"name":"wp","href":"https:\/\/api.w.org\/{rel}","templated":true}]}}