{"id":2127,"date":"2022-02-08T09:28:41","date_gmt":"2022-02-08T08:28:41","guid":{"rendered":"https:\/\/agora.xtec.cat\/zer-mediterrania\/?page_id=2127"},"modified":"2023-03-08T10:47:52","modified_gmt":"2023-03-08T09:47:52","slug":"cultura-digital","status":"publish","type":"page","link":"https:\/\/agora.xtec.cat\/zer-mediterrania\/zer\/estrategia-digital-de-zer\/cultura-digital\/","title":{"rendered":"Cultura Digital"},"content":{"rendered":"<p><a href=\"https:\/\/agora.xtec.cat\/zer-mediterrania\/wp-content\/uploads\/usu2438\/2023\/03\/NOF-APARTAT-CULTURA-DIGITAL.pdf\">NOF, APARTAT CULTURA DIGITAL<\/a><\/p>\n<p><a href=\"https:\/\/agora.xtec.cat\/zer-mediterrania\/docs\/pec-zer\/\" target=\"_blank\" rel=\"noopener\">PEC<\/a><\/p>\n<p><a href=\"https:\/\/agora.xtec.cat\/zer-mediterrania\/zer\/estrategia-digital-de-zer\/cultura-digital\/comunicacio-de-la-comunitat-educativa\/\" target=\"_blank\" rel=\"noopener\">Comunicaci\u00f3 de la comunitat educativa.<\/a><\/p>\n<p><a href=\"https:\/\/agora.xtec.cat\/zer-mediterrania\/zer\/estrategia-digital-de-zer\/cultura-digital\/acolliment-digital\/\" target=\"_blank\" rel=\"noopener\">Acolliment digital.<\/a><\/p>\n<p><a href=\"https:\/\/agora.xtec.cat\/zer-mediterrania\/zer\/estrategia-digital-de-zer\/cultura-digital\/portals-digitals-i-xarxes-socials\/\" target=\"_blank\" rel=\"noopener\">Portals digitals i xarxes socials.<\/a><\/p>\n<p><a href=\"https:\/\/agora.xtec.cat\/zer-mediterrania\/zer\/estrategia-digital-de-zer\/cultura-digital\/desplegament-curricular-de-la-competencia-digital-de-lalumnat\/\" target=\"_blank\" rel=\"noopener\">Desplegament curricular de la compet\u00e8ncia digital de l&#8217;alumnat.<\/a><\/p>\n<p><a href=\"https:\/\/agora.xtec.cat\/zer-mediterrania\/zer\/estrategia-digital-de-zer\/cultura-digital\/acords-de-claustre-i-consell-escolars\/\" target=\"_blank\" rel=\"noopener\">Acords de claustre i consell escolars.<\/a><\/p>\n<p><a href=\"https:\/\/agora.xtec.cat\/zer-mediterrania\/zer\/estrategia-digital-de-zer\/cultura-digital\/descripcio-de-serveis-digitals\/\" target=\"_blank\" rel=\"noopener\">Descripci\u00f3 de serveis digitals.<\/a><\/p>\n","protected":false},"excerpt":{"rendered":"<p>NOF, APARTAT CULTURA DIGITAL PEC Comunicaci\u00f3 de la comunitat educativa. Acolliment digital. Portals digitals i xarxes socials. Desplegament curricular de la compet\u00e8ncia digital de l&#8217;alumnat. Acords de claustre i consell escolars. Descripci\u00f3 de serveis digitals.<\/p>\n","protected":false},"author":1,"featured_media":0,"parent":2125,"menu_order":50,"comment_status":"closed","ping_status":"closed","template":"","meta":{"_bbp_topic_count":0,"_bbp_reply_count":0,"_bbp_total_topic_count":0,"_bbp_total_reply_count":0,"_bbp_voice_count":0,"_bbp_anonymous_reply_count":0,"_bbp_topic_count_hidden":0,"_bbp_reply_count_hidden":0,"_bbp_forum_subforum_count":0,"site-sidebar-layout":"default","site-content-layout":"","ast-site-content-layout":"","site-content-style":"default","site-sidebar-style":"default","ast-global-header-display":"","ast-banner-title-visibility":"","ast-main-header-display":"","ast-hfb-above-header-display":"","ast-hfb-below-header-display":"","ast-hfb-mobile-header-display":"","site-post-title":"","ast-breadcrumbs-content":"","ast-featured-img":"","footer-sml-layout":"","theme-transparent-header-meta":"","adv-header-id-meta":"","stick-header-meta":"","header-above-stick-meta":"","header-main-stick-meta":"","header-below-stick-meta":"","astra-migrate-meta-layouts":"default","ast-page-background-enabled":"default","ast-page-background-meta":{"desktop":{"background-color":"var(--ast-global-color-4)","background-image":"","background-repeat":"repeat","background-position":"center center","background-size":"auto","background-attachment":"scroll","background-type":"","background-media":"","overlay-type":"","overlay-color":"","overlay-opacity":"","overlay-gradient":""},"tablet":{"background-color":"","background-image":"","background-repeat":"repeat","background-position":"center center","background-size":"auto","background-attachment":"scroll","background-type":"","background-media":"","overlay-type":"","overlay-color":"","overlay-opacity":"","overlay-gradient":""},"mobile":{"background-color":"","background-image":"","background-repeat":"repeat","background-position":"center center","background-size":"auto","background-attachment":"scroll","background-type":"","background-media":"","overlay-type":"","overlay-color":"","overlay-opacity":"","overlay-gradient":""}},"ast-content-background-meta":{"desktop":{"background-color":"var(--ast-global-color-5)","background-image":"","background-repeat":"repeat","background-position":"center center","background-size":"auto","background-attachment":"scroll","background-type":"","background-media":"","overlay-type":"","overlay-color":"","overlay-opacity":"","overlay-gradient":""},"tablet":{"background-color":"var(--ast-global-color-5)","background-image":"","background-repeat":"repeat","background-position":"center center","background-size":"auto","background-attachment":"scroll","background-type":"","background-media":"","overlay-type":"","overlay-color":"","overlay-opacity":"","overlay-gradient":""},"mobile":{"background-color":"var(--ast-global-color-5)","background-image":"","background-repeat":"repeat","background-position":"center center","background-size":"auto","background-attachment":"scroll","background-type":"","background-media":"","overlay-type":"","overlay-color":"","overlay-opacity":"","overlay-gradient":""}},"footnotes":""},"class_list":["post-2127","page","type-page","status-publish","hentry"],"post_mailing_queue_ids":[],"_links":{"self":[{"href":"https:\/\/agora.xtec.cat\/zer-mediterrania\/wp-json\/wp\/v2\/pages\/2127","targetHints":{"allow":["GET"]}}],"collection":[{"href":"https:\/\/agora.xtec.cat\/zer-mediterrania\/wp-json\/wp\/v2\/pages"}],"about":[{"href":"https:\/\/agora.xtec.cat\/zer-mediterrania\/wp-json\/wp\/v2\/types\/page"}],"author":[{"embeddable":true,"href":"https:\/\/agora.xtec.cat\/zer-mediterrania\/wp-json\/wp\/v2\/users\/1"}],"replies":[{"embeddable":true,"href":"https:\/\/agora.xtec.cat\/zer-mediterrania\/wp-json\/wp\/v2\/comments?post=2127"}],"version-history":[{"count":4,"href":"https:\/\/agora.xtec.cat\/zer-mediterrania\/wp-json\/wp\/v2\/pages\/2127\/revisions"}],"predecessor-version":[{"id":3255,"href":"https:\/\/agora.xtec.cat\/zer-mediterrania\/wp-json\/wp\/v2\/pages\/2127\/revisions\/3255"}],"up":[{"embeddable":true,"href":"https:\/\/agora.xtec.cat\/zer-mediterrania\/wp-json\/wp\/v2\/pages\/2125"}],"wp:attachment":[{"href":"https:\/\/agora.xtec.cat\/zer-mediterrania\/wp-json\/wp\/v2\/media?parent=2127"}],"curies":[{"name":"wp","href":"https:\/\/api.w.org\/{rel}","templated":true}]}}