{"id":2125,"date":"2022-02-08T09:27:44","date_gmt":"2022-02-08T08:27:44","guid":{"rendered":"https:\/\/agora.xtec.cat\/zer-mediterrania\/?page_id=2125"},"modified":"2022-03-04T20:05:34","modified_gmt":"2022-03-04T19:05:34","slug":"estrategia-digital-de-zer","status":"publish","type":"page","link":"https:\/\/agora.xtec.cat\/zer-mediterrania\/zer\/estrategia-digital-de-zer\/","title":{"rendered":"Estrat\u00e8gia Digital de ZER"},"content":{"rendered":"<p><img loading=\"lazy\" decoding=\"async\" class=\"aligncenter wp-image-2173\" src=\"https:\/\/agora.xtec.cat\/zer-mediterrania\/wp-content\/uploads\/usu2438\/2022\/02\/10.png\" alt=\"\" width=\"1160\" height=\"479\" srcset=\"https:\/\/agora.xtec.cat\/zer-mediterrania\/wp-content\/uploads\/usu2438\/2022\/02\/10.png 1090w, https:\/\/agora.xtec.cat\/zer-mediterrania\/wp-content\/uploads\/usu2438\/2022\/02\/10-300x124.png 300w, https:\/\/agora.xtec.cat\/zer-mediterrania\/wp-content\/uploads\/usu2438\/2022\/02\/10-1024x423.png 1024w, https:\/\/agora.xtec.cat\/zer-mediterrania\/wp-content\/uploads\/usu2438\/2022\/02\/10-768x317.png 768w\" sizes=\"auto, (max-width: 1160px) 100vw, 1160px\" \/><\/p>\n<p>L&#8217;Estrat\u00e8gia Digital de ZER \u00e9s una evoluci\u00f3 de l&#8217;antic pla TAC. Aquest document \u00e9s un recull de diferents an\u00e0lisis, objectius,\u00a0 actuacions, acords, protocols, programacions, dispositius i relacions amb l&#8217;entorn digital. Est\u00e0 elaborat amb el consens de les 3 escoles que formem part de la Zona Escolar Rural Mediterr\u00e0nia: l&#8217;Escola Marjal, l&#8217;Escola del Poble Nou del Delta i l&#8217;Escola Setze de Febrer.<\/p>\n<p>El document s&#8217;estructura en dos \u00e0mbits generals, l&#8217;Estrat\u00e8gia Digital de Centre, i la Cultura Digital. Aquestes dos parts formades per diversos subapartats consultables per la comunitat educativa.<\/p>\n<p>Aquesta estrat\u00e8gia est\u00e0 lligada amb l&#8217;actual Pla d&#8217;Educaci\u00f3 Digital de Catalunya, i tamb\u00e9 al pla de la Transformaci\u00f3 Digital Educativa. D&#8217;altra banda, les diferents accions de l&#8217;EDZ estan referenciades als documents de centre PEC i NOFC.<\/p>\n<p>Al men\u00fa que teniu a l&#8217;esquerra de la p\u00e0gina, (o b\u00e9 al men\u00fa principal del web) podreu veure les diferents parts de l&#8217;EDZ.<\/p>\n<table style=\"height: 94px; width: 100.227%; border-collapse: collapse; background-color: #c7c3c4;\">\n<tbody>\n<tr>\n<td style=\"width: 20%;\"><strong><a href=\"https:\/\/agora.xtec.cat\/zer-mediterrania\/zer\/estrategia-digital-de-zer\/diagnosi\/\" target=\"_blank\" rel=\"noopener\">DIAGNOSI<\/a><\/strong><\/td>\n<td style=\"width: 20%;\"><strong><a href=\"https:\/\/agora.xtec.cat\/zer-mediterrania\/zer\/estrategia-digital-de-zer\/objectius\/\" target=\"_blank\" rel=\"noopener\">OBJECTIUS<\/a><\/strong><\/td>\n<td style=\"width: 20%;\"><strong><a href=\"https:\/\/agora.xtec.cat\/zer-mediterrania\/zer\/estrategia-digital-de-zer\/planificacio-de-les-activitats\/\" target=\"_blank\" rel=\"noopener\">PLANIFICACI\u00d3 DE LES ACTIVITATS<\/a><\/strong><\/td>\n<td style=\"width: 20%;\"><strong><a href=\"https:\/\/agora.xtec.cat\/zer-mediterrania\/zer\/estrategia-digital-de-zer\/avaluacio\/\" target=\"_blank\" rel=\"noopener\">AVALUACI\u00d3<\/a><\/strong><\/td>\n<td style=\"width: 20%;\"><strong><a href=\"https:\/\/agora.xtec.cat\/zer-mediterrania\/zer\/estrategia-digital-de-zer\/cultura-digital\/\" target=\"_blank\" rel=\"noopener\">CULTURA DIGITAL<\/a><\/strong><\/td>\n<\/tr>\n<\/tbody>\n<\/table>\n","protected":false},"excerpt":{"rendered":"<p>L&#8217;Estrat\u00e8gia Digital de ZER \u00e9s una evoluci\u00f3 de l&#8217;antic pla TAC. Aquest document \u00e9s un recull de diferents an\u00e0lisis, objectius,\u00a0 actuacions, acords, protocols, programacions, dispositius i relacions amb l&#8217;entorn digital. Est\u00e0 elaborat amb el consens de les 3 escoles que formem part de la Zona Escolar Rural Mediterr\u00e0nia: l&#8217;Escola Marjal, l&#8217;Escola del Poble Nou del [&hellip;]<\/p>\n","protected":false},"author":1,"featured_media":0,"parent":19,"menu_order":31,"comment_status":"closed","ping_status":"closed","template":"","meta":{"_bbp_topic_count":0,"_bbp_reply_count":0,"_bbp_total_topic_count":0,"_bbp_total_reply_count":0,"_bbp_voice_count":0,"_bbp_anonymous_reply_count":0,"_bbp_topic_count_hidden":0,"_bbp_reply_count_hidden":0,"_bbp_forum_subforum_count":0,"site-sidebar-layout":"default","site-content-layout":"","ast-site-content-layout":"","site-content-style":"default","site-sidebar-style":"default","ast-global-header-display":"","ast-banner-title-visibility":"","ast-main-header-display":"","ast-hfb-above-header-display":"","ast-hfb-below-header-display":"","ast-hfb-mobile-header-display":"","site-post-title":"","ast-breadcrumbs-content":"","ast-featured-img":"","footer-sml-layout":"","theme-transparent-header-meta":"","adv-header-id-meta":"","stick-header-meta":"","header-above-stick-meta":"","header-main-stick-meta":"","header-below-stick-meta":"","astra-migrate-meta-layouts":"default","ast-page-background-enabled":"default","ast-page-background-meta":{"desktop":{"background-color":"var(--ast-global-color-4)","background-image":"","background-repeat":"repeat","background-position":"center center","background-size":"auto","background-attachment":"scroll","background-type":"","background-media":"","overlay-type":"","overlay-color":"","overlay-opacity":"","overlay-gradient":""},"tablet":{"background-color":"","background-image":"","background-repeat":"repeat","background-position":"center center","background-size":"auto","background-attachment":"scroll","background-type":"","background-media":"","overlay-type":"","overlay-color":"","overlay-opacity":"","overlay-gradient":""},"mobile":{"background-color":"","background-image":"","background-repeat":"repeat","background-position":"center center","background-size":"auto","background-attachment":"scroll","background-type":"","background-media":"","overlay-type":"","overlay-color":"","overlay-opacity":"","overlay-gradient":""}},"ast-content-background-meta":{"desktop":{"background-color":"var(--ast-global-color-5)","background-image":"","background-repeat":"repeat","background-position":"center center","background-size":"auto","background-attachment":"scroll","background-type":"","background-media":"","overlay-type":"","overlay-color":"","overlay-opacity":"","overlay-gradient":""},"tablet":{"background-color":"var(--ast-global-color-5)","background-image":"","background-repeat":"repeat","background-position":"center center","background-size":"auto","background-attachment":"scroll","background-type":"","background-media":"","overlay-type":"","overlay-color":"","overlay-opacity":"","overlay-gradient":""},"mobile":{"background-color":"var(--ast-global-color-5)","background-image":"","background-repeat":"repeat","background-position":"center center","background-size":"auto","background-attachment":"scroll","background-type":"","background-media":"","overlay-type":"","overlay-color":"","overlay-opacity":"","overlay-gradient":""}},"footnotes":""},"class_list":["post-2125","page","type-page","status-publish","hentry"],"post_mailing_queue_ids":[],"_links":{"self":[{"href":"https:\/\/agora.xtec.cat\/zer-mediterrania\/wp-json\/wp\/v2\/pages\/2125","targetHints":{"allow":["GET"]}}],"collection":[{"href":"https:\/\/agora.xtec.cat\/zer-mediterrania\/wp-json\/wp\/v2\/pages"}],"about":[{"href":"https:\/\/agora.xtec.cat\/zer-mediterrania\/wp-json\/wp\/v2\/types\/page"}],"author":[{"embeddable":true,"href":"https:\/\/agora.xtec.cat\/zer-mediterrania\/wp-json\/wp\/v2\/users\/1"}],"replies":[{"embeddable":true,"href":"https:\/\/agora.xtec.cat\/zer-mediterrania\/wp-json\/wp\/v2\/comments?post=2125"}],"version-history":[{"count":3,"href":"https:\/\/agora.xtec.cat\/zer-mediterrania\/wp-json\/wp\/v2\/pages\/2125\/revisions"}],"predecessor-version":[{"id":2166,"href":"https:\/\/agora.xtec.cat\/zer-mediterrania\/wp-json\/wp\/v2\/pages\/2125\/revisions\/2166"}],"up":[{"embeddable":true,"href":"https:\/\/agora.xtec.cat\/zer-mediterrania\/wp-json\/wp\/v2\/pages\/19"}],"wp:attachment":[{"href":"https:\/\/agora.xtec.cat\/zer-mediterrania\/wp-json\/wp\/v2\/media?parent=2125"}],"curies":[{"name":"wp","href":"https:\/\/api.w.org\/{rel}","templated":true}]}}