{"id":21,"date":"2014-09-17T16:14:14","date_gmt":"2014-09-17T16:14:14","guid":{"rendered":"http:\/\/agora.xtec.cat\/zer-mediterrania\/?page_id=21"},"modified":"2021-01-18T11:29:26","modified_gmt":"2021-01-18T10:29:26","slug":"on-som","status":"publish","type":"page","link":"https:\/\/agora.xtec.cat\/zer-mediterrania\/zer\/on-som\/","title":{"rendered":"On som"},"content":{"rendered":"<p style=\"color: #666666;\"><strong>ZER\u00a0Mediterr\u00e0nia<\/strong><br \/>\nCarrer Hern\u00e1n Cort\u00e9s<br \/>\n43 569 Les Cases d&#8217;Alcanar<br \/>\n<a href=\"mailto:e3009308@xtec.cat\">e3009308@xtec.cat<\/a><\/p>\n<p><strong>Seu de la ZER &#8211; Escola Marjal &#8211; Les Cases d&#8217;Alcanar<br \/>\n<a href=\"mailto:e3005698@xtec.cat\">e3005698@xtec.cat <\/a>&#8211;\u00a0<\/strong>977737377<br \/>\n<iframe loading=\"lazy\" src=\"https:\/\/www.google.com\/maps\/embed?pb=!1m18!1m12!1m3!1d2329.4838100535844!2d0.527114424270074!3d40.553633400143255!2m3!1f0!2f0!3f0!3m2!1i1024!2i768!4f13.1!3m3!1m2!1s0x12a0540038782c35%3A0x22ba65e8f8eca0c5!2sEscola%20de%20les%20Cases%20d'Alcanar!5e0!3m2!1sca!2ses!4v1610961900268!5m2!1sca!2ses\" width=\"600\" height=\"450\" frameborder=\"0\" aria-hidden=\"false\"><\/iframe><\/p>\n<p><strong>Escola Setze de Febrer &#8211; Els Muntells<br \/>\n<a href=\"mailto:e3005613@xtec.cat\">e3005613@xtec.cat <\/a>&#8211;\u00a0<\/strong>977479064<br \/>\n<iframe loading=\"lazy\" src=\"https:\/\/www.google.com\/maps\/embed?pb=!1m18!1m12!1m3!1d4650.904276016525!2d0.7528307288807435!3d40.66938155994114!2m3!1f0!2f0!3f0!3m2!1i1024!2i768!4f13.1!3m3!1m2!1s0x12a1087c1a46f783%3A0x13f14658b77495f1!2sEscola%20P%C3%BAblica%20Setze%20de%20Febrer%20Zer%20Mediterr%C3%A0nia!5e0!3m2!1sca!2ses!4v1610962182133!5m2!1sca!2ses\" width=\"600\" height=\"450\" frameborder=\"0\" aria-hidden=\"false\"><\/iframe><\/p>\n<p><strong>Escola del Poble Nou del Delta &#8211; Poble Nou del Delta<br \/>\n<a href=\"mailto:e3009217@xtec.cat\">e3009217@xtec.cat <\/a>&#8211;\u00a0<\/strong>977744705<br \/>\n<iframe loading=\"lazy\" src=\"https:\/\/www.google.com\/maps\/embed?pb=!1m18!1m12!1m3!1d581.5729582513972!2d0.6866643167925571!3d40.64529661989005!2m3!1f0!2f0!3f0!3m2!1i1024!2i768!4f13.1!3m3!1m2!1s0x12a107458033dab7%3A0x72d0eabef30d774e!2sEscola%20del%20Poble%20Nou%20del%20Delta%20-%20Zer%20Mediterr%C3%A0nia!5e0!3m2!1sca!2ses!4v1610963132070!5m2!1sca!2ses\" width=\"600\" height=\"450\" frameborder=\"0\" aria-hidden=\"false\"><\/iframe><\/p>\n","protected":false},"excerpt":{"rendered":"<p>ZER\u00a0Mediterr\u00e0nia Carrer Hern\u00e1n Cort\u00e9s 43 569 Les Cases d&#8217;Alcanar e3009308@xtec.cat Seu de la ZER &#8211; Escola Marjal &#8211; Les Cases d&#8217;Alcanar e3005698@xtec.cat &#8211;\u00a0977737377 Escola Setze de Febrer &#8211; Els Muntells e3005613@xtec.cat &#8211;\u00a0977479064 Escola del Poble Nou del Delta &#8211; Poble Nou del Delta e3009217@xtec.cat &#8211;\u00a0977744705<\/p>\n","protected":false},"author":1,"featured_media":0,"parent":19,"menu_order":10,"comment_status":"closed","ping_status":"closed","template":"page-templates\/side-menu.php","meta":{"_bbp_topic_count":0,"_bbp_reply_count":0,"_bbp_total_topic_count":0,"_bbp_total_reply_count":0,"_bbp_voice_count":0,"_bbp_anonymous_reply_count":0,"_bbp_topic_count_hidden":0,"_bbp_reply_count_hidden":0,"_bbp_forum_subforum_count":0,"site-sidebar-layout":"default","site-content-layout":"","ast-site-content-layout":"","site-content-style":"default","site-sidebar-style":"default","ast-global-header-display":"","ast-banner-title-visibility":"","ast-main-header-display":"","ast-hfb-above-header-display":"","ast-hfb-below-header-display":"","ast-hfb-mobile-header-display":"","site-post-title":"","ast-breadcrumbs-content":"","ast-featured-img":"","footer-sml-layout":"","theme-transparent-header-meta":"","adv-header-id-meta":"","stick-header-meta":"","header-above-stick-meta":"","header-main-stick-meta":"","header-below-stick-meta":"","astra-migrate-meta-layouts":"default","ast-page-background-enabled":"default","ast-page-background-meta":{"desktop":{"background-color":"var(--ast-global-color-4)","background-image":"","background-repeat":"repeat","background-position":"center center","background-size":"auto","background-attachment":"scroll","background-type":"","background-media":"","overlay-type":"","overlay-color":"","overlay-opacity":"","overlay-gradient":""},"tablet":{"background-color":"","background-image":"","background-repeat":"repeat","background-position":"center center","background-size":"auto","background-attachment":"scroll","background-type":"","background-media":"","overlay-type":"","overlay-color":"","overlay-opacity":"","overlay-gradient":""},"mobile":{"background-color":"","background-image":"","background-repeat":"repeat","background-position":"center center","background-size":"auto","background-attachment":"scroll","background-type":"","background-media":"","overlay-type":"","overlay-color":"","overlay-opacity":"","overlay-gradient":""}},"ast-content-background-meta":{"desktop":{"background-color":"var(--ast-global-color-5)","background-image":"","background-repeat":"repeat","background-position":"center center","background-size":"auto","background-attachment":"scroll","background-type":"","background-media":"","overlay-type":"","overlay-color":"","overlay-opacity":"","overlay-gradient":""},"tablet":{"background-color":"var(--ast-global-color-5)","background-image":"","background-repeat":"repeat","background-position":"center center","background-size":"auto","background-attachment":"scroll","background-type":"","background-media":"","overlay-type":"","overlay-color":"","overlay-opacity":"","overlay-gradient":""},"mobile":{"background-color":"var(--ast-global-color-5)","background-image":"","background-repeat":"repeat","background-position":"center center","background-size":"auto","background-attachment":"scroll","background-type":"","background-media":"","overlay-type":"","overlay-color":"","overlay-opacity":"","overlay-gradient":""}},"footnotes":""},"class_list":["post-21","page","type-page","status-publish","hentry"],"post_mailing_queue_ids":[],"_links":{"self":[{"href":"https:\/\/agora.xtec.cat\/zer-mediterrania\/wp-json\/wp\/v2\/pages\/21","targetHints":{"allow":["GET"]}}],"collection":[{"href":"https:\/\/agora.xtec.cat\/zer-mediterrania\/wp-json\/wp\/v2\/pages"}],"about":[{"href":"https:\/\/agora.xtec.cat\/zer-mediterrania\/wp-json\/wp\/v2\/types\/page"}],"author":[{"embeddable":true,"href":"https:\/\/agora.xtec.cat\/zer-mediterrania\/wp-json\/wp\/v2\/users\/1"}],"replies":[{"embeddable":true,"href":"https:\/\/agora.xtec.cat\/zer-mediterrania\/wp-json\/wp\/v2\/comments?post=21"}],"version-history":[{"count":4,"href":"https:\/\/agora.xtec.cat\/zer-mediterrania\/wp-json\/wp\/v2\/pages\/21\/revisions"}],"predecessor-version":[{"id":639,"href":"https:\/\/agora.xtec.cat\/zer-mediterrania\/wp-json\/wp\/v2\/pages\/21\/revisions\/639"}],"up":[{"embeddable":true,"href":"https:\/\/agora.xtec.cat\/zer-mediterrania\/wp-json\/wp\/v2\/pages\/19"}],"wp:attachment":[{"href":"https:\/\/agora.xtec.cat\/zer-mediterrania\/wp-json\/wp\/v2\/media?parent=21"}],"curies":[{"name":"wp","href":"https:\/\/api.w.org\/{rel}","templated":true}]}}