{"id":19,"date":"2014-09-17T14:56:56","date_gmt":"2014-09-17T14:56:56","guid":{"rendered":"http:\/\/agora.xtec.cat\/zer-mediterrania\/?page_id=19"},"modified":"2021-02-09T09:34:38","modified_gmt":"2021-02-09T08:34:38","slug":"zer","status":"publish","type":"page","link":"https:\/\/agora.xtec.cat\/zer-mediterrania\/zer\/","title":{"rendered":"ZER"},"content":{"rendered":"<p>Per a qu\u00e8 pugueu con\u00e8ixer la ZER us deixarem els tres blocs que han anat registrant l&#8217;activitat de les tres escoles que formen part de l&#8217;agrupaci\u00f3 rural, aix\u00ed com el bloc antic de la ZER.<\/p>\n<p>&nbsp;<\/p>\n<p>Bloc antic de la ZER. <a href=\"http:\/\/mediterraniazer.blogspot.com\/\" target=\"_blank\" rel=\"noopener noreferrer\">Feu clic aqu\u00ed.<\/a><\/p>\n<p>&nbsp;<\/p>\n<p>Bloc antic de l&#8217;Escola Marjal. <a href=\"http:\/\/escolalescases.blogspot.com\/\" target=\"_blank\" rel=\"noopener noreferrer\">Feu clic aqu\u00ed.<\/a><\/p>\n<p>&nbsp;<\/p>\n<p>Bloc antic de l&#8217;Escola Setze de Febrer. <a href=\"http:\/\/escolasetzedefebrerelsmuntells.blogspot.com\/\" target=\"_blank\" rel=\"noopener noreferrer\">Feu clic aqu\u00ed.<\/a><\/p>\n<p>&nbsp;<\/p>\n<p>Blocs de l&#8217;Escola del Poble Nou del Delta. El bloc <a href=\"https:\/\/agora.xtec.cat\/escoladelpoblenoudeldelta\/\" target=\"_blank\" rel=\"noopener noreferrer\">NODES<\/a> i el<a href=\"http:\/\/escolapoblenoudeldelta.blogspot.com\/\" target=\"_blank\" rel=\"noopener noreferrer\"> bloc antic.<\/a><\/p>\n<p>&nbsp;<\/p>\n<p><strong>Esperem que pugueu gaudir de l&#8217;activitat social dels nostres blocs com nosaltres!<\/strong><\/p>\n<p>&nbsp;<\/p>\n<p>&nbsp;<\/p>\n","protected":false},"excerpt":{"rendered":"<p>Per a qu\u00e8 pugueu con\u00e8ixer la ZER us deixarem els tres blocs que han anat registrant l&#8217;activitat de les tres escoles que formen part de l&#8217;agrupaci\u00f3 rural, aix\u00ed com el bloc antic de la ZER. &nbsp; Bloc antic de la ZER. Feu clic aqu\u00ed. &nbsp; Bloc antic de l&#8217;Escola Marjal. Feu clic aqu\u00ed. &nbsp; Bloc [&hellip;]<\/p>\n","protected":false},"author":1,"featured_media":0,"parent":0,"menu_order":0,"comment_status":"closed","ping_status":"closed","template":"page-templates\/side-menu.php","meta":{"_bbp_topic_count":0,"_bbp_reply_count":0,"_bbp_total_topic_count":0,"_bbp_total_reply_count":0,"_bbp_voice_count":0,"_bbp_anonymous_reply_count":0,"_bbp_topic_count_hidden":0,"_bbp_reply_count_hidden":0,"_bbp_forum_subforum_count":0,"site-sidebar-layout":"default","site-content-layout":"","ast-site-content-layout":"","site-content-style":"default","site-sidebar-style":"default","ast-global-header-display":"","ast-banner-title-visibility":"","ast-main-header-display":"","ast-hfb-above-header-display":"","ast-hfb-below-header-display":"","ast-hfb-mobile-header-display":"","site-post-title":"","ast-breadcrumbs-content":"","ast-featured-img":"","footer-sml-layout":"","theme-transparent-header-meta":"","adv-header-id-meta":"","stick-header-meta":"","header-above-stick-meta":"","header-main-stick-meta":"","header-below-stick-meta":"","astra-migrate-meta-layouts":"default","ast-page-background-enabled":"default","ast-page-background-meta":{"desktop":{"background-color":"var(--ast-global-color-4)","background-image":"","background-repeat":"repeat","background-position":"center center","background-size":"auto","background-attachment":"scroll","background-type":"","background-media":"","overlay-type":"","overlay-color":"","overlay-opacity":"","overlay-gradient":""},"tablet":{"background-color":"","background-image":"","background-repeat":"repeat","background-position":"center center","background-size":"auto","background-attachment":"scroll","background-type":"","background-media":"","overlay-type":"","overlay-color":"","overlay-opacity":"","overlay-gradient":""},"mobile":{"background-color":"","background-image":"","background-repeat":"repeat","background-position":"center center","background-size":"auto","background-attachment":"scroll","background-type":"","background-media":"","overlay-type":"","overlay-color":"","overlay-opacity":"","overlay-gradient":""}},"ast-content-background-meta":{"desktop":{"background-color":"var(--ast-global-color-5)","background-image":"","background-repeat":"repeat","background-position":"center center","background-size":"auto","background-attachment":"scroll","background-type":"","background-media":"","overlay-type":"","overlay-color":"","overlay-opacity":"","overlay-gradient":""},"tablet":{"background-color":"var(--ast-global-color-5)","background-image":"","background-repeat":"repeat","background-position":"center center","background-size":"auto","background-attachment":"scroll","background-type":"","background-media":"","overlay-type":"","overlay-color":"","overlay-opacity":"","overlay-gradient":""},"mobile":{"background-color":"var(--ast-global-color-5)","background-image":"","background-repeat":"repeat","background-position":"center center","background-size":"auto","background-attachment":"scroll","background-type":"","background-media":"","overlay-type":"","overlay-color":"","overlay-opacity":"","overlay-gradient":""}},"footnotes":""},"class_list":["post-19","page","type-page","status-publish","hentry"],"post_mailing_queue_ids":[],"_links":{"self":[{"href":"https:\/\/agora.xtec.cat\/zer-mediterrania\/wp-json\/wp\/v2\/pages\/19","targetHints":{"allow":["GET"]}}],"collection":[{"href":"https:\/\/agora.xtec.cat\/zer-mediterrania\/wp-json\/wp\/v2\/pages"}],"about":[{"href":"https:\/\/agora.xtec.cat\/zer-mediterrania\/wp-json\/wp\/v2\/types\/page"}],"author":[{"embeddable":true,"href":"https:\/\/agora.xtec.cat\/zer-mediterrania\/wp-json\/wp\/v2\/users\/1"}],"replies":[{"embeddable":true,"href":"https:\/\/agora.xtec.cat\/zer-mediterrania\/wp-json\/wp\/v2\/comments?post=19"}],"version-history":[{"count":1,"href":"https:\/\/agora.xtec.cat\/zer-mediterrania\/wp-json\/wp\/v2\/pages\/19\/revisions"}],"predecessor-version":[{"id":795,"href":"https:\/\/agora.xtec.cat\/zer-mediterrania\/wp-json\/wp\/v2\/pages\/19\/revisions\/795"}],"wp:attachment":[{"href":"https:\/\/agora.xtec.cat\/zer-mediterrania\/wp-json\/wp\/v2\/media?parent=19"}],"curies":[{"name":"wp","href":"https:\/\/api.w.org\/{rel}","templated":true}]}}