{"id":914,"date":"2019-07-15T18:47:41","date_gmt":"2019-07-15T16:47:41","guid":{"rendered":"http:\/\/agora.xtec.cat\/zer-les-salines\/?page_id=914"},"modified":"2020-02-20T11:25:14","modified_gmt":"2020-02-20T10:25:14","slug":"pez-control-dactualitzacions-del-document","status":"publish","type":"page","link":"https:\/\/agora.xtec.cat\/zer-les-salines\/zer\/pez\/pez-control-dactualitzacions-del-document\/","title":{"rendered":"PEZ &#8211; Control d&#8217;actualitzacions del document"},"content":{"rendered":"<h1><b>9. Control d\u2019actualitzacions del document\u00a0<\/b><\/h1>\n<p>&nbsp;<\/p>\n<table style=\"width: 1226px;\">\n<tbody>\n<tr>\n<td style=\"width: 84px;\"><b>Data<\/b><\/td>\n<td style=\"width: 1134px;\"><b>Modificacions<\/b><\/td>\n<\/tr>\n<tr>\n<td style=\"width: 84px;\"><span style=\"font-weight: 400;\">4\/07\/2016<\/span><\/td>\n<td style=\"width: 1134px;\"><span style=\"font-weight: 400;\">5.1 i 5.2<\/span><\/td>\n<\/tr>\n<tr>\n<td style=\"width: 84px;\"><span style=\"font-weight: 400;\">8\/03\/2017<\/span><\/td>\n<td style=\"width: 1134px;\"><span style=\"font-weight: 400;\">2, 5.1, 5.2 5.6<\/span><\/td>\n<\/tr>\n<tr>\n<td style=\"width: 84px;\"><span style=\"font-weight: 400;\">5\/07\/2017<\/span><\/td>\n<td style=\"width: 1134px;\"><span style=\"font-weight: 400;\">\u00cdndex, apartat 5<\/span><\/td>\n<\/tr>\n<tr>\n<td style=\"width: 84px;\"><span style=\"font-weight: 400;\">14\/3\/2019<\/span><\/td>\n<td style=\"width: 1134px;\"><span style=\"font-weight: 400;\">\u00cdndex (normatiu D\u2019d\u2019E)<\/span><\/td>\n<\/tr>\n<tr>\n<td style=\"width: 84px;\"><span style=\"font-weight: 400;\">28\/11\/2019<\/span><\/td>\n<td style=\"width: 1134px;\"><span style=\"font-weight: 400;\">apartat 8<\/span><\/td>\n<\/tr>\n<\/tbody>\n<\/table>\n<p><span style=\"font-weight: 400;\">El PEZ es revisar\u00e0 cada quatre anys. Aquesta revisi\u00f3 es far\u00e0 a partir de la Mem\u00f2ria Anual (MA) dels quatre cursos esmentats, amb els indicadors de progr\u00e9s de la PGA, del PdD i del propi PEZ. L\u2019equip directiu elaborar\u00e0 la proposta inicial d\u2019actualitzaci\u00f3, formulada a partir de les propostes recollides del claustre i\/o Consell Escolar.<\/span><\/p>\n","protected":false},"excerpt":{"rendered":"<p>9. Control d\u2019actualitzacions del document\u00a0<br \/>\n&nbsp;<\/p>\n<p>Data<br \/>\nModificacions<\/p>\n<p>4\/07\/2016<br \/>\n5.1 i 5.2<\/p>\n<p>8\/03\/2017<br \/>\n2, 5.1, 5.2 5.6<\/p>\n<p>5\/07\/2017<br \/>\n\u00cdndex, apartat 5<\/p>\n<p>14\/3\/2019<br \/>\n\u00cdndex (normatiu D\u2019d\u2019E)<\/p>\n<p>28\/11\/2019<br \/>\napartat 8<\/p>\n<p>El PEZ es revisar\u00e0 cada quatre anys. Aquesta revisi\u00f3 es far\u00e0 a partir de la Mem\u00f2ria Anual (MA) dels quatre cursos esmentats, amb els indicadors de progr\u00e9s de la PGA, del&hellip;  <a href=\"https:\/\/agora.xtec.cat\/zer-les-salines\/zer\/pez\/pez-control-dactualitzacions-del-document\/\" title=\"Read PEZ &#8211; Control d&#8217;actualitzacions del document\">Llegeix m\u00e9s\u00bb<\/a><\/p>\n","protected":false},"author":1,"featured_media":0,"parent":727,"menu_order":0,"comment_status":"closed","ping_status":"closed","template":"","meta":{"_bbp_topic_count":0,"_bbp_reply_count":0,"_bbp_total_topic_count":0,"_bbp_total_reply_count":0,"_bbp_voice_count":0,"_bbp_anonymous_reply_count":0,"_bbp_topic_count_hidden":0,"_bbp_reply_count_hidden":0,"_bbp_forum_subforum_count":0,"footnotes":""},"class_list":["post-914","page","type-page","status-publish","hentry"],"post_mailing_queue_ids":[],"_links":{"self":[{"href":"https:\/\/agora.xtec.cat\/zer-les-salines\/wp-json\/wp\/v2\/pages\/914","targetHints":{"allow":["GET"]}}],"collection":[{"href":"https:\/\/agora.xtec.cat\/zer-les-salines\/wp-json\/wp\/v2\/pages"}],"about":[{"href":"https:\/\/agora.xtec.cat\/zer-les-salines\/wp-json\/wp\/v2\/types\/page"}],"author":[{"embeddable":true,"href":"https:\/\/agora.xtec.cat\/zer-les-salines\/wp-json\/wp\/v2\/users\/1"}],"replies":[{"embeddable":true,"href":"https:\/\/agora.xtec.cat\/zer-les-salines\/wp-json\/wp\/v2\/comments?post=914"}],"version-history":[{"count":2,"href":"https:\/\/agora.xtec.cat\/zer-les-salines\/wp-json\/wp\/v2\/pages\/914\/revisions"}],"predecessor-version":[{"id":1102,"href":"https:\/\/agora.xtec.cat\/zer-les-salines\/wp-json\/wp\/v2\/pages\/914\/revisions\/1102"}],"up":[{"embeddable":true,"href":"https:\/\/agora.xtec.cat\/zer-les-salines\/wp-json\/wp\/v2\/pages\/727"}],"wp:attachment":[{"href":"https:\/\/agora.xtec.cat\/zer-les-salines\/wp-json\/wp\/v2\/media?parent=914"}],"curies":[{"name":"wp","href":"https:\/\/api.w.org\/{rel}","templated":true}]}}