{"id":2296,"date":"2026-04-20T09:36:23","date_gmt":"2026-04-20T07:36:23","guid":{"rendered":"https:\/\/agora.xtec.cat\/zer-la-vall-del-ter\/?page_id=2296"},"modified":"2026-04-20T10:30:51","modified_gmt":"2026-04-20T08:30:51","slug":"metodologia","status":"publish","type":"page","link":"https:\/\/agora.xtec.cat\/zer-la-vall-del-ter\/metodologia\/","title":{"rendered":"Metodologia"},"content":{"rendered":"\n<p>A la nostra escola entenem l\u2019aprenentatge com un proc\u00e9s actiu, vivencial i significatiu, on l\u2019alumnat \u00e9s el veritable protagonista. La nostra metodologia es basa en la manipulaci\u00f3, l\u2019experimentaci\u00f3 i la descoberta, fomentant la curiositat natural dels infants i el seu desig d\u2019aprendre.<\/p>\n\n\n\n<p>Treballem a trav\u00e9s de racons, projectes i activitats diverses que respecten els diferents ritmes d\u2019aprenentatge, potenciant tant el treball aut\u00f2nom com el cooperatiu. Donem una gran import\u00e0ncia al desenvolupament integral de l\u2019alumnat, promovent no nom\u00e9s els coneixements acad\u00e8mics, sin\u00f3 tamb\u00e9 la creativitat, el pensament cr\u00edtic, les habilitats socials i la gesti\u00f3 emocional.<\/p>\n\n\n\n<p>A m\u00e9s, integrem propostes interdisciplin\u00e0ries com la rob\u00f2tica i les activitats STEAM, aix\u00ed com l\u2019\u00fas de l\u2019entorn natural com a espai d\u2019aprenentatge. Tot plegat amb l\u2019objectiu de formar alumnes competents, aut\u00f2noms i preparats per afrontar els reptes del futur.<\/p>\n\n\n\n<figure class=\"wp-block-image size-large\"><a href=\"https:\/\/agora.xtec.cat\/zer-la-vall-del-ter\/wp-content\/uploads\/usu1041\/2026\/04\/METODOLOGIA-NOU.png\"><img loading=\"lazy\" decoding=\"async\" width=\"724\" height=\"1024\" src=\"https:\/\/agora.xtec.cat\/zer-la-vall-del-ter\/wp-content\/uploads\/usu1041\/2026\/04\/METODOLOGIA-NOU-724x1024.png\" alt=\"\" class=\"wp-image-2327\" srcset=\"https:\/\/agora.xtec.cat\/zer-la-vall-del-ter\/wp-content\/uploads\/usu1041\/2026\/04\/METODOLOGIA-NOU-724x1024.png 724w, https:\/\/agora.xtec.cat\/zer-la-vall-del-ter\/wp-content\/uploads\/usu1041\/2026\/04\/METODOLOGIA-NOU-212x300.png 212w, https:\/\/agora.xtec.cat\/zer-la-vall-del-ter\/wp-content\/uploads\/usu1041\/2026\/04\/METODOLOGIA-NOU-768x1086.png 768w, https:\/\/agora.xtec.cat\/zer-la-vall-del-ter\/wp-content\/uploads\/usu1041\/2026\/04\/METODOLOGIA-NOU-1086x1536.png 1086w, https:\/\/agora.xtec.cat\/zer-la-vall-del-ter\/wp-content\/uploads\/usu1041\/2026\/04\/METODOLOGIA-NOU.png 1414w\" sizes=\"auto, (max-width: 724px) 100vw, 724px\" \/><\/a><\/figure>\n","protected":false},"excerpt":{"rendered":"<p>A la nostra escola entenem l\u2019aprenentatge com un proc\u00e9s actiu, vivencial i significatiu, on l\u2019alumnat \u00e9s el veritable protagonista. La nostra metodologia es basa en la manipulaci\u00f3, l\u2019experimentaci\u00f3 i la descoberta, fomentant la curiositat natural dels infants i el seu desig d\u2019aprendre. Treballem a trav\u00e9s de racons, projectes i activitats diverses que respecten els diferents [&hellip;]<\/p>\n","protected":false},"author":1,"featured_media":0,"parent":0,"menu_order":0,"comment_status":"closed","ping_status":"close","template":"","meta":{"_bbp_topic_count":0,"_bbp_reply_count":0,"_bbp_total_topic_count":0,"_bbp_total_reply_count":0,"_bbp_voice_count":0,"_bbp_anonymous_reply_count":0,"_bbp_topic_count_hidden":0,"_bbp_reply_count_hidden":0,"_bbp_forum_subforum_count":0,"site-sidebar-layout":"default","site-content-layout":"","ast-site-content-layout":"default","site-content-style":"default","site-sidebar-style":"default","ast-global-header-display":"","ast-banner-title-visibility":"","ast-main-header-display":"","ast-hfb-above-header-display":"","ast-hfb-below-header-display":"","ast-hfb-mobile-header-display":"","site-post-title":"","ast-breadcrumbs-content":"","ast-featured-img":"","footer-sml-layout":"","theme-transparent-header-meta":"","adv-header-id-meta":"","stick-header-meta":"","header-above-stick-meta":"","header-main-stick-meta":"","header-below-stick-meta":"","astra-migrate-meta-layouts":"set","ast-page-background-enabled":"default","ast-page-background-meta":{"desktop":{"background-color":"var(--ast-global-color-4)","background-image":"","background-repeat":"repeat","background-position":"center center","background-size":"auto","background-attachment":"scroll","background-type":"","background-media":"","overlay-type":"","overlay-color":"","overlay-opacity":"","overlay-gradient":""},"tablet":{"background-color":"","background-image":"","background-repeat":"repeat","background-position":"center center","background-size":"auto","background-attachment":"scroll","background-type":"","background-media":"","overlay-type":"","overlay-color":"","overlay-opacity":"","overlay-gradient":""},"mobile":{"background-color":"","background-image":"","background-repeat":"repeat","background-position":"center center","background-size":"auto","background-attachment":"scroll","background-type":"","background-media":"","overlay-type":"","overlay-color":"","overlay-opacity":"","overlay-gradient":""}},"ast-content-background-meta":{"desktop":{"background-color":"var(--ast-global-color-5)","background-image":"","background-repeat":"repeat","background-position":"center center","background-size":"auto","background-attachment":"scroll","background-type":"","background-media":"","overlay-type":"","overlay-color":"","overlay-opacity":"","overlay-gradient":""},"tablet":{"background-color":"var(--ast-global-color-5)","background-image":"","background-repeat":"repeat","background-position":"center center","background-size":"auto","background-attachment":"scroll","background-type":"","background-media":"","overlay-type":"","overlay-color":"","overlay-opacity":"","overlay-gradient":""},"mobile":{"background-color":"var(--ast-global-color-5)","background-image":"","background-repeat":"repeat","background-position":"center center","background-size":"auto","background-attachment":"scroll","background-type":"","background-media":"","overlay-type":"","overlay-color":"","overlay-opacity":"","overlay-gradient":""}},"footnotes":""},"class_list":["post-2296","page","type-page","status-publish","hentry"],"post_mailing_queue_ids":[],"_links":{"self":[{"href":"https:\/\/agora.xtec.cat\/zer-la-vall-del-ter\/wp-json\/wp\/v2\/pages\/2296","targetHints":{"allow":["GET"]}}],"collection":[{"href":"https:\/\/agora.xtec.cat\/zer-la-vall-del-ter\/wp-json\/wp\/v2\/pages"}],"about":[{"href":"https:\/\/agora.xtec.cat\/zer-la-vall-del-ter\/wp-json\/wp\/v2\/types\/page"}],"author":[{"embeddable":true,"href":"https:\/\/agora.xtec.cat\/zer-la-vall-del-ter\/wp-json\/wp\/v2\/users\/1"}],"replies":[{"embeddable":true,"href":"https:\/\/agora.xtec.cat\/zer-la-vall-del-ter\/wp-json\/wp\/v2\/comments?post=2296"}],"version-history":[{"count":3,"href":"https:\/\/agora.xtec.cat\/zer-la-vall-del-ter\/wp-json\/wp\/v2\/pages\/2296\/revisions"}],"predecessor-version":[{"id":2328,"href":"https:\/\/agora.xtec.cat\/zer-la-vall-del-ter\/wp-json\/wp\/v2\/pages\/2296\/revisions\/2328"}],"wp:attachment":[{"href":"https:\/\/agora.xtec.cat\/zer-la-vall-del-ter\/wp-json\/wp\/v2\/media?parent=2296"}],"curies":[{"name":"wp","href":"https:\/\/api.w.org\/{rel}","templated":true}]}}