{"id":1985,"date":"2026-01-12T09:42:19","date_gmt":"2026-01-12T08:42:19","guid":{"rendered":"https:\/\/agora.xtec.cat\/zer-la-vall-del-ter\/?page_id=1985"},"modified":"2026-03-23T10:32:07","modified_gmt":"2026-03-23T09:32:07","slug":"on-som","status":"publish","type":"page","link":"https:\/\/agora.xtec.cat\/zer-la-vall-del-ter\/on-som\/","title":{"rendered":"On som?"},"content":{"rendered":"\n<p><strong>La ZER Vall del Ter: Un projecte compartit entre muntanyes<\/strong><\/p>\n\n\n\n<p>La ZER Vall del Ter \u00e9s una escola rural activa i arrelada al territori. Ens trobem situats al cor de la comarca del Ripoll\u00e8s, repartits en quatre centres que bateguen al ritme dels nostres pobles.<\/p>\n\n\n\n<p>La nostra acci\u00f3 educativa s&#8217;est\u00e9n per la Vall de Camprodon, on s&#8217;ubiquen tres de les nostres escoles, i s&#8217;enlla\u00e7a amb el paisatge miner i natural d&#8217;Ogassa. Tot i la dist\u00e0ncia f\u00edsica entre els centres, treballem com una \u00fanica comunitat educativa, compartint recursos, valors i cam\u00ed.<\/p>\n\n\n\n<p>La Seu de la ZER es troba a la localitat de Sant Pau de Seg\u00faries, dins les instal\u00b7lacions de l&#8217;Escola Els Pinets.<\/p>\n\n\n\n<p><\/p>\n\n\n\n<div class=\"wp-block-getwid-button-group\"><div class=\"wp-block-getwid-button-group__wrapper\">\n<div class=\"wp-block-button is-style-outline is-style-outline--1\"><a class=\"wp-block-button__link wp-element-button\">                                                     <\/a><\/div>\n\n\n\n<div class=\"wp-block-button is-style-outline is-style-outline--2\"><a class=\"wp-block-button__link wp-element-button\">                                          <\/a><\/div>\n\n\n\n<div class=\"wp-block-button is-style-outline is-style-outline--3\"><a class=\"wp-block-button__link wp-element-button\">                                                         <\/a><\/div>\n\n\n\n<div class=\"wp-block-button is-style-outline is-style-outline--4\"><a class=\"wp-block-button__link wp-element-button\"><strong>Escola Els Pinets<\/strong><br>C\/ del Ter 2-4<br>17864 Sant Pau de Seg\u00faries<br>b7003616@xtec.cat<\/a><\/div>\n\n\n\n<div class=\"wp-block-button is-style-outline is-style-outline--5\"><a class=\"wp-block-button__link wp-element-button\"><strong>Escola Les Moreres<\/strong><br>C\/ El Quint\u00e0, 2<br>17869 Llanars<br>b7002065@xtec.cat<\/a><\/div>\n<\/div><\/div>\n\n\n\n<p><\/p>\n\n\n\n<div class=\"wp-block-getwid-button-group\"><div class=\"wp-block-getwid-button-group__wrapper\">\n<div class=\"wp-block-button is-style-outline is-style-outline--6\"><a class=\"wp-block-button__link wp-element-button\">                                                  <\/a><\/div>\n\n\n\n<div class=\"wp-block-button is-style-outline is-style-outline--7\"><a class=\"wp-block-button__link wp-element-button\">                                                         <\/a><\/div>\n\n\n\n<div class=\"wp-block-button is-style-outline is-style-outline--8\"><a class=\"wp-block-button__link wp-element-button\">                                                 <\/a><\/div>\n\n\n\n<div class=\"wp-block-button is-style-outline is-style-outline--9\"><a class=\"wp-block-button__link wp-element-button\"><strong>Escola La Daina<\/strong><br>Pla\u00e7a de les escoles, n\u00ba2<br>17869 Vilallonga de Ter<br>b7004219@xtec.cat<\/a><\/div>\n\n\n\n<div class=\"wp-block-button is-style-outline is-style-outline--10\"><a class=\"wp-block-button__link wp-element-button\"><strong>Escola l\u2019Esquirol<\/strong><br>Avinguda de les Mines, 13<br>17861 Ogassa<br>b7005029@xtec.cat<\/a><\/div>\n<\/div><\/div>\n\n\n\n<p><\/p>\n\n\n\n<figure class=\"wp-block-image aligncenter size-full is-resized\"><a href=\"https:\/\/agora.xtec.cat\/zer-la-vall-del-ter\/wp-content\/uploads\/usu1041\/2026\/03\/Diseno-sin-titulo.png\"><img loading=\"lazy\" decoding=\"async\" width=\"592\" height=\"527\" src=\"https:\/\/agora.xtec.cat\/zer-la-vall-del-ter\/wp-content\/uploads\/usu1041\/2026\/03\/Diseno-sin-titulo.png\" alt=\"\" class=\"wp-image-2246\" style=\"width:432px;height:auto\" srcset=\"https:\/\/agora.xtec.cat\/zer-la-vall-del-ter\/wp-content\/uploads\/usu1041\/2026\/03\/Diseno-sin-titulo.png 592w, https:\/\/agora.xtec.cat\/zer-la-vall-del-ter\/wp-content\/uploads\/usu1041\/2026\/03\/Diseno-sin-titulo-300x267.png 300w\" sizes=\"auto, (max-width: 592px) 100vw, 592px\" \/><\/a><\/figure>\n","protected":false},"excerpt":{"rendered":"<p>La ZER Vall del Ter: Un projecte compartit entre muntanyes La ZER Vall del Ter \u00e9s una escola rural activa i arrelada al territori. Ens trobem situats al cor de la comarca del Ripoll\u00e8s, repartits en quatre centres que bateguen al ritme dels nostres pobles. La nostra acci\u00f3 educativa s&#8217;est\u00e9n per la Vall de Camprodon, [&hellip;]<\/p>\n","protected":false},"author":1,"featured_media":0,"parent":0,"menu_order":0,"comment_status":"closed","ping_status":"close","template":"","meta":{"_bbp_topic_count":0,"_bbp_reply_count":0,"_bbp_total_topic_count":0,"_bbp_total_reply_count":0,"_bbp_voice_count":0,"_bbp_anonymous_reply_count":0,"_bbp_topic_count_hidden":0,"_bbp_reply_count_hidden":0,"_bbp_forum_subforum_count":0,"site-sidebar-layout":"default","site-content-layout":"","ast-site-content-layout":"default","site-content-style":"default","site-sidebar-style":"default","ast-global-header-display":"","ast-banner-title-visibility":"","ast-main-header-display":"","ast-hfb-above-header-display":"","ast-hfb-below-header-display":"","ast-hfb-mobile-header-display":"","site-post-title":"","ast-breadcrumbs-content":"","ast-featured-img":"","footer-sml-layout":"","theme-transparent-header-meta":"","adv-header-id-meta":"","stick-header-meta":"","header-above-stick-meta":"","header-main-stick-meta":"","header-below-stick-meta":"","astra-migrate-meta-layouts":"set","ast-page-background-enabled":"default","ast-page-background-meta":{"desktop":{"background-color":"var(--ast-global-color-4)","background-image":"","background-repeat":"repeat","background-position":"center center","background-size":"auto","background-attachment":"scroll","background-type":"","background-media":"","overlay-type":"","overlay-color":"","overlay-opacity":"","overlay-gradient":""},"tablet":{"background-color":"","background-image":"","background-repeat":"repeat","background-position":"center center","background-size":"auto","background-attachment":"scroll","background-type":"","background-media":"","overlay-type":"","overlay-color":"","overlay-opacity":"","overlay-gradient":""},"mobile":{"background-color":"","background-image":"","background-repeat":"repeat","background-position":"center center","background-size":"auto","background-attachment":"scroll","background-type":"","background-media":"","overlay-type":"","overlay-color":"","overlay-opacity":"","overlay-gradient":""}},"ast-content-background-meta":{"desktop":{"background-color":"var(--ast-global-color-5)","background-image":"","background-repeat":"repeat","background-position":"center center","background-size":"auto","background-attachment":"scroll","background-type":"","background-media":"","overlay-type":"","overlay-color":"","overlay-opacity":"","overlay-gradient":""},"tablet":{"background-color":"var(--ast-global-color-5)","background-image":"","background-repeat":"repeat","background-position":"center center","background-size":"auto","background-attachment":"scroll","background-type":"","background-media":"","overlay-type":"","overlay-color":"","overlay-opacity":"","overlay-gradient":""},"mobile":{"background-color":"var(--ast-global-color-5)","background-image":"","background-repeat":"repeat","background-position":"center center","background-size":"auto","background-attachment":"scroll","background-type":"","background-media":"","overlay-type":"","overlay-color":"","overlay-opacity":"","overlay-gradient":""}},"footnotes":""},"class_list":["post-1985","page","type-page","status-publish","hentry"],"post_mailing_queue_ids":[],"_links":{"self":[{"href":"https:\/\/agora.xtec.cat\/zer-la-vall-del-ter\/wp-json\/wp\/v2\/pages\/1985","targetHints":{"allow":["GET"]}}],"collection":[{"href":"https:\/\/agora.xtec.cat\/zer-la-vall-del-ter\/wp-json\/wp\/v2\/pages"}],"about":[{"href":"https:\/\/agora.xtec.cat\/zer-la-vall-del-ter\/wp-json\/wp\/v2\/types\/page"}],"author":[{"embeddable":true,"href":"https:\/\/agora.xtec.cat\/zer-la-vall-del-ter\/wp-json\/wp\/v2\/users\/1"}],"replies":[{"embeddable":true,"href":"https:\/\/agora.xtec.cat\/zer-la-vall-del-ter\/wp-json\/wp\/v2\/comments?post=1985"}],"version-history":[{"count":6,"href":"https:\/\/agora.xtec.cat\/zer-la-vall-del-ter\/wp-json\/wp\/v2\/pages\/1985\/revisions"}],"predecessor-version":[{"id":2251,"href":"https:\/\/agora.xtec.cat\/zer-la-vall-del-ter\/wp-json\/wp\/v2\/pages\/1985\/revisions\/2251"}],"wp:attachment":[{"href":"https:\/\/agora.xtec.cat\/zer-la-vall-del-ter\/wp-json\/wp\/v2\/media?parent=1985"}],"curies":[{"name":"wp","href":"https:\/\/api.w.org\/{rel}","templated":true}]}}