{"id":448,"date":"2015-07-24T15:50:21","date_gmt":"2015-07-24T14:50:21","guid":{"rendered":"http:\/\/agora.xtec.cat\/zer-horta-lleida\/?page_id=448"},"modified":"2023-04-17T15:53:59","modified_gmt":"2023-04-17T13:53:59","slug":"documents","status":"publish","type":"page","link":"https:\/\/agora.xtec.cat\/zer-horta-lleida\/zer\/documents\/","title":{"rendered":"Documents marc ZER"},"content":{"rendered":"<ul>\n<li style=\"list-style-type: none;\">\n<ul>\n<li style=\"list-style-type: none;\">\n<ul>\n<li id=\"nav-menu-item-1049\">\n<h6>Carta de Comprom\u00eds Educatiu<\/h6>\n<\/li>\n<li id=\"nav-menu-item-1077\">\n<h6>NOFZ<\/h6>\n<\/li>\n<li id=\"nav-menu-item-1048\">\n<h6>Pla d\u2019Acci\u00f3 Tutorial<\/h6>\n<\/li>\n<li id=\"nav-menu-item-1047\">\n<h6>Pla d\u2019Acollida<\/h6>\n<\/li>\n<li id=\"nav-menu-item-1044\">\n<h6>Pla d\u2019Atenci\u00f3 a la Diversitat<\/h6>\n<\/li>\n<li id=\"nav-menu-item-1080\">\n<h6>Pla d\u2019Avaluaci\u00f3<\/h6>\n<\/li>\n<li id=\"nav-menu-item-1058\">\n<h6>Pla de Treball Pr\u00e0ctiques<\/h6>\n<\/li>\n<li id=\"nav-menu-item-1083\">\n<h6>Pla Lector<\/h6>\n<\/li>\n<li>\n<h6>Projecte de Conviv\u00e8ncia<\/h6>\n<\/li>\n<li id=\"nav-menu-item-1129\">\n<h6>Projecte Educatiu de Centre<\/h6>\n<\/li>\n<li id=\"nav-menu-item-1053\">\n<h6>Projecte Ling\u00fc\u00edstic<\/h6>\n<\/li>\n<li>\n<h6>Estrat\u00e8gia Digital de Centre<\/h6>\n<ul>\n<li>\n<h6>Pla d&#8217;Estrat\u00e8gia<\/h6>\n<\/li>\n<li>\n<h6>Cultura Digital de Centre<\/h6>\n<\/li>\n<\/ul>\n<\/li>\n<\/ul>\n<\/li>\n<\/ul>\n<\/li>\n<\/ul>\n<h6>Si voleu m\u00e9s informaci\u00f3, cliqueu a l&#8217; <a href=\"http:\/\/agora.xtec.cat\/zer-horta-lleida\/docs\/\">ENLLA\u00c7<\/a>.<\/h6>\n","protected":false},"excerpt":{"rendered":"<p>Carta de Comprom\u00eds Educatiu NOFZ Pla d\u2019Acci\u00f3 Tutorial Pla d\u2019Acollida Pla d\u2019Atenci\u00f3 a la Diversitat Pla d\u2019Avaluaci\u00f3 Pla de Treball Pr\u00e0ctiques Pla Lector Projecte de Conviv\u00e8ncia Projecte Educatiu de Centre Projecte Ling\u00fc\u00edstic Estrat\u00e8gia Digital de Centre Pla d&#8217;Estrat\u00e8gia Cultura Digital de Centre Si voleu m\u00e9s informaci\u00f3, cliqueu a l&#8217; ENLLA\u00c7.<\/p>\n","protected":false},"author":1,"featured_media":0,"parent":19,"menu_order":9,"comment_status":"closed","ping_status":"closed","template":"page-templates\/side-menu.php","meta":{"_bbp_topic_count":0,"_bbp_reply_count":0,"_bbp_total_topic_count":0,"_bbp_total_reply_count":0,"_bbp_voice_count":0,"_bbp_anonymous_reply_count":0,"_bbp_topic_count_hidden":0,"_bbp_reply_count_hidden":0,"_bbp_forum_subforum_count":0,"site-sidebar-layout":"default","site-content-layout":"","ast-site-content-layout":"","site-content-style":"default","site-sidebar-style":"default","ast-global-header-display":"","ast-banner-title-visibility":"","ast-main-header-display":"","ast-hfb-above-header-display":"","ast-hfb-below-header-display":"","ast-hfb-mobile-header-display":"","site-post-title":"","ast-breadcrumbs-content":"","ast-featured-img":"","footer-sml-layout":"","theme-transparent-header-meta":"","adv-header-id-meta":"","stick-header-meta":"","header-above-stick-meta":"","header-main-stick-meta":"","header-below-stick-meta":"","astra-migrate-meta-layouts":"default","ast-page-background-enabled":"default","ast-page-background-meta":{"desktop":{"background-color":"var(--ast-global-color-4)","background-image":"","background-repeat":"repeat","background-position":"center center","background-size":"auto","background-attachment":"scroll","background-type":"","background-media":"","overlay-type":"","overlay-color":"","overlay-opacity":"","overlay-gradient":""},"tablet":{"background-color":"","background-image":"","background-repeat":"repeat","background-position":"center center","background-size":"auto","background-attachment":"scroll","background-type":"","background-media":"","overlay-type":"","overlay-color":"","overlay-opacity":"","overlay-gradient":""},"mobile":{"background-color":"","background-image":"","background-repeat":"repeat","background-position":"center center","background-size":"auto","background-attachment":"scroll","background-type":"","background-media":"","overlay-type":"","overlay-color":"","overlay-opacity":"","overlay-gradient":""}},"ast-content-background-meta":{"desktop":{"background-color":"var(--ast-global-color-5)","background-image":"","background-repeat":"repeat","background-position":"center center","background-size":"auto","background-attachment":"scroll","background-type":"","background-media":"","overlay-type":"","overlay-color":"","overlay-opacity":"","overlay-gradient":""},"tablet":{"background-color":"var(--ast-global-color-5)","background-image":"","background-repeat":"repeat","background-position":"center center","background-size":"auto","background-attachment":"scroll","background-type":"","background-media":"","overlay-type":"","overlay-color":"","overlay-opacity":"","overlay-gradient":""},"mobile":{"background-color":"var(--ast-global-color-5)","background-image":"","background-repeat":"repeat","background-position":"center center","background-size":"auto","background-attachment":"scroll","background-type":"","background-media":"","overlay-type":"","overlay-color":"","overlay-opacity":"","overlay-gradient":""}},"footnotes":""},"class_list":["post-448","page","type-page","status-publish","hentry"],"post_mailing_queue_ids":[],"_links":{"self":[{"href":"https:\/\/agora.xtec.cat\/zer-horta-lleida\/wp-json\/wp\/v2\/pages\/448","targetHints":{"allow":["GET"]}}],"collection":[{"href":"https:\/\/agora.xtec.cat\/zer-horta-lleida\/wp-json\/wp\/v2\/pages"}],"about":[{"href":"https:\/\/agora.xtec.cat\/zer-horta-lleida\/wp-json\/wp\/v2\/types\/page"}],"author":[{"embeddable":true,"href":"https:\/\/agora.xtec.cat\/zer-horta-lleida\/wp-json\/wp\/v2\/users\/1"}],"replies":[{"embeddable":true,"href":"https:\/\/agora.xtec.cat\/zer-horta-lleida\/wp-json\/wp\/v2\/comments?post=448"}],"version-history":[{"count":2,"href":"https:\/\/agora.xtec.cat\/zer-horta-lleida\/wp-json\/wp\/v2\/pages\/448\/revisions"}],"predecessor-version":[{"id":1441,"href":"https:\/\/agora.xtec.cat\/zer-horta-lleida\/wp-json\/wp\/v2\/pages\/448\/revisions\/1441"}],"up":[{"embeddable":true,"href":"https:\/\/agora.xtec.cat\/zer-horta-lleida\/wp-json\/wp\/v2\/pages\/19"}],"wp:attachment":[{"href":"https:\/\/agora.xtec.cat\/zer-horta-lleida\/wp-json\/wp\/v2\/media?parent=448"}],"curies":[{"name":"wp","href":"https:\/\/api.w.org\/{rel}","templated":true}]}}