{"id":266,"date":"2018-02-20T13:08:55","date_gmt":"2018-02-20T12:08:55","guid":{"rendered":"http:\/\/agora.xtec.cat\/zer-horta-lleida\/?page_id=266"},"modified":"2025-10-23T10:56:23","modified_gmt":"2025-10-23T08:56:23","slug":"escola-beta","status":"publish","type":"page","link":"https:\/\/agora.xtec.cat\/zer-horta-lleida\/escoles\/escola-beta\/","title":{"rendered":"Escola Arrels"},"content":{"rendered":"<p>L&#8217;escola Arrels es troba al poble d&#8217;Els Alam\u00fas.<\/p>\n<p>Us deixem l\u2019enlla\u00e7 del seu bloc perqu\u00e8 trobeu la informaci\u00f3 necess\u00e0ria.<\/p>\n<p><a href=\"http:\/\/agora.xtec.cat\/zer-horta-lleida\/wp-content\/uploads\/usu1307\/2015\/07\/arrels-alamus.jpg\"><img loading=\"lazy\" decoding=\"async\" class=\"alignnone wp-image-773\" src=\"http:\/\/agora.xtec.cat\/zer-horta-lleida\/wp-content\/uploads\/usu1307\/2015\/07\/arrels-alamus.jpg\" alt=\"\" width=\"343\" height=\"257\" srcset=\"https:\/\/agora.xtec.cat\/zer-horta-lleida\/wp-content\/uploads\/usu1307\/2015\/07\/arrels-alamus.jpg 1015w, https:\/\/agora.xtec.cat\/zer-horta-lleida\/wp-content\/uploads\/usu1307\/2015\/07\/arrels-alamus-300x225.jpg 300w, https:\/\/agora.xtec.cat\/zer-horta-lleida\/wp-content\/uploads\/usu1307\/2015\/07\/arrels-alamus-768x576.jpg 768w, https:\/\/agora.xtec.cat\/zer-horta-lleida\/wp-content\/uploads\/usu1307\/2015\/07\/arrels-alamus-200x150.jpg 200w\" sizes=\"auto, (max-width: 343px) 100vw, 343px\" \/><\/a><\/p>\n<p><a href=\"http:\/\/agora.xtec.cat\/escarrels-alamus\/\" target=\"_blank\" rel=\"noopener noreferrer\">Blog Escola Arrels<\/a><\/p>\n","protected":false},"excerpt":{"rendered":"<p>L&#8217;escola Arrels es troba al poble d&#8217;Els Alam\u00fas. Us deixem l\u2019enlla\u00e7 del seu bloc perqu\u00e8 trobeu la informaci\u00f3 necess\u00e0ria. Blog Escola Arrels<\/p>\n","protected":false},"author":1,"featured_media":0,"parent":1064,"menu_order":0,"comment_status":"closed","ping_status":"closed","template":"","meta":{"_bbp_topic_count":0,"_bbp_reply_count":0,"_bbp_total_topic_count":0,"_bbp_total_reply_count":0,"_bbp_voice_count":0,"_bbp_anonymous_reply_count":0,"_bbp_topic_count_hidden":0,"_bbp_reply_count_hidden":0,"_bbp_forum_subforum_count":0,"site-sidebar-layout":"left-sidebar","site-content-layout":"","ast-site-content-layout":"default","site-content-style":"default","site-sidebar-style":"default","ast-global-header-display":"","ast-banner-title-visibility":"","ast-main-header-display":"","ast-hfb-above-header-display":"","ast-hfb-below-header-display":"","ast-hfb-mobile-header-display":"","site-post-title":"","ast-breadcrumbs-content":"","ast-featured-img":"","footer-sml-layout":"","theme-transparent-header-meta":"","adv-header-id-meta":"","stick-header-meta":"","header-above-stick-meta":"","header-main-stick-meta":"","header-below-stick-meta":"","astra-migrate-meta-layouts":"set","ast-page-background-enabled":"default","ast-page-background-meta":{"desktop":{"background-color":"var(--ast-global-color-4)","background-image":"","background-repeat":"repeat","background-position":"center center","background-size":"auto","background-attachment":"scroll","background-type":"","background-media":"","overlay-type":"","overlay-color":"","overlay-opacity":"","overlay-gradient":""},"tablet":{"background-color":"","background-image":"","background-repeat":"repeat","background-position":"center center","background-size":"auto","background-attachment":"scroll","background-type":"","background-media":"","overlay-type":"","overlay-color":"","overlay-opacity":"","overlay-gradient":""},"mobile":{"background-color":"","background-image":"","background-repeat":"repeat","background-position":"center center","background-size":"auto","background-attachment":"scroll","background-type":"","background-media":"","overlay-type":"","overlay-color":"","overlay-opacity":"","overlay-gradient":""}},"ast-content-background-meta":{"desktop":{"background-color":"var(--ast-global-color-5)","background-image":"","background-repeat":"repeat","background-position":"center center","background-size":"auto","background-attachment":"scroll","background-type":"","background-media":"","overlay-type":"","overlay-color":"","overlay-opacity":"","overlay-gradient":""},"tablet":{"background-color":"var(--ast-global-color-5)","background-image":"","background-repeat":"repeat","background-position":"center center","background-size":"auto","background-attachment":"scroll","background-type":"","background-media":"","overlay-type":"","overlay-color":"","overlay-opacity":"","overlay-gradient":""},"mobile":{"background-color":"var(--ast-global-color-5)","background-image":"","background-repeat":"repeat","background-position":"center center","background-size":"auto","background-attachment":"scroll","background-type":"","background-media":"","overlay-type":"","overlay-color":"","overlay-opacity":"","overlay-gradient":""}},"footnotes":""},"class_list":["post-266","page","type-page","status-publish","hentry"],"post_mailing_queue_ids":[],"_links":{"self":[{"href":"https:\/\/agora.xtec.cat\/zer-horta-lleida\/wp-json\/wp\/v2\/pages\/266","targetHints":{"allow":["GET"]}}],"collection":[{"href":"https:\/\/agora.xtec.cat\/zer-horta-lleida\/wp-json\/wp\/v2\/pages"}],"about":[{"href":"https:\/\/agora.xtec.cat\/zer-horta-lleida\/wp-json\/wp\/v2\/types\/page"}],"author":[{"embeddable":true,"href":"https:\/\/agora.xtec.cat\/zer-horta-lleida\/wp-json\/wp\/v2\/users\/1"}],"replies":[{"embeddable":true,"href":"https:\/\/agora.xtec.cat\/zer-horta-lleida\/wp-json\/wp\/v2\/comments?post=266"}],"version-history":[{"count":4,"href":"https:\/\/agora.xtec.cat\/zer-horta-lleida\/wp-json\/wp\/v2\/pages\/266\/revisions"}],"predecessor-version":[{"id":2031,"href":"https:\/\/agora.xtec.cat\/zer-horta-lleida\/wp-json\/wp\/v2\/pages\/266\/revisions\/2031"}],"up":[{"embeddable":true,"href":"https:\/\/agora.xtec.cat\/zer-horta-lleida\/wp-json\/wp\/v2\/pages\/1064"}],"wp:attachment":[{"href":"https:\/\/agora.xtec.cat\/zer-horta-lleida\/wp-json\/wp\/v2\/media?parent=266"}],"curies":[{"name":"wp","href":"https:\/\/api.w.org\/{rel}","templated":true}]}}