{"id":2152,"date":"2025-12-05T10:16:23","date_gmt":"2025-12-05T09:16:23","guid":{"rendered":"https:\/\/agora.xtec.cat\/zer-horta-lleida\/?page_id=2152"},"modified":"2025-12-05T10:16:24","modified_gmt":"2025-12-05T09:16:24","slug":"pla-de-digitalitzacio-responsable","status":"publish","type":"page","link":"https:\/\/agora.xtec.cat\/zer-horta-lleida\/zer\/pla-de-digitalitzacio-responsable\/","title":{"rendered":"Pla de Digitalitzaci\u00f3 Responsable"},"content":{"rendered":"\n<p>La guia&nbsp;<strong>\u201cMenys pantalla, m\u00e9s vida!\u201d<\/strong>&nbsp;ofereix orientacions a les fam\u00edlies per avan\u00e7ar cap a una&nbsp;<strong>digitalitzaci\u00f3 m\u00e9s conscient i equilibrada<\/strong>, tant a casa com a l\u2019entorn educatiu.<\/p>\n\n\n\n<p>Aquesta iniciativa forma part del&nbsp;<strong>Pla de digitalitzaci\u00f3 responsable<\/strong>, impulsat pel&nbsp;<strong>Departament d\u2019Educaci\u00f3 i Formaci\u00f3 Professional<\/strong>, amb l\u2019objectiu de potenciar la compet\u00e8ncia digital de l\u2019alumnat i promoure un \u00fas&nbsp;<strong>segur, saludable, \u00e8tic i \u00fatil dels dispositius digitals<\/strong>, sempre com a eina per afavorir l\u2019aprenentatge.<\/p>\n\n\n\n<p>Per fer-ho possible, s\u2019han activat diverses accions:<\/p>\n\n\n\n<ul class=\"wp-block-list\">\n<li>S\u2019ha creat una\u00a0<strong>Comissi\u00f3 de Digitalitzaci\u00f3<\/strong>, integrada per professionals de diversos camps relacionats amb la tecnologia i l\u2019educaci\u00f3, per aportar una visi\u00f3 \u00e0mplia sobre com fer un \u00fas saludable i educatiu dels dispositius digitals.<\/li>\n\n\n\n<li>Tamb\u00e9 s\u2019ha encarregat a\u00a0<strong>Iv\u00e0lua<\/strong>:\n<ul class=\"wp-block-list\">\n<li>Un\u00a0<strong>estudi d\u2019avaluaci\u00f3<\/strong>\u00a0sobre l\u2019impacte dels dispositius digitals en el sistema educatiu.<\/li>\n\n\n\n<li>Una\u00a0<strong>enquesta dirigida a docents i equips directius<\/strong>\u00a0sobre com es fa servir i es regula l\u2019\u00fas dels m\u00f2bils als centres educatius p\u00fablics.<\/li>\n<\/ul>\n<\/li>\n<\/ul>\n\n\n\n<p>A m\u00e9s, el Departament ha fixat un conjunt de mesures que s\u2019aniran desplegant al llarg de la legislatura, amb tres grans objectius:<\/p>\n\n\n\n<ul class=\"wp-block-list\">\n<li>Garantir que els dispositius digitals s\u2019utilitzin amb una\u00a0<strong>finalitat pedag\u00f2gica clara<\/strong>, per millorar l\u2019aprenentatge.<\/li>\n\n\n\n<li><strong>Preservar la din\u00e0mica habitual dels centres<\/strong>, sense interfer\u00e8ncies.<\/li>\n\n\n\n<li>Assegurar una\u00a0<strong>gesti\u00f3 eficient dels recursos disponibles<\/strong>.<\/li>\n<\/ul>\n\n\n\n<p>Aquest pla vol ser un pas ferm cap a una educaci\u00f3 digital equilibrada, compartida entre l\u2019escola i la fam\u00edlia.<\/p>\n\n\n\n<p>M\u00e9s informaci\u00f3 a&nbsp;<a href=\"https:\/\/educacio.gencat.cat\/ca\/departament\/linies-estrategiques\/pla-digitalitzacio-responsable\/index.html\">https:\/\/educacio.gencat.cat\/ca\/departament\/linies-estrategiques\/pla-digitalitzacio-responsable\/index.html<\/a><\/p>\n","protected":false},"excerpt":{"rendered":"<p>La guia&nbsp;\u201cMenys pantalla, m\u00e9s vida!\u201d&nbsp;ofereix orientacions a les fam\u00edlies per avan\u00e7ar cap a una&nbsp;digitalitzaci\u00f3 m\u00e9s conscient i equilibrada, tant a casa com a l\u2019entorn educatiu. Aquesta iniciativa forma part del&nbsp;Pla de digitalitzaci\u00f3 responsable, impulsat pel&nbsp;Departament d\u2019Educaci\u00f3 i Formaci\u00f3 Professional, amb l\u2019objectiu de potenciar la compet\u00e8ncia digital de l\u2019alumnat i promoure un \u00fas&nbsp;segur, saludable, \u00e8tic i [&hellip;]<\/p>\n","protected":false},"author":1,"featured_media":0,"parent":19,"menu_order":0,"comment_status":"closed","ping_status":"close","template":"","meta":{"_bbp_topic_count":0,"_bbp_reply_count":0,"_bbp_total_topic_count":0,"_bbp_total_reply_count":0,"_bbp_voice_count":0,"_bbp_anonymous_reply_count":0,"_bbp_topic_count_hidden":0,"_bbp_reply_count_hidden":0,"_bbp_forum_subforum_count":0,"site-sidebar-layout":"left-sidebar","site-content-layout":"","ast-site-content-layout":"default","site-content-style":"boxed","site-sidebar-style":"default","ast-global-header-display":"","ast-banner-title-visibility":"","ast-main-header-display":"","ast-hfb-above-header-display":"","ast-hfb-below-header-display":"","ast-hfb-mobile-header-display":"","site-post-title":"","ast-breadcrumbs-content":"","ast-featured-img":"","footer-sml-layout":"","theme-transparent-header-meta":"","adv-header-id-meta":"","stick-header-meta":"","header-above-stick-meta":"","header-main-stick-meta":"","header-below-stick-meta":"","astra-migrate-meta-layouts":"set","ast-page-background-enabled":"default","ast-page-background-meta":{"desktop":{"background-color":"var(--ast-global-color-4)","background-image":"","background-repeat":"repeat","background-position":"center center","background-size":"auto","background-attachment":"scroll","background-type":"","background-media":"","overlay-type":"","overlay-color":"","overlay-opacity":"","overlay-gradient":""},"tablet":{"background-color":"","background-image":"","background-repeat":"repeat","background-position":"center center","background-size":"auto","background-attachment":"scroll","background-type":"","background-media":"","overlay-type":"","overlay-color":"","overlay-opacity":"","overlay-gradient":""},"mobile":{"background-color":"","background-image":"","background-repeat":"repeat","background-position":"center center","background-size":"auto","background-attachment":"scroll","background-type":"","background-media":"","overlay-type":"","overlay-color":"","overlay-opacity":"","overlay-gradient":""}},"ast-content-background-meta":{"desktop":{"background-color":"var(--ast-global-color-5)","background-image":"","background-repeat":"repeat","background-position":"center center","background-size":"auto","background-attachment":"scroll","background-type":"","background-media":"","overlay-type":"","overlay-color":"","overlay-opacity":"","overlay-gradient":""},"tablet":{"background-color":"var(--ast-global-color-5)","background-image":"","background-repeat":"repeat","background-position":"center center","background-size":"auto","background-attachment":"scroll","background-type":"","background-media":"","overlay-type":"","overlay-color":"","overlay-opacity":"","overlay-gradient":""},"mobile":{"background-color":"var(--ast-global-color-5)","background-image":"","background-repeat":"repeat","background-position":"center center","background-size":"auto","background-attachment":"scroll","background-type":"","background-media":"","overlay-type":"","overlay-color":"","overlay-opacity":"","overlay-gradient":""}},"footnotes":""},"class_list":["post-2152","page","type-page","status-publish","hentry"],"post_mailing_queue_ids":[],"_links":{"self":[{"href":"https:\/\/agora.xtec.cat\/zer-horta-lleida\/wp-json\/wp\/v2\/pages\/2152","targetHints":{"allow":["GET"]}}],"collection":[{"href":"https:\/\/agora.xtec.cat\/zer-horta-lleida\/wp-json\/wp\/v2\/pages"}],"about":[{"href":"https:\/\/agora.xtec.cat\/zer-horta-lleida\/wp-json\/wp\/v2\/types\/page"}],"author":[{"embeddable":true,"href":"https:\/\/agora.xtec.cat\/zer-horta-lleida\/wp-json\/wp\/v2\/users\/1"}],"replies":[{"embeddable":true,"href":"https:\/\/agora.xtec.cat\/zer-horta-lleida\/wp-json\/wp\/v2\/comments?post=2152"}],"version-history":[{"count":1,"href":"https:\/\/agora.xtec.cat\/zer-horta-lleida\/wp-json\/wp\/v2\/pages\/2152\/revisions"}],"predecessor-version":[{"id":2153,"href":"https:\/\/agora.xtec.cat\/zer-horta-lleida\/wp-json\/wp\/v2\/pages\/2152\/revisions\/2153"}],"up":[{"embeddable":true,"href":"https:\/\/agora.xtec.cat\/zer-horta-lleida\/wp-json\/wp\/v2\/pages\/19"}],"wp:attachment":[{"href":"https:\/\/agora.xtec.cat\/zer-horta-lleida\/wp-json\/wp\/v2\/media?parent=2152"}],"curies":[{"name":"wp","href":"https:\/\/api.w.org\/{rel}","templated":true}]}}