{"id":19,"date":"2014-09-17T14:56:56","date_gmt":"2014-09-17T14:56:56","guid":{"rendered":"http:\/\/agora.xtec.cat\/zer-horta-lleida\/?page_id=19"},"modified":"2019-02-18T18:03:22","modified_gmt":"2019-02-18T17:03:22","slug":"zer","status":"publish","type":"page","link":"https:\/\/agora.xtec.cat\/zer-horta-lleida\/zer\/","title":{"rendered":"ZER"},"content":{"rendered":"<p><strong>QUI SOM?<\/strong><\/p>\n<p>Actualment la ZER Horta de Lleida est\u00e0 formada per quatre escoles:<\/p>\n<ul>\n<li>Escola Antoni Berg\u00f3s (Ptda de Buts\u00e8nit)<\/li>\n<li>Escola Arrels de Els Alam\u00fas,<\/li>\n<li>Escola Creu del Batlle (Ptda de Gensana)<\/li>\n<li>Escola El Segri\u00e0 (Ptda de Ll\u00edvia).<\/li>\n<\/ul>\n<p>Tal com es recull en el Projecte Educatiu de ZER (PEZ), les nostres escoles pretenen proporcionar una educaci\u00f3 de qualitat, fomentant un entorn pedag\u00f2gic innovador i cooperatiu, basant-se en el treball aut\u00f2nom i en equip, les relacions interpersonals, la cultura de la diversitat, la pau i l\u2019esfor\u00e7, etc.<\/p>\n<p>Volem ser unes escoles que:<\/p>\n<ul>\n<li>Garanteixin a tot l\u2019alumnat l\u2019adquisici\u00f3 d\u2019unes compet\u00e8ncies b\u00e0siques, respectant ritmes i capacitats intel\u00b7lectuals.<\/li>\n<li>Preparin persones per a contribuir a la millora de la societat a partir del foment d\u2019actituds, valors, coneixements i habilitats dels nostres alumnes, en l\u2019exercici de la llibertat, la creativitat, la responsabilitat, la democr\u00e0cia i el respecte cap a un mateix, cap als altres i cap a l\u2019entorn.<\/li>\n<li>Assentar les bases per a formar ciutadans aut\u00f2noms i emprenedors, d\u2019esperit cr\u00edtic, responsables i compromesos amb el m\u00f3n en el que vivim.<\/li>\n<\/ul>\n<p>Cada ZER t\u00e9 un projecte educatiu per a tots els centres que la integren i les mateixes normes d\u2019organitzaci\u00f3 i funcionament i la mateixa programaci\u00f3 general anual, que ha de respectar la singularitat de cadascuna de les escoles.<\/p>\n<p>Les caracter\u00edstiques de les escoles rurals, els interessos comuns i les mancances que aquestes escoles excessivament petites podien tenir (manca d\u2019especialistes, manca de relaci\u00f3 amb grups d\u2019iguals, poca disponibilitat per dur a terme projectes\u2026) van incentivar la uni\u00f3 entre les diverses escoles de l\u2019Horta l&#8217;any 1994. Despr\u00e9s d\u2019un seguit de reunions es van concretar entre els membres del claustre uns\u00a0<strong>trets d\u2019identitat<\/strong>\u00a0comuns que els definien: <strong>Democr\u00e0tica, Coeducativa, Activa, Catalana, Pluralista, Oberta, Aconfessional, No Competitiva,<\/strong>\u00a0<strong>Constructiva i\u00a0Integral, i que avui en dia encara s\u00f3n vigents.<\/strong><\/p>\n<p>Des de les escoles de la ZER desitgem comptar amb el suport i la complicitat de les fam\u00edlies i l\u2019entorn per tal de progressar en l\u2019educaci\u00f3 integral del nostre alumnat.<\/p>\n","protected":false},"excerpt":{"rendered":"<p>QUI SOM? Actualment la ZER Horta de Lleida est\u00e0 formada per quatre escoles: Escola Antoni Berg\u00f3s (Ptda de Buts\u00e8nit) Escola Arrels de Els Alam\u00fas, Escola Creu del Batlle (Ptda de Gensana) Escola El Segri\u00e0 (Ptda de Ll\u00edvia). Tal com es recull en el Projecte Educatiu de ZER (PEZ), les nostres escoles pretenen proporcionar una educaci\u00f3 [&hellip;]<\/p>\n","protected":false},"author":1,"featured_media":0,"parent":0,"menu_order":0,"comment_status":"closed","ping_status":"closed","template":"page-templates\/side-menu.php","meta":{"_bbp_topic_count":0,"_bbp_reply_count":0,"_bbp_total_topic_count":0,"_bbp_total_reply_count":0,"_bbp_voice_count":0,"_bbp_anonymous_reply_count":0,"_bbp_topic_count_hidden":0,"_bbp_reply_count_hidden":0,"_bbp_forum_subforum_count":0,"site-sidebar-layout":"default","site-content-layout":"","ast-site-content-layout":"","site-content-style":"default","site-sidebar-style":"default","ast-global-header-display":"","ast-banner-title-visibility":"","ast-main-header-display":"","ast-hfb-above-header-display":"","ast-hfb-below-header-display":"","ast-hfb-mobile-header-display":"","site-post-title":"","ast-breadcrumbs-content":"","ast-featured-img":"","footer-sml-layout":"","theme-transparent-header-meta":"","adv-header-id-meta":"","stick-header-meta":"","header-above-stick-meta":"","header-main-stick-meta":"","header-below-stick-meta":"","astra-migrate-meta-layouts":"default","ast-page-background-enabled":"default","ast-page-background-meta":{"desktop":{"background-color":"var(--ast-global-color-4)","background-image":"","background-repeat":"repeat","background-position":"center center","background-size":"auto","background-attachment":"scroll","background-type":"","background-media":"","overlay-type":"","overlay-color":"","overlay-opacity":"","overlay-gradient":""},"tablet":{"background-color":"","background-image":"","background-repeat":"repeat","background-position":"center center","background-size":"auto","background-attachment":"scroll","background-type":"","background-media":"","overlay-type":"","overlay-color":"","overlay-opacity":"","overlay-gradient":""},"mobile":{"background-color":"","background-image":"","background-repeat":"repeat","background-position":"center center","background-size":"auto","background-attachment":"scroll","background-type":"","background-media":"","overlay-type":"","overlay-color":"","overlay-opacity":"","overlay-gradient":""}},"ast-content-background-meta":{"desktop":{"background-color":"var(--ast-global-color-5)","background-image":"","background-repeat":"repeat","background-position":"center center","background-size":"auto","background-attachment":"scroll","background-type":"","background-media":"","overlay-type":"","overlay-color":"","overlay-opacity":"","overlay-gradient":""},"tablet":{"background-color":"var(--ast-global-color-5)","background-image":"","background-repeat":"repeat","background-position":"center center","background-size":"auto","background-attachment":"scroll","background-type":"","background-media":"","overlay-type":"","overlay-color":"","overlay-opacity":"","overlay-gradient":""},"mobile":{"background-color":"var(--ast-global-color-5)","background-image":"","background-repeat":"repeat","background-position":"center center","background-size":"auto","background-attachment":"scroll","background-type":"","background-media":"","overlay-type":"","overlay-color":"","overlay-opacity":"","overlay-gradient":""}},"footnotes":""},"class_list":["post-19","page","type-page","status-publish","hentry"],"post_mailing_queue_ids":[],"_links":{"self":[{"href":"https:\/\/agora.xtec.cat\/zer-horta-lleida\/wp-json\/wp\/v2\/pages\/19","targetHints":{"allow":["GET"]}}],"collection":[{"href":"https:\/\/agora.xtec.cat\/zer-horta-lleida\/wp-json\/wp\/v2\/pages"}],"about":[{"href":"https:\/\/agora.xtec.cat\/zer-horta-lleida\/wp-json\/wp\/v2\/types\/page"}],"author":[{"embeddable":true,"href":"https:\/\/agora.xtec.cat\/zer-horta-lleida\/wp-json\/wp\/v2\/users\/1"}],"replies":[{"embeddable":true,"href":"https:\/\/agora.xtec.cat\/zer-horta-lleida\/wp-json\/wp\/v2\/comments?post=19"}],"version-history":[{"count":3,"href":"https:\/\/agora.xtec.cat\/zer-horta-lleida\/wp-json\/wp\/v2\/pages\/19\/revisions"}],"predecessor-version":[{"id":1149,"href":"https:\/\/agora.xtec.cat\/zer-horta-lleida\/wp-json\/wp\/v2\/pages\/19\/revisions\/1149"}],"wp:attachment":[{"href":"https:\/\/agora.xtec.cat\/zer-horta-lleida\/wp-json\/wp\/v2\/media?parent=19"}],"curies":[{"name":"wp","href":"https:\/\/api.w.org\/{rel}","templated":true}]}}