{"id":1277,"date":"2020-02-14T15:43:44","date_gmt":"2020-02-14T14:43:44","guid":{"rendered":"http:\/\/agora.xtec.cat\/zer-horta-lleida\/?page_id=1277"},"modified":"2026-01-29T09:20:43","modified_gmt":"2026-01-29T08:20:43","slug":"transparencia","status":"publish","type":"page","link":"https:\/\/agora.xtec.cat\/zer-horta-lleida\/zer\/transparencia\/","title":{"rendered":"Transpar\u00e8ncia"},"content":{"rendered":"<ul>\n<li><a href=\"https:\/\/drive.google.com\/file\/d\/1bkHEsJ43qMJzDNY9QJWBVY1Y50HQtWwb\/view?usp=drive_link\">Estructura-organitzativa-interna-i-perfils_2024<\/a><\/li>\n<li><a href=\"https:\/\/drive.google.com\/file\/d\/1ZsPx2aSkHTt2bHQ1TWmIawcagHZDcWjA\/view?usp=sharing\">Acords Consell escolar de ZER 22\/01\/2026<\/a><\/li>\n<li><a href=\"https:\/\/drive.google.com\/file\/d\/1dwUCAzDe0FHwZIjxCt1x9PtW83yY37rR\/view?usp=sharing\">Aprovaci\u00f3 del projecte de pressupost 2026<\/a><\/li>\n<li><a href=\"https:\/\/drive.google.com\/file\/d\/15osxXlOYfniaPATx3Gg5XOnQwSQp7nsA\/view?usp=sharing\">Liquidaci\u00f3 pressupost 2025<\/a><\/li>\n<li><a href=\"https:\/\/drive.google.com\/file\/d\/1M0TwJP5mdB8LOWpuo7tyWRze8meP0TBa\/view?usp=sharing\">Acords Consell Escolar de ZER 23-01-25.<\/a><\/li>\n<li><a href=\"https:\/\/drive.google.com\/file\/d\/1PYsb59jCwUuTqEOOaNSv4tvv0E893T1y\/view?usp=sharing\">Aprovaci\u00f3 del projecte de pressupost 2025.<\/a><\/li>\n<li><a href=\"https:\/\/drive.google.com\/file\/d\/1GLsO5lJ_S_bth3Yjig5AYOplGV9EXxvq\/view?usp=drive_link\">Liquidaci\u00f3 pressupost 2024.<\/a><\/li>\n<li><a href=\"https:\/\/drive.google.com\/file\/d\/1jVuhXEMvo6MGHa5RYi6CYvrgQBHtRd0X\/view?usp=sharing\">Acords Consell Escolar de ZER 3-10-24.<\/a><\/li>\n<li><a href=\"https:\/\/agora.xtec.cat\/zer-horta-lleida\/wp-content\/uploads\/usu1307\/2024\/03\/Acords-de-ZER-2024signat-1.pdf\">Acords Consell Escolar 31-1<\/a><\/li>\n<li><a href=\"https:\/\/agora.xtec.cat\/zer-horta-lleida\/wp-content\/uploads\/usu1307\/2024\/03\/Liquidacio-2023-3.pdf\">Liquidaci\u00f3 del pressupost<\/a><\/li>\n<li><a href=\"https:\/\/agora.xtec.cat\/zer-horta-lleida\/wp-content\/uploads\/usu1307\/2024\/03\/MODIFICACIO-PROJECTE-DE-PRESSUPOST-ANY-2024-1.pdf\">Projecte de pressupost any 2024\u00a0<\/a><\/li>\n<\/ul>\n","protected":false},"excerpt":{"rendered":"<p>Estructura-organitzativa-interna-i-perfils_2024 Acords Consell escolar de ZER 22\/01\/2026 Aprovaci\u00f3 del projecte de pressupost 2026 Liquidaci\u00f3 pressupost 2025 Acords Consell Escolar de ZER 23-01-25. Aprovaci\u00f3 del projecte de pressupost 2025. Liquidaci\u00f3 pressupost 2024. Acords Consell Escolar de ZER 3-10-24. Acords Consell Escolar 31-1 Liquidaci\u00f3 del pressupost Projecte de pressupost any 2024\u00a0<\/p>\n","protected":false},"author":1,"featured_media":0,"parent":19,"menu_order":4,"comment_status":"closed","ping_status":"closed","template":"","meta":{"_bbp_topic_count":0,"_bbp_reply_count":0,"_bbp_total_topic_count":0,"_bbp_total_reply_count":0,"_bbp_voice_count":0,"_bbp_anonymous_reply_count":0,"_bbp_topic_count_hidden":0,"_bbp_reply_count_hidden":0,"_bbp_forum_subforum_count":0,"site-sidebar-layout":"default","site-content-layout":"","ast-site-content-layout":"default","site-content-style":"default","site-sidebar-style":"default","ast-global-header-display":"","ast-banner-title-visibility":"","ast-main-header-display":"","ast-hfb-above-header-display":"","ast-hfb-below-header-display":"","ast-hfb-mobile-header-display":"","site-post-title":"","ast-breadcrumbs-content":"","ast-featured-img":"","footer-sml-layout":"","theme-transparent-header-meta":"default","adv-header-id-meta":"","stick-header-meta":"","header-above-stick-meta":"","header-main-stick-meta":"","header-below-stick-meta":"","astra-migrate-meta-layouts":"set","ast-page-background-enabled":"default","ast-page-background-meta":{"desktop":{"background-color":"var(--ast-global-color-4)","background-image":"","background-repeat":"repeat","background-position":"center center","background-size":"auto","background-attachment":"scroll","background-type":"","background-media":"","overlay-type":"","overlay-color":"","overlay-opacity":"","overlay-gradient":""},"tablet":{"background-color":"","background-image":"","background-repeat":"repeat","background-position":"center center","background-size":"auto","background-attachment":"scroll","background-type":"","background-media":"","overlay-type":"","overlay-color":"","overlay-opacity":"","overlay-gradient":""},"mobile":{"background-color":"","background-image":"","background-repeat":"repeat","background-position":"center center","background-size":"auto","background-attachment":"scroll","background-type":"","background-media":"","overlay-type":"","overlay-color":"","overlay-opacity":"","overlay-gradient":""}},"ast-content-background-meta":{"desktop":{"background-color":"var(--ast-global-color-5)","background-image":"","background-repeat":"repeat","background-position":"center center","background-size":"auto","background-attachment":"scroll","background-type":"","background-media":"","overlay-type":"","overlay-color":"","overlay-opacity":"","overlay-gradient":""},"tablet":{"background-color":"var(--ast-global-color-5)","background-image":"","background-repeat":"repeat","background-position":"center center","background-size":"auto","background-attachment":"scroll","background-type":"","background-media":"","overlay-type":"","overlay-color":"","overlay-opacity":"","overlay-gradient":""},"mobile":{"background-color":"var(--ast-global-color-5)","background-image":"","background-repeat":"repeat","background-position":"center center","background-size":"auto","background-attachment":"scroll","background-type":"","background-media":"","overlay-type":"","overlay-color":"","overlay-opacity":"","overlay-gradient":""}},"footnotes":""},"class_list":["post-1277","page","type-page","status-publish","hentry"],"post_mailing_queue_ids":[],"_links":{"self":[{"href":"https:\/\/agora.xtec.cat\/zer-horta-lleida\/wp-json\/wp\/v2\/pages\/1277","targetHints":{"allow":["GET"]}}],"collection":[{"href":"https:\/\/agora.xtec.cat\/zer-horta-lleida\/wp-json\/wp\/v2\/pages"}],"about":[{"href":"https:\/\/agora.xtec.cat\/zer-horta-lleida\/wp-json\/wp\/v2\/types\/page"}],"author":[{"embeddable":true,"href":"https:\/\/agora.xtec.cat\/zer-horta-lleida\/wp-json\/wp\/v2\/users\/1"}],"replies":[{"embeddable":true,"href":"https:\/\/agora.xtec.cat\/zer-horta-lleida\/wp-json\/wp\/v2\/comments?post=1277"}],"version-history":[{"count":6,"href":"https:\/\/agora.xtec.cat\/zer-horta-lleida\/wp-json\/wp\/v2\/pages\/1277\/revisions"}],"predecessor-version":[{"id":2167,"href":"https:\/\/agora.xtec.cat\/zer-horta-lleida\/wp-json\/wp\/v2\/pages\/1277\/revisions\/2167"}],"up":[{"embeddable":true,"href":"https:\/\/agora.xtec.cat\/zer-horta-lleida\/wp-json\/wp\/v2\/pages\/19"}],"wp:attachment":[{"href":"https:\/\/agora.xtec.cat\/zer-horta-lleida\/wp-json\/wp\/v2\/media?parent=1277"}],"curies":[{"name":"wp","href":"https:\/\/api.w.org\/{rel}","templated":true}]}}