{"id":1194,"date":"2019-03-11T16:49:32","date_gmt":"2019-03-11T15:49:32","guid":{"rendered":"http:\/\/agora.xtec.cat\/zer-horta-lleida\/?page_id=1194"},"modified":"2025-10-23T11:02:08","modified_gmt":"2025-10-23T09:02:08","slug":"centre-formador","status":"publish","type":"page","link":"https:\/\/agora.xtec.cat\/zer-horta-lleida\/zer\/projectes-zer\/centre-formador\/","title":{"rendered":"Centre Formador"},"content":{"rendered":"<p><a href=\"https:\/\/agora.xtec.cat\/zer-horta-lleida\/wp-content\/uploads\/usu1307\/2019\/03\/facultat_UdL.jpg\">\u00a0 \u00a0 \u00a0 \u00a0 \u00a0 \u00a0 \u00a0 \u00a0 \u00a0\u00a0<img loading=\"lazy\" decoding=\"async\" class=\"alignnone size-full wp-image-1196\" src=\"https:\/\/agora.xtec.cat\/zer-horta-lleida\/wp-content\/uploads\/usu1307\/2019\/03\/facultat_UdL.jpg\" alt=\"\" width=\"203\" height=\"139\" \/><\/a>\u00a0 \u00a0 \u00a0 \u00a0 \u00a0 \u00a0 \u00a0 \u00a0 \u00a0 \u00a0 \u00a0 \u00a0\u00a0<a href=\"https:\/\/agora.xtec.cat\/zer-horta-lleida\/wp-content\/uploads\/usu1307\/2019\/03\/icona_DUAL.jpg\"><img loading=\"lazy\" decoding=\"async\" class=\"alignnone size-full wp-image-1195\" src=\"https:\/\/agora.xtec.cat\/zer-horta-lleida\/wp-content\/uploads\/usu1307\/2019\/03\/icona_DUAL.jpg\" alt=\"\" width=\"218\" height=\"218\" srcset=\"https:\/\/agora.xtec.cat\/zer-horta-lleida\/wp-content\/uploads\/usu1307\/2019\/03\/icona_DUAL.jpg 218w, https:\/\/agora.xtec.cat\/zer-horta-lleida\/wp-content\/uploads\/usu1307\/2019\/03\/icona_DUAL-150x150.jpg 150w\" sizes=\"auto, (max-width: 218px) 100vw, 218px\" \/><\/a><\/p>\n<p>La ZER L\u2019HORTA DE LLEIDA col\u00b7labora des de fa uns anys amb la Universitat de Lleida, com a centre formador del grau d\u2019educaci\u00f3 prim\u00e0ria dual, aix\u00ed com tamb\u00e9 dels graus d\u2019educaci\u00f3 infantil. Les nostres escoles acullen aprenents (estudiants universitaris en pr\u00e0ctiques) amb l\u2019objectiu d\u2019incorporar-los en la vida di\u00e0ria de l\u2019escola rural en aules multicurs, rebent una formaci\u00f3 professionalitzadora que els permeti relacionar teoria i pr\u00e0ctica.<\/p>\n<p>Desitgem que el seu pas per les nostres aules els sigui molt enriquidor, i que ens puguem retrobar properament com a futurs docents.<\/p>\n","protected":false},"excerpt":{"rendered":"<p>\u00a0 \u00a0 \u00a0 \u00a0 \u00a0 \u00a0 \u00a0 \u00a0 \u00a0\u00a0\u00a0 \u00a0 \u00a0 \u00a0 \u00a0 \u00a0 \u00a0 \u00a0 \u00a0 \u00a0 \u00a0 \u00a0\u00a0 La ZER L\u2019HORTA DE LLEIDA col\u00b7labora des de fa uns anys amb la Universitat de Lleida, com a centre formador del grau d\u2019educaci\u00f3 prim\u00e0ria dual, aix\u00ed com tamb\u00e9 dels graus d\u2019educaci\u00f3 infantil. Les nostres escoles [&hellip;]<\/p>\n","protected":false},"author":1,"featured_media":0,"parent":1173,"menu_order":0,"comment_status":"closed","ping_status":"closed","template":"","meta":{"_bbp_topic_count":0,"_bbp_reply_count":0,"_bbp_total_topic_count":0,"_bbp_total_reply_count":0,"_bbp_voice_count":0,"_bbp_anonymous_reply_count":0,"_bbp_topic_count_hidden":0,"_bbp_reply_count_hidden":0,"_bbp_forum_subforum_count":0,"site-sidebar-layout":"left-sidebar","site-content-layout":"","ast-site-content-layout":"default","site-content-style":"default","site-sidebar-style":"default","ast-global-header-display":"","ast-banner-title-visibility":"","ast-main-header-display":"","ast-hfb-above-header-display":"","ast-hfb-below-header-display":"","ast-hfb-mobile-header-display":"","site-post-title":"","ast-breadcrumbs-content":"","ast-featured-img":"","footer-sml-layout":"","theme-transparent-header-meta":"","adv-header-id-meta":"","stick-header-meta":"","header-above-stick-meta":"","header-main-stick-meta":"","header-below-stick-meta":"","astra-migrate-meta-layouts":"set","ast-page-background-enabled":"default","ast-page-background-meta":{"desktop":{"background-color":"var(--ast-global-color-4)","background-image":"","background-repeat":"repeat","background-position":"center center","background-size":"auto","background-attachment":"scroll","background-type":"","background-media":"","overlay-type":"","overlay-color":"","overlay-opacity":"","overlay-gradient":""},"tablet":{"background-color":"","background-image":"","background-repeat":"repeat","background-position":"center center","background-size":"auto","background-attachment":"scroll","background-type":"","background-media":"","overlay-type":"","overlay-color":"","overlay-opacity":"","overlay-gradient":""},"mobile":{"background-color":"","background-image":"","background-repeat":"repeat","background-position":"center center","background-size":"auto","background-attachment":"scroll","background-type":"","background-media":"","overlay-type":"","overlay-color":"","overlay-opacity":"","overlay-gradient":""}},"ast-content-background-meta":{"desktop":{"background-color":"var(--ast-global-color-5)","background-image":"","background-repeat":"repeat","background-position":"center center","background-size":"auto","background-attachment":"scroll","background-type":"","background-media":"","overlay-type":"","overlay-color":"","overlay-opacity":"","overlay-gradient":""},"tablet":{"background-color":"var(--ast-global-color-5)","background-image":"","background-repeat":"repeat","background-position":"center center","background-size":"auto","background-attachment":"scroll","background-type":"","background-media":"","overlay-type":"","overlay-color":"","overlay-opacity":"","overlay-gradient":""},"mobile":{"background-color":"var(--ast-global-color-5)","background-image":"","background-repeat":"repeat","background-position":"center center","background-size":"auto","background-attachment":"scroll","background-type":"","background-media":"","overlay-type":"","overlay-color":"","overlay-opacity":"","overlay-gradient":""}},"footnotes":""},"class_list":["post-1194","page","type-page","status-publish","hentry"],"post_mailing_queue_ids":[],"_links":{"self":[{"href":"https:\/\/agora.xtec.cat\/zer-horta-lleida\/wp-json\/wp\/v2\/pages\/1194","targetHints":{"allow":["GET"]}}],"collection":[{"href":"https:\/\/agora.xtec.cat\/zer-horta-lleida\/wp-json\/wp\/v2\/pages"}],"about":[{"href":"https:\/\/agora.xtec.cat\/zer-horta-lleida\/wp-json\/wp\/v2\/types\/page"}],"author":[{"embeddable":true,"href":"https:\/\/agora.xtec.cat\/zer-horta-lleida\/wp-json\/wp\/v2\/users\/1"}],"replies":[{"embeddable":true,"href":"https:\/\/agora.xtec.cat\/zer-horta-lleida\/wp-json\/wp\/v2\/comments?post=1194"}],"version-history":[{"count":3,"href":"https:\/\/agora.xtec.cat\/zer-horta-lleida\/wp-json\/wp\/v2\/pages\/1194\/revisions"}],"predecessor-version":[{"id":2035,"href":"https:\/\/agora.xtec.cat\/zer-horta-lleida\/wp-json\/wp\/v2\/pages\/1194\/revisions\/2035"}],"up":[{"embeddable":true,"href":"https:\/\/agora.xtec.cat\/zer-horta-lleida\/wp-json\/wp\/v2\/pages\/1173"}],"wp:attachment":[{"href":"https:\/\/agora.xtec.cat\/zer-horta-lleida\/wp-json\/wp\/v2\/media?parent=1194"}],"curies":[{"name":"wp","href":"https:\/\/api.w.org\/{rel}","templated":true}]}}