{"id":1191,"date":"2019-03-11T16:42:50","date_gmt":"2019-03-11T15:42:50","guid":{"rendered":"http:\/\/agora.xtec.cat\/zer-horta-lleida\/?page_id=1191"},"modified":"2019-03-11T16:57:33","modified_gmt":"2019-03-11T15:57:33","slug":"educacio-emocional","status":"publish","type":"page","link":"https:\/\/agora.xtec.cat\/zer-horta-lleida\/educacio-emocional\/","title":{"rendered":"Educaci\u00f3 Emocional"},"content":{"rendered":"<p><a href=\"https:\/\/agora.xtec.cat\/zer-horta-lleida\/wp-content\/uploads\/usu1307\/2019\/03\/emocions.jpg\"><img loading=\"lazy\" decoding=\"async\" class=\"wp-image-1202 size-medium aligncenter\" src=\"https:\/\/agora.xtec.cat\/zer-horta-lleida\/wp-content\/uploads\/usu1307\/2019\/03\/emocions-300x180.jpg\" alt=\"\" width=\"300\" height=\"180\" \/><\/a><\/p>\n<p>Les aules d\u2019ed infantil de les escoles de la ZER participen en un projecte d\u2019educaci\u00f3 emocional en col\u00b7laboraci\u00f3 amb la Universitat de Lleida i la Universitat de Barcelona. Els\/les mestres han rebut una formaci\u00f3 espec\u00edfica per tal de desenvolupar una s\u00e8rie d\u2019activitats adre\u00e7ades a que els m\u00e9s menuts coneguin i reconeguin les\u00a0pr\u00f2pies\u00a0<a href=\"https:\/\/ca.wikipedia.org\/wiki\/Emoci%C3%B3\">emocions<\/a>\u00a0i sentiments i tamb\u00e9 les dels altres. Al mateix temps se\u2019ls facilitar\u00e0 eines per a que aprenguin a regular-les i per a que puguin interaccionar d\u2019una forma satisfact\u00f2ria amb l\u2019entorn.<\/p>\n","protected":false},"excerpt":{"rendered":"<p>Les aules d\u2019ed infantil de les escoles de la ZER participen en un projecte d\u2019educaci\u00f3 emocional en col\u00b7laboraci\u00f3 amb la Universitat de Lleida i la Universitat de Barcelona. Els\/les mestres han rebut una formaci\u00f3 espec\u00edfica per tal de desenvolupar una s\u00e8rie d\u2019activitats adre\u00e7ades a que els m\u00e9s menuts coneguin i reconeguin les\u00a0pr\u00f2pies\u00a0emocions\u00a0i sentiments i tamb\u00e9 [&hellip;]<\/p>\n","protected":false},"author":1,"featured_media":0,"parent":0,"menu_order":0,"comment_status":"closed","ping_status":"closed","template":"","meta":{"_bbp_topic_count":0,"_bbp_reply_count":0,"_bbp_total_topic_count":0,"_bbp_total_reply_count":0,"_bbp_voice_count":0,"_bbp_anonymous_reply_count":0,"_bbp_topic_count_hidden":0,"_bbp_reply_count_hidden":0,"_bbp_forum_subforum_count":0,"site-sidebar-layout":"default","site-content-layout":"","ast-site-content-layout":"","site-content-style":"default","site-sidebar-style":"default","ast-global-header-display":"","ast-banner-title-visibility":"","ast-main-header-display":"","ast-hfb-above-header-display":"","ast-hfb-below-header-display":"","ast-hfb-mobile-header-display":"","site-post-title":"","ast-breadcrumbs-content":"","ast-featured-img":"","footer-sml-layout":"","theme-transparent-header-meta":"","adv-header-id-meta":"","stick-header-meta":"","header-above-stick-meta":"","header-main-stick-meta":"","header-below-stick-meta":"","astra-migrate-meta-layouts":"default","ast-page-background-enabled":"default","ast-page-background-meta":{"desktop":{"background-color":"var(--ast-global-color-4)","background-image":"","background-repeat":"repeat","background-position":"center center","background-size":"auto","background-attachment":"scroll","background-type":"","background-media":"","overlay-type":"","overlay-color":"","overlay-opacity":"","overlay-gradient":""},"tablet":{"background-color":"","background-image":"","background-repeat":"repeat","background-position":"center center","background-size":"auto","background-attachment":"scroll","background-type":"","background-media":"","overlay-type":"","overlay-color":"","overlay-opacity":"","overlay-gradient":""},"mobile":{"background-color":"","background-image":"","background-repeat":"repeat","background-position":"center center","background-size":"auto","background-attachment":"scroll","background-type":"","background-media":"","overlay-type":"","overlay-color":"","overlay-opacity":"","overlay-gradient":""}},"ast-content-background-meta":{"desktop":{"background-color":"var(--ast-global-color-5)","background-image":"","background-repeat":"repeat","background-position":"center center","background-size":"auto","background-attachment":"scroll","background-type":"","background-media":"","overlay-type":"","overlay-color":"","overlay-opacity":"","overlay-gradient":""},"tablet":{"background-color":"var(--ast-global-color-5)","background-image":"","background-repeat":"repeat","background-position":"center center","background-size":"auto","background-attachment":"scroll","background-type":"","background-media":"","overlay-type":"","overlay-color":"","overlay-opacity":"","overlay-gradient":""},"mobile":{"background-color":"var(--ast-global-color-5)","background-image":"","background-repeat":"repeat","background-position":"center center","background-size":"auto","background-attachment":"scroll","background-type":"","background-media":"","overlay-type":"","overlay-color":"","overlay-opacity":"","overlay-gradient":""}},"footnotes":""},"class_list":["post-1191","page","type-page","status-publish","hentry"],"post_mailing_queue_ids":[],"_links":{"self":[{"href":"https:\/\/agora.xtec.cat\/zer-horta-lleida\/wp-json\/wp\/v2\/pages\/1191","targetHints":{"allow":["GET"]}}],"collection":[{"href":"https:\/\/agora.xtec.cat\/zer-horta-lleida\/wp-json\/wp\/v2\/pages"}],"about":[{"href":"https:\/\/agora.xtec.cat\/zer-horta-lleida\/wp-json\/wp\/v2\/types\/page"}],"author":[{"embeddable":true,"href":"https:\/\/agora.xtec.cat\/zer-horta-lleida\/wp-json\/wp\/v2\/users\/1"}],"replies":[{"embeddable":true,"href":"https:\/\/agora.xtec.cat\/zer-horta-lleida\/wp-json\/wp\/v2\/comments?post=1191"}],"version-history":[{"count":3,"href":"https:\/\/agora.xtec.cat\/zer-horta-lleida\/wp-json\/wp\/v2\/pages\/1191\/revisions"}],"predecessor-version":[{"id":1204,"href":"https:\/\/agora.xtec.cat\/zer-horta-lleida\/wp-json\/wp\/v2\/pages\/1191\/revisions\/1204"}],"wp:attachment":[{"href":"https:\/\/agora.xtec.cat\/zer-horta-lleida\/wp-json\/wp\/v2\/media?parent=1191"}],"curies":[{"name":"wp","href":"https:\/\/api.w.org\/{rel}","templated":true}]}}