{"id":1181,"date":"2019-03-11T16:31:09","date_gmt":"2019-03-11T15:31:09","guid":{"rendered":"http:\/\/agora.xtec.cat\/zer-horta-lleida\/?page_id=1181"},"modified":"2025-10-23T11:01:22","modified_gmt":"2025-10-23T09:01:22","slug":"salut-integral","status":"publish","type":"page","link":"https:\/\/agora.xtec.cat\/zer-horta-lleida\/zer\/projectes-zer\/salut-integral\/","title":{"rendered":"Salut Integral"},"content":{"rendered":"<p><a href=\"https:\/\/agora.xtec.cat\/zer-horta-lleida\/wp-content\/uploads\/usu1307\/2019\/03\/SALUT-INTEGRAL.jpg\"><img loading=\"lazy\" decoding=\"async\" class=\"alignnone  wp-image-1182\" src=\"https:\/\/agora.xtec.cat\/zer-horta-lleida\/wp-content\/uploads\/usu1307\/2019\/03\/SALUT-INTEGRAL.jpg\" alt=\"\" width=\"663\" height=\"233\" srcset=\"https:\/\/agora.xtec.cat\/zer-horta-lleida\/wp-content\/uploads\/usu1307\/2019\/03\/SALUT-INTEGRAL.jpg 663w, https:\/\/agora.xtec.cat\/zer-horta-lleida\/wp-content\/uploads\/usu1307\/2019\/03\/SALUT-INTEGRAL-300x105.jpg 300w\" sizes=\"auto, (max-width: 663px) 100vw, 663px\" \/><\/a><\/p>\n<p>Les escoles de la ZER participen en el <strong>Programa de Salut Integral SI! <\/strong>impulsat pel Departament d\u2019Ensenyament i la Fundaci\u00f3 SHE, liderada pel Dr. Valent\u00ed Fuster. Aquest programa pret\u00e9n aconseguir mitjan\u00e7ant l\u2019adquisici\u00f3 de coneixements, un canvi d\u2019actituds que finalment es tradueixi en l\u2019adopci\u00f3 d\u2019h\u00e0bits saludables que perdurin en el temps.<\/p>\n<p>Al llarg del curs l\u2019alumnat realitzar\u00e0 diferents activitats al voltant de 4 eixos: l\u2019adquisici\u00f3 d\u2019h\u00e0bits d\u2019alimentaci\u00f3 saludable, el desenvolupament de l\u2019activitat f\u00edsica, el coneixement del cos i la gesti\u00f3 emocional, per tal de fer-nos conscients dels beneficis que ens aportaran si els incorporem en el nostre dia a dia.<\/p>\n","protected":false},"excerpt":{"rendered":"<p>Les escoles de la ZER participen en el Programa de Salut Integral SI! impulsat pel Departament d\u2019Ensenyament i la Fundaci\u00f3 SHE, liderada pel Dr. Valent\u00ed Fuster. Aquest programa pret\u00e9n aconseguir mitjan\u00e7ant l\u2019adquisici\u00f3 de coneixements, un canvi d\u2019actituds que finalment es tradueixi en l\u2019adopci\u00f3 d\u2019h\u00e0bits saludables que perdurin en el temps. Al llarg del curs l\u2019alumnat [&hellip;]<\/p>\n","protected":false},"author":1,"featured_media":0,"parent":1173,"menu_order":0,"comment_status":"closed","ping_status":"closed","template":"","meta":{"_bbp_topic_count":0,"_bbp_reply_count":0,"_bbp_total_topic_count":0,"_bbp_total_reply_count":0,"_bbp_voice_count":0,"_bbp_anonymous_reply_count":0,"_bbp_topic_count_hidden":0,"_bbp_reply_count_hidden":0,"_bbp_forum_subforum_count":0,"site-sidebar-layout":"default","site-content-layout":"","ast-site-content-layout":"default","site-content-style":"default","site-sidebar-style":"default","ast-global-header-display":"","ast-banner-title-visibility":"","ast-main-header-display":"","ast-hfb-above-header-display":"","ast-hfb-below-header-display":"","ast-hfb-mobile-header-display":"","site-post-title":"","ast-breadcrumbs-content":"","ast-featured-img":"","footer-sml-layout":"","theme-transparent-header-meta":"","adv-header-id-meta":"","stick-header-meta":"","header-above-stick-meta":"","header-main-stick-meta":"","header-below-stick-meta":"","astra-migrate-meta-layouts":"set","ast-page-background-enabled":"default","ast-page-background-meta":{"desktop":{"background-color":"var(--ast-global-color-4)","background-image":"","background-repeat":"repeat","background-position":"center center","background-size":"auto","background-attachment":"scroll","background-type":"","background-media":"","overlay-type":"","overlay-color":"","overlay-opacity":"","overlay-gradient":""},"tablet":{"background-color":"","background-image":"","background-repeat":"repeat","background-position":"center center","background-size":"auto","background-attachment":"scroll","background-type":"","background-media":"","overlay-type":"","overlay-color":"","overlay-opacity":"","overlay-gradient":""},"mobile":{"background-color":"","background-image":"","background-repeat":"repeat","background-position":"center center","background-size":"auto","background-attachment":"scroll","background-type":"","background-media":"","overlay-type":"","overlay-color":"","overlay-opacity":"","overlay-gradient":""}},"ast-content-background-meta":{"desktop":{"background-color":"var(--ast-global-color-5)","background-image":"","background-repeat":"repeat","background-position":"center center","background-size":"auto","background-attachment":"scroll","background-type":"","background-media":"","overlay-type":"","overlay-color":"","overlay-opacity":"","overlay-gradient":""},"tablet":{"background-color":"var(--ast-global-color-5)","background-image":"","background-repeat":"repeat","background-position":"center center","background-size":"auto","background-attachment":"scroll","background-type":"","background-media":"","overlay-type":"","overlay-color":"","overlay-opacity":"","overlay-gradient":""},"mobile":{"background-color":"var(--ast-global-color-5)","background-image":"","background-repeat":"repeat","background-position":"center center","background-size":"auto","background-attachment":"scroll","background-type":"","background-media":"","overlay-type":"","overlay-color":"","overlay-opacity":"","overlay-gradient":""}},"footnotes":""},"class_list":["post-1181","page","type-page","status-publish","hentry"],"post_mailing_queue_ids":[],"_links":{"self":[{"href":"https:\/\/agora.xtec.cat\/zer-horta-lleida\/wp-json\/wp\/v2\/pages\/1181","targetHints":{"allow":["GET"]}}],"collection":[{"href":"https:\/\/agora.xtec.cat\/zer-horta-lleida\/wp-json\/wp\/v2\/pages"}],"about":[{"href":"https:\/\/agora.xtec.cat\/zer-horta-lleida\/wp-json\/wp\/v2\/types\/page"}],"author":[{"embeddable":true,"href":"https:\/\/agora.xtec.cat\/zer-horta-lleida\/wp-json\/wp\/v2\/users\/1"}],"replies":[{"embeddable":true,"href":"https:\/\/agora.xtec.cat\/zer-horta-lleida\/wp-json\/wp\/v2\/comments?post=1181"}],"version-history":[{"count":3,"href":"https:\/\/agora.xtec.cat\/zer-horta-lleida\/wp-json\/wp\/v2\/pages\/1181\/revisions"}],"predecessor-version":[{"id":2034,"href":"https:\/\/agora.xtec.cat\/zer-horta-lleida\/wp-json\/wp\/v2\/pages\/1181\/revisions\/2034"}],"up":[{"embeddable":true,"href":"https:\/\/agora.xtec.cat\/zer-horta-lleida\/wp-json\/wp\/v2\/pages\/1173"}],"wp:attachment":[{"href":"https:\/\/agora.xtec.cat\/zer-horta-lleida\/wp-json\/wp\/v2\/media?parent=1181"}],"curies":[{"name":"wp","href":"https:\/\/api.w.org\/{rel}","templated":true}]}}